{"id":2673,"date":"2024-02-13T21:36:27","date_gmt":"2024-02-13T19:36:27","guid":{"rendered":"https:\/\/webs.uab.cat\/ahcisp\/?page_id=2673"},"modified":"2024-06-11T12:48:47","modified_gmt":"2024-06-11T10:48:47","slug":"montserrat-ventura","status":"publish","type":"page","link":"https:\/\/webs.uab.cat\/ahcisp\/es\/montserrat-ventura\/","title":{"rendered":"Montserrat Ventura"},"content":{"rendered":"\n<div class=\"wp-block-group alignwide\"><div class=\"wp-block-group__inner-container is-layout-constrained wp-block-group-is-layout-constrained\">\n<div class=\"wp-block-columns is-layout-flex wp-container-core-columns-is-layout-9d6595d7 wp-block-columns-is-layout-flex\">\n<div class=\"wp-block-column is-layout-flow wp-block-column-is-layout-flow\" style=\"flex-basis:33.33%\">\n<figure class=\"wp-block-image size-full\"><img loading=\"lazy\" decoding=\"async\" width=\"400\" height=\"399\" src=\"https:\/\/webs.uab.cat\/ahcisp\/wp-content\/uploads\/sites\/320\/2024\/02\/Montserrat_Ventura.jpg\" alt=\"\" class=\"wp-image-2674\" srcset=\"https:\/\/webs.uab.cat\/ahcisp\/wp-content\/uploads\/sites\/320\/2024\/02\/Montserrat_Ventura.jpg 400w, https:\/\/webs.uab.cat\/ahcisp\/wp-content\/uploads\/sites\/320\/2024\/02\/Montserrat_Ventura-300x300.jpg 300w, https:\/\/webs.uab.cat\/ahcisp\/wp-content\/uploads\/sites\/320\/2024\/02\/Montserrat_Ventura-150x150.jpg 150w\" sizes=\"auto, (max-width: 400px) 100vw, 400px\" \/><\/figure>\n<\/div>\n\n\n\n<div class=\"wp-block-column is-layout-flow wp-block-column-is-layout-flow\" style=\"flex-basis:66.66%\">\n<h2 class=\"wp-block-heading\">Montserrat Ventura i Oller<\/h2>\n\n\n\n<ul class=\"has-small-font-size wp-block-list\">\n<li><strong>Vinculaci\u00f3n<\/strong>: coordinadora del grupo AHCISP<\/li>\n\n\n\n<li><strong>Correo<\/strong>: <a href=\"mailto:montserrat.ventura@uab.cat\">montserrat.ventura@uab.cat<\/a><\/li>\n\n\n\n<li><strong>ORCID<\/strong>: <a href=\"https:\/\/orcid.org\/0000-0001-8534-4643\">0000-0001-8534-4643<\/a><\/li>\n<\/ul>\n<\/div>\n<\/div>\n\n\n\n<h3 class=\"wp-block-heading\">L\u00edneas de Investigaci\u00f3n<\/h3>\n\n\n\n<p>Doctora en antropolog\u00eda social y etnolog\u00eda (EHESS, Paris, 2000), ha realizado trabajo de campo con la sociedad Tsachila de Ecuador donde ha estudiado los campos del chamanismo, las nociones de persona, mestizaje, humanidad, fronteras culturales, paz y resoluci\u00f3n de conflictos, movilidad, tiempo y espacio, as\u00ed como las formas locales de conocimiento y las relaciones entre humanos y su entorno. Ha publicado art\u00edculos en revistas y participado en libros en Europa y Am\u00e9rica. Destaca la monograf\u00eda <em>I<em>dentit\u00e9, cosmologie et chamanisme des tsachila de l\u2019\u00c9quateur. \u00c0 la crois\u00e9e des chemins<\/em><\/em> (Paris: L\u2019Harmattan, 2009), traducida al castellano <em>En el cruce de caminos. Identidad, cosmolog\u00eda y chamanismo Tsachila<\/em> (Quito: FLACSO \/ Abya-Yala \/ IFEA, 2012). Ha coordinado en varios momentos el grupo de investigaci\u00f3n AHCISP y ha participado en, o dirigido, proyectos de investigaci\u00f3n de \u00e1mbito catal\u00e1n, estatal o internacional.<\/p>\n\n\n\n<hr class=\"wp-block-separator has-alpha-channel-opacity\" \/>\n\n\n\n<p><a href=\"https:\/\/webs.uab.cat\/ahcisp\/es\/equipo\/\">&lt;&lt; Volver a &#8216;Equipo&#8217;<\/a><\/p>\n<\/div><\/div>\n","protected":false},"excerpt":{"rendered":"<p>Montserrat Ventura i Oller L\u00edneas de Investigaci\u00f3n Doctora en antropolog\u00eda social y etnolog\u00eda (EHESS, Paris, 2000), ha realizado trabajo de campo con la sociedad Tsachila de Ecuador donde ha estudiado los campos del chamanismo, las nociones de persona, mestizaje, humanidad, fronteras culturales, paz y resoluci\u00f3n de conflictos, movilidad, tiempo y espacio, as\u00ed como las formas [&hellip;]<\/p>\n","protected":false},"author":1643,"featured_media":0,"parent":0,"menu_order":0,"comment_status":"closed","ping_status":"closed","template":"","meta":{"footnotes":""},"class_list":["post-2673","page","type-page","status-publish","hentry"],"_links":{"self":[{"href":"https:\/\/webs.uab.cat\/ahcisp\/es\/wp-json\/wp\/v2\/pages\/2673","targetHints":{"allow":["GET"]}}],"collection":[{"href":"https:\/\/webs.uab.cat\/ahcisp\/es\/wp-json\/wp\/v2\/pages"}],"about":[{"href":"https:\/\/webs.uab.cat\/ahcisp\/es\/wp-json\/wp\/v2\/types\/page"}],"author":[{"embeddable":true,"href":"https:\/\/webs.uab.cat\/ahcisp\/es\/wp-json\/wp\/v2\/users\/1643"}],"replies":[{"embeddable":true,"href":"https:\/\/webs.uab.cat\/ahcisp\/es\/wp-json\/wp\/v2\/comments?post=2673"}],"version-history":[{"count":5,"href":"https:\/\/webs.uab.cat\/ahcisp\/es\/wp-json\/wp\/v2\/pages\/2673\/revisions"}],"predecessor-version":[{"id":5011,"href":"https:\/\/webs.uab.cat\/ahcisp\/es\/wp-json\/wp\/v2\/pages\/2673\/revisions\/5011"}],"wp:attachment":[{"href":"https:\/\/webs.uab.cat\/ahcisp\/es\/wp-json\/wp\/v2\/media?parent=2673"}],"curies":[{"name":"wp","href":"https:\/\/api.w.org\/{rel}","templated":true}]}}