{"id":2703,"date":"2024-02-22T12:42:12","date_gmt":"2024-02-22T10:42:12","guid":{"rendered":"https:\/\/webs.uab.cat\/ahcisp\/?page_id=2703"},"modified":"2024-06-10T23:09:25","modified_gmt":"2024-06-10T21:09:25","slug":"alice-van-den-bogaert","status":"publish","type":"page","link":"https:\/\/webs.uab.cat\/ahcisp\/es\/alice-van-den-bogaert\/","title":{"rendered":"Alice Van den Bogaert"},"content":{"rendered":"\n<div class=\"wp-block-group alignwide\"><div class=\"wp-block-group__inner-container is-layout-constrained wp-block-group-is-layout-constrained\">\n<div class=\"wp-block-columns is-layout-flex wp-container-core-columns-is-layout-9d6595d7 wp-block-columns-is-layout-flex\">\n<div class=\"wp-block-column is-layout-flow wp-block-column-is-layout-flow\" style=\"flex-basis:33.33%\">\n<figure class=\"wp-block-image size-full\"><img loading=\"lazy\" decoding=\"async\" width=\"1059\" height=\"1413\" src=\"https:\/\/webs.uab.cat\/ahcisp\/wp-content\/uploads\/sites\/320\/2024\/02\/Alice-Van-den-Bogaert.jpg\" alt=\"\" class=\"wp-image-2698\" srcset=\"https:\/\/webs.uab.cat\/ahcisp\/wp-content\/uploads\/sites\/320\/2024\/02\/Alice-Van-den-Bogaert.jpg 1059w, https:\/\/webs.uab.cat\/ahcisp\/wp-content\/uploads\/sites\/320\/2024\/02\/Alice-Van-den-Bogaert-225x300.jpg 225w, https:\/\/webs.uab.cat\/ahcisp\/wp-content\/uploads\/sites\/320\/2024\/02\/Alice-Van-den-Bogaert-767x1024.jpg 767w, https:\/\/webs.uab.cat\/ahcisp\/wp-content\/uploads\/sites\/320\/2024\/02\/Alice-Van-den-Bogaert-768x1025.jpg 768w\" sizes=\"auto, (max-width: 1059px) 100vw, 1059px\" \/><\/figure>\n<\/div>\n\n\n\n<div class=\"wp-block-column is-layout-flow wp-block-column-is-layout-flow\" style=\"flex-basis:66.66%\">\n<h2 class=\"wp-block-heading\">Alice Van den Bogaert<\/h2>\n\n\n\n<ul class=\"has-normal-font-size wp-block-list\">\n<li><strong>Vinculaci\u00f3n<\/strong>: investigadora colaboradora<\/li>\n\n\n\n<li><strong>Correo<\/strong>: <a href=\"mailto:alicemarie.vandenbogaert@uab.cat\" target=\"_blank\" rel=\"noreferrer noopener\">alicemarie.vandenbogaert@uab.cat<\/a><\/li>\n\n\n\n<li><strong>ORCID<\/strong>:  <a href=\"https:\/\/orcid.org\/0000-0002-8517-2295\">0000-0002-8517-2295<\/a><\/li>\n\n\n\n<li><strong><a href=\"https:\/\/cvn.fecyt.es\/0000-0002-8517-2295\">CV fecyt<\/a><\/strong><\/li>\n<\/ul>\n<\/div>\n<\/div>\n\n\n\n<h3 class=\"wp-block-heading\">L\u00edneas de Investigaci\u00f3n<\/h3>\n\n\n\n<p>Mis temas de investigaci\u00f3n son principalmente el g\u00e9nero y el sistema de castas en el Himalaya indio, los cuales analizo a trav\u00e9s de la noci\u00f3n de persona, el cuerpo y sus fluidos, y las creencias religiosas.<\/p>\n<\/div><\/div>\n\n\n\n<hr class=\"wp-block-separator has-alpha-channel-opacity\" \/>\n\n\n\n<p><a href=\"https:\/\/webs.uab.cat\/ahcisp\/es\/equipo\/\">&lt;&lt; Volver a &#8216;Equipo&#8217;<\/a><\/p>\n","protected":false},"excerpt":{"rendered":"<p>Alice Van den Bogaert L\u00edneas de Investigaci\u00f3n Mis temas de investigaci\u00f3n son principalmente el g\u00e9nero y el sistema de castas en el Himalaya indio, los cuales analizo a trav\u00e9s de la noci\u00f3n de persona, el cuerpo y sus fluidos, y las creencias religiosas. &lt;&lt; Volver a &#8216;Equipo&#8217;<\/p>\n","protected":false},"author":1643,"featured_media":0,"parent":0,"menu_order":0,"comment_status":"closed","ping_status":"closed","template":"","meta":{"footnotes":""},"class_list":["post-2703","page","type-page","status-publish","hentry"],"_links":{"self":[{"href":"https:\/\/webs.uab.cat\/ahcisp\/es\/wp-json\/wp\/v2\/pages\/2703","targetHints":{"allow":["GET"]}}],"collection":[{"href":"https:\/\/webs.uab.cat\/ahcisp\/es\/wp-json\/wp\/v2\/pages"}],"about":[{"href":"https:\/\/webs.uab.cat\/ahcisp\/es\/wp-json\/wp\/v2\/types\/page"}],"author":[{"embeddable":true,"href":"https:\/\/webs.uab.cat\/ahcisp\/es\/wp-json\/wp\/v2\/users\/1643"}],"replies":[{"embeddable":true,"href":"https:\/\/webs.uab.cat\/ahcisp\/es\/wp-json\/wp\/v2\/comments?post=2703"}],"version-history":[{"count":4,"href":"https:\/\/webs.uab.cat\/ahcisp\/es\/wp-json\/wp\/v2\/pages\/2703\/revisions"}],"predecessor-version":[{"id":4826,"href":"https:\/\/webs.uab.cat\/ahcisp\/es\/wp-json\/wp\/v2\/pages\/2703\/revisions\/4826"}],"wp:attachment":[{"href":"https:\/\/webs.uab.cat\/ahcisp\/es\/wp-json\/wp\/v2\/media?parent=2703"}],"curies":[{"name":"wp","href":"https:\/\/api.w.org\/{rel}","templated":true}]}}