{"id":2728,"date":"2024-02-22T13:31:46","date_gmt":"2024-02-22T11:31:46","guid":{"rendered":"https:\/\/webs.uab.cat\/ahcisp\/?page_id=2728"},"modified":"2024-06-11T12:46:17","modified_gmt":"2024-06-11T10:46:17","slug":"verena-stolcke","status":"publish","type":"page","link":"https:\/\/webs.uab.cat\/ahcisp\/es\/verena-stolcke\/","title":{"rendered":"Verena Stolcke"},"content":{"rendered":"\n<div class=\"wp-block-group alignwide\"><div class=\"wp-block-group__inner-container is-layout-constrained wp-block-group-is-layout-constrained\">\n<div class=\"wp-block-columns is-layout-flex wp-container-core-columns-is-layout-9d6595d7 wp-block-columns-is-layout-flex\">\n<div class=\"wp-block-column is-layout-flow wp-block-column-is-layout-flow\" style=\"flex-basis:33.33%\">\n<figure class=\"wp-block-image size-full\"><img loading=\"lazy\" decoding=\"async\" width=\"696\" height=\"596\" src=\"https:\/\/webs.uab.cat\/ahcisp\/wp-content\/uploads\/sites\/320\/2024\/02\/stolcke.jpg\" alt=\"\" class=\"wp-image-2723\" srcset=\"https:\/\/webs.uab.cat\/ahcisp\/wp-content\/uploads\/sites\/320\/2024\/02\/stolcke.jpg 696w, https:\/\/webs.uab.cat\/ahcisp\/wp-content\/uploads\/sites\/320\/2024\/02\/stolcke-300x257.jpg 300w\" sizes=\"auto, (max-width: 696px) 100vw, 696px\" \/><\/figure>\n<\/div>\n\n\n\n<div class=\"wp-block-column is-layout-flow wp-block-column-is-layout-flow\" style=\"flex-basis:66.66%\">\n<h2 class=\"wp-block-heading\">Verena Stolcke<\/h2>\n\n\n\n<ul class=\"has-small-font-size wp-block-list\">\n<li><strong>Vinculaci\u00f3n<\/strong>:  investigadora, catedr\u00e1tica emerita, fundadora del grupo<\/li>\n\n\n\n<li><strong>Correo<\/strong>: <a href=\"mailto:verena.stolcke@uab.es\" target=\"_blank\" rel=\"noreferrer noopener\">verena.stolcke@uab.es<\/a><\/li>\n<\/ul>\n<\/div>\n<\/div>\n\n\n\n<h3 class=\"wp-block-heading\">L\u00edneas de Investigaci\u00f3n<\/h3>\n\n\n\n<p>Verena Stolcke es catedr\u00e1tica em\u00e9rita en el Departamento de Antropolog\u00eda Social y Cultural de la Universidad Aut\u00f3noma de Barcelona. Naci\u00f3 en Alemania en 1938 y estudi\u00f3 en el Instituto of Social Anthropology, Oxford University (Doctorado en Antropolog\u00eda Social, 1970).<\/p>\n\n\n\n<p>Realiz\u00f3 investigaci\u00f3n hist\u00f3rica de archivo y trabajo etnogr\u00e1fico de campo en Cuba en 1967-68 y en Sao Paulo, Brasil, entre 1973 y 1979. , 1974, reeditado por la University of Michigan Press en 1989 y 2003; titulado \u00abRacismo y sexualidad en la Cuba colonial\u00bb, de Coffee Planters, Workers, and Wives: Class Conflict and Gender Relations on Sao Paulo Plantations, 1850 1980 (Oxford: St Antony&#8217;s \/ Macmillan 1988; t\u00edtulo \u00abCafeicultura: Homens, Mulheres y Capital\u00bb (1850-1980) S\u00e3o Paulo, Brasil, Ed Brasiliense SA, 1986), de \u201cWomen&#8217;s Labours: Naturalizaci\u00f3n de la Social Inecualidad y Women&#8217;s Subordination\u201d, en \u201cOf Marriage and the Market\u201d , coordinado por K. Young, C. Wolkowitz, y R. Mcculloch (London: Routledge and Kegan Paul 1981), de \u201cNew Reproductive Technologies, Old Fatherhood\u201d, Reproductive and Genetic Engineering I (I), de \u201cIs Sex to Gender as Race Is to Ethnicity?\u201d In Gendered Anthropology, editado por Teresa del Valle (London: Routledge, I993; publicado en castellano con el t\u00edtulo \u201cEs el sexo para el g\u00e9nero lo que la raza se para la etnicidad\u2026 \u00bfy la naturaleza para la sociedad?\u201d en Pol\u00edtica y Cultura, Monogr\u00e1fico Raza \/ etnia y g\u00e9nero, 2000).<\/p>\n\n\n\n<p>Entre sus art\u00edculos m\u00e1s recogidos se encuentra \u201cTalking Culture. New boundaries, nuevas rhetorics of exclusion in Europe\u201d, Current Anthropology 36 (1) 1995; \u201cThe &#8216;Nature&#8217; of Nationality\u201d en Citizenship and Exclusion editado por Veit Bader (London: Macmillan Press Ltd, 1997) y \u201cEl sexo de la biotecnolog\u00eda\u201d, en Genes en el laboratorio y en la f\u00e1brica, editado por Alicia Dur\u00e1n &amp; Jorge Riechmann (Madrid: Editorial Trotta, 1998).<\/p>\n\n\n\n<p>Verena Stolcke ha publicado sobre raza, mestizaje, nacionalismo, g\u00e9nero y teor\u00eda feminista. Parte de sus publicaciones se recogen en su \u00faltimo libro \u00bfPor qu\u00e9 clasificamos? Desigualdades y diferencias, Editorial Bellaterra, 2024.<\/p>\n\n\n\n<hr class=\"wp-block-separator has-alpha-channel-opacity\" \/>\n\n\n\n<p><a href=\"https:\/\/webs.uab.cat\/ahcisp\/es\/equipo\/\">&lt;&lt; Volver a &#8216;Equipo&#8217;<\/a><\/p>\n<\/div><\/div>\n","protected":false},"excerpt":{"rendered":"<p>Verena Stolcke L\u00edneas de Investigaci\u00f3n Verena Stolcke es catedr\u00e1tica em\u00e9rita en el Departamento de Antropolog\u00eda Social y Cultural de la Universidad Aut\u00f3noma de Barcelona. Naci\u00f3 en Alemania en 1938 y estudi\u00f3 en el Instituto of Social Anthropology, Oxford University (Doctorado en Antropolog\u00eda Social, 1970). Realiz\u00f3 investigaci\u00f3n hist\u00f3rica de archivo y trabajo etnogr\u00e1fico de campo en [&hellip;]<\/p>\n","protected":false},"author":1643,"featured_media":0,"parent":0,"menu_order":0,"comment_status":"closed","ping_status":"closed","template":"","meta":{"footnotes":""},"class_list":["post-2728","page","type-page","status-publish","hentry"],"_links":{"self":[{"href":"https:\/\/webs.uab.cat\/ahcisp\/es\/wp-json\/wp\/v2\/pages\/2728","targetHints":{"allow":["GET"]}}],"collection":[{"href":"https:\/\/webs.uab.cat\/ahcisp\/es\/wp-json\/wp\/v2\/pages"}],"about":[{"href":"https:\/\/webs.uab.cat\/ahcisp\/es\/wp-json\/wp\/v2\/types\/page"}],"author":[{"embeddable":true,"href":"https:\/\/webs.uab.cat\/ahcisp\/es\/wp-json\/wp\/v2\/users\/1643"}],"replies":[{"embeddable":true,"href":"https:\/\/webs.uab.cat\/ahcisp\/es\/wp-json\/wp\/v2\/comments?post=2728"}],"version-history":[{"count":5,"href":"https:\/\/webs.uab.cat\/ahcisp\/es\/wp-json\/wp\/v2\/pages\/2728\/revisions"}],"predecessor-version":[{"id":5006,"href":"https:\/\/webs.uab.cat\/ahcisp\/es\/wp-json\/wp\/v2\/pages\/2728\/revisions\/5006"}],"wp:attachment":[{"href":"https:\/\/webs.uab.cat\/ahcisp\/es\/wp-json\/wp\/v2\/media?parent=2728"}],"curies":[{"name":"wp","href":"https:\/\/api.w.org\/{rel}","templated":true}]}}