{"id":2905,"date":"2013-10-25T12:27:05","date_gmt":"2013-10-25T10:27:05","guid":{"rendered":"https:\/\/webs.uab.cat\/ahcisp\/?page_id=2905"},"modified":"2024-07-10T19:42:55","modified_gmt":"2024-07-10T17:42:55","slug":"contacto","status":"publish","type":"page","link":"https:\/\/webs.uab.cat\/ahcisp\/es\/contacto\/","title":{"rendered":"Contacto"},"content":{"rendered":"\n<div class=\"wp-block-group\"><div class=\"wp-block-group__inner-container is-layout-constrained wp-block-group-is-layout-constrained\">\n<div class=\"wp-block-group\"><div class=\"wp-block-group__inner-container is-layout-constrained wp-block-group-is-layout-constrained\">\n<h3 class=\"wp-block-heading alignwide\"><strong>Grup de Recerca Antropologia i Hist\u00f2ria de la Contrucci\u00f3 de les Identitats Socials i Pol\u00edtiques<\/strong><br><\/h3>\n\n\n\n<div class=\"wp-block-group alignwide has-gris-pubilla-background-color has-background is-vertical is-layout-flex wp-container-core-group-is-layout-8cf370e7 wp-block-group-is-layout-flex\">\n<p><strong>Direcci\u00f3n<\/strong>:<\/p>\n\n\n\n<p>Despatx: B9-231<\/p>\n\n\n\n<p>Departament d\u2019Antropologia Social i Cultural<\/p>\n\n\n\n<p class=\"has-text-align-left\">Universitat Aut\u00f2noma de Barcelona<\/p>\n\n\n\n<p>Edifici B \u2013 Facultat de Filosofia i Lletres<br>08193 Bellaterra (Cerdanyola del Vall\u00e8s)<\/p>\n<\/div>\n\n\n\n<hr class=\"wp-block-separator alignwide has-alpha-channel-opacity\" \/>\n\n\n\n<div class=\"wp-block-group alignwide has-gris-pubilla-background-color has-background is-vertical is-layout-flex wp-container-core-group-is-layout-8cf370e7 wp-block-group-is-layout-flex\">\n<p><strong>Correo<\/strong>: <a href=\"mailto:gr.ahcisp@uab.cat\">gr.ahcisp@uab.cat<\/a> <\/p>\n\n\n\n<p><strong>Tel<\/strong>: +34 93 586 83 22<\/p>\n\n\n\n<p><strong>P\u00e1gina web<\/strong>: <a href=\"https:\/\/webs.uab.cat\/ahcisp\/linies-de-recerca\/\">https:\/\/webs.uab.cat\/ahcisp\/<\/a><\/p>\n<\/div>\n\n\n\n<hr class=\"wp-block-separator alignwide has-alpha-channel-opacity\" \/>\n\n\n\n<div class=\"wp-block-group alignwide is-vertical is-layout-flex wp-container-core-group-is-layout-8cf370e7 wp-block-group-is-layout-flex\">\n<h3 class=\"wp-block-heading has-text-align-left\"><strong>Creditos<\/strong><\/h3>\n\n\n\n<p><strong>Fotografia cabecera web<\/strong>: Detall fa\u00e7ana Siekopai, Amaz\u00f2nia Equatoriana (autor: Ignacio Contreras)<\/p>\n\n\n\n<p><strong>Desarrollo Web<\/strong>: Jaume Noguera<\/p>\n<\/div>\n<\/div><\/div>\n<\/div><\/div>\n","protected":false},"excerpt":{"rendered":"<p>Grup de Recerca Antropologia i Hist\u00f2ria de la Contrucci\u00f3 de les Identitats Socials i Pol\u00edtiques Direcci\u00f3n: Despatx: B9-231 Departament d\u2019Antropologia Social i Cultural Universitat Aut\u00f2noma de Barcelona Edifici B \u2013 Facultat de Filosofia i Lletres08193 Bellaterra (Cerdanyola del Vall\u00e8s) Correo: gr.ahcisp@uab.cat Tel: +34 93 586 83 22 P\u00e1gina web: https:\/\/webs.uab.cat\/ahcisp\/ Creditos Fotografia cabecera web: Detall [&hellip;]<\/p>\n","protected":false},"author":1643,"featured_media":0,"parent":0,"menu_order":7,"comment_status":"closed","ping_status":"closed","template":"","meta":{"footnotes":""},"class_list":["post-2905","page","type-page","status-publish","hentry"],"_links":{"self":[{"href":"https:\/\/webs.uab.cat\/ahcisp\/es\/wp-json\/wp\/v2\/pages\/2905","targetHints":{"allow":["GET"]}}],"collection":[{"href":"https:\/\/webs.uab.cat\/ahcisp\/es\/wp-json\/wp\/v2\/pages"}],"about":[{"href":"https:\/\/webs.uab.cat\/ahcisp\/es\/wp-json\/wp\/v2\/types\/page"}],"author":[{"embeddable":true,"href":"https:\/\/webs.uab.cat\/ahcisp\/es\/wp-json\/wp\/v2\/users\/1643"}],"replies":[{"embeddable":true,"href":"https:\/\/webs.uab.cat\/ahcisp\/es\/wp-json\/wp\/v2\/comments?post=2905"}],"version-history":[{"count":3,"href":"https:\/\/webs.uab.cat\/ahcisp\/es\/wp-json\/wp\/v2\/pages\/2905\/revisions"}],"predecessor-version":[{"id":5273,"href":"https:\/\/webs.uab.cat\/ahcisp\/es\/wp-json\/wp\/v2\/pages\/2905\/revisions\/5273"}],"wp:attachment":[{"href":"https:\/\/webs.uab.cat\/ahcisp\/es\/wp-json\/wp\/v2\/media?parent=2905"}],"curies":[{"name":"wp","href":"https:\/\/api.w.org\/{rel}","templated":true}]}}