{"id":3032,"date":"2024-03-07T12:19:38","date_gmt":"2024-03-07T10:19:38","guid":{"rendered":"https:\/\/webs.uab.cat\/ahcisp\/?page_id=3032"},"modified":"2024-06-10T23:03:43","modified_gmt":"2024-06-10T21:03:43","slug":"claudio-milano","status":"publish","type":"page","link":"https:\/\/webs.uab.cat\/ahcisp\/es\/claudio-milano\/","title":{"rendered":"Claudio Milano"},"content":{"rendered":"\n<div class=\"wp-block-group\"><div class=\"wp-block-group__inner-container is-layout-constrained wp-block-group-is-layout-constrained\">\n<div class=\"wp-block-columns alignwide is-layout-flex wp-container-core-columns-is-layout-9d6595d7 wp-block-columns-is-layout-flex\">\n<div class=\"wp-block-column is-layout-flow wp-block-column-is-layout-flow\" style=\"flex-basis:33.3%\">\n<figure class=\"wp-block-image size-full\"><img loading=\"lazy\" decoding=\"async\" width=\"400\" height=\"400\" src=\"https:\/\/webs.uab.cat\/ahcisp\/wp-content\/uploads\/sites\/320\/2024\/03\/ClaudioMilano.png\" alt=\"\" class=\"wp-image-3027\" srcset=\"https:\/\/webs.uab.cat\/ahcisp\/wp-content\/uploads\/sites\/320\/2024\/03\/ClaudioMilano.png 400w, https:\/\/webs.uab.cat\/ahcisp\/wp-content\/uploads\/sites\/320\/2024\/03\/ClaudioMilano-300x300.png 300w, https:\/\/webs.uab.cat\/ahcisp\/wp-content\/uploads\/sites\/320\/2024\/03\/ClaudioMilano-150x150.png 150w\" sizes=\"auto, (max-width: 400px) 100vw, 400px\" \/><\/figure>\n<\/div>\n\n\n\n<div class=\"wp-block-column is-layout-flow wp-block-column-is-layout-flow\" style=\"flex-basis:66.66%\">\n<h2 class=\"wp-block-heading\">Claudio Milano<\/h2>\n\n\n\n<ul class=\"has-normal-font-size wp-block-list\">\n<li><strong>Vinculaci\u00f3n<\/strong>: miembro AHCISP <\/li>\n\n\n\n<li><strong>Correo<\/strong>: <a href=\"mailto:claudiomilano@ub.edu\">claudiomilano@ub.edu<\/a><\/li>\n\n\n\n<li><strong>ORCID<\/strong>:  <a href=\"https:\/\/orcid.org\/0000-0003-4349-367X\">0000-0003-4349-367X<\/a><\/li>\n\n\n\n<li>Scopus Author ID: 57197704719<\/li>\n\n\n\n<li>Researcher ID: N-5764-2015<\/li>\n\n\n\n<li><a href=\"https:\/\/scholar.google.es\/citations?user=se6fSEgAAAAJ&amp;hl=es\">Google Scholar<\/a><\/li>\n\n\n\n<li><a href=\"https:\/\/barcelona.academia.edu\/ClaudioMilano\">Academia<\/a><\/li>\n\n\n\n<li><a href=\"https:\/\/www.researchgate.net\/profile\/Claudio-Milano\">Researchgate<\/a><\/li>\n\n\n\n<li><a href=\"https:\/\/www.linkedin.com\/in\/claudiomilano\/?originalSubdomain=es\">Linkedin<\/a><\/li>\n<\/ul>\n<\/div>\n<\/div>\n\n\n\n<h3 class=\"wp-block-heading alignwide\">L\u00edneas de Investigaci\u00f3n<\/h3>\n\n\n\n<p class=\"has-text-align-left\">Copresidente de la Comisi\u00f3n de Antropolog\u00eda del Turismo de la Uni\u00f3n Internacional de Ciencias Antropol\u00f3gicas y Etnol\u00f3gicas (IUAES) y miembro del Editorial Review Board de Annals of Tourism Research (Elsevier). Mi principal \u00e1rea de especializaci\u00f3n es la econom\u00eda pol\u00edtica del turismo. Mi investigaci\u00f3n profundiza en la din\u00e1mica de los procesos de turistificaci\u00f3n, explorando c\u00f3mo las sociedades responden y resisten a estos cambios a trav\u00e9s de movimientos sociales y politicas tur\u00edsticas.<\/p>\n<\/div><\/div>\n\n\n\n<hr class=\"wp-block-separator has-alpha-channel-opacity\" \/>\n\n\n\n<p><a href=\"https:\/\/webs.uab.cat\/ahcisp\/es\/equipo\/\">&lt;&lt; Volver a &#8216;Equipo&#8217;<\/a><\/p>\n","protected":false},"excerpt":{"rendered":"<p>Claudio Milano L\u00edneas de Investigaci\u00f3n Copresidente de la Comisi\u00f3n de Antropolog\u00eda del Turismo de la Uni\u00f3n Internacional de Ciencias Antropol\u00f3gicas y Etnol\u00f3gicas (IUAES) y miembro del Editorial Review Board de Annals of Tourism Research (Elsevier). Mi principal \u00e1rea de especializaci\u00f3n es la econom\u00eda pol\u00edtica del turismo. Mi investigaci\u00f3n profundiza en la din\u00e1mica de los procesos [&hellip;]<\/p>\n","protected":false},"author":1643,"featured_media":0,"parent":0,"menu_order":0,"comment_status":"closed","ping_status":"closed","template":"","meta":{"footnotes":""},"class_list":["post-3032","page","type-page","status-publish","hentry"],"_links":{"self":[{"href":"https:\/\/webs.uab.cat\/ahcisp\/es\/wp-json\/wp\/v2\/pages\/3032","targetHints":{"allow":["GET"]}}],"collection":[{"href":"https:\/\/webs.uab.cat\/ahcisp\/es\/wp-json\/wp\/v2\/pages"}],"about":[{"href":"https:\/\/webs.uab.cat\/ahcisp\/es\/wp-json\/wp\/v2\/types\/page"}],"author":[{"embeddable":true,"href":"https:\/\/webs.uab.cat\/ahcisp\/es\/wp-json\/wp\/v2\/users\/1643"}],"replies":[{"embeddable":true,"href":"https:\/\/webs.uab.cat\/ahcisp\/es\/wp-json\/wp\/v2\/comments?post=3032"}],"version-history":[{"count":6,"href":"https:\/\/webs.uab.cat\/ahcisp\/es\/wp-json\/wp\/v2\/pages\/3032\/revisions"}],"predecessor-version":[{"id":4803,"href":"https:\/\/webs.uab.cat\/ahcisp\/es\/wp-json\/wp\/v2\/pages\/3032\/revisions\/4803"}],"wp:attachment":[{"href":"https:\/\/webs.uab.cat\/ahcisp\/es\/wp-json\/wp\/v2\/media?parent=3032"}],"curies":[{"name":"wp","href":"https:\/\/api.w.org\/{rel}","templated":true}]}}