{"id":3060,"date":"2024-03-07T13:21:55","date_gmt":"2024-03-07T11:21:55","guid":{"rendered":"https:\/\/webs.uab.cat\/ahcisp\/?page_id=3060"},"modified":"2024-06-15T11:09:50","modified_gmt":"2024-06-15T09:09:50","slug":"igor-bogdanovic","status":"publish","type":"page","link":"https:\/\/webs.uab.cat\/ahcisp\/es\/igor-bogdanovic\/","title":{"rendered":"Igor Bogdanovic"},"content":{"rendered":"\n<div class=\"wp-block-group alignwide\"><div class=\"wp-block-group__inner-container is-layout-constrained wp-block-group-is-layout-constrained\">\n<div class=\"wp-block-columns is-layout-flex wp-container-core-columns-is-layout-9d6595d7 wp-block-columns-is-layout-flex\">\n<div class=\"wp-block-column is-layout-flow wp-block-column-is-layout-flow\" style=\"flex-basis:33.3%\">\n<figure class=\"wp-block-image size-full\"><img loading=\"lazy\" decoding=\"async\" width=\"1932\" height=\"2156\" src=\"https:\/\/webs.uab.cat\/ahcisp\/wp-content\/uploads\/sites\/320\/2024\/06\/Igor-1.jpeg\" alt=\"\" class=\"wp-image-5120\" srcset=\"https:\/\/webs.uab.cat\/ahcisp\/wp-content\/uploads\/sites\/320\/2024\/06\/Igor-1.jpeg 1932w, https:\/\/webs.uab.cat\/ahcisp\/wp-content\/uploads\/sites\/320\/2024\/06\/Igor-1-269x300.jpeg 269w, https:\/\/webs.uab.cat\/ahcisp\/wp-content\/uploads\/sites\/320\/2024\/06\/Igor-1-918x1024.jpeg 918w, https:\/\/webs.uab.cat\/ahcisp\/wp-content\/uploads\/sites\/320\/2024\/06\/Igor-1-768x857.jpeg 768w, https:\/\/webs.uab.cat\/ahcisp\/wp-content\/uploads\/sites\/320\/2024\/06\/Igor-1-1376x1536.jpeg 1376w, https:\/\/webs.uab.cat\/ahcisp\/wp-content\/uploads\/sites\/320\/2024\/06\/Igor-1-1835x2048.jpeg 1835w, https:\/\/webs.uab.cat\/ahcisp\/wp-content\/uploads\/sites\/320\/2024\/06\/Igor-1-1200x1339.jpeg 1200w\" sizes=\"auto, (max-width: 1932px) 100vw, 1932px\" \/><\/figure>\n<\/div>\n\n\n\n<div class=\"wp-block-column is-layout-flow wp-block-column-is-layout-flow\" style=\"flex-basis:66.66%\">\n<h2 class=\"wp-block-heading\">Igor Bogdanovic<\/h2>\n\n\n\n<ul class=\"has-normal-font-size wp-block-list\">\n<li><strong>Vinculaci\u00f3n<\/strong>: colaborador, investigador externo<\/li>\n\n\n\n<li><strong>Correo<\/strong>: <\/li>\n\n\n\n<li><strong>ORCID<\/strong>:  <a href=\"https:\/\/orcid.org\/0000-0001-7710-755X\" target=\"_blank\" rel=\"noreferrer noopener\">0000-0001-7710-755X<\/a><\/li>\n\n\n\n<li><a href=\"https:\/\/uab.academia.edu\/IgorBogdanovic\"><strong>Academia.edu<\/strong><\/a><\/li>\n\n\n\n<li><strong><a href=\"https:\/\/www.linkedin.com\/in\/igor-bogdanovic-81310841\/\">Linkedin<\/a><\/strong><\/li>\n<\/ul>\n<\/div>\n<\/div>\n\n\n\n<h3 class=\"wp-block-heading\">L\u00edneas de Investigaci\u00f3n<\/h3>\n\n\n\n<p>Doctor en Historia por la UAB, M\u00e1ster en Metodolog\u00eda de la Investigaci\u00f3n Arqueol\u00f3gica y Licenciado en Arqueolog\u00eda. Ha dedicado su investigaci\u00f3n a dos l\u00edneas diferentes pero complementarias. Por un lado, las cuestiones de la identidad colectiva y la continuidad y discontinuidad en el pasado le han llevado a estudiar los nacionalismos contempor\u00e1neos, con una tesis doctoral (<em>La instrumentalizaci\u00f3n del pasado en el presente. La construcci\u00f3n de las identidades colectivas en los Balcanes centrales en la historia de la arqueolog\u00eda serbia<\/em>. UAB, 2011) y dos libros de divulgaci\u00f3n cient\u00edfica (<em>Els Balcans<\/em>, Editorial UOC, Barcelona, 2005; y <em>Los procesos balc\u00e1nicos. Entre la integridad territorial de los estados y la libertad de los pueblos<\/em>, Salvat, 56, Barcelona, 2019), entre otras contribuciones.<\/p>\n\n\n\n<p>Por otro lado, en el campo de la metodolog\u00eda de la investigaci\u00f3n arqueol\u00f3gica y la aplicaci\u00f3n de tecnolog\u00edas digitales en el estudio y preservaci\u00f3n del patrimonio, ha participado en varios proyectos de investigaci\u00f3n liderados por el Departamento de Prehistoria de la UAB. Entre sus resultados destacables se encuentra la coedici\u00f3n (con J.A. Barcel\u00f3) del libro <em>Mathematics in Archaeology<\/em>, CRC Press 2020, y una serie de art\u00edculos sobre la modulaci\u00f3n del tiempo arqueol\u00f3gico. Tambi\u00e9n participa en la investigaci\u00f3n de los yacimientos de La Draga y Les Coves del Fem con la correspondiente producci\u00f3n cient\u00edfica.<\/p>\n\n\n\n<p>Actualmente, trabaja como T\u00e9cnico Superior de Investigaci\u00f3n en el <a href=\"https:\/\/www.uab.cat\/open-labs\/\">Laboratorio Digital de UAB Open Labs<\/a>, donde imparte docencia sobre tecnolog\u00edas 3D y RV para diversos grados y m\u00e1steres de la UAB, asesora a los miembros de la comunidad UAB en el dise\u00f1o e implementaci\u00f3n de los aspectos digitales de los proyectos, y participa en proyectos de innovaci\u00f3n digital, como <a href=\"https:\/\/vrallart.com\/vr-exhibitions\/em\/intermedit_project\/\">Intermedit.<\/a><\/p>\n<\/div><\/div>\n\n\n\n<hr class=\"wp-block-separator has-alpha-channel-opacity\" \/>\n\n\n\n<p><a href=\"https:\/\/webs.uab.cat\/ahcisp\/es\/equipo\/\">&lt;&lt; Volver a &#8216;Equipo&#8217;<\/a><\/p>\n","protected":false},"excerpt":{"rendered":"<p>Igor Bogdanovic L\u00edneas de Investigaci\u00f3n Doctor en Historia por la UAB, M\u00e1ster en Metodolog\u00eda de la Investigaci\u00f3n Arqueol\u00f3gica y Licenciado en Arqueolog\u00eda. Ha dedicado su investigaci\u00f3n a dos l\u00edneas diferentes pero complementarias. Por un lado, las cuestiones de la identidad colectiva y la continuidad y discontinuidad en el pasado le han llevado a estudiar los [&hellip;]<\/p>\n","protected":false},"author":1643,"featured_media":0,"parent":0,"menu_order":0,"comment_status":"closed","ping_status":"closed","template":"","meta":{"footnotes":""},"class_list":["post-3060","page","type-page","status-publish","hentry"],"_links":{"self":[{"href":"https:\/\/webs.uab.cat\/ahcisp\/es\/wp-json\/wp\/v2\/pages\/3060","targetHints":{"allow":["GET"]}}],"collection":[{"href":"https:\/\/webs.uab.cat\/ahcisp\/es\/wp-json\/wp\/v2\/pages"}],"about":[{"href":"https:\/\/webs.uab.cat\/ahcisp\/es\/wp-json\/wp\/v2\/types\/page"}],"author":[{"embeddable":true,"href":"https:\/\/webs.uab.cat\/ahcisp\/es\/wp-json\/wp\/v2\/users\/1643"}],"replies":[{"embeddable":true,"href":"https:\/\/webs.uab.cat\/ahcisp\/es\/wp-json\/wp\/v2\/comments?post=3060"}],"version-history":[{"count":4,"href":"https:\/\/webs.uab.cat\/ahcisp\/es\/wp-json\/wp\/v2\/pages\/3060\/revisions"}],"predecessor-version":[{"id":5123,"href":"https:\/\/webs.uab.cat\/ahcisp\/es\/wp-json\/wp\/v2\/pages\/3060\/revisions\/5123"}],"wp:attachment":[{"href":"https:\/\/webs.uab.cat\/ahcisp\/es\/wp-json\/wp\/v2\/media?parent=3060"}],"curies":[{"name":"wp","href":"https:\/\/api.w.org\/{rel}","templated":true}]}}