{"id":3069,"date":"2024-03-07T13:31:07","date_gmt":"2024-03-07T11:31:07","guid":{"rendered":"https:\/\/webs.uab.cat\/ahcisp\/?page_id=3069"},"modified":"2024-06-10T23:09:16","modified_gmt":"2024-06-10T21:09:16","slug":"domenico-branca","status":"publish","type":"page","link":"https:\/\/webs.uab.cat\/ahcisp\/es\/domenico-branca\/","title":{"rendered":"Domenico Branca"},"content":{"rendered":"\n<div class=\"wp-block-group alignwide\"><div class=\"wp-block-group__inner-container is-layout-constrained wp-block-group-is-layout-constrained\">\n<div class=\"wp-block-columns is-layout-flex wp-container-core-columns-is-layout-9d6595d7 wp-block-columns-is-layout-flex\">\n<div class=\"wp-block-column is-layout-flow wp-block-column-is-layout-flow\" style=\"flex-basis:33.33%\">\n<figure class=\"wp-block-image size-full\"><img loading=\"lazy\" decoding=\"async\" width=\"1087\" height=\"1450\" src=\"https:\/\/webs.uab.cat\/ahcisp\/wp-content\/uploads\/sites\/320\/2024\/05\/Foto-Domenico-CV.jpg\" alt=\"\" class=\"wp-image-4274\" srcset=\"https:\/\/webs.uab.cat\/ahcisp\/wp-content\/uploads\/sites\/320\/2024\/05\/Foto-Domenico-CV.jpg 1087w, https:\/\/webs.uab.cat\/ahcisp\/wp-content\/uploads\/sites\/320\/2024\/05\/Foto-Domenico-CV-225x300.jpg 225w, https:\/\/webs.uab.cat\/ahcisp\/wp-content\/uploads\/sites\/320\/2024\/05\/Foto-Domenico-CV-768x1024.jpg 768w\" sizes=\"auto, (max-width: 1087px) 100vw, 1087px\" \/><\/figure>\n<\/div>\n\n\n\n<div class=\"wp-block-column is-layout-flow wp-block-column-is-layout-flow\" style=\"flex-basis:66.66%\">\n<h2 class=\"wp-block-heading\">Domenico Branca<\/h2>\n\n\n\n<ul class=\"has-normal-font-size wp-block-list\">\n<li><strong>Vinculaci\u00f3n<\/strong>: colaborador, investigador externo<\/li>\n\n\n\n<li><strong>Correo<\/strong>: d.branca@uniss.it<\/li>\n\n\n\n<li><strong>ORCID<\/strong>:  <a href=\"https:\/\/orcid.org\/0000-0002-4346-3334\">0000-0002-4346-3334<\/a><\/li>\n\n\n\n<li><strong>Google Scholar<\/strong>: <a href=\"https:\/\/scholar.google.com\/citations?user=qQ2-o9AAAAAJ&amp;hl=en&amp;oi=ao]\" target=\"_blank\" rel=\"noreferrer noopener\">Domenico Branca<\/a><\/li>\n<\/ul>\n<\/div>\n<\/div>\n\n\n\n<h3 class=\"wp-block-heading\">L\u00edneas de Investigaci\u00f3n<\/h3>\n\n\n\n<p>Mis intereses de investigaci\u00f3n se centran principalmente en cuatro l\u00edneas: la construcci\u00f3n de las clasificaciones sociales, con particular \u00e9nfasis en la identidad y la idea de naci\u00f3n aymara peruana; la antropolog\u00eda cr\u00edtica del patrimonio y del turismo y su articulaci\u00f3n con los proyectos de construcci\u00f3n nacional en el Per\u00fa; las relaciones simb\u00f3licas y materiales entre entornos urbanos y rurales, particularmente en ciudades de monta\u00f1a de los Andes; y el estudio de comunidades de monta\u00f1a mediante un enfoque montol\u00f3gico transdisciplinario.<\/p>\n\n\n\n<p>He sido fundador, junto con algunas y algunos colegas, de la revista <em>Am\u00e9rica Cr\u00edtica<\/em> (Cagliari, Italia) y soy parte del Comit\u00e9 de Redacci\u00f3n de <em>Anuac<\/em>, Revista de la Sociedad Italiana de Antropolog\u00eda Cultural y del Comit\u00e9 Cient\u00edfico de la <em>Revista de Pensamiento Cr\u00edtico Aymara<\/em> (Puno, Per\u00fa). Adem\u00e1s de varios art\u00edculos y cap\u00edtulos, he publicado el libro <em>Identidad aymara en el Per\u00fa <\/em>(Lima, Editorial Horizonte, 2017).<\/p>\n\n\n\n<hr class=\"wp-block-separator has-alpha-channel-opacity\" \/>\n\n\n\n<p><a href=\"https:\/\/webs.uab.cat\/ahcisp\/es\/equipo\/\">&lt;&lt; Volver a &#8216;Equipo&#8217;<\/a><\/p>\n<\/div><\/div>\n","protected":false},"excerpt":{"rendered":"<p>Domenico Branca L\u00edneas de Investigaci\u00f3n Mis intereses de investigaci\u00f3n se centran principalmente en cuatro l\u00edneas: la construcci\u00f3n de las clasificaciones sociales, con particular \u00e9nfasis en la identidad y la idea de naci\u00f3n aymara peruana; la antropolog\u00eda cr\u00edtica del patrimonio y del turismo y su articulaci\u00f3n con los proyectos de construcci\u00f3n nacional en el Per\u00fa; las [&hellip;]<\/p>\n","protected":false},"author":1643,"featured_media":0,"parent":0,"menu_order":0,"comment_status":"closed","ping_status":"closed","template":"","meta":{"footnotes":""},"class_list":["post-3069","page","type-page","status-publish","hentry"],"_links":{"self":[{"href":"https:\/\/webs.uab.cat\/ahcisp\/es\/wp-json\/wp\/v2\/pages\/3069","targetHints":{"allow":["GET"]}}],"collection":[{"href":"https:\/\/webs.uab.cat\/ahcisp\/es\/wp-json\/wp\/v2\/pages"}],"about":[{"href":"https:\/\/webs.uab.cat\/ahcisp\/es\/wp-json\/wp\/v2\/types\/page"}],"author":[{"embeddable":true,"href":"https:\/\/webs.uab.cat\/ahcisp\/es\/wp-json\/wp\/v2\/users\/1643"}],"replies":[{"embeddable":true,"href":"https:\/\/webs.uab.cat\/ahcisp\/es\/wp-json\/wp\/v2\/comments?post=3069"}],"version-history":[{"count":4,"href":"https:\/\/webs.uab.cat\/ahcisp\/es\/wp-json\/wp\/v2\/pages\/3069\/revisions"}],"predecessor-version":[{"id":4820,"href":"https:\/\/webs.uab.cat\/ahcisp\/es\/wp-json\/wp\/v2\/pages\/3069\/revisions\/4820"}],"wp:attachment":[{"href":"https:\/\/webs.uab.cat\/ahcisp\/es\/wp-json\/wp\/v2\/media?parent=3069"}],"curies":[{"name":"wp","href":"https:\/\/api.w.org\/{rel}","templated":true}]}}