{"id":3083,"date":"2024-03-07T13:51:11","date_gmt":"2024-03-07T11:51:11","guid":{"rendered":"https:\/\/webs.uab.cat\/ahcisp\/?page_id=3083"},"modified":"2024-06-10T23:24:42","modified_gmt":"2024-06-10T21:24:42","slug":"alexandre-coello-de-la-rosa","status":"publish","type":"page","link":"https:\/\/webs.uab.cat\/ahcisp\/es\/alexandre-coello-de-la-rosa\/","title":{"rendered":"Alexandre Coello"},"content":{"rendered":"\n<div class=\"wp-block-group alignwide\"><div class=\"wp-block-group__inner-container is-layout-constrained wp-block-group-is-layout-constrained\">\n<div class=\"wp-block-columns is-layout-flex wp-container-core-columns-is-layout-9d6595d7 wp-block-columns-is-layout-flex\">\n<div class=\"wp-block-column is-layout-flow wp-block-column-is-layout-flow\" style=\"flex-basis:33.3%\">\n<figure class=\"wp-block-image size-full\"><img loading=\"lazy\" decoding=\"async\" width=\"588\" height=\"645\" src=\"https:\/\/webs.uab.cat\/ahcisp\/wp-content\/uploads\/sites\/320\/2010\/02\/crea-imatge-de-mapa-de-bits1.jpg\" alt=\"\" class=\"wp-image-122\" srcset=\"https:\/\/webs.uab.cat\/ahcisp\/wp-content\/uploads\/sites\/320\/2010\/02\/crea-imatge-de-mapa-de-bits1.jpg 588w, https:\/\/webs.uab.cat\/ahcisp\/wp-content\/uploads\/sites\/320\/2010\/02\/crea-imatge-de-mapa-de-bits1-273x300.jpg 273w\" sizes=\"auto, (max-width: 588px) 100vw, 588px\" \/><\/figure>\n<\/div>\n\n\n\n<div class=\"wp-block-column is-layout-flow wp-block-column-is-layout-flow\" style=\"flex-basis:66.66%\">\n<h2 class=\"wp-block-heading\">Alexandre Coello de la Rosa<\/h2>\n\n\n\n<ul class=\"has-normal-font-size wp-block-list\">\n<li><strong>Vinculaci\u00f3n<\/strong>: antiguo colaborador, investigador externo<\/li>\n\n\n\n<li><strong>Correo<\/strong>: <\/li>\n\n\n\n<li><strong>ORCID<\/strong>:  <a href=\"https:\/\/orcid.org\/0000-0001-5079-6180\">0000-0001-5079-6180<\/a><\/li>\n<\/ul>\n<\/div>\n<\/div>\n\n\n\n<h3 class=\"wp-block-heading\">L\u00edneas de Investigaci\u00f3n<\/h3>\n\n\n\n<p>Alexandre Coello de la Rosa es doctor en historia por la State University of New York at Stony Brook (SUNY, EE.UU). Ha publicado diversos trabajos en libros y revistas especializadas sobre cr\u00f3nicas, historia colonial del Caribe e historia institucional y eclesi\u00e1stica del Per\u00fa de los siglos XVI y XVII.  Sus investigaciones giran en torno al mundo colonial y las Filipinas (siglos XVI-XVIII), con un especial \u00e9nfasis en temas relacionados con la Compa\u00f1\u00eda de Jes\u00fas.<\/p>\n<\/div><\/div>\n\n\n\n<hr class=\"wp-block-separator has-alpha-channel-opacity\" \/>\n\n\n\n<p><a href=\"https:\/\/webs.uab.cat\/ahcisp\/es\/equipo\/\">&lt;&lt; Volver a &#8216;Equipo&#8217;<\/a><\/p>\n","protected":false},"excerpt":{"rendered":"<p>Alexandre Coello de la Rosa L\u00edneas de Investigaci\u00f3n Alexandre Coello de la Rosa es doctor en historia por la State University of New York at Stony Brook (SUNY, EE.UU). Ha publicado diversos trabajos en libros y revistas especializadas sobre cr\u00f3nicas, historia colonial del Caribe e historia institucional y eclesi\u00e1stica del Per\u00fa de los siglos XVI [&hellip;]<\/p>\n","protected":false},"author":1643,"featured_media":0,"parent":0,"menu_order":0,"comment_status":"closed","ping_status":"closed","template":"","meta":{"footnotes":""},"class_list":["post-3083","page","type-page","status-publish","hentry"],"_links":{"self":[{"href":"https:\/\/webs.uab.cat\/ahcisp\/es\/wp-json\/wp\/v2\/pages\/3083","targetHints":{"allow":["GET"]}}],"collection":[{"href":"https:\/\/webs.uab.cat\/ahcisp\/es\/wp-json\/wp\/v2\/pages"}],"about":[{"href":"https:\/\/webs.uab.cat\/ahcisp\/es\/wp-json\/wp\/v2\/types\/page"}],"author":[{"embeddable":true,"href":"https:\/\/webs.uab.cat\/ahcisp\/es\/wp-json\/wp\/v2\/users\/1643"}],"replies":[{"embeddable":true,"href":"https:\/\/webs.uab.cat\/ahcisp\/es\/wp-json\/wp\/v2\/comments?post=3083"}],"version-history":[{"count":2,"href":"https:\/\/webs.uab.cat\/ahcisp\/es\/wp-json\/wp\/v2\/pages\/3083\/revisions"}],"predecessor-version":[{"id":4882,"href":"https:\/\/webs.uab.cat\/ahcisp\/es\/wp-json\/wp\/v2\/pages\/3083\/revisions\/4882"}],"wp:attachment":[{"href":"https:\/\/webs.uab.cat\/ahcisp\/es\/wp-json\/wp\/v2\/media?parent=3083"}],"curies":[{"name":"wp","href":"https:\/\/api.w.org\/{rel}","templated":true}]}}