{"id":3089,"date":"2024-03-07T13:58:16","date_gmt":"2024-03-07T11:58:16","guid":{"rendered":"https:\/\/webs.uab.cat\/ahcisp\/?page_id=3089"},"modified":"2024-06-10T23:24:49","modified_gmt":"2024-06-10T21:24:49","slug":"monica-martinez-mauri","status":"publish","type":"page","link":"https:\/\/webs.uab.cat\/ahcisp\/es\/monica-martinez-mauri\/","title":{"rendered":"M\u00f2nica Mart\u00ednez"},"content":{"rendered":"\n<div class=\"wp-block-group alignwide\"><div class=\"wp-block-group__inner-container is-layout-constrained wp-block-group-is-layout-constrained\">\n<div class=\"wp-block-columns is-layout-flex wp-container-core-columns-is-layout-9d6595d7 wp-block-columns-is-layout-flex\">\n<div class=\"wp-block-column is-layout-flow wp-block-column-is-layout-flow\" style=\"flex-basis:33.33%\">\n<figure class=\"wp-block-image size-full\"><img loading=\"lazy\" decoding=\"async\" width=\"750\" height=\"737\" src=\"https:\/\/webs.uab.cat\/ahcisp\/wp-content\/uploads\/sites\/320\/2010\/02\/dscf0274-2.jpg\" alt=\"\" class=\"wp-image-100\" srcset=\"https:\/\/webs.uab.cat\/ahcisp\/wp-content\/uploads\/sites\/320\/2010\/02\/dscf0274-2.jpg 750w, https:\/\/webs.uab.cat\/ahcisp\/wp-content\/uploads\/sites\/320\/2010\/02\/dscf0274-2-300x295.jpg 300w\" sizes=\"auto, (max-width: 750px) 100vw, 750px\" \/><\/figure>\n<\/div>\n\n\n\n<div class=\"wp-block-column is-layout-flow wp-block-column-is-layout-flow\" style=\"flex-basis:66.66%\">\n<h2 class=\"wp-block-heading\">M\u00f2nica Mart\u00ednez Mauri<\/h2>\n\n\n\n<ul class=\"has-normal-font-size wp-block-list\">\n<li><strong>Vinculaci\u00f3n<\/strong>: antigua colaboradora, investigadora externa<\/li>\n\n\n\n<li><strong>Correo<\/strong>: martinezmauri@ub.edu<\/li>\n\n\n\n<li><strong>ORCID<\/strong>:  <a href=\"https:\/\/orcid.org\/0000-0003-1857-1146\">0000-0003-1857-1146<\/a><\/li>\n\n\n\n<li><a href=\"http:\/\/ub.academia.edu\/MonicaMart%C3%ADnezMauri\"><strong>Academia.edu<\/strong><\/a><\/li>\n<\/ul>\n<\/div>\n<\/div>\n\n\n\n<h3 class=\"wp-block-heading\">L\u00edneas de Investigaci\u00f3n<\/h3>\n\n\n\n<p>Investigadora y profesora Serra H\u00fanter en la Universidad de Barcelona. M\u00f2nica Mart\u00ednez es doctora en Antropolog\u00eda Social por la Universidad Aut\u00f3noma de Barcelona y la Ecole des Hautes Etudes en Sciences Sociales. Ha cursado estudios de tercer ciclo en el campo de la antropolog\u00eda social, el desarrollo y las relaciones internacionales en el EHESS y el Instituto Universitaire de Etudes du D\u00e9veloppement de Ginebra. Ha realizado trabajo de campo en la comarca de Kuna Yala (Panam\u00e1). Sus investigaciones y publicaciones est\u00e1n dedicadas al an\u00e1lisis de la mediaci\u00f3n cultural en contextos marcados por la cooperaci\u00f3n al desarrollo, las representaciones del medio ambiente, la gesti\u00f3n local del turismo y la implementaci\u00f3n de derechos ind\u00edgenas. Ha sido investigadora postdoctoral, en el marco del programa Juan de la Cierva, en el Grupo CINAF (Culturas Ind\u00edgenas y Afroamericanas) de la Universidad de Barcelona y, en el marco del programa Beatriz de Pinoso, en la Universidad de Lleida.<\/p>\n\n\n\n<hr class=\"wp-block-separator has-alpha-channel-opacity\" \/>\n\n\n\n<p><a href=\"https:\/\/webs.uab.cat\/ahcisp\/es\/equipo\/\">&lt;&lt; Volver a &#8216;Equipo&#8217;<\/a><\/p>\n<\/div><\/div>\n","protected":false},"excerpt":{"rendered":"<p>M\u00f2nica Mart\u00ednez Mauri L\u00edneas de Investigaci\u00f3n Investigadora y profesora Serra H\u00fanter en la Universidad de Barcelona. M\u00f2nica Mart\u00ednez es doctora en Antropolog\u00eda Social por la Universidad Aut\u00f3noma de Barcelona y la Ecole des Hautes Etudes en Sciences Sociales. Ha cursado estudios de tercer ciclo en el campo de la antropolog\u00eda social, el desarrollo y las [&hellip;]<\/p>\n","protected":false},"author":1643,"featured_media":0,"parent":0,"menu_order":0,"comment_status":"closed","ping_status":"closed","template":"","meta":{"footnotes":""},"class_list":["post-3089","page","type-page","status-publish","hentry"],"_links":{"self":[{"href":"https:\/\/webs.uab.cat\/ahcisp\/es\/wp-json\/wp\/v2\/pages\/3089","targetHints":{"allow":["GET"]}}],"collection":[{"href":"https:\/\/webs.uab.cat\/ahcisp\/es\/wp-json\/wp\/v2\/pages"}],"about":[{"href":"https:\/\/webs.uab.cat\/ahcisp\/es\/wp-json\/wp\/v2\/types\/page"}],"author":[{"embeddable":true,"href":"https:\/\/webs.uab.cat\/ahcisp\/es\/wp-json\/wp\/v2\/users\/1643"}],"replies":[{"embeddable":true,"href":"https:\/\/webs.uab.cat\/ahcisp\/es\/wp-json\/wp\/v2\/comments?post=3089"}],"version-history":[{"count":2,"href":"https:\/\/webs.uab.cat\/ahcisp\/es\/wp-json\/wp\/v2\/pages\/3089\/revisions"}],"predecessor-version":[{"id":4889,"href":"https:\/\/webs.uab.cat\/ahcisp\/es\/wp-json\/wp\/v2\/pages\/3089\/revisions\/4889"}],"wp:attachment":[{"href":"https:\/\/webs.uab.cat\/ahcisp\/es\/wp-json\/wp\/v2\/media?parent=3089"}],"curies":[{"name":"wp","href":"https:\/\/api.w.org\/{rel}","templated":true}]}}