{"id":3098,"date":"2024-03-07T14:04:49","date_gmt":"2024-03-07T12:04:49","guid":{"rendered":"https:\/\/webs.uab.cat\/ahcisp\/?page_id=3098"},"modified":"2024-06-10T23:24:50","modified_gmt":"2024-06-10T21:24:50","slug":"maite-ojeda-mata","status":"publish","type":"page","link":"https:\/\/webs.uab.cat\/ahcisp\/es\/maite-ojeda-mata\/","title":{"rendered":"Maite Ojeda"},"content":{"rendered":"\n<div class=\"wp-block-group alignwide\"><div class=\"wp-block-group__inner-container is-layout-constrained wp-block-group-is-layout-constrained\">\n<div class=\"wp-block-columns is-layout-flex wp-container-core-columns-is-layout-9d6595d7 wp-block-columns-is-layout-flex\">\n<div class=\"wp-block-column is-layout-flow wp-block-column-is-layout-flow\" style=\"flex-basis:33.33%\">\n<figure class=\"wp-block-image size-full\"><img loading=\"lazy\" decoding=\"async\" width=\"309\" height=\"412\" src=\"https:\/\/webs.uab.cat\/ahcisp\/wp-content\/uploads\/sites\/320\/2024\/03\/gr-ahcisp_foto-maiteojeda.jpg\" alt=\"\" class=\"wp-image-3093\" srcset=\"https:\/\/webs.uab.cat\/ahcisp\/wp-content\/uploads\/sites\/320\/2024\/03\/gr-ahcisp_foto-maiteojeda.jpg 309w, https:\/\/webs.uab.cat\/ahcisp\/wp-content\/uploads\/sites\/320\/2024\/03\/gr-ahcisp_foto-maiteojeda-225x300.jpg 225w\" sizes=\"auto, (max-width: 309px) 100vw, 309px\" \/><\/figure>\n<\/div>\n\n\n\n<div class=\"wp-block-column is-layout-flow wp-block-column-is-layout-flow\" style=\"flex-basis:66.66%\">\n<h2 class=\"wp-block-heading\">Maite Ojeda Mata<\/h2>\n\n\n\n<ul class=\"has-normal-font-size wp-block-list\">\n<li><strong>Vinculaci\u00f3n<\/strong>: antigua colaboradora, investigadora externa<\/li>\n\n\n\n<li><strong>Correo<\/strong>: maite.ojeda@upf.edu<\/li>\n\n\n\n<li><strong>ORCID<\/strong>:  <a href=\"https:\/\/orcid.org\/0000-0001-5215-8940\">0000-0001-5215-8940<\/a><\/li>\n<\/ul>\n<\/div>\n<\/div>\n\n\n\n<h3 class=\"wp-block-heading\">L\u00edneas de Investigaci\u00f3n<\/h3>\n\n\n\n<p>Especialista en las relaciones entre jud\u00edos y no jud\u00edos en Europa y Espa\u00f1a contempor\u00e1nea, doctora en Antropolog\u00eda Social por la UAB y posteriormente investigadora postdoctoral Juan de la Cierva en el departamento de Humanidades, UPF. Complet\u00f3 su formaci\u00f3n de posgrado en la Central European University, la Universidad de Budapest, y en el Oxford Centro de Hebrew y Jewish Studies, University of Oxford. Se interesa en particular por la vinculaci\u00f3n entre los procesos pol\u00edticos y jur\u00eddicos y la dimensi\u00f3n simb\u00f3lico-conceptual de la definici\u00f3n de identidades en el contexto de las relaciones de poder entre grupos sociorreligiosos. Ha obtenido financiaci\u00f3n para proyectos de investigaci\u00f3n del Centro de Historia Contempor\u00e1nea de Catalu\u00f1a, el Inventario del Patrimonio Etnol\u00f3gico de Catalu\u00f1a, el Center for Jewish Studies de la UCLA y el United States Holocausto Memorial Museum. Ha impartido docencia de grado y posgrado (licenciatura y m\u00e1ster) en las universidades de Perpi\u00f1\u00e1n (Francia, 2000-02), Uzbekist\u00e1n (Asia Central, 2002-04), Aut\u00f3noma de Barcelona (2007-13), y Pompeu Fabra (2011- 2013).<\/p>\n\n\n\n<hr class=\"wp-block-separator has-alpha-channel-opacity\" \/>\n\n\n\n<p><a href=\"https:\/\/webs.uab.cat\/ahcisp\/es\/equipo\/\">&lt;&lt; Volver a &#8216;Equipo&#8217;<\/a><\/p>\n<\/div><\/div>\n","protected":false},"excerpt":{"rendered":"<p>Maite Ojeda Mata L\u00edneas de Investigaci\u00f3n Especialista en las relaciones entre jud\u00edos y no jud\u00edos en Europa y Espa\u00f1a contempor\u00e1nea, doctora en Antropolog\u00eda Social por la UAB y posteriormente investigadora postdoctoral Juan de la Cierva en el departamento de Humanidades, UPF. Complet\u00f3 su formaci\u00f3n de posgrado en la Central European University, la Universidad de Budapest, [&hellip;]<\/p>\n","protected":false},"author":1643,"featured_media":0,"parent":0,"menu_order":0,"comment_status":"closed","ping_status":"closed","template":"","meta":{"footnotes":""},"class_list":["post-3098","page","type-page","status-publish","hentry"],"_links":{"self":[{"href":"https:\/\/webs.uab.cat\/ahcisp\/es\/wp-json\/wp\/v2\/pages\/3098","targetHints":{"allow":["GET"]}}],"collection":[{"href":"https:\/\/webs.uab.cat\/ahcisp\/es\/wp-json\/wp\/v2\/pages"}],"about":[{"href":"https:\/\/webs.uab.cat\/ahcisp\/es\/wp-json\/wp\/v2\/types\/page"}],"author":[{"embeddable":true,"href":"https:\/\/webs.uab.cat\/ahcisp\/es\/wp-json\/wp\/v2\/users\/1643"}],"replies":[{"embeddable":true,"href":"https:\/\/webs.uab.cat\/ahcisp\/es\/wp-json\/wp\/v2\/comments?post=3098"}],"version-history":[{"count":2,"href":"https:\/\/webs.uab.cat\/ahcisp\/es\/wp-json\/wp\/v2\/pages\/3098\/revisions"}],"predecessor-version":[{"id":4891,"href":"https:\/\/webs.uab.cat\/ahcisp\/es\/wp-json\/wp\/v2\/pages\/3098\/revisions\/4891"}],"wp:attachment":[{"href":"https:\/\/webs.uab.cat\/ahcisp\/es\/wp-json\/wp\/v2\/media?parent=3098"}],"curies":[{"name":"wp","href":"https:\/\/api.w.org\/{rel}","templated":true}]}}