{"id":3107,"date":"2024-03-07T14:10:58","date_gmt":"2024-03-07T12:10:58","guid":{"rendered":"https:\/\/webs.uab.cat\/ahcisp\/?page_id=3107"},"modified":"2024-06-10T23:24:49","modified_gmt":"2024-06-10T21:24:49","slug":"joan-muela-ribera","status":"publish","type":"page","link":"https:\/\/webs.uab.cat\/ahcisp\/es\/joan-muela-ribera\/","title":{"rendered":"Joan Muela"},"content":{"rendered":"\n<div class=\"wp-block-group alignwide\"><div class=\"wp-block-group__inner-container is-layout-constrained wp-block-group-is-layout-constrained\">\n<div class=\"wp-block-columns is-layout-flex wp-container-core-columns-is-layout-9d6595d7 wp-block-columns-is-layout-flex\">\n<div class=\"wp-block-column is-layout-flow wp-block-column-is-layout-flow\" style=\"flex-basis:33.3%\">\n<figure class=\"wp-block-image size-full\"><img loading=\"lazy\" decoding=\"async\" width=\"326\" height=\"436\" src=\"https:\/\/webs.uab.cat\/ahcisp\/wp-content\/uploads\/sites\/320\/2024\/03\/crea-imatge-de-mapa-de-bits-2-1.jpg\" alt=\"\" class=\"wp-image-3102\" srcset=\"https:\/\/webs.uab.cat\/ahcisp\/wp-content\/uploads\/sites\/320\/2024\/03\/crea-imatge-de-mapa-de-bits-2-1.jpg 326w, https:\/\/webs.uab.cat\/ahcisp\/wp-content\/uploads\/sites\/320\/2024\/03\/crea-imatge-de-mapa-de-bits-2-1-224x300.jpg 224w\" sizes=\"auto, (max-width: 326px) 100vw, 326px\" \/><\/figure>\n<\/div>\n\n\n\n<div class=\"wp-block-column is-layout-flow wp-block-column-is-layout-flow\" style=\"flex-basis:66.66%\">\n<h2 class=\"wp-block-heading\">Joan Muela Ribera<\/h2>\n\n\n\n<ul class=\"has-normal-font-size wp-block-list\">\n<li><strong>Vinculaci\u00f3n<\/strong>: antiguo colaborador, investigador externo<\/li>\n\n\n\n<li><strong>Correo<\/strong>: <\/li>\n\n\n\n<li><strong>ORCID<\/strong>: <a href=\"https:\/\/orcid.org\/0000-0003-2111-6275\">0000-0003-2111-6275<\/a><\/li>\n<\/ul>\n<\/div>\n<\/div>\n\n\n\n<h3 class=\"wp-block-heading\">L\u00edneas de Investigaci\u00f3n<\/h3>\n\n\n\n<p>Joan Muela Ribera es licenciado en Filosof\u00eda y Letras (Geograf\u00eda e Historia) (Universidad Aut\u00f3noma de Barcelona), MSc en Antropolog\u00eda M\u00e9dica (Brunel University, Londres) y Doctor con tesis en Antropolog\u00eda M\u00e9dica (Universidad Aut\u00f3noma de Barcelona). Inici\u00f3 su investigaci\u00f3n en Antropolog\u00eda M\u00e9dica en el campo de la Salud Internacional en Tanzania, con un estudio sobre procesos asistenciales y vulnerabilidad social por malaria infantil. Sus publicaciones forman parte del material docente en diferentes universidades de Europa, Asia y Estados Unidos, son ampliamente citadas en la literatura especializada y un libro de texto y un reader en antropolog\u00eda m\u00e9dica contienen un art\u00edculo de lo que Joan Muela es coautor. En los \u00faltimos a\u00f1os, Joan Muela participa, en colaboraci\u00f3n con otros profesionales de diferentes disciplinas, en el desarrollo de marcos conceptuales y metodol\u00f3gicos que faciliten la investigaci\u00f3n socio-antropol\u00f3gica en los proyectos de Salud Internacional, manteniendo una perspectiva cr\u00edtica y socialmente comprometida.<\/p>\n\n\n\n<hr class=\"wp-block-separator has-alpha-channel-opacity\" \/>\n\n\n\n<p><a href=\"https:\/\/webs.uab.cat\/ahcisp\/es\/equipo\/\">&lt;&lt; Volver a &#8216;Equipo&#8217;<\/a><\/p>\n<\/div><\/div>\n","protected":false},"excerpt":{"rendered":"<p>Joan Muela Ribera L\u00edneas de Investigaci\u00f3n Joan Muela Ribera es licenciado en Filosof\u00eda y Letras (Geograf\u00eda e Historia) (Universidad Aut\u00f3noma de Barcelona), MSc en Antropolog\u00eda M\u00e9dica (Brunel University, Londres) y Doctor con tesis en Antropolog\u00eda M\u00e9dica (Universidad Aut\u00f3noma de Barcelona). Inici\u00f3 su investigaci\u00f3n en Antropolog\u00eda M\u00e9dica en el campo de la Salud Internacional en Tanzania, [&hellip;]<\/p>\n","protected":false},"author":1643,"featured_media":0,"parent":0,"menu_order":0,"comment_status":"closed","ping_status":"closed","template":"","meta":{"footnotes":""},"class_list":["post-3107","page","type-page","status-publish","hentry"],"_links":{"self":[{"href":"https:\/\/webs.uab.cat\/ahcisp\/es\/wp-json\/wp\/v2\/pages\/3107","targetHints":{"allow":["GET"]}}],"collection":[{"href":"https:\/\/webs.uab.cat\/ahcisp\/es\/wp-json\/wp\/v2\/pages"}],"about":[{"href":"https:\/\/webs.uab.cat\/ahcisp\/es\/wp-json\/wp\/v2\/types\/page"}],"author":[{"embeddable":true,"href":"https:\/\/webs.uab.cat\/ahcisp\/es\/wp-json\/wp\/v2\/users\/1643"}],"replies":[{"embeddable":true,"href":"https:\/\/webs.uab.cat\/ahcisp\/es\/wp-json\/wp\/v2\/comments?post=3107"}],"version-history":[{"count":2,"href":"https:\/\/webs.uab.cat\/ahcisp\/es\/wp-json\/wp\/v2\/pages\/3107\/revisions"}],"predecessor-version":[{"id":4890,"href":"https:\/\/webs.uab.cat\/ahcisp\/es\/wp-json\/wp\/v2\/pages\/3107\/revisions\/4890"}],"wp:attachment":[{"href":"https:\/\/webs.uab.cat\/ahcisp\/es\/wp-json\/wp\/v2\/media?parent=3107"}],"curies":[{"name":"wp","href":"https:\/\/api.w.org\/{rel}","templated":true}]}}