{"id":3181,"date":"2014-03-20T17:52:17","date_gmt":"2014-03-20T15:52:17","guid":{"rendered":"https:\/\/webs.uab.cat\/ahcisp\/?page_id=3181"},"modified":"2024-06-10T23:24:39","modified_gmt":"2024-06-10T21:24:39","slug":"yolanda-aixela","status":"publish","type":"page","link":"https:\/\/webs.uab.cat\/ahcisp\/es\/yolanda-aixela\/","title":{"rendered":"Yolanda Aixel\u00e0"},"content":{"rendered":"\n<div class=\"wp-block-group alignwide\"><div class=\"wp-block-group__inner-container is-layout-constrained wp-block-group-is-layout-constrained\">\n<div class=\"wp-block-columns is-layout-flex wp-container-core-columns-is-layout-9d6595d7 wp-block-columns-is-layout-flex\">\n<div class=\"wp-block-column is-layout-flow wp-block-column-is-layout-flow\" style=\"flex-basis:33.33%\">\n<figure class=\"wp-block-image size-full\"><img loading=\"lazy\" decoding=\"async\" width=\"220\" height=\"303\" src=\"https:\/\/webs.uab.cat\/ahcisp\/wp-content\/uploads\/sites\/320\/2014\/03\/yolanda-aixelaFoto.png\" alt=\"\" class=\"wp-image-1243\" srcset=\"https:\/\/webs.uab.cat\/ahcisp\/wp-content\/uploads\/sites\/320\/2014\/03\/yolanda-aixelaFoto.png 220w, https:\/\/webs.uab.cat\/ahcisp\/wp-content\/uploads\/sites\/320\/2014\/03\/yolanda-aixelaFoto-218x300.png 218w\" sizes=\"auto, (max-width: 220px) 100vw, 220px\" \/><\/figure>\n<\/div>\n\n\n\n<div class=\"wp-block-column is-layout-flow wp-block-column-is-layout-flow\" style=\"flex-basis:66.66%\">\n<h2 class=\"wp-block-heading\">Yolanda Aixel\u00e0<\/h2>\n\n\n\n<ul class=\"has-normal-font-size wp-block-list\">\n<li><strong>Vinculaci\u00f3n<\/strong>: antigua colaboradora, investigadora externa<\/li>\n\n\n\n<li><strong>Correo<\/strong>: <\/li>\n\n\n\n<li><strong>ORCID<\/strong>:  <a href=\"https:\/\/orcid.org\/0000-0002-4333-9739\">0000-0002-4333-9739<\/a><\/li>\n<\/ul>\n<\/div>\n<\/div>\n\n\n\n<h3 class=\"wp-block-heading\">L\u00edneas de Investigaci\u00f3n<\/h3>\n\n\n\n<p>Yolanda Aixel\u00e0 Cabr\u00e9 ha sido Conservadora del Museo Etnol\u00f3gico de Barcelona (1999-2001), Profesora de la Universidad de Alicante (2001-2008), y actualmente es Cient\u00edfica Titular de la IMF del Consejo Superior de Investigaciones Cient\u00edficas &#8211; CSIC (2008- ). Ha realizado trabajo de campo etnogr\u00e1fico en Egipto, Marruecos, Guinea Ecuatorial y Espa\u00f1a, y etnograf\u00eda multi ubicada en Suiza, Inglaterra, Camer\u00fan, Sud\u00e1frica y Holanda. Sus temas de investigaci\u00f3n son G\u00e9nero, Migraciones transnacionales, Parentesco, Cuerpo, Etnicidad y Colonialismo espa\u00f1ol. Ha realizado estancias de investigaci\u00f3n como profesora invitada en SOAS, Gran Breta\u00f1a (septiembre de 2002 y julio de 2005) y en el Laboratoire d&#8217;Anthropologie Sociale \u2013 CNRS- EHESS, Francia ( julio de 2003). Destacar que ha sido miembro de 13 proyectos de investigaci\u00f3n y que en los \u00faltimos a\u00f1os ha dirigido 3 m\u00e1s, siendo el vigente, el I+D \u201cLa gesti\u00f3n de la diversidad cultural y el impacto sociopol\u00edtico de las migraciones transnacionales en dos ex colonias espa\u00f1olas : Guinea Ecuatorial y Marruecos\u201d (HAR2011-22752) (2012-2014). Cuenta con 65 art\u00edculos en revistas nacionales e internacionales, parte indexadas, y 10 libros entre autora y coeditora.<\/p>\n\n\n\n<hr class=\"wp-block-separator has-alpha-channel-opacity\" \/>\n\n\n\n<p><a href=\"https:\/\/webs.uab.cat\/ahcisp\/es\/equipo\/\">&lt;&lt; Volver a &#8216;Equipo&#8217;<\/a><\/p>\n<\/div><\/div>\n","protected":false},"excerpt":{"rendered":"<p>Yolanda Aixel\u00e0 L\u00edneas de Investigaci\u00f3n Yolanda Aixel\u00e0 Cabr\u00e9 ha sido Conservadora del Museo Etnol\u00f3gico de Barcelona (1999-2001), Profesora de la Universidad de Alicante (2001-2008), y actualmente es Cient\u00edfica Titular de la IMF del Consejo Superior de Investigaciones Cient\u00edficas &#8211; CSIC (2008- ). Ha realizado trabajo de campo etnogr\u00e1fico en Egipto, Marruecos, Guinea Ecuatorial y Espa\u00f1a, [&hellip;]<\/p>\n","protected":false},"author":1643,"featured_media":0,"parent":0,"menu_order":1,"comment_status":"closed","ping_status":"closed","template":"","meta":{"footnotes":""},"class_list":["post-3181","page","type-page","status-publish","hentry"],"_links":{"self":[{"href":"https:\/\/webs.uab.cat\/ahcisp\/es\/wp-json\/wp\/v2\/pages\/3181","targetHints":{"allow":["GET"]}}],"collection":[{"href":"https:\/\/webs.uab.cat\/ahcisp\/es\/wp-json\/wp\/v2\/pages"}],"about":[{"href":"https:\/\/webs.uab.cat\/ahcisp\/es\/wp-json\/wp\/v2\/types\/page"}],"author":[{"embeddable":true,"href":"https:\/\/webs.uab.cat\/ahcisp\/es\/wp-json\/wp\/v2\/users\/1643"}],"replies":[{"embeddable":true,"href":"https:\/\/webs.uab.cat\/ahcisp\/es\/wp-json\/wp\/v2\/comments?post=3181"}],"version-history":[{"count":2,"href":"https:\/\/webs.uab.cat\/ahcisp\/es\/wp-json\/wp\/v2\/pages\/3181\/revisions"}],"predecessor-version":[{"id":4881,"href":"https:\/\/webs.uab.cat\/ahcisp\/es\/wp-json\/wp\/v2\/pages\/3181\/revisions\/4881"}],"wp:attachment":[{"href":"https:\/\/webs.uab.cat\/ahcisp\/es\/wp-json\/wp\/v2\/media?parent=3181"}],"curies":[{"name":"wp","href":"https:\/\/api.w.org\/{rel}","templated":true}]}}