{"id":3200,"date":"2014-03-20T17:45:16","date_gmt":"2014-03-20T15:45:16","guid":{"rendered":"https:\/\/webs.uab.cat\/ahcisp\/?page_id=3200"},"modified":"2024-06-10T23:24:48","modified_gmt":"2024-06-10T21:24:48","slug":"josep-marti","status":"publish","type":"page","link":"https:\/\/webs.uab.cat\/ahcisp\/es\/josep-marti\/","title":{"rendered":"Josep Mart\u00ed"},"content":{"rendered":"\n<div class=\"wp-block-group alignwide\"><div class=\"wp-block-group__inner-container is-layout-constrained wp-block-group-is-layout-constrained\">\n<div class=\"wp-block-columns is-layout-flex wp-container-core-columns-is-layout-9d6595d7 wp-block-columns-is-layout-flex\">\n<div class=\"wp-block-column is-layout-flow wp-block-column-is-layout-flow\" style=\"flex-basis:33.33%\">\n<figure class=\"wp-block-image size-full\"><img loading=\"lazy\" decoding=\"async\" width=\"689\" height=\"816\" src=\"https:\/\/webs.uab.cat\/ahcisp\/wp-content\/uploads\/sites\/320\/2014\/03\/Josep-Marti.jpg\" alt=\"\" class=\"wp-image-1264\" srcset=\"https:\/\/webs.uab.cat\/ahcisp\/wp-content\/uploads\/sites\/320\/2014\/03\/Josep-Marti.jpg 689w, https:\/\/webs.uab.cat\/ahcisp\/wp-content\/uploads\/sites\/320\/2014\/03\/Josep-Marti-253x300.jpg 253w\" sizes=\"auto, (max-width: 689px) 100vw, 689px\" \/><\/figure>\n<\/div>\n\n\n\n<div class=\"wp-block-column is-layout-flow wp-block-column-is-layout-flow\" style=\"flex-basis:66.66%\">\n<h2 class=\"wp-block-heading\">Josep Mart\u00ed<\/h2>\n\n\n\n<ul class=\"has-normal-font-size wp-block-list\">\n<li><strong>Vinculaci\u00f3n<\/strong>: antiguo colaborador, investigador externo<\/li>\n\n\n\n<li><strong>Correo<\/strong>: <a href=\"mailto:jmarti@imf.csic.es\">jmarti@imf.csic.es<\/a><\/li>\n\n\n\n<li><strong>ORCID<\/strong>:  <a href=\"https:\/\/orcid.org\/0000-0002-3739-5072\">0000-0002-3739-5072<\/a><\/li>\n<\/ul>\n<\/div>\n<\/div>\n\n\n\n<h3 class=\"wp-block-heading\">L\u00edneas de Investigaci\u00f3n<\/h3>\n\n\n\n<p>Josep Mart\u00ed se doctor\u00f3 en 1985 en la Philipps-Universit\u00e4t de Marburg despu\u00e9s de haber cursado estudios de antropolog\u00eda cultural en Barcelona y G\u00f6ttingen. Desde 1989 trabaja como investigador en la Instituci\u00f3n Mil\u00e0 i Fontanals del Consejo Superior de Investigaciones Cient\u00edficas (Barcelona) donde dirige proyectos de investigaci\u00f3n de su especialidad.<\/p>\n\n\n\n<p>A lo largo de su carrera profesional, los principales temas de investigaci\u00f3n se centraron en los \u00e1mbitos de las nuevas significaciones sociales del patrimonio cultural intangible, identidades colectivas y cultura, antropolog\u00eda de la m\u00fasica y antropolog\u00eda del cuerpo. Como antrop\u00f3logo ha realizado trabajos de campo en diferentes pa\u00edses europeos, en Jap\u00f3n y \u00faltimamente en Guinea Ecuatorial. Los resultados de estos trabajos se han dado a conocer a trav\u00e9s de varios libros, numerosos art\u00edculos publicados en revistas especializadas y exposiciones. Como docente invitado, imparte regularmente cursos de su especialidad en diversas universidades del pa\u00eds.<\/p>\n\n\n\n<hr class=\"wp-block-separator has-alpha-channel-opacity\" \/>\n\n\n\n<p><a href=\"https:\/\/webs.uab.cat\/ahcisp\/es\/equipo\/\">&lt;&lt; Volver a &#8216;Equipo&#8217;<\/a><\/p>\n<\/div><\/div>\n","protected":false},"excerpt":{"rendered":"<p>Josep Mart\u00ed L\u00edneas de Investigaci\u00f3n Josep Mart\u00ed se doctor\u00f3 en 1985 en la Philipps-Universit\u00e4t de Marburg despu\u00e9s de haber cursado estudios de antropolog\u00eda cultural en Barcelona y G\u00f6ttingen. Desde 1989 trabaja como investigador en la Instituci\u00f3n Mil\u00e0 i Fontanals del Consejo Superior de Investigaciones Cient\u00edficas (Barcelona) donde dirige proyectos de investigaci\u00f3n de su especialidad. A [&hellip;]<\/p>\n","protected":false},"author":1643,"featured_media":0,"parent":0,"menu_order":1,"comment_status":"closed","ping_status":"closed","template":"","meta":{"footnotes":""},"class_list":["post-3200","page","type-page","status-publish","hentry"],"_links":{"self":[{"href":"https:\/\/webs.uab.cat\/ahcisp\/es\/wp-json\/wp\/v2\/pages\/3200","targetHints":{"allow":["GET"]}}],"collection":[{"href":"https:\/\/webs.uab.cat\/ahcisp\/es\/wp-json\/wp\/v2\/pages"}],"about":[{"href":"https:\/\/webs.uab.cat\/ahcisp\/es\/wp-json\/wp\/v2\/types\/page"}],"author":[{"embeddable":true,"href":"https:\/\/webs.uab.cat\/ahcisp\/es\/wp-json\/wp\/v2\/users\/1643"}],"replies":[{"embeddable":true,"href":"https:\/\/webs.uab.cat\/ahcisp\/es\/wp-json\/wp\/v2\/comments?post=3200"}],"version-history":[{"count":2,"href":"https:\/\/webs.uab.cat\/ahcisp\/es\/wp-json\/wp\/v2\/pages\/3200\/revisions"}],"predecessor-version":[{"id":4888,"href":"https:\/\/webs.uab.cat\/ahcisp\/es\/wp-json\/wp\/v2\/pages\/3200\/revisions\/4888"}],"wp:attachment":[{"href":"https:\/\/webs.uab.cat\/ahcisp\/es\/wp-json\/wp\/v2\/media?parent=3200"}],"curies":[{"name":"wp","href":"https:\/\/api.w.org\/{rel}","templated":true}]}}