{"id":3207,"date":"2014-05-15T12:22:00","date_gmt":"2014-05-15T10:22:00","guid":{"rendered":"https:\/\/webs.uab.cat\/ahcisp\/?page_id=3207"},"modified":"2024-06-10T23:24:43","modified_gmt":"2024-06-10T21:24:43","slug":"begonya-enguix","status":"publish","type":"page","link":"https:\/\/webs.uab.cat\/ahcisp\/es\/begonya-enguix\/","title":{"rendered":"Begonya Enguix"},"content":{"rendered":"\n<div class=\"wp-block-group alignwide\"><div class=\"wp-block-group__inner-container is-layout-constrained wp-block-group-is-layout-constrained\">\n<div class=\"wp-block-columns is-layout-flex wp-container-core-columns-is-layout-9d6595d7 wp-block-columns-is-layout-flex\">\n<div class=\"wp-block-column is-layout-flow wp-block-column-is-layout-flow\" style=\"flex-basis:33.33%\">\n<figure class=\"wp-block-image size-full\"><img loading=\"lazy\" decoding=\"async\" width=\"360\" height=\"360\" src=\"https:\/\/webs.uab.cat\/ahcisp\/wp-content\/uploads\/sites\/320\/2024\/03\/user.jpg\" alt=\"\" class=\"wp-image-3064\" srcset=\"https:\/\/webs.uab.cat\/ahcisp\/wp-content\/uploads\/sites\/320\/2024\/03\/user.jpg 360w, https:\/\/webs.uab.cat\/ahcisp\/wp-content\/uploads\/sites\/320\/2024\/03\/user-300x300.jpg 300w, https:\/\/webs.uab.cat\/ahcisp\/wp-content\/uploads\/sites\/320\/2024\/03\/user-150x150.jpg 150w\" sizes=\"auto, (max-width: 360px) 100vw, 360px\" \/><\/figure>\n<\/div>\n\n\n\n<div class=\"wp-block-column is-layout-flow wp-block-column-is-layout-flow\" style=\"flex-basis:66.66%\">\n<h2 class=\"wp-block-heading\">Begonya Enguix<\/h2>\n\n\n\n<ul class=\"has-normal-font-size wp-block-list\">\n<li><strong>Vinculaci\u00f3n<\/strong>: antigua colaboradora, investigadora externa<\/li>\n\n\n\n<li><strong>Correo<\/strong>: <\/li>\n\n\n\n<li><strong>ORCID<\/strong>:  <a href=\"https:\/\/orcid.org\/0000-0002-5020-9019\">0000-0002-5020-9019<\/a><\/li>\n<\/ul>\n<\/div>\n<\/div>\n\n\n\n<h3 class=\"wp-block-heading\">L\u00edneas de Investigaci\u00f3n<\/h3>\n\n\n\n<p>Begonya Enguix es profesora agregada de los Estudios de Artes y Humanidades de la UOC y codirectora del Grado de Antropolog\u00eda y Evoluci\u00f3n Humana (URV-UOC). Es licenciada en Antropolog\u00eda Americana (Universidad Complutense de Madrid) y en Publicidad (UCM-UOC), y Doctora en Antropolog\u00eda Social (Universidad Rovira i Virgili, Tarragona). Tiene tambi\u00e9n estudios de Filosof\u00eda (Universidad de Valencia).<\/p>\n\n\n\n<p>Por lo que respecta a la investigaci\u00f3n, sus l\u00edneas prioritarias de investigaci\u00f3n son: g\u00e9neros, cuerpos, sexualidades, identidades, antropolog\u00eda urbana y antropolog\u00eda de los media. Ha sido investigadora del Instituto de Sociolog\u00eda y Antropolog\u00eda de la Instituci\u00f3n Valenciana de Estudios e Investigaciones (Generalitat Valenciana\/ Diputaci\u00f3n de Valencia), del Grupo de Investigaci\u00f3n Escuela-Trabajo (UAB) y ha participado en equipos de investigaci\u00f3n sobre migraciones, antropolog\u00eda del cuerpo y g\u00e9nero y medios de comunicaci\u00f3n, entre otros. Forma parte del Grupo de Investigaci\u00f3n en Antropolog\u00eda del Cuerpo del Instituto Catal\u00e1n de Antropolog\u00eda y del Grupo de Investigaci\u00f3n consolidado en Antropolog\u00eda Social (URV).<\/p>\n\n\n\n<hr class=\"wp-block-separator has-alpha-channel-opacity\" \/>\n\n\n\n<p><a href=\"https:\/\/webs.uab.cat\/ahcisp\/es\/equipo\/\">&lt;&lt; Volver a &#8216;Equipo&#8217;<\/a><\/p>\n<\/div><\/div>\n","protected":false},"excerpt":{"rendered":"<p>Begonya Enguix L\u00edneas de Investigaci\u00f3n Begonya Enguix es profesora agregada de los Estudios de Artes y Humanidades de la UOC y codirectora del Grado de Antropolog\u00eda y Evoluci\u00f3n Humana (URV-UOC). Es licenciada en Antropolog\u00eda Americana (Universidad Complutense de Madrid) y en Publicidad (UCM-UOC), y Doctora en Antropolog\u00eda Social (Universidad Rovira i Virgili, Tarragona). Tiene tambi\u00e9n [&hellip;]<\/p>\n","protected":false},"author":1643,"featured_media":0,"parent":0,"menu_order":3,"comment_status":"closed","ping_status":"closed","template":"","meta":{"footnotes":""},"class_list":["post-3207","page","type-page","status-publish","hentry"],"_links":{"self":[{"href":"https:\/\/webs.uab.cat\/ahcisp\/es\/wp-json\/wp\/v2\/pages\/3207","targetHints":{"allow":["GET"]}}],"collection":[{"href":"https:\/\/webs.uab.cat\/ahcisp\/es\/wp-json\/wp\/v2\/pages"}],"about":[{"href":"https:\/\/webs.uab.cat\/ahcisp\/es\/wp-json\/wp\/v2\/types\/page"}],"author":[{"embeddable":true,"href":"https:\/\/webs.uab.cat\/ahcisp\/es\/wp-json\/wp\/v2\/users\/1643"}],"replies":[{"embeddable":true,"href":"https:\/\/webs.uab.cat\/ahcisp\/es\/wp-json\/wp\/v2\/comments?post=3207"}],"version-history":[{"count":2,"href":"https:\/\/webs.uab.cat\/ahcisp\/es\/wp-json\/wp\/v2\/pages\/3207\/revisions"}],"predecessor-version":[{"id":4883,"href":"https:\/\/webs.uab.cat\/ahcisp\/es\/wp-json\/wp\/v2\/pages\/3207\/revisions\/4883"}],"wp:attachment":[{"href":"https:\/\/webs.uab.cat\/ahcisp\/es\/wp-json\/wp\/v2\/media?parent=3207"}],"curies":[{"name":"wp","href":"https:\/\/api.w.org\/{rel}","templated":true}]}}