{"id":3251,"date":"2024-03-07T18:11:20","date_gmt":"2024-03-07T16:11:20","guid":{"rendered":"https:\/\/webs.uab.cat\/ahcisp\/?page_id=3251"},"modified":"2024-06-10T23:17:51","modified_gmt":"2024-06-10T21:17:51","slug":"jose-manuel-gerez-del-rio","status":"publish","type":"page","link":"https:\/\/webs.uab.cat\/ahcisp\/es\/jose-manuel-gerez-del-rio\/","title":{"rendered":"J.M. Gerez Del R\u00edo"},"content":{"rendered":"\n<div class=\"wp-block-group alignwide\"><div class=\"wp-block-group__inner-container is-layout-constrained wp-block-group-is-layout-constrained\">\n<div class=\"wp-block-columns is-layout-flex wp-container-core-columns-is-layout-9d6595d7 wp-block-columns-is-layout-flex\">\n<div class=\"wp-block-column is-layout-flow wp-block-column-is-layout-flow\" style=\"flex-basis:33.3%\">\n<figure class=\"wp-block-image size-full\"><img loading=\"lazy\" decoding=\"async\" width=\"937\" height=\"1250\" src=\"https:\/\/webs.uab.cat\/ahcisp\/wp-content\/uploads\/sites\/320\/2024\/03\/gerez.jpg\" alt=\"\" class=\"wp-image-3404\" srcset=\"https:\/\/webs.uab.cat\/ahcisp\/wp-content\/uploads\/sites\/320\/2024\/03\/gerez.jpg 937w, https:\/\/webs.uab.cat\/ahcisp\/wp-content\/uploads\/sites\/320\/2024\/03\/gerez-225x300.jpg 225w, https:\/\/webs.uab.cat\/ahcisp\/wp-content\/uploads\/sites\/320\/2024\/03\/gerez-768x1025.jpg 768w\" sizes=\"auto, (max-width: 937px) 100vw, 937px\" \/><\/figure>\n<\/div>\n\n\n\n<div class=\"wp-block-column is-layout-flow wp-block-column-is-layout-flow\" style=\"flex-basis:66.66%\">\n<h2 class=\"wp-block-heading\">Jos\u00e9 Manuel Gerez Del R\u00edo<\/h2>\n\n\n\n<ul class=\"has-normal-font-size wp-block-list\">\n<li><strong>Vinculaci\u00f3n<\/strong>: doctorando<\/li>\n\n\n\n<li><strong>Correo<\/strong>: <a href=\"mailto:JoseManuel.Gerez@uab.cat\">JoseManuel.Gerez@uab.cat<\/a><\/li>\n\n\n\n<li><strong>ORCID<\/strong>: <\/li>\n\n\n\n<li><a href=\"https:\/\/uab.academia.edu\/ManuelGerezdelR\u00edo\">Academia.edu<\/a><\/li>\n\n\n\n<li><a href=\"https:\/\/www.linkedin.com\/in\/manuelgerezdelrio\/\">Linkedin<\/a><\/li>\n\n\n\n<li>https:\/\/mgerezr.wixsite.com\/documentary-photo<\/li>\n<\/ul>\n<\/div>\n<\/div>\n\n\n\n<h3 class=\"wp-block-heading\">L\u00edneas de Investigaci\u00f3n<\/h3>\n\n\n\n<p>Mis temas de investigaci\u00f3n son Rituales ind\u00edgenas con \u00e9nfasis en los rituales agr\u00edcolas mayas de la Pen\u00ednsula de Yucat\u00e1n y las redes de intercambio rec\u00edproco. Sentido de pertenencia\u00a0socio territorial en barrios urbanos y pueblos urbanizados. Migraci\u00f3n ind\u00edgena a zonas urbanas y tur\u00edsticas, con inter\u00e9s en la migraci\u00f3n pendular de los mayas en la Riviera Maya. Redes sociales, inserci\u00f3n urbana y construcci\u00f3n de la comunidad en espacios migratorios. Relaciones inter\u00e9tnicas asim\u00e9tricas con inter\u00e9s en pueblos mayas en contexto tur\u00edstico en la Riviera Maya. J\u00f3venes ind\u00edgenas, el uso de la lengua madre y la recuperaci\u00f3n de pr\u00e1cticas culturales. Antropolog\u00eda visual: festividades, migraci\u00f3n.<\/p>\n\n\n\n<hr class=\"wp-block-separator has-alpha-channel-opacity\" \/>\n\n\n\n<p><a href=\"https:\/\/webs.uab.cat\/ahcisp\/es\/equipo\/\">&lt;&lt; Volver a &#8216;Equipo&#8217;<\/a><\/p>\n<\/div><\/div>\n","protected":false},"excerpt":{"rendered":"<p>Jos\u00e9 Manuel Gerez Del R\u00edo L\u00edneas de Investigaci\u00f3n Mis temas de investigaci\u00f3n son Rituales ind\u00edgenas con \u00e9nfasis en los rituales agr\u00edcolas mayas de la Pen\u00ednsula de Yucat\u00e1n y las redes de intercambio rec\u00edproco. Sentido de pertenencia\u00a0socio territorial en barrios urbanos y pueblos urbanizados. Migraci\u00f3n ind\u00edgena a zonas urbanas y tur\u00edsticas, con inter\u00e9s en la migraci\u00f3n [&hellip;]<\/p>\n","protected":false},"author":1643,"featured_media":0,"parent":0,"menu_order":0,"comment_status":"closed","ping_status":"closed","template":"","meta":{"footnotes":""},"class_list":["post-3251","page","type-page","status-publish","hentry"],"_links":{"self":[{"href":"https:\/\/webs.uab.cat\/ahcisp\/es\/wp-json\/wp\/v2\/pages\/3251","targetHints":{"allow":["GET"]}}],"collection":[{"href":"https:\/\/webs.uab.cat\/ahcisp\/es\/wp-json\/wp\/v2\/pages"}],"about":[{"href":"https:\/\/webs.uab.cat\/ahcisp\/es\/wp-json\/wp\/v2\/types\/page"}],"author":[{"embeddable":true,"href":"https:\/\/webs.uab.cat\/ahcisp\/es\/wp-json\/wp\/v2\/users\/1643"}],"replies":[{"embeddable":true,"href":"https:\/\/webs.uab.cat\/ahcisp\/es\/wp-json\/wp\/v2\/comments?post=3251"}],"version-history":[{"count":3,"href":"https:\/\/webs.uab.cat\/ahcisp\/es\/wp-json\/wp\/v2\/pages\/3251\/revisions"}],"predecessor-version":[{"id":4853,"href":"https:\/\/webs.uab.cat\/ahcisp\/es\/wp-json\/wp\/v2\/pages\/3251\/revisions\/4853"}],"wp:attachment":[{"href":"https:\/\/webs.uab.cat\/ahcisp\/es\/wp-json\/wp\/v2\/media?parent=3251"}],"curies":[{"name":"wp","href":"https:\/\/api.w.org\/{rel}","templated":true}]}}