{"id":3275,"date":"2024-03-07T18:11:35","date_gmt":"2024-03-07T16:11:35","guid":{"rendered":"https:\/\/webs.uab.cat\/ahcisp\/?page_id=3275"},"modified":"2024-06-10T23:18:07","modified_gmt":"2024-06-10T21:18:07","slug":"adria-pena","status":"publish","type":"page","link":"https:\/\/webs.uab.cat\/ahcisp\/es\/adria-pena\/","title":{"rendered":"Adri\u00e0 Pe\u00f1a"},"content":{"rendered":"\n<div class=\"wp-block-group alignwide\"><div class=\"wp-block-group__inner-container is-layout-constrained wp-block-group-is-layout-constrained\">\n<div class=\"wp-block-columns is-layout-flex wp-container-core-columns-is-layout-9d6595d7 wp-block-columns-is-layout-flex\">\n<div class=\"wp-block-column is-layout-flow wp-block-column-is-layout-flow\" style=\"flex-basis:33.3%\">\n<figure class=\"wp-block-image size-full\"><img loading=\"lazy\" decoding=\"async\" width=\"277\" height=\"372\" src=\"https:\/\/webs.uab.cat\/ahcisp\/wp-content\/uploads\/sites\/320\/2024\/03\/Adria_Pena.jpeg\" alt=\"\" class=\"wp-image-3419\" srcset=\"https:\/\/webs.uab.cat\/ahcisp\/wp-content\/uploads\/sites\/320\/2024\/03\/Adria_Pena.jpeg 277w, https:\/\/webs.uab.cat\/ahcisp\/wp-content\/uploads\/sites\/320\/2024\/03\/Adria_Pena-223x300.jpeg 223w\" sizes=\"auto, (max-width: 277px) 100vw, 277px\" \/><\/figure>\n<\/div>\n\n\n\n<div class=\"wp-block-column is-layout-flow wp-block-column-is-layout-flow\" style=\"flex-basis:66.66%\">\n<h2 class=\"wp-block-heading\"><strong>Adri\u00e0 Pe\u00f1a Enguix<\/strong><\/h2>\n\n\n\n<ul class=\"has-normal-font-size wp-block-list\">\n<li><strong>Vinculaci\u00f3n<\/strong>: doctorando<\/li>\n\n\n\n<li><strong>Correo<\/strong>: <a href=\"mailto:adria.pena@uab.cat\">adria.pena@uab.cat<\/a><\/li>\n\n\n\n<li><strong>ORCID<\/strong>: <\/li>\n\n\n\n<li><a href=\"https:\/\/www.researchgate.net\/profile\/Adria-Pena-Enguix-2\">ResearchGate<\/a><\/li>\n<\/ul>\n<\/div>\n<\/div>\n\n\n\n<h3 class=\"wp-block-heading\">L\u00edneas de Investigaci\u00f3n<\/h3>\n\n\n\n<p>Soy antrop\u00f3logo Ambiental, interesado en las relaciones naturaleza-cultura, focalizando mi investigaci\u00f3n en la gesti\u00f3n colectiva de los recursos naturales por parte de comunidades locales, trabajando concretamente en comunidades pastoriles. Graduado en Ciencias Ambientales por la UAB, realic\u00e9 posteriormente el m\u00e1ster en Antropolog\u00eda Social y Cultural en la misma universidad, estudiando el rol de la comunidad pastoril de Castril (Granada) en el uso i gesti\u00f3n de los recursos comunes. Actualmente, realizo la tesis doctoral en codirecci\u00f3n entre la Universitat Aut\u00f2noma de Barcelona y la Universidad de Marsella haciendo un trabajo etnogr\u00e1fico en los comunales pastoriles de Castril, Santiago y Pontones, como posibles sistemas socioecol\u00f3gicos resilientes que se adaptan en un contexto de cambios globales. Adem\u00e1s, estudio cu\u00e1les son los factores que han influido en la configuraci\u00f3n actual de estos comunales pastoriles, desde una perspectiva hist\u00f3rica mediante la consulta de archivos.<\/p>\n\n\n\n<h4 class=\"wp-block-heading has-text-align-center\">Publicaciones<\/h4>\n\n\n\n<p>Godoy, F., Sanosa, P., Pe\u00f1a, A., Ventura, M., Ramos, M., Robles, AB., Tognetti, M., Genin, D., Mahdi, M., Ravera, F., Dominguez, P. (2021). Una exposici\u00f3n virtual muestra una investigaci\u00f3n sobre los comunales pastoriles de Castril, Santiago y Pontones. Revista Patrimonio Hist\u00f3rico Andaluz, 103, 25-29.<\/p>\n\n\n\n<hr class=\"wp-block-separator has-alpha-channel-opacity\" \/>\n\n\n\n<p><a href=\"https:\/\/webs.uab.cat\/ahcisp\/es\/equipo\/\">&lt;&lt; Volver a &#8216;Equipo&#8217;<\/a><\/p>\n<\/div><\/div>\n","protected":false},"excerpt":{"rendered":"<p>Adri\u00e0 Pe\u00f1a Enguix L\u00edneas de Investigaci\u00f3n Soy antrop\u00f3logo Ambiental, interesado en las relaciones naturaleza-cultura, focalizando mi investigaci\u00f3n en la gesti\u00f3n colectiva de los recursos naturales por parte de comunidades locales, trabajando concretamente en comunidades pastoriles. Graduado en Ciencias Ambientales por la UAB, realic\u00e9 posteriormente el m\u00e1ster en Antropolog\u00eda Social y Cultural en la misma universidad, [&hellip;]<\/p>\n","protected":false},"author":1643,"featured_media":0,"parent":0,"menu_order":0,"comment_status":"closed","ping_status":"closed","template":"","meta":{"footnotes":""},"class_list":["post-3275","page","type-page","status-publish","hentry"],"_links":{"self":[{"href":"https:\/\/webs.uab.cat\/ahcisp\/es\/wp-json\/wp\/v2\/pages\/3275","targetHints":{"allow":["GET"]}}],"collection":[{"href":"https:\/\/webs.uab.cat\/ahcisp\/es\/wp-json\/wp\/v2\/pages"}],"about":[{"href":"https:\/\/webs.uab.cat\/ahcisp\/es\/wp-json\/wp\/v2\/types\/page"}],"author":[{"embeddable":true,"href":"https:\/\/webs.uab.cat\/ahcisp\/es\/wp-json\/wp\/v2\/users\/1643"}],"replies":[{"embeddable":true,"href":"https:\/\/webs.uab.cat\/ahcisp\/es\/wp-json\/wp\/v2\/comments?post=3275"}],"version-history":[{"count":3,"href":"https:\/\/webs.uab.cat\/ahcisp\/es\/wp-json\/wp\/v2\/pages\/3275\/revisions"}],"predecessor-version":[{"id":4863,"href":"https:\/\/webs.uab.cat\/ahcisp\/es\/wp-json\/wp\/v2\/pages\/3275\/revisions\/4863"}],"wp:attachment":[{"href":"https:\/\/webs.uab.cat\/ahcisp\/es\/wp-json\/wp\/v2\/media?parent=3275"}],"curies":[{"name":"wp","href":"https:\/\/api.w.org\/{rel}","templated":true}]}}