{"id":3340,"date":"2013-12-12T10:56:01","date_gmt":"2013-12-12T08:56:01","guid":{"rendered":"https:\/\/webs.uab.cat\/ahcisp\/?page_id=3340"},"modified":"2024-06-24T16:28:48","modified_gmt":"2024-06-24T14:28:48","slug":"formacion","status":"publish","type":"page","link":"https:\/\/webs.uab.cat\/ahcisp\/es\/formacion\/","title":{"rendered":"Formaci\u00f3n"},"content":{"rendered":"\n<div class=\"wp-block-columns is-layout-flex wp-container-core-columns-is-layout-9d6595d7 wp-block-columns-is-layout-flex\">\n<div class=\"wp-block-column is-layout-flow wp-block-column-is-layout-flow\" style=\"flex-basis:80%\">\n<h2 class=\"wp-block-heading has-text-align-center has-large-font-size\" id=\"master-oficial\"><strong>M\u00c1STER OFICIAL<\/strong><\/h2>\n\n\n\n<p>Desde el curso 2007-08 AHCISP ha impartido el seminario <em>Sistemas de clasificaci\u00f3n social<\/em>, actualmente <em>G\u00e9nero y Sistemas de clasificaci\u00f3n<\/em> en el marco del <strong>M\u00e1ster Oficial de Antropolog\u00eda: investigaciones avanzadas e intervenci\u00f3n social<\/strong> del <a href=\"https:\/\/www.uab.cat\/ca\/antropologia\">Departamento de Antropolog\u00eda Social y Cultural de la UAB<\/a>, y desde el curso 2017-18 el seminario <em>Pueblos, territorios y medios<\/em> en el que participan algunos sus miembros.<\/p>\n\n\n\n<p>Tambi\u00e9n imparte o participa en los cursos, todos vinculados a las l\u00edneas de investigaci\u00f3n del grupo:<\/p>\n\n\n\n<ul class=\"wp-block-list\">\n<li><em>Identidad, persona y grupo en \u00c1frica, Am\u00e9rica, Australia y la India<\/em>; <\/li>\n\n\n\n<li><em>(In)movilidades, turismos y enfoques etnogr\u00e1ficos; <\/em><em>Identidades, nacionalidad y derechos de ciudadan\u00eda; <\/em><\/li>\n\n\n\n<li><em>Migraciones marroqu\u00edes en Europa: entre dos orillas<\/em>.<\/li>\n<\/ul>\n\n\n\n<div class=\"wp-block-buttons is-content-justification-left is-layout-flex wp-container-core-buttons-is-layout-fdcfc74e wp-block-buttons-is-layout-flex\">\n<div class=\"wp-block-button\"><a class=\"wp-block-button__link wp-element-button\" href=\"https:\/\/www.uab.cat\/web\/estudiar\/la-oferta-de-masteres-oficiales\/informacion-general-1096480309770.html?param1=1345648439250\" target=\"_blank\" rel=\"noreferrer noopener\">INFO del M\u00c1STER OFICIAL &gt;<\/a><\/div>\n<\/div>\n\n\n\n<div style=\"height:60px\" aria-hidden=\"true\" class=\"wp-block-spacer\"><\/div>\n\n\n\n<hr class=\"wp-block-separator has-alpha-channel-opacity\" \/>\n\n\n\n<div style=\"height:60px\" aria-hidden=\"true\" class=\"wp-block-spacer\"><\/div>\n\n\n\n<h2 class=\"wp-block-heading has-text-align-center has-large-font-size\" id=\"tesis-finalitzades\">TESIS DOCTORALES<\/h2>\n\n\n\n<p>Tesis defensades i tesis en curs, en el marc del grup de recerca.<\/p>\n\n\n\n<div style=\"height:60px\" aria-hidden=\"true\" class=\"wp-block-spacer\"><\/div>\n\n\n\n<h2 class=\"wp-block-heading has-normal-font-size\">TESIS DOCTORALES PRESENTADAS<\/h2>\n\n\n\n<p><strong>Verena Stolcke<\/strong><\/p>\n\n\n\n<ul class=\"wp-block-list\">\n<li><strong><a href=\"https:\/\/webs.uab.cat\/ahcisp\/es\/maite-ojeda-mata\/\" data-type=\"page\" data-id=\"3098\">Maite Ojeda<\/a><\/strong>: \u201c\u00bfIdentidades ambivalentes? Sefard\u00edes en la Espa\u00f1a contempor\u00e0nia, entre nacionalismo, antisemitisme y filosefardismo\u201d. UAB, 28\/04\/2009 (Dir: Verena Stolcke)<\/li>\n\n\n\n<li><strong><a href=\"https:\/\/webs.uab.cat\/ahcisp\/es\/joan-muela-ribera\/\" data-type=\"page\" data-id=\"3107\">Joan Muela<\/a><\/strong>: \u201cMalaria en Lipangalala: pluralismo medico y procesos asistenciales para mal\u00e0ria infantil en una Comunidad africana\u201d, UAB, 2007 (Dir: Verena Stolcke)<\/li>\n\n\n\n<li><strong><a href=\"https:\/\/webs.uab.cat\/ahcisp\/es\/monica-martinez-mauri\/\" data-type=\"page\" data-id=\"3089\">M\u00f2nica Mart\u00ednez Mauri<\/a><\/strong>:  \u00abDe Tule Nega a Kuna Yala. Mediaci\u00f3n, territorio y ecolog\u00eda en Panam\u00e1, 1903-2004\u00bb.&nbsp;Doctorat en antropologia social. Cotutel\u00b7la: Universitat Aut\u00f2noma de Barcelona (UAB) \/ Ecole des Hautes Etudes en Sciences Sociales (EHESS). Menci\u00f3 europea.&nbsp;UAB, 8\/10\/2007.&nbsp; (Dirs: Verena Stolcke (UAB) y Juan Carlos Garavaglia (EHESS)).<\/li>\n<\/ul>\n\n\n\n<p><strong>Josep Llu\u00eds Mateo<\/strong><\/p>\n\n\n\n<ul class=\"wp-block-list\">\n<li><strong><a href=\"https:\/\/webs.uab.cat\/ahcisp\/es\/el-grupo\/vanessa-gaibar-constanso\/\" data-type=\"page\" data-id=\"2418\">Vanessa Gaibar Constans\u00f3<\/a><\/strong>: \u201c<a href=\"https:\/\/ddd.uab.cat\/record\/187352?ln=ca\">Cruzando fronteras. Parejas palestino-jud\u00edas en el barrio del Carmel (Haifa-Israel)<\/a>\u201c. Fecha de lectura: 17\/09\/2017 (Dir: Josep Lluis Mateo)<\/li>\n\n\n\n<li><strong>Tal\u00eda Valdez Mu\u00f1oz<\/strong>: \u201c<a href=\"https:\/\/ddd.uab.cat\/record\/202156?ln=ca\">Construcciones y reconstrucciones en la sexualidad de los Mayos y Yaquis (1535-1767)<\/a>\u201d. Fecha de lectura: 28\/09\/2018 (Dirs: Josep Lluis Mateo, &nbsp;Alex Coello)<\/li>\n<\/ul>\n\n\n\n<p><strong>Montserrat Ventura<\/strong><\/p>\n\n\n\n<ul class=\"wp-block-list\">\n<li><strong><a href=\"https:\/\/webs.uab.cat\/ahcisp\/es\/pablo-dominguez\/\" data-type=\"page\" data-id=\"2660\">Pablo Dom\u00ednguez Gregorio<\/a><\/strong>: \u201cHacia la eco-antropolog\u00eda. Un enfoque multidisciplinar del agdal pastoral del Yagour (alto Atlas de Marrakech), Cotutela internacional UAB \/ EHESS, Paris, 01\/10\/2010. (Dir: M. Ventura \/ A-M. Brisebarre)<\/li>\n\n\n\n<li><strong><a href=\"https:\/\/webs.uab.cat\/ahcisp\/es\/salvador-queralt\/\" data-type=\"page\" data-id=\"4566\">Salvador Queralt Red\u00f3n<\/a><\/strong>: \u201cEl simbolismo de la vida, la enfermedad y la muerte en la cultura safard\u00ed otomana (principios del siglo XX)\u201d, UAB, 04\/11\/2011. (Dir: M. Ventura)<\/li>\n\n\n\n<li><strong>N\u00faria Empez:<\/strong> \u201c<a href=\"https:\/\/ddd.uab.cat\/record\/131528?ln=ca\">\u2019Solo valiente\u2019. Los menores que migran solos de Marruecos a Catalunya<\/a>\u201d, UAB, 9\/02\/2015. (Dir: M. Ventura, M. Delgado)<\/li>\n\n\n\n<li><strong>Jordi Castellv\u00ed i Girbau: <\/strong>\u201c<a href=\"https:\/\/ddd.uab.cat\/record\/148741?ln=ca\">La Unitat dels catalans\u201d Un estudi sobre la g\u00e8nesi del significat. El cas de les Foguerades Patri\u00f2tiques de Sant Joan (1906-1907)<\/a>\u201d, UAB, 28\/10\/2015. (Dir: M.Ventura)<\/li>\n\n\n\n<li><strong>Eugenia Carlos R\u00edos<\/strong>: \u201c<a href=\"https:\/\/ddd.uab.cat\/record\/148707?ln=ca\">La circulaci\u00f3n entre mundos en la tradici\u00f3n oral y ritual y las categor\u00edas del pensamiento quechua en Hanansaya Ccullana Ch\u2019isikata (Cusco, Per\u00fa)<\/a>, UAB, 23\/11\/2015. (Dir: M.Ventura)<\/li>\n\n\n\n<li><strong><a href=\"https:\/\/webs.uab.cat\/ahcisp\/es\/alice-van-den-bogaert\/\" data-type=\"page\" data-id=\"2703\">Alice Van den Bogaert<\/a><\/strong>: \u201c<a href=\"https:\/\/ddd.uab.cat\/record\/166099?ln=ca\">Societat i cosmolog\u00eda a l\u2019Himalaia indi: persona, impuresa i sistema de castes avui<\/a>\u201d, UAB, 01\/02\/2016. (Dir: M.Ventura)<\/li>\n\n\n\n<li><strong><a href=\"https:\/\/webs.uab.cat\/ahcisp\/es\/domenico-branca\/\" data-type=\"page\" data-id=\"3069\">Domenico Branca<\/a>: <\/strong>\u201c<a href=\"https:\/\/ddd.uab.cat\/record\/189611?ln=ca\">La naci\u00f3n Aymara existe\u201d. Narraci\u00f3n, vivencia e identidad en el Departamento de Puno, Per\u00fa<\/a>\u201d, UAB, 02\/12\/2016. (Dirs: M. Ventura, M. Clua)<\/li>\n<\/ul>\n\n\n\n<p><strong>M\u00f2nica Mart\u00ednez Mauri<\/strong><\/p>\n\n\n\n<ul class=\"wp-block-list\">\n<li><strong><a href=\"https:\/\/webs.uab.cat\/ahcisp\/es\/maite-marin\/\" data-type=\"page\" data-id=\"4578\">Maite Marin<\/a>:<\/strong> \u201c<a href=\"https:\/\/ddd.uab.cat\/record\/291792?ln=ca\">Impactos de los proyectos de desarrollo en las trayectorias de vida de las mujeres ind\u00edgenas de la regi\u00f3n de la Sierra Central de los Andes Ecuatorianos<\/a>\u201d, UAB, 14\/06\/2013. (T: M. Ventura; Dir: M\u00f2nica Mart\u00ednez Mauri \/ V\u00edctor Bret\u00f3n)<\/li>\n\n\n\n<li><strong><a href=\"https:\/\/webs.uab.cat\/ahcisp\/es\/claudio-milano\/\" data-type=\"page\" data-id=\"3032\">Claudio Milano<\/a><\/strong>: \u201c <a href=\"https:\/\/ddd.uab.cat\/record\/133371?ln=ca\">\u201cEran bichos de siete cabezas\u201d. Una isla del Delta de Parna\u00edba en la mira de la promoci\u00f3n tur\u00edstica transnacional<\/a>\u201d, UAB, 25\/06\/2015. (Tutora M.Ventura; Dir: M\u00f2nica Mart\u00ednez Mauri)<\/li>\n\n\n\n<li><strong><a href=\"https:\/\/webs.uab.cat\/ahcisp\/es\/esther-oliver-grasiot\/\" data-type=\"page\" data-id=\"2620\">Esther Oliver Grasiot<\/a>:<\/strong> \u201c<a>Mediaciones en los Casos Penales de Genocidio<\/a>: <a>Una Etnograf\u00eda en la Regi\u00f3n Ixil en Postconflicto<\/a>\u201d, UAB, 06\/10\/2023. (Dir: Montserrat Ventura i Oller \/ M\u00f2nica Mart\u00ednez Mauri)<\/li>\n\n\n\n<li><strong><a href=\"https:\/\/webs.uab.cat\/ahcisp\/es\/laura-fontana-sierra\/\" data-type=\"page\" data-id=\"4540\">Laura Fontana Sierra<\/a>:<\/strong> \u201cSuperando la noci\u00f3n de Comunidad. Una etnografia de los lazos sociales entre la poblaci\u00f3n mapuche del sur de Chile<em>\u201d<\/em>, UAB, 25\/10\/2023. Beca FPI PRE2018-084430. (Dir: Montserrat Ventura i Oller \/ M\u00f2nica Mart\u00ednez Mauri).<\/li>\n<\/ul>\n\n\n\n<p><strong>Montserrat Clua<\/strong><\/p>\n\n\n\n<ul class=\"wp-block-list\">\n<li><strong>Al\u00e8xia Ru\u00e9: <\/strong>\u201c<em><a href=\"https:\/\/ddd.uab.cat\/record\/287340?ln=ca\">Playing the state. The governance of migration from the Spanish asylum reception system<\/a>\u201d<\/em>, UAB, Defendida el 23\/03\/2023. (Dirs: Montserrat Clua \/ Olga Jubany)<\/li>\n\n\n\n<li><strong>Adriana Hilda Arista Zerga<\/strong>: \u201c<a href=\"https:\/\/ddd.uab.cat\/record\/114335?ln=ca\"><em>La Barceloneta: los m\u00faltiples rostros del patrimonio cultural<\/em>. Universitat Aut\u00f2noma de Barcelona<\/a>\u00ab. Doctorado en Antropologia Social y Cultural. Facultat de Filosofia i Lletres. Universitat Aut\u00f2noma de Barcelona. (Dir: Dra. Montserrat Clua i Fain\u00e9). Defendida el 30\/11\/2012<\/li>\n\n\n\n<li><strong>Clara Rubio Ros<\/strong>: \u201c<em>L&#8217;emigraci\u00f3 dels joves catalans a Londres. Precarietat juvenil, mobilitat exterior i moviments socials<\/em>. Doctorat de la Universitat de Lleida. Directors: Dr. Carles Feixa P\u00e0mpols, UdL &#8211; Dra. Montserrat Clua i Fain\u00e9, UAB. Menci\u00f3n Internacional. 04\/09\/2017<\/li>\n\n\n\n<li><strong>Elena S\u00e1nchez D\u00edaz<\/strong>: \u201c<a href=\"https:\/\/ddd.uab.cat\/record\/265901?ln=ca\">Cuando llega el turismo: an\u00e1lisis antropol\u00f3gico de las transformaciones derivadas del turismo en la parroquia de Bol\u00edvar, Esmeraldas (Ecuador)<\/a>\u00ab. Defendida el 10\/12\/2021, Premio extraordinario de Tesi<\/li>\n\n\n\n<li><strong>Inti Fuica Fernando Rebolledo<\/strong>: \u201c<a href=\"https:\/\/ddd.uab.cat\/record\/264800?ln=ca\">El Estado como estructura performativa: gubernamentalidad en el programa Familias, Chile<\/a>\u00ab. Defendida el 28\/01\/2021, Codirecci\u00f3 de Dra. Noelia Carrasco (Universidad de Concepci\u00f3n, Chile).<\/li>\n\n\n\n<li><strong>Jordi Barbet Toribio<\/strong>: \u201cE<a href=\"https:\/\/ddd.uab.cat\/record\/268159?ln=ca\">ls models d&#8217;acompanyament musical per a grups de foc: del conflicte per la tradici\u00f3 al sistema de models<\/a>\u00ab, Defendida el 17\/02\/2022, Qualificaci\u00f3n: Excelente\u2013 CUM LAUDE. Codirecci\u00f3n de Dr. Francesc Cort\u00e9s (UAB)<\/li>\n<\/ul>\n\n\n\n<div style=\"height:10px\" aria-hidden=\"true\" class=\"wp-block-spacer\"><\/div>\n\n\n\n<hr class=\"wp-block-separator has-alpha-channel-opacity\" \/>\n\n\n\n<h3 class=\"wp-block-heading has-normal-font-size\" id=\"tesis-en-curs\"><strong>TESIS DOCTORALES EN CURS<\/strong>O<\/h3>\n\n\n\n<div style=\"height:30px\" aria-hidden=\"true\" class=\"wp-block-spacer\"><\/div>\n\n\n\n<p><strong>Pablo Dom\u00ednguez<\/strong><\/p>\n\n\n\n<ul class=\"wp-block-list\">\n<li><strong><a href=\"https:\/\/webs.uab.cat\/ahcisp\/es\/adria-pena\/\" data-type=\"page\" data-id=\"3275\">Adri\u00e0 Pe\u00f1a<\/a><\/strong>: \u00abLa evoluci\u00f3n hist\u00f2rica de los comunales pastoriles de Castril, Santiago y Pontones\u00bb (Becario Doctoral &#8211; Becas Chile) (Dir: P. Dom\u00ednguez, Hubert Mazurek; T:Josep Llu\u00eds Mateo Dieste) <\/li>\n<\/ul>\n\n\n\n<p><strong>Josep Llu\u00eds Mateo<\/strong><\/p>\n\n\n\n<ul class=\"wp-block-list\">\n<li><strong><a href=\"https:\/\/webs.uab.cat\/ahcisp\/es\/laura-ramirez\/\" data-type=\"page\" data-id=\"3281\">Laura<\/a><a href=\"https:\/\/webs.uab.cat\/ahcisp\/laura-ramirez\/\" data-type=\"page\" data-id=\"3280\"> Ram\u00edrez Rodr\u00edguez<\/a><\/strong>: \u00abAprendiendo a ser un \u201cbuen cristiano\u201d: pr\u00e1cticas corporales, rituales y sus efectos en las comunidades protestantes transnacionales en Barcelona\u00bb. (Dirs: J.L. Mateo, W. Christian Jr.)<\/li>\n<\/ul>\n\n\n\n<p><strong>Domenico Branca<\/strong><\/p>\n\n\n\n<ul class=\"wp-block-list\">\n<li><strong><a href=\"https:\/\/webs.uab.cat\/ahcisp\/es\/pierluigi-manchia\/\" data-type=\"page\" data-id=\"3271\">Pierluigi Machia<\/a><\/strong>: \u201c<em>Estudio sobre los paisajes de la Chilivani-Tirso, Isla de Cerde\u00f1a, Italia\u201d<\/em> (Dirs: M. Ventura, Domenico Branca \u2013 U. de Sassari)<\/li>\n<\/ul>\n\n\n\n<p><strong>Montserrat Ventura<\/strong><strong><\/strong><\/p>\n\n\n\n<ul class=\"wp-block-list\">\n<li><strong><a href=\"https:\/\/webs.uab.cat\/ahcisp\/es\/edgar-ricardo-naranjo-pena\/\" data-type=\"page\" data-id=\"3261\">Edgar Ricardo Naranjo<\/a><\/strong>: \u201cPercepciones sobre el territorio arhuaco en contextos del conflicto armado colombiano y la implementaci\u00f3n del acuerdo de paz en la Sierra Nevada de Santa Marta\u201d (Dir: M. Ventura)<\/li>\n\n\n\n<li><strong><a href=\"https:\/\/webs.uab.cat\/ahcisp\/es\/ignacio-contreras-ilabaca\/\" data-type=\"page\" data-id=\"2579\">Ignacio Contreras Ilabaca<\/a><\/strong>: \u201c<em>Visualidad de la selva: sue\u00f1o, yaj\u00e9 y cine en una sociedad Tukano Occidental de la Amazonia Ecuatoriana\u201d<\/em> Becario Doctoral &#8211; Becas Chile (Dir: M. Ventura)<\/li>\n\n\n\n<li><strong><a href=\"https:\/\/webs.uab.cat\/ahcisp\/es\/pau-sanosa-cols\/\" data-type=\"page\" data-id=\"2590\">Pau Sanosa<\/a><\/strong>: \u201c<em>Relaciones con el territorio y gobernanza socioambiental de una comunidad pastoril en la Sierra de Segura (Ja\u00e9n)\u201d<\/em> (Dirs: M. Ventura, Pablo Dom\u00ednguez, CNRS, Federica Ravera, UdG)<\/li>\n\n\n\n<li><strong><a href=\"https:\/\/webs.uab.cat\/ahcisp\/es\/pierluigi-manchia\/\" data-type=\"page\" data-id=\"3271\">Pierluigi Machia<\/a><\/strong>: \u201c<em>Estudio sobre los paisajes de la Chilivani-Tirso, Isla de Cerde\u00f1a, Italia\u201d<\/em> (Dirs: M. Ventura, Domenico Branca \u2013 U. de Sassari)<\/li>\n<\/ul>\n\n\n\n<p><strong>Pablo Dom\u00ednguez<\/strong><\/p>\n\n\n\n<ul class=\"wp-block-list\">\n<li><strong><a href=\"https:\/\/webs.uab.cat\/ahcisp\/es\/francisco-godoy-sepulveda\/\" data-type=\"page\" data-id=\"3267\">Francisco Godoy<\/a><\/strong>: \u00abConeixement ecol\u00f2gic tradicional, coneixement cient\u00edfic, activisme i producci\u00f3 social de la natura. ICCAS pastorals de Castril i Santiago-Pontones\u00bb (Becario Doctoral &#8211; Becas Chile) (Dir: P. Dom\u00ednguez; T: M.Ventura)<\/li>\n\n\n\n<li><strong><a href=\"https:\/\/webs.uab.cat\/ahcisp\/es\/pau-sanosa-cols\/\" data-type=\"page\" data-id=\"2590\">Pau Sanosa<\/a><\/strong>: \u201c<em>Relaciones con el territorio y gobernanza socioambiental de una comunidad pastoril en la Sierra de Segura (Ja\u00e9n)\u201d<\/em> (Dirs: M. Ventura, Pablo Dom\u00ednguez, CNRS, Federica Ravera, UdG)<\/li>\n<\/ul>\n\n\n\n<p><strong>Montserrat Clua<\/strong><\/p>\n\n\n\n<ul class=\"wp-block-list\">\n<li><strong><a href=\"https:\/\/webs.uab.cat\/ahcisp\/es\/meline-margaryan\/\" data-type=\"page\" data-id=\"3257\">Meline Margaryan<\/a>:<\/strong> \u201cFootball and the self-determination process in Catalonia (t\u00edtulo provisional)\u201d, Programa de Doctorado en Antropolog\u00eda Social y Cultural, UAB. (Dir. Montserrat Clua).<\/li>\n\n\n\n<li><strong><a href=\"https:\/\/webs.uab.cat\/ahcisp\/es\/ramon-massana-codina\/\" data-type=\"page\" data-id=\"2479\">Ramon Massana Codina<\/a>:<\/strong> \u201cLa mem\u00f2ria anarquista al Bergued\u00e0: una mirada des de l\u2019antropologia hist\u00f2rica\u201d, Programa de Doctorado en Antropolog\u00eda Social y Cultural, UAB. (Dir. Montserrat Clua).<\/li>\n<\/ul>\n\n\n\n<p><strong>Claudio Milano<\/strong><strong><\/strong><\/p>\n\n\n\n<ul class=\"wp-block-list\">\n<li><strong><a href=\"https:\/\/webs.uab.cat\/ahcisp\/es\/margherita-tancini\/\" data-type=\"page\" data-id=\"2494\">Margherita Tancini<\/a>:<\/strong> \u201cIdentidad cultural y g\u00e9nero en Manab\u00ed. Los casos tur\u00edsticos de las comunidades de Pile y Ayampe\u201d, Programa de Doctorado en Antropolog\u00eda Social y Cultural, UAB. (Co-Dir: Montserrat Clua, Claudio Milano, UB).<\/li>\n<\/ul>\n\n\n\n<p><strong>Virginia Fons<\/strong><\/p>\n\n\n\n<ul class=\"wp-block-list\">\n<li><strong><a href=\"https:\/\/webs.uab.cat\/ahcisp\/es\/gloria-e-casanova-molina\/\" data-type=\"page\" data-id=\"2596\">Gloria Casanova Molina<\/a><\/strong>: \u00abCuerpos ficticios, identidades forzadas: construcci\u00f3n \/ transformaci\u00f3n de subjetividades intersex en Chile\u00bb, inicio 01\/10\/2020, (Dir. Virginia Fons &amp; Enrico Rico)<\/li>\n\n\n\n<li><strong><a href=\"https:\/\/webs.uab.cat\/ahcisp\/es\/formacion\/\" data-type=\"page\" data-id=\"3340\">Isabelle Amanda Boiteau<\/a><\/strong>: \u00abM\u00e1scaras en Nueva Irlanda (Pap\u00faa Nueva Guinea): Emociones e identidades\u00bb, inicio 15\/10\/2021, (Dir. Virginia Fons &amp; Josep Mart\u00ed)<\/li>\n\n\n\n<li><strong><a href=\"https:\/\/webs.uab.cat\/ahcisp\/es\/jessica-morente-aniceto\/\" data-type=\"page\" data-id=\"3241\">Jessica Morente Aniceto<\/a><\/strong>: \u00bb Espacios de duelo: La muerte en soledad durante el COVID-19&#8243;, inicio 01\/10\/2020, (Dir. Teresa Tapada &amp; Virginia Fons)<\/li>\n\n\n\n<li><strong><a href=\"https:\/\/webs.uab.cat\/ahcisp\/es\/luisa-pelaez-cordoba\/\" data-type=\"page\" data-id=\"2554\">Luisa Fernanda Pelaez Cordoba<\/a><\/strong>: \u00abProceso procreativo en comunidades afrodescendientes asentadas en el Distrito de Aguablanca en Cali. Un acercamiento a la formaci\u00f3n de la persona desde la \u201cmedicina negra\u201d\u00bb, inici 15\/10\/2021, (Dir. Virginia Fons)<\/li>\n\n\n\n<li><strong><a href=\"https:\/\/webs.uab.cat\/ahcisp\/es\/sarah-boix-lazare\/\" data-type=\"page\" data-id=\"3245\">Sarah Boix L\u00e1zare<\/a><\/strong>: \u00abEscenaris etnogr\u00e0fics de la Humanitzaci\u00f3 del Part i el Naixement a Barcelona\u00bb, inicio 15\/10\/2017, (Dir. Virginia Fons &amp; Aurora Gonz\u00e1lez)<\/li>\n\n\n\n<li><strong><a href=\"https:\/\/webs.uab.cat\/ahcisp\/es\/victoria-badia-gimenez\/\" data-type=\"page\" data-id=\"3249\">Vict\u00f2ria Badia Gim\u00e9nez<\/a><\/strong>: \u00abDonde las manifestaciones de lo oculto tienen \u201clugar\u201d. Lugares encantados en Catalunya\u00bb, inicio 01\/10\/2020, (Dir. Virginia Fons &amp; Manuel Delgado)<\/li>\n\n\n\n<li><strong><a href=\"https:\/\/webs.uab.cat\/ahcisp\/es\/jose-manuel-gerez-del-rio\/\" data-type=\"page\" data-id=\"3251\">Jos\u00e9 Manuel Gerez Del R\u00edo<\/a><\/strong>: \u00ab<em>X-Pichil. El sentido de pertenencia a la comunidad entre los mayas m\u00e1asew\u00e1al<\/em> <em>de Quintana Roo (M\u00e9xico): representaciones, ritualidad e intercambio<\/em>\u00ab, inicio 02\/10\/2023, (Dir. Virginia Fons &amp; D\u00eddac Santos)<\/li>\n<\/ul>\n\n\n\n<p><strong>D\u00eddac Santos<\/strong><\/p>\n\n\n\n<ul class=\"wp-block-list\">\n<li><strong><a href=\"https:\/\/webs.uab.cat\/ahcisp\/es\/jose-manuel-gerez-del-rio\/\" data-type=\"page\" data-id=\"3251\">Jos\u00e9 Manuel Gerez Del R\u00edo<\/a><\/strong>: \u00ab<em>X-Pichil. El sentido de pertenencia a la comunidad entre los mayas m\u00e1asew\u00e1al<\/em> <em>de Quintana Roo (M\u00e9xico): representaciones, ritualidad e intercambio<\/em>\u00ab, inicio 02\/10\/2023, (Dir. Virginia Fons &amp; D\u00eddac Santos)<\/li>\n\n\n\n<li><strong><a href=\"https:\/\/webs.uab.cat\/ahcisp\/es\/laura-almendros-lopez\/\" data-type=\"page\" data-id=\"3263\">Laura Almendros L\u00f3pez<\/a><\/strong> (Dirs: D\u00eddac Santos, Joan Anton Barcel\u00f3)<\/li>\n<\/ul>\n\n\n\n<div class=\"wp-block-buttons has-custom-font-size has-small-font-size is-content-justification-right is-layout-flex wp-container-core-buttons-is-layout-765c4724 wp-block-buttons-is-layout-flex\">\n<div class=\"wp-block-button has-custom-font-size is-style-fill has-small-font-size\"><a class=\"wp-block-button__link has-negre-eben-color has-gris-pubilla-background-color has-text-color has-background has-link-color has-text-align-right wp-element-button\" href=\"https:\/\/webs.uab.cat\/ahcisp\/es\/formacion\/#top\" style=\"border-radius:0px\"><strong>\u2191<\/strong> VOLVER AL L&#8217;INICIO<\/a><\/div>\n<\/div>\n<\/div>\n<\/div>\n","protected":false},"excerpt":{"rendered":"<p>M\u00c1STER OFICIAL Desde el curso 2007-08 AHCISP ha impartido el seminario Sistemas de clasificaci\u00f3n social, actualmente G\u00e9nero y Sistemas de clasificaci\u00f3n en el marco del M\u00e1ster Oficial de Antropolog\u00eda: investigaciones avanzadas e intervenci\u00f3n social del Departamento de Antropolog\u00eda Social y Cultural de la UAB, y desde el curso 2017-18 el seminario Pueblos, territorios y medios [&hellip;]<\/p>\n","protected":false},"author":1643,"featured_media":0,"parent":0,"menu_order":0,"comment_status":"closed","ping_status":"closed","template":"","meta":{"footnotes":""},"class_list":["post-3340","page","type-page","status-publish","hentry"],"_links":{"self":[{"href":"https:\/\/webs.uab.cat\/ahcisp\/es\/wp-json\/wp\/v2\/pages\/3340","targetHints":{"allow":["GET"]}}],"collection":[{"href":"https:\/\/webs.uab.cat\/ahcisp\/es\/wp-json\/wp\/v2\/pages"}],"about":[{"href":"https:\/\/webs.uab.cat\/ahcisp\/es\/wp-json\/wp\/v2\/types\/page"}],"author":[{"embeddable":true,"href":"https:\/\/webs.uab.cat\/ahcisp\/es\/wp-json\/wp\/v2\/users\/1643"}],"replies":[{"embeddable":true,"href":"https:\/\/webs.uab.cat\/ahcisp\/es\/wp-json\/wp\/v2\/comments?post=3340"}],"version-history":[{"count":16,"href":"https:\/\/webs.uab.cat\/ahcisp\/es\/wp-json\/wp\/v2\/pages\/3340\/revisions"}],"predecessor-version":[{"id":5167,"href":"https:\/\/webs.uab.cat\/ahcisp\/es\/wp-json\/wp\/v2\/pages\/3340\/revisions\/5167"}],"wp:attachment":[{"href":"https:\/\/webs.uab.cat\/ahcisp\/es\/wp-json\/wp\/v2\/media?parent=3340"}],"curies":[{"name":"wp","href":"https:\/\/api.w.org\/{rel}","templated":true}]}}