{"id":3425,"date":"2024-03-21T22:44:45","date_gmt":"2024-03-21T20:44:45","guid":{"rendered":"https:\/\/webs.uab.cat\/ahcisp\/?page_id=3425"},"modified":"2024-06-10T23:09:17","modified_gmt":"2024-06-10T21:09:17","slug":"jordi-castellvi","status":"publish","type":"page","link":"https:\/\/webs.uab.cat\/ahcisp\/es\/jordi-castellvi\/","title":{"rendered":"Jordi Castellv\u00ed"},"content":{"rendered":"\n<div class=\"wp-block-group alignwide\"><div class=\"wp-block-group__inner-container is-layout-constrained wp-block-group-is-layout-constrained\">\n<div class=\"wp-block-columns is-layout-flex wp-container-core-columns-is-layout-9d6595d7 wp-block-columns-is-layout-flex\">\n<div class=\"wp-block-column is-layout-flow wp-block-column-is-layout-flow\" style=\"flex-basis:33.33%\">\n<figure class=\"wp-block-image size-full\"><img loading=\"lazy\" decoding=\"async\" width=\"200\" height=\"200\" src=\"https:\/\/webs.uab.cat\/ahcisp\/wp-content\/uploads\/sites\/320\/2024\/03\/Jordi_Castellvi.jpeg\" alt=\"\" class=\"wp-image-3410\" srcset=\"https:\/\/webs.uab.cat\/ahcisp\/wp-content\/uploads\/sites\/320\/2024\/03\/Jordi_Castellvi.jpeg 200w, https:\/\/webs.uab.cat\/ahcisp\/wp-content\/uploads\/sites\/320\/2024\/03\/Jordi_Castellvi-150x150.jpeg 150w\" sizes=\"auto, (max-width: 200px) 100vw, 200px\" \/><\/figure>\n<\/div>\n\n\n\n<div class=\"wp-block-column is-layout-flow wp-block-column-is-layout-flow\" style=\"flex-basis:66.66%\">\n<h2 class=\"wp-block-heading\"><strong>Jordi Castellv\u00ed i Girbau<\/strong><\/h2>\n\n\n\n<ul class=\"has-normal-font-size wp-block-list\">\n<li><strong>Vinculaci\u00f3n<\/strong>: colaborador<\/li>\n\n\n\n<li><strong>Correo<\/strong>: <a href=\"mailto:jordi.castellvi@uab.cat\">jordi.castellvi@uab.cat<\/a><\/li>\n\n\n\n<li><strong>ORCID<\/strong>: <\/li>\n\n\n\n<li><a href=\"https:\/\/www.researchgate.net\/profile\/Jordi-Castellvi-I-Girbau\">ResearchGate.net<\/a><\/li>\n<\/ul>\n<\/div>\n<\/div>\n\n\n\n<h3 class=\"wp-block-heading\">L\u00edneas de Investigaci\u00f3n<\/h3>\n\n\n\n<p>Mis trabajos est\u00e1n centrados en la construcci\u00f3n social de las identidades colectivas mediante los principios de la complejidad aplicados a la representaci\u00f3n simb\u00f3lica y el proceso ritual. Tambi\u00e9n he trabajado en casos hist\u00f3ricos y contempor\u00e1neos sobre formaci\u00f3n y cambio de los conceptos tradici\u00f3n, patrimonio, fiesta, paisaje y m\u00fasica.<\/p>\n\n\n\n<hr class=\"wp-block-separator has-alpha-channel-opacity\" \/>\n\n\n\n<p><a href=\"https:\/\/webs.uab.cat\/ahcisp\/es\/equipo\/\">&lt;&lt; Volver a &#8216;Equipo&#8217;<\/a><\/p>\n<\/div><\/div>\n","protected":false},"excerpt":{"rendered":"<p>Jordi Castellv\u00ed i Girbau L\u00edneas de Investigaci\u00f3n Mis trabajos est\u00e1n centrados en la construcci\u00f3n social de las identidades colectivas mediante los principios de la complejidad aplicados a la representaci\u00f3n simb\u00f3lica y el proceso ritual. Tambi\u00e9n he trabajado en casos hist\u00f3ricos y contempor\u00e1neos sobre formaci\u00f3n y cambio de los conceptos tradici\u00f3n, patrimonio, fiesta, paisaje y m\u00fasica. [&hellip;]<\/p>\n","protected":false},"author":1643,"featured_media":0,"parent":0,"menu_order":0,"comment_status":"closed","ping_status":"closed","template":"","meta":{"footnotes":""},"class_list":["post-3425","page","type-page","status-publish","hentry"],"_links":{"self":[{"href":"https:\/\/webs.uab.cat\/ahcisp\/es\/wp-json\/wp\/v2\/pages\/3425","targetHints":{"allow":["GET"]}}],"collection":[{"href":"https:\/\/webs.uab.cat\/ahcisp\/es\/wp-json\/wp\/v2\/pages"}],"about":[{"href":"https:\/\/webs.uab.cat\/ahcisp\/es\/wp-json\/wp\/v2\/types\/page"}],"author":[{"embeddable":true,"href":"https:\/\/webs.uab.cat\/ahcisp\/es\/wp-json\/wp\/v2\/users\/1643"}],"replies":[{"embeddable":true,"href":"https:\/\/webs.uab.cat\/ahcisp\/es\/wp-json\/wp\/v2\/comments?post=3425"}],"version-history":[{"count":2,"href":"https:\/\/webs.uab.cat\/ahcisp\/es\/wp-json\/wp\/v2\/pages\/3425\/revisions"}],"predecessor-version":[{"id":4821,"href":"https:\/\/webs.uab.cat\/ahcisp\/es\/wp-json\/wp\/v2\/pages\/3425\/revisions\/4821"}],"wp:attachment":[{"href":"https:\/\/webs.uab.cat\/ahcisp\/es\/wp-json\/wp\/v2\/media?parent=3425"}],"curies":[{"name":"wp","href":"https:\/\/api.w.org\/{rel}","templated":true}]}}