{"id":4061,"date":"2024-05-21T16:18:02","date_gmt":"2024-05-21T14:18:02","guid":{"rendered":"https:\/\/webs.uab.cat\/ahcisp\/?page_id=4061"},"modified":"2024-06-24T19:01:42","modified_gmt":"2024-06-24T17:01:42","slug":"proyectos-externos","status":"publish","type":"page","link":"https:\/\/webs.uab.cat\/ahcisp\/es\/proyectos-externos\/","title":{"rendered":"Proyectos Externos"},"content":{"rendered":"\n<p>Los miembros de AHCISP participan con su experiencia en proyectos gestionados por otros grupos de investigaci\u00f3n o instituciones.<\/p>\n\n\n\n<div class=\"wp-block-columns is-layout-flex wp-container-core-columns-is-layout-9d6595d7 wp-block-columns-is-layout-flex\">\n<div class=\"wp-block-column is-layout-flow wp-block-column-is-layout-flow\" style=\"flex-basis:33.33%\"><\/div>\n\n\n\n<div class=\"wp-block-column is-layout-flow wp-block-column-is-layout-flow\" style=\"flex-basis:66.66%\">\n<h3 class=\"wp-block-heading has-text-align-center\"><strong>Lista de Proyectos<\/strong> <strong>Externos<\/strong><\/h3>\n\n\n\n<p><strong><strong><a href=\"https:\/\/webs.uab.cat\/ahcisp\/es\/proyectos-externos\/#repica\">(Re)pensar la gesti\u00f3 dels espais oberts (RePiCa)<\/a><\/strong><\/strong><\/p>\n\n\n\n<p><strong><strong><a href=\"https:\/\/webs.uab.cat\/ahcisp\/es\/proyectos-externos\/#topurbi\">Topographie urbanisation imp\u00e9riale (TopUrbi)<\/a><\/strong><\/strong><\/p>\n\n\n\n<p><strong><strong><a href=\"https:\/\/webs.uab.cat\/ahcisp\/es\/proyectos-externos\/#creatividad-indigena\">Creatividad ind\u00edgena<\/a><\/strong><\/strong><\/p>\n\n\n\n<p><strong><a href=\"https:\/\/webs.uab.cat\/ahcisp\/es\/proyectos-externos\/#mena\">Reconfiguraci\u00f3n en la region MENA<\/a><\/strong><\/p>\n\n\n\n<p><strong><strong><em><a href=\"https:\/\/webs.uab.cat\/ahcisp\/es\/proyectos-externos\/#violencies-contra-les-dones\">Viol\u00e8ncies contra les dones en la literatura<\/a><\/em><\/strong><\/strong><\/p>\n\n\n\n<p><strong><strong><em><a href=\"https:\/\/webs.uab.cat\/ahcisp\/es\/proyectos-externos\/#teixint\">Teixint el sobiranisme i el secessionisme<\/a><\/em><\/strong><\/strong><\/p>\n\n\n\n<p><a href=\"https:\/\/webs.uab.cat\/ahcisp\/es\/proyectos-externos\/#eMOVIX\"><strong><strong>Emigraci\u00f3 juvenil<\/strong><\/strong> (<strong><strong>#eMOVIX)<\/strong><\/strong><\/a><\/p>\n\n\n\n<p><a href=\"https:\/\/webs.uab.cat\/ahcisp\/es\/proyectos-externos\/#ETNOMAT\"><strong><strong>Etnicidad material<\/strong><\/strong> (<strong><strong>ETNOMAT<\/strong><\/strong>)<\/a><\/p>\n<\/div>\n<\/div>\n\n\n\n<hr class=\"wp-block-separator has-alpha-channel-opacity\" \/>\n\n\n\n<div style=\"height:30px\" aria-hidden=\"true\" class=\"wp-block-spacer\"><\/div>\n\n\n\n<div class=\"wp-block-group\"><div class=\"wp-block-group__inner-container is-layout-constrained wp-block-group-is-layout-constrained\">\n<h2 class=\"wp-block-heading\" id=\"repica\"><strong><strong>(Re)pensar la gesti\u00f3 dels espais oberts i de la ramaderia extensiva a l&#8217;Alt Pirineu en el context del Canvi clim\u00e0tic (RePiCa)<\/strong><\/strong><\/h2>\n\n\n\n<ul class=\"has-marro-stradivari-transparent-background-color has-background wp-block-list\">\n<li><strong>Investigadors Principals (IPs)<\/strong>: Anna Badia Perpiny\u00e0 (Dept. Geografia, UAB)<\/li>\n\n\n\n<li><strong>Participants<\/strong>: 15 equip investigador + 6 col.laboradors Institucions ciutadanes + 5 TSR (Total:26 membres).<\/li>\n\n\n\n<li><strong>Membres AHCISP participants<\/strong>: Montserrat Ventura i D\u00eddac Santos com a membres de l\u2019Equip de recerca i Pau Sanosa com a investigador T\u00e8cnic.<\/li>\n\n\n\n<li><strong>Finan\u00e7ament<\/strong>: AGAUR, Generalitat de Catalunya<strong> <\/strong>Ajuts per finan\u00e7ar projectes de recerca per a la mitigaci\u00f3 i adaptaci\u00f3 al canvi clim\u00e0tic<strong> <\/strong>(N\u00fam. ref: 2023 CLIMA 00085).<\/li>\n\n\n\n<li><strong>Import<\/strong>: 354.376,44\u20ac<\/li>\n\n\n\n<li><strong>Duraci\u00f3<\/strong>:  01-01-2024-30\/06\/2026<\/li>\n<\/ul>\n\n\n\n<p>&#8211;<\/p>\n\n\n\n<p><strong><strong><strong><strong><strong><strong>Resultats i Tranfer\u00e8ncia<\/strong><\/strong><\/strong><\/strong><\/strong><\/strong><\/p>\n\n\n\n<ul class=\"wp-block-list\">\n<li>[projecte en curs]<\/li>\n<\/ul>\n\n\n\n<hr class=\"wp-block-separator has-alpha-channel-opacity\" \/>\n\n\n\n<div class=\"wp-block-buttons has-custom-font-size has-small-font-size is-content-justification-right is-layout-flex wp-container-core-buttons-is-layout-765c4724 wp-block-buttons-is-layout-flex\">\n<div class=\"wp-block-button has-custom-font-size is-style-fill has-small-font-size\"><a class=\"wp-block-button__link has-negre-eben-color has-gris-pubilla-background-color has-text-color has-background has-link-color has-text-align-right wp-element-button\" href=\"https:\/\/webs.uab.cat\/ahcisp\/es\/proyectos-externos\/#top\" style=\"border-radius:0px\"><strong>\u2191<\/strong> Volver AL INICIo<\/a><\/div>\n<\/div>\n\n\n\n<div style=\"height:30px\" aria-hidden=\"true\" class=\"wp-block-spacer\"><\/div>\n<\/div><\/div>\n\n\n\n<div class=\"wp-block-group\"><div class=\"wp-block-group__inner-container is-layout-constrained wp-block-group-is-layout-constrained\">\n<h2 class=\"wp-block-heading\" id=\"topurbi\"><strong><strong>Topographie de l\u2019urbanisation imp\u00e9riale hispanique (TopUrbi)<\/strong><\/strong><\/h2>\n\n\n\n<ul class=\"has-marro-stradivari-transparent-background-color has-background wp-block-list\">\n<li><strong>Investigadors Principals (IPs)<\/strong>: Jean Paul Z\u00fa\u00f1iga (EHESS, Paris)<\/li>\n\n\n\n<li><strong>Participants<\/strong>: 16<\/li>\n\n\n\n<li><strong>Membres AHCISP participants<\/strong>: Montserrat Ventura i Oller<\/li>\n\n\n\n<li><strong>Finan\u00e7ament<\/strong>: Agence Nationale de la Recherche (Fran\u00e7a), AAPG2021. <\/li>\n\n\n\n<li><strong>Entitats participants<\/strong>: EHESS \u2013 CNRS (CRH, CREDA-IHEAL, FRAMESPA) (Fran\u00e7a) +Univ.Sao Paulo, Brasilia, Campinas (Brasil), Univ. Antioqu\u00eda (Colombia), CONICET \u2013Univ.Rosario (Argentina), UAB (Barcelona)<\/li>\n\n\n\n<li><strong>Import<\/strong>: 413.000\u20ac<\/li>\n\n\n\n<li><strong>Duraci\u00f3<\/strong>:  01\/01\/2022 \u2013 30\/12\/2025<\/li>\n<\/ul>\n\n\n\n<p><strong><strong><strong><strong><strong><strong>Resultats i Tranfer\u00e8ncia<\/strong><\/strong><\/strong><\/strong><\/strong><\/strong><\/p>\n\n\n\n<ul class=\"wp-block-list\">\n<li>[projecte en curs]<\/li>\n<\/ul>\n\n\n\n<hr class=\"wp-block-separator has-alpha-channel-opacity\" \/>\n\n\n\n<div class=\"wp-block-buttons has-custom-font-size has-small-font-size is-content-justification-right is-layout-flex wp-container-core-buttons-is-layout-765c4724 wp-block-buttons-is-layout-flex\">\n<div class=\"wp-block-button has-custom-font-size is-style-fill has-small-font-size\"><a class=\"wp-block-button__link has-negre-eben-color has-gris-pubilla-background-color has-text-color has-background has-link-color has-text-align-right wp-element-button\" href=\"https:\/\/webs.uab.cat\/ahcisp\/es\/proyectos-externos\/#top\" style=\"border-radius:0px\"><strong>\u2191<\/strong> Volver AL INICIo<\/a><\/div>\n<\/div>\n\n\n\n<div style=\"height:30px\" aria-hidden=\"true\" class=\"wp-block-spacer\"><\/div>\n<\/div><\/div>\n\n\n\n<div class=\"wp-block-group\"><div class=\"wp-block-group__inner-container is-layout-constrained wp-block-group-is-layout-constrained\">\n<h2 class=\"wp-block-heading\" id=\"creatividad-indigena\"><strong><strong>Creatividad ind\u00edgena en las pr\u00e1cticas y conocimientos locales<\/strong><\/strong><\/h2>\n\n\n\n<ul class=\"has-marro-stradivari-transparent-background-color has-background wp-block-list\">\n<li><strong>Investigadors Principals (IPs)<\/strong>: Gemma Orobitg (UB)<\/li>\n\n\n\n<li><strong>Participants<\/strong>: 4 investigadors<\/li>\n\n\n\n<li><strong>Membres AHCISP participants<\/strong>: Montserrat Ventura i Oller. Rol: Equip de recerca, i Ignacio Contreras Ilabaca. Rol: col.laborador extern<\/li>\n\n\n\n<li><strong>Finan\u00e7ament<\/strong>: lan Nacional Ministerio Ciencia e Innovaci\u00f3n. Ref UB: PID2021-127093NB-C21 (<em>proyectos coordinados UB y UCM) Ref.: PID2021-125132NA)<\/em>. Entitats participants: UB, UAB.<\/li>\n\n\n\n<li><strong>Import<\/strong>: 66.600\u20ac<\/li>\n\n\n\n<li><strong>Duraci\u00f3<\/strong>:  01\/9\/2023 &#8211; 30\/08\/2025<\/li>\n<\/ul>\n\n\n\n<p><strong><strong><strong><strong><strong><strong>Resultats i Tranfer\u00e8ncia<\/strong><\/strong><\/strong><\/strong><\/strong><\/strong><\/p>\n\n\n\n<ul class=\"wp-block-list\">\n<li>[projecte en curs]<\/li>\n<\/ul>\n\n\n\n<hr class=\"wp-block-separator has-alpha-channel-opacity\" \/>\n\n\n\n<div class=\"wp-block-buttons has-custom-font-size has-small-font-size is-content-justification-right is-layout-flex wp-container-core-buttons-is-layout-765c4724 wp-block-buttons-is-layout-flex\">\n<div class=\"wp-block-button has-custom-font-size is-style-fill has-small-font-size\"><a class=\"wp-block-button__link has-negre-eben-color has-gris-pubilla-background-color has-text-color has-background has-link-color has-text-align-right wp-element-button\" href=\"https:\/\/webs.uab.cat\/ahcisp\/es\/proyectos-externos\/#top\" style=\"border-radius:0px\"><strong>\u2191<\/strong> Volver AL INICIo<\/a><\/div>\n<\/div>\n\n\n\n<div style=\"height:30px\" aria-hidden=\"true\" class=\"wp-block-spacer\"><\/div>\n<\/div><\/div>\n\n\n\n<div class=\"wp-block-group\"><div class=\"wp-block-group__inner-container is-layout-constrained wp-block-group-is-layout-constrained\">\n<h2 class=\"wp-block-heading\" id=\"mena\"><strong>Reconfiguraci\u00f3n de los actores y \u00e9lites transnacionales en la region MENA. Continuidad hist\u00f3rica o cambio en el siglo XXI<\/strong><\/h2>\n\n\n\n<ul class=\"has-marro-stradivari-transparent-background-color has-background wp-block-list\">\n<li><strong>Investigadors Principals (IPs)<\/strong>: Laura Feliu, Ferran Izquierdo.<\/li>\n\n\n\n<li><strong>Participants<\/strong>: total 28. <\/li>\n\n\n\n<li><strong>Membres AHCISP participants<\/strong>: J.L. Mateo Dieste.<\/li>\n\n\n\n<li><strong>Finan\u00e7ament<\/strong>: Ministerio de Ciencia e Innovaci\u00f3n (MICINN). Gestionat per: Departamento de Derecho P\u00fablico y Ciencias Hist\u00f3rico Jur\u00eddicas, UAB. <\/li>\n\n\n\n<li><strong>Import<\/strong>: 50.820\u20ac<\/li>\n\n\n\n<li><strong>Duraci\u00f3<\/strong>:  01\/09\/2021-01\/08\/2025<\/li>\n<\/ul>\n\n\n\n<p>L&#8217;objectiu del projecte \u00e9s donar continu\u00eftat a l&#8217;estudi de les relacions transnacionals a la regi\u00f3 MENA (Nord d&#8217;\u00c0frica i l&#8217;Orient Mitj\u00e0) amb la novetat del focus al segle XXI des d&#8217;una perspectiva hist\u00f2rica.<\/p>\n\n\n\n<p><strong><strong><strong><strong><strong><strong>Resultats i Tranfer\u00e8ncia<\/strong><\/strong><\/strong><\/strong><\/strong><\/strong><\/p>\n\n\n\n<ul class=\"wp-block-list\">\n<li><strong>L. Feliu, J.L. Mateo, F. Izquierdo, N. Ribas, eds<\/strong>: <em>Social Mobilisation in Morocco. Lessons learned from a historical informed activism<\/em>. Ibidem Press, Columbia University Press, 2022.<\/li>\n\n\n\n<li><strong>Mateo, J.L.; Feliu, L. Coord<\/strong>. monogr\u00e1fico \u201cDe Anual al Hirak: un estudio de los ciclos de movilizaci\u00f3n social en el Rif\u201d, <em>Revista de Estudios Internacionales Mediterraneos<\/em>, 34, 2023.<\/li>\n\n\n\n<li><a href=\"https:\/\/revistas.uam.es\/reim\/issue\/view\/reim2023_34\/reim2023_34\" target=\"_blank\" rel=\"noreferrer noopener\">https:\/\/revistas.uam.es\/reim\/issue\/view\/reim2023_34\/reim2023_34<\/a><\/li>\n<\/ul>\n\n\n\n<hr class=\"wp-block-separator has-alpha-channel-opacity\" \/>\n\n\n\n<div class=\"wp-block-buttons has-custom-font-size has-small-font-size is-content-justification-right is-layout-flex wp-container-core-buttons-is-layout-765c4724 wp-block-buttons-is-layout-flex\">\n<div class=\"wp-block-button has-custom-font-size is-style-fill has-small-font-size\"><a class=\"wp-block-button__link has-negre-eben-color has-gris-pubilla-background-color has-text-color has-background has-link-color has-text-align-right wp-element-button\" href=\"https:\/\/webs.uab.cat\/ahcisp\/es\/proyectos-externos\/#top\" style=\"border-radius:0px\"><strong>\u2191<\/strong> Volver AL INICIo<\/a><\/div>\n<\/div>\n\n\n\n<div style=\"height:30px\" aria-hidden=\"true\" class=\"wp-block-spacer\"><\/div>\n<\/div><\/div>\n\n\n\n<div class=\"wp-block-group\"><div class=\"wp-block-group__inner-container is-layout-constrained wp-block-group-is-layout-constrained\">\n<h2 class=\"wp-block-heading\" id=\"violencies-contra-les-dones\"><strong><strong><em>Viol\u00e8ncies contra les dones en la literatura. Debats te\u00f2rics, lectures i propostes de treballs de recerca.<\/em><\/strong><\/strong><\/h2>\n\n\n\n<ul class=\"has-marro-stradivari-transparent-background-color has-background wp-block-list\">\n<li><strong>Investigadors Principals (IPs)<\/strong>: Teresa Iribarren, UOC<\/li>\n\n\n\n<li><strong>Participants<\/strong>: 4 investigadors <\/li>\n\n\n\n<li><strong>Membres AHCISP participants<\/strong>: Montserrat Clua i Fain\u00e9<\/li>\n\n\n\n<li><strong>Finan\u00e7ament<\/strong>: Ajuts AGAUR per a projectes d&#8217;innovaci\u00f3 per a la millora de la qualitat docent en mat\u00e8ria de viol\u00e8ncia de g\u00e8nere (INDOVIG). N\u00fam. expedient: 2021 INDOV 00001.<\/li>\n\n\n\n<li><strong>Import<\/strong>: 8.080 \u20ac<\/li>\n\n\n\n<li><strong>Duraci\u00f3<\/strong>:  16\/03\/2022- 16\/03\/2023<\/li>\n<\/ul>\n\n\n\n<hr class=\"wp-block-separator has-alpha-channel-opacity\" \/>\n\n\n\n<div class=\"wp-block-buttons has-custom-font-size has-small-font-size is-content-justification-right is-layout-flex wp-container-core-buttons-is-layout-765c4724 wp-block-buttons-is-layout-flex\">\n<div class=\"wp-block-button has-custom-font-size is-style-fill has-small-font-size\"><a class=\"wp-block-button__link has-negre-eben-color has-gris-pubilla-background-color has-text-color has-background has-link-color has-text-align-right wp-element-button\" href=\"https:\/\/webs.uab.cat\/ahcisp\/es\/proyectos-externos\/#top\" style=\"border-radius:0px\"><strong>\u2191<\/strong> Volver AL INICIo<\/a><\/div>\n<\/div>\n\n\n\n<div style=\"height:30px\" aria-hidden=\"true\" class=\"wp-block-spacer\"><\/div>\n<\/div><\/div>\n\n\n\n<div class=\"wp-block-group\"><div class=\"wp-block-group__inner-container is-layout-constrained wp-block-group-is-layout-constrained\">\n<h2 class=\"wp-block-heading\" id=\"teixint\"><strong><strong><em>Teixint el sobiranisme i el secessionisme: pol\u00edtica, emocions i afectes<\/em><\/strong><\/strong><\/h2>\n\n\n\n<ul class=\"has-marro-stradivari-transparent-background-color has-background wp-block-list\">\n<li><strong>Investigadors Principals (IPs)<\/strong>: Begonya Enguix Grau, UOC<\/li>\n\n\n\n<li><strong>Participants<\/strong>: 5 investigadors<\/li>\n\n\n\n<li><strong>Membres AHCISP participants<\/strong>: Montserrat Clua i Fain\u00e9<\/li>\n\n\n\n<li><strong>Finan\u00e7ament<\/strong>: Ajut concedit per l\u2019Institut d\u2019Estudis de l\u2019Autogovern, Generalitat de Catalunya (IEA). Refer\u00e8ncia: 2018 IEA5 00008<\/li>\n\n\n\n<li><strong>Import<\/strong>: 30.000\u20ac<\/li>\n\n\n\n<li><strong>Duraci\u00f3<\/strong>:  15\/09\/2019 &#8211; 15\/06\/2021<\/li>\n<\/ul>\n\n\n\n<hr class=\"wp-block-separator has-alpha-channel-opacity\" \/>\n\n\n\n<div class=\"wp-block-buttons has-custom-font-size has-small-font-size is-content-justification-right is-layout-flex wp-container-core-buttons-is-layout-765c4724 wp-block-buttons-is-layout-flex\">\n<div class=\"wp-block-button has-custom-font-size is-style-fill has-small-font-size\"><a class=\"wp-block-button__link has-negre-eben-color has-gris-pubilla-background-color has-text-color has-background has-link-color has-text-align-right wp-element-button\" href=\"https:\/\/webs.uab.cat\/ahcisp\/es\/proyectos-externos\/#top\" style=\"border-radius:0px\"><strong>\u2191<\/strong> Volver AL INICIo<\/a><\/div>\n<\/div>\n\n\n\n<div style=\"height:30px\" aria-hidden=\"true\" class=\"wp-block-spacer\"><\/div>\n<\/div><\/div>\n\n\n\n<div class=\"wp-block-group\"><div class=\"wp-block-group__inner-container is-layout-constrained wp-block-group-is-layout-constrained\">\n<h2 class=\"wp-block-heading\" id=\"eMOVIX\"><strong><strong>#eMOVIX: Emigraci\u00f3 juvenil, nous moviments socials i xarxes digitals<\/strong><\/strong><\/h2>\n\n\n\n<ul class=\"has-marro-stradivari-transparent-background-color has-background wp-block-list\">\n<li><strong>Investigadors Principals (IPs)<\/strong>: Carles Feixa P\u00e0mpols.<\/li>\n\n\n\n<li><strong>Membres AHCISP participants<\/strong>: Montserrat Clua i Fain\u00e9<\/li>\n\n\n\n<li><strong>Finan\u00e7ament<\/strong>: RECERCAIXA 2014 ACUP-00036<\/li>\n\n\n\n<li><strong>Import<\/strong>: 77.262\u20ac<\/li>\n\n\n\n<li><strong>Duraci\u00f3<\/strong>:  28\/02\/2015-31\/12\/2016<\/li>\n<\/ul>\n\n\n\n<hr class=\"wp-block-separator has-alpha-channel-opacity\" \/>\n\n\n\n<div class=\"wp-block-buttons has-custom-font-size has-small-font-size is-content-justification-right is-layout-flex wp-container-core-buttons-is-layout-765c4724 wp-block-buttons-is-layout-flex\">\n<div class=\"wp-block-button has-custom-font-size is-style-fill has-small-font-size\"><a class=\"wp-block-button__link has-negre-eben-color has-gris-pubilla-background-color has-text-color has-background has-link-color has-text-align-right wp-element-button\" href=\"https:\/\/webs.uab.cat\/ahcisp\/es\/proyectos-externos\/#top\" style=\"border-radius:0px\"><strong>\u2191<\/strong> Volver AL INICIo<\/a><\/div>\n<\/div>\n\n\n\n<div style=\"height:30px\" aria-hidden=\"true\" class=\"wp-block-spacer\"><\/div>\n<\/div><\/div>\n\n\n\n<div class=\"wp-block-group\"><div class=\"wp-block-group__inner-container is-layout-constrained wp-block-group-is-layout-constrained\">\n<h2 class=\"wp-block-heading\" id=\"ETNOMAT\"><strong><strong>ETNOMAT. Etnicidad material: expresiones culturales tangibles y propiedad intel\u00b7lectual, Programa Nacional de ciencias sociales, econ\u00f3micas y jur\u00eddicas<\/strong><\/strong><\/h2>\n\n\n\n<ul class=\"has-marro-stradivari-transparent-background-color has-background wp-block-list\">\n<li><strong>Investigadors Principals (IPs)<\/strong>: M\u00f2nica Mart\u00ednez Mauri<\/li>\n\n\n\n<li><strong>Membres AHCISP participants<\/strong>: Montserrat Clua i Fain\u00e9<\/li>\n\n\n\n<li><strong>Finan\u00e7ament<\/strong>: Ministerio de Economia y Competitividad (CSO2015-62723-ERC)<\/li>\n\n\n\n<li><strong>Import<\/strong>: 62.400\u20ac.<\/li>\n\n\n\n<li><strong>Duraci\u00f3<\/strong>:  28\/07\/2015-27\/07\/2016<\/li>\n<\/ul>\n\n\n\n<hr class=\"wp-block-separator has-alpha-channel-opacity\" \/>\n\n\n\n<div class=\"wp-block-buttons has-custom-font-size has-small-font-size is-content-justification-right is-layout-flex wp-container-core-buttons-is-layout-765c4724 wp-block-buttons-is-layout-flex\">\n<div class=\"wp-block-button has-custom-font-size is-style-fill has-small-font-size\"><a class=\"wp-block-button__link has-negre-eben-color has-gris-pubilla-background-color has-text-color has-background has-link-color has-text-align-right wp-element-button\" href=\"https:\/\/webs.uab.cat\/ahcisp\/es\/proyectos-externos\/#top\" style=\"border-radius:0px\"><strong>\u2191<\/strong> Volver AL INICIo<\/a><\/div>\n<\/div>\n\n\n\n<div style=\"height:30px\" aria-hidden=\"true\" class=\"wp-block-spacer\"><\/div>\n<\/div><\/div>\n","protected":false},"excerpt":{"rendered":"<p>Los miembros de AHCISP participan con su experiencia en proyectos gestionados por otros grupos de investigaci\u00f3n o instituciones. Lista de Proyectos Externos (Re)pensar la gesti\u00f3 dels espais oberts (RePiCa) Topographie urbanisation imp\u00e9riale (TopUrbi) Creatividad ind\u00edgena Reconfiguraci\u00f3n en la region MENA Viol\u00e8ncies contra les dones en la literatura Teixint el sobiranisme i el secessionisme Emigraci\u00f3 juvenil [&hellip;]<\/p>\n","protected":false},"author":1643,"featured_media":0,"parent":0,"menu_order":0,"comment_status":"closed","ping_status":"closed","template":"","meta":{"footnotes":""},"class_list":["post-4061","page","type-page","status-publish","hentry"],"_links":{"self":[{"href":"https:\/\/webs.uab.cat\/ahcisp\/es\/wp-json\/wp\/v2\/pages\/4061","targetHints":{"allow":["GET"]}}],"collection":[{"href":"https:\/\/webs.uab.cat\/ahcisp\/es\/wp-json\/wp\/v2\/pages"}],"about":[{"href":"https:\/\/webs.uab.cat\/ahcisp\/es\/wp-json\/wp\/v2\/types\/page"}],"author":[{"embeddable":true,"href":"https:\/\/webs.uab.cat\/ahcisp\/es\/wp-json\/wp\/v2\/users\/1643"}],"replies":[{"embeddable":true,"href":"https:\/\/webs.uab.cat\/ahcisp\/es\/wp-json\/wp\/v2\/comments?post=4061"}],"version-history":[{"count":4,"href":"https:\/\/webs.uab.cat\/ahcisp\/es\/wp-json\/wp\/v2\/pages\/4061\/revisions"}],"predecessor-version":[{"id":5212,"href":"https:\/\/webs.uab.cat\/ahcisp\/es\/wp-json\/wp\/v2\/pages\/4061\/revisions\/5212"}],"wp:attachment":[{"href":"https:\/\/webs.uab.cat\/ahcisp\/es\/wp-json\/wp\/v2\/media?parent=4061"}],"curies":[{"name":"wp","href":"https:\/\/api.w.org\/{rel}","templated":true}]}}