{"id":4207,"date":"2024-02-22T16:29:50","date_gmt":"2024-02-22T14:29:50","guid":{"rendered":"https:\/\/webs.uab.cat\/ahcisp\/?page_id=4207"},"modified":"2024-06-15T11:37:26","modified_gmt":"2024-06-15T09:37:26","slug":"equipo","status":"publish","type":"page","link":"https:\/\/webs.uab.cat\/ahcisp\/es\/equipo\/","title":{"rendered":"Equipo"},"content":{"rendered":"\n<figure class=\"wp-block-image size-large\"><img decoding=\"async\" src=\"https:\/\/webs.uab.cat\/ahcisp\/wp-content\/uploads\/sites\/320\/2024\/05\/equip1-1024x314.png\" alt=\"\" class=\"wp-image-3886\" \/><\/figure>\n\n\n\n<h2 class=\"wp-block-heading\">Coordinaci\u00f3n<\/h2>\n\n\n\n<p>El grupo AHCISP est\u00e0 coordinado por la professora <a href=\"https:\/\/webs.uab.cat\/ahcisp\/es\/montserrat-ventura\/\" data-type=\"page\" data-id=\"2673\">Montserrat Ventura i Oller<\/a>.<\/p>\n\n\n\n<h2 class=\"wp-block-heading\">Investigadores<\/h2>\n\n\n\n<p>Lista de investigadors miembros del grupo AHCISP:<\/p>\n\n\n\n<ul class=\"wp-block-list\">\n<li><a href=\"https:\/\/webs.uab.cat\/ahcisp\/montserrat-clua-i-faie\/\">Montserrat Clua i Fain\u00e9<\/a><\/li>\n\n\n\n<li><a href=\"https:\/\/webs.uab.cat\/ahcisp\/virginia-fons-renaudon\/\">Virginia Fons Renaudon<\/a><\/li>\n\n\n\n<li><a href=\"https:\/\/webs.uab.cat\/ahcisp\/josep-lluis-mateo-dieste\/\">Josep Llu\u00eds Mateo Dieste<\/a><\/li>\n\n\n\n<li><a href=\"https:\/\/webs.uab.cat\/ahcisp\/claudio-milano\/\">Claudio Milano<\/a><\/li>\n\n\n\n<li><a href=\"https:\/\/webs.uab.cat\/ahcisp\/didac-santos-fita\/\">D\u00eddac Santos Fita<\/a><\/li>\n\n\n\n<li><a href=\"https:\/\/webs.uab.cat\/ahcisp\/verena-stolcke\/\">Verena Stolcke<\/a> (Fundadora)<\/li>\n\n\n\n<li><a href=\"https:\/\/webs.uab.cat\/ahcisp\/montserrat-ventura\/\">Montserrat Ventura Oller<\/a> <\/li>\n<\/ul>\n\n\n\n<h2 class=\"wp-block-heading\"><strong>Investigadores Externos \/ Colaboradores<\/strong><\/h2>\n\n\n\n<ul class=\"wp-block-list\">\n<li><a href=\"https:\/\/webs.uab.cat\/ahcisp\/silvia-g-alvarez-litben\/\">Silvia G. \u00c1lvarez Litben<\/a><\/li>\n\n\n\n<li><a href=\"https:\/\/webs.uab.cat\/ahcisp\/igor-bogdanovic\/\">Igor Bogdanovic<\/a><\/li>\n\n\n\n<li><a href=\"https:\/\/webs.uab.cat\/ahcisp\/domenico-branca\/\">Domenico Branca<\/a><\/li>\n\n\n\n<li><a href=\"https:\/\/webs.uab.cat\/ahcisp\/jordi-castellvi\/\">Jordi Castellv\u00ed<\/a><\/li>\n\n\n\n<li><a href=\"https:\/\/webs.uab.cat\/ahcisp\/pablo-dominguez\/\">Pablo Dom\u00ednguez<\/a><\/li>\n\n\n\n<li><a href=\"https:\/\/webs.uab.cat\/ahcisp\/es\/miquel-figueras-moreu\/\" data-type=\"page\" data-id=\"4369\">Miquel Figueras Moreu<\/a><\/li>\n\n\n\n<li><a href=\"https:\/\/webs.uab.cat\/ahcisp\/grup\/vanessa-gaibar-constanso\/\">Vanessa Gaibar Constans\u00f3<\/a><\/li>\n\n\n\n<li><a href=\"https:\/\/webs.uab.cat\/ahcisp\/es\/esther-oliver-grasiot\/\" data-type=\"page\" data-id=\"2620\">Esther Oliver Grasiot<\/a><\/li>\n\n\n\n<li><a href=\"https:\/\/webs.uab.cat\/ahcisp\/alexandre-surralles-i-calonge\/\">Alexandre Surrall\u00e9s Calonge<\/a><\/li>\n\n\n\n<li><a href=\"https:\/\/webs.uab.cat\/ahcisp\/alice-van-den-bogaert\/\">Alice Van den Bogaert<\/a><\/li>\n\n\n\n<li><a href=\"https:\/\/webs.uab.cat\/ahcisp\/maria-laura-zulaica\/\">Mar\u00eda Laura Zulaica<\/a><\/li>\n<\/ul>\n\n\n\n<h3 class=\"wp-block-heading has-text-align-center\">Colaboradores en Proyectos<\/h3>\n\n\n\n<p>Aparte, los diversos <a href=\"https:\/\/webs.uab.cat\/ahcisp\/es\/proyectos\/\">proyectos del grupo AHCISP<\/a> han incorporado a otros colaboradores.<\/p>\n\n\n\n<h2 class=\"wp-block-heading has-text-align-left\">Doctorandos<\/h2>\n\n\n\n<p>Pod\u00e9is consultar la lista completa de <a href=\"https:\/\/webs.uab.cat\/ahcisp\/formacio\/formacio\/#tesis-en-curs\">tesis en curso<\/a> y la lista de las <a href=\"http:\/\/tesis-finalizadas\/\">tesis defendida<\/a>s en el seno del grupo AHCISP en el apartado de formaci\u00f3n.<\/p>\n\n\n\n<div style=\"height:20px\" aria-hidden=\"true\" class=\"wp-block-spacer\"><\/div>\n\n\n\n<h2 class=\"wp-block-heading\"><strong>Antiguos Miembros i Colaborador<\/strong>es<\/h2>\n\n\n\n<ul class=\"wp-block-list\">\n<li><a href=\"https:\/\/webs.uab.cat\/ahcisp\/membres\/yolanda-aixela\/\">Yolanda Aixel\u00e0<\/a><\/li>\n\n\n\n<li><a href=\"https:\/\/webs.uab.cat\/ahcisp\/alexandre-coello-de-la-rosa\/\">Alexandre Coello De La Rosa<\/a><\/li>\n\n\n\n<li><a href=\"https:\/\/webs.uab.cat\/ahcisp\/membres\/begonya-enguix\/\">Begonya Enguix<\/a><\/li>\n\n\n\n<li><a href=\"https:\/\/webs.uab.cat\/ahcisp\/membres\/marcio-ferreira-da-silva\/\">Marcio Ferreira da Silva<\/a><\/li>\n\n\n\n<li><a href=\"https:\/\/webs.uab.cat\/ahcisp\/araceli-gonzalez\/\">Araceli Gonz\u00e1lez<\/a><\/li>\n\n\n\n<li><a href=\"https:\/\/webs.uab.cat\/ahcisp\/membres\/sabine-kradolfer\/\">Sabine Kradolfer<\/a><\/li>\n\n\n\n<li><a href=\"https:\/\/webs.uab.cat\/ahcisp\/membres\/maite-marin\/\">Maite Mar\u00edn<\/a><\/li>\n\n\n\n<li><a href=\"https:\/\/webs.uab.cat\/ahcisp\/membres\/josep-marti\/\">Josep Mart\u00ed<\/a><\/li>\n\n\n\n<li><a href=\"https:\/\/webs.uab.cat\/ahcisp\/monica-martinez-mauri\/\">M\u00f2nica Mart\u00ednez Mauri<\/a><\/li>\n\n\n\n<li><a href=\"https:\/\/webs.uab.cat\/ahcisp\/joan-muela\/\">Joan Muela<\/a><\/li>\n\n\n\n<li><a href=\"https:\/\/webs.uab.cat\/ahcisp\/maite-ojeda-mata\/\">Maite Ojeda Mata<\/a><\/li>\n\n\n\n<li><a href=\"https:\/\/webs.uab.cat\/ahcisp\/membres\/enric-porqueres\/\">Enric Porqueres<\/a><\/li>\n\n\n\n<li><a href=\"https:\/\/webs.uab.cat\/ahcisp\/membres\/salvador-queralt\/\">Salvador Queralt<\/a><\/li>\n\n\n\n<li><a href=\"https:\/\/webs.uab.cat\/ahcisp\/membres\/maria-eugenia-ramirez-goicoechea\/\">Maria Eugenia Ram\u00edrez Goicoechea<\/a><\/li>\n<\/ul>\n\n\n\n<div style=\"height:20px\" aria-hidden=\"true\" class=\"wp-block-spacer\"><\/div>\n\n\n\n<h2 class=\"wp-block-heading\">Investigadores Invitados<\/h2>\n\n\n\n<h3 class=\"wp-block-heading has-text-align-center\"><strong>Predoctorales<\/strong><\/h3>\n\n\n\n<ul class=\"wp-block-list\">\n<li><strong>Mathieu Viau Courville<\/strong>, Sainsbury Research Unit for the Arts of Africa, Oceania and the Americas, University of East Anglia, Norwich, Norfolk, NR4 7TJ&nbsp; United Kingdom (UK), <em>01\/01\/2010 &#8211; 31\/12\/2010<\/em>.<\/li>\n\n\n\n<li><strong>Victor Manuel Garcia Torres<\/strong>, Universidad Nacional Aut\u00f3noma de M\u00e9xico, <em>01\/09\/2013 &#8211; 31\/12\/2013<\/em>.<\/li>\n\n\n\n<li><strong>Sandra Patricia Rodr\u00edguez Gonz\u00e1lez<\/strong> (Pontificia Universidad Javeriana, Colombia), <em>12\/09\/ 2016\/ &#8211; 25\/02\/2017<\/em><\/li>\n\n\n\n<li><strong>Aline de Oliveira Aranha<\/strong> (PPGAS_USP Brasil) Beca FAPESP \u2013 Funda\u00e7\u00e3o de Amparo \u00e0 Pesquisa do Estado de S\u00e3o Paulo, Brasil, <em>01\/12\/2016 &#8211; 04\/04\/2017<\/em><\/li>\n\n\n\n<li><strong>Julian Simoes<\/strong>, U. de Campinas Brasil, <em>01\/11\/2016 &#8211; 30\/10\/2017<\/em><\/li>\n\n\n\n<li><strong>Julian Felipe Cano Osorio<\/strong>, Doctorando en Antropolog\u00eda social en Ciesas-Sureste (San Crist\u00f3bal de Las Casas-Chiapas, M\u00e9xico), <em>01\/11\/2018 &#8211; 08\/02\/2019<\/em><\/li>\n\n\n\n<li><strong>Laura Fonseca<\/strong> (Universidade Estadual de Campinas -Unicamp-), Brasil, <em>01\/09\/2023 &#8211;&nbsp; 29\/02\/2024<\/em><\/li>\n\n\n\n<li><strong>Emma Lord<\/strong>,&nbsp;\u201cCentre for the Study of the Sciences&nbsp;and the Humanities\u201d (SVT), Universitat de Bergen, Noruega, 01\/03\/2024 &#8211; 30\/05\/2024<\/li>\n<\/ul>\n\n\n\n<h3 class=\"wp-block-heading has-text-align-center\"><strong>Postdoctorales<\/strong><\/h3>\n\n\n\n<ul class=\"wp-block-list\">\n<li><a href=\"https:\/\/webs.uab.cat\/ahcisp\/es\/alexandre-surralles-i-calonge\/\" data-type=\"page\" data-id=\"2667\"><strong>Alexandre Surrall\u00e9s<\/strong><\/a> (Laboratoire Anthropologie Sociale \/ CNRS-Coll\u00e8ge de France, Paris): AGAUR \u2013 PIV (profesor Investigador Visitant), <em>01\/02\/2007<\/em> &#8211; <em>30\/12\/2007<\/em>, Grup Recerca AHCISP-UAB (SGR)<\/li>\n\n\n\n<li><strong>Stefano Varesse<\/strong> (Dept. Native American Studies, Univ. California, San Diego, USA): AGAUR \u2013 PIV (profesor Investigador Visitant)<em> 10\/01\/2009<\/em> &#8211; <em>15\/03\/2009<\/em>, Grup Recerca AHCISP-UAB (SGR)<\/li>\n\n\n\n<li><strong>Luciano Literas<\/strong>, (CONICET \u2013 Universidad de Buenos Aires, Argentina). <em>01\/02\/2014 &#8211; 30 04\/2014 <\/em>Grup Recerca AHCISP-UAB (SGR)<\/li>\n\n\n\n<li><strong>Charles A. McDonald<\/strong>, (New School for social Research, New York), Wenner-Gren Foundation For Anthropological research-Dissertation Fieldwork Grant (<em>1\/08\/2015 &#8211; 31\/12\/2015<\/em>) Grup Recerca AHCISP-UAB (SGR)<\/li>\n\n\n\n<li><strong>Christina de Rezende Rubim<\/strong> (Universidade Sao Paulo, Brasil) CNPq e CAPES,&nbsp; <em>01\/09\/2014&nbsp; <\/em>&#8211; <em>30\/06\/2015<\/em>, Grup Recerca AHCISP-UAB (SGR)<\/li>\n\n\n\n<li><strong>Juan Javier Rivera And\u00eda<\/strong>: Beatriu de Pin\u00f3s-Marie Curie fellow, <em>1\/10\/2014 &#8211; 30\/09\/2016<\/em> Grup Recerca AHCISP-UAB (SGR)<\/li>\n\n\n\n<li><a href=\"https:\/\/webs.uab.cat\/ahcisp\/es\/didac-santos-fita\/\" data-type=\"page\" data-id=\"2606\"><strong>D\u00eddac Santos-Fita<\/strong><\/a> (Instituto Amaz\u00f4nico de Agriculturas Familiares, Universidade Federal do Par\u00e1 (Bel\u00e9m, Par\u00e1, Brasil), <em>17\/12\/2018 &#8211; 08\/01\/2019<\/em>, Grup Recerca AHCISP-UAB (SGR)<\/li>\n\n\n\n<li><strong>Mar\u00eda Eugenia Dom\u00ednguez<\/strong>, (Universidad Federal de Santa Catarina (Brasil), <em>06\/03\/2020 &#8211; 31\/08\/2020<\/em>, Grup Recerca AHCISP-UAB (SGR)<\/li>\n\n\n\n<li><strong>Maria Audirene de Souza Cordeiro<\/strong>, Univ. Federal Amazonas (Manaos, Brasil). Estancia Post-Doctoral, Funda\u00e7\u00e3o de Amparo \u00e0 Pesquisa do Estado do Amazonas &#8211; FAPEAM &#8211; \u2013 PRODOC\/FAPEAM N\u00ba 003\/2022; Grup de Recerca AHCISP- UAB: <em>01\/06\/2022 &#8211; 01\/06\/ 2023<\/em><\/li>\n\n\n\n<li><strong>Marisa C. Gaspar<\/strong> (ISEG, Universidade de Lisboa. PostDoctoral Fellow by Foundation for Science and Technology), <em>21\/10\/2022 &#8211; 21\/12\/2022<\/em>, Grup de recerca AHCISP, UAB.<\/li>\n<\/ul>\n\n\n\n<div style=\"height:20px\" aria-hidden=\"true\" class=\"wp-block-spacer\"><\/div>\n\n\n\n<h2 class=\"wp-block-heading\">Miembros Fundadores<\/h2>\n\n\n\n<p>Los miembros fundacionales del grupo AHCISP fueron: Verena Stolcke, Montserrat Clua i Fain\u00e9, Alexandre Coello De la Rosa, M\u00f2nica Mart\u00ednez Mauri, Josep Llu\u00eds Mateo Dieste, Maite Ojeda Mata, Alice Van den Bogaert y Montserrat Ventura i Oller.<\/p>\n","protected":false},"excerpt":{"rendered":"<p>Coordinaci\u00f3n El grupo AHCISP est\u00e0 coordinado por la professora Montserrat Ventura i Oller. Investigadores Lista de investigadors miembros del grupo AHCISP: Investigadores Externos \/ Colaboradores Colaboradores en Proyectos Aparte, los diversos proyectos del grupo AHCISP han incorporado a otros colaboradores. Doctorandos Pod\u00e9is consultar la lista completa de tesis en curso y la lista de las [&hellip;]<\/p>\n","protected":false},"author":1643,"featured_media":0,"parent":0,"menu_order":0,"comment_status":"closed","ping_status":"closed","template":"","meta":{"footnotes":""},"class_list":["post-4207","page","type-page","status-publish","hentry"],"_links":{"self":[{"href":"https:\/\/webs.uab.cat\/ahcisp\/es\/wp-json\/wp\/v2\/pages\/4207","targetHints":{"allow":["GET"]}}],"collection":[{"href":"https:\/\/webs.uab.cat\/ahcisp\/es\/wp-json\/wp\/v2\/pages"}],"about":[{"href":"https:\/\/webs.uab.cat\/ahcisp\/es\/wp-json\/wp\/v2\/types\/page"}],"author":[{"embeddable":true,"href":"https:\/\/webs.uab.cat\/ahcisp\/es\/wp-json\/wp\/v2\/users\/1643"}],"replies":[{"embeddable":true,"href":"https:\/\/webs.uab.cat\/ahcisp\/es\/wp-json\/wp\/v2\/comments?post=4207"}],"version-history":[{"count":11,"href":"https:\/\/webs.uab.cat\/ahcisp\/es\/wp-json\/wp\/v2\/pages\/4207\/revisions"}],"predecessor-version":[{"id":5146,"href":"https:\/\/webs.uab.cat\/ahcisp\/es\/wp-json\/wp\/v2\/pages\/4207\/revisions\/5146"}],"wp:attachment":[{"href":"https:\/\/webs.uab.cat\/ahcisp\/es\/wp-json\/wp\/v2\/media?parent=4207"}],"curies":[{"name":"wp","href":"https:\/\/api.w.org\/{rel}","templated":true}]}}