{"id":4369,"date":"2024-06-08T13:05:24","date_gmt":"2024-06-08T11:05:24","guid":{"rendered":"https:\/\/webs.uab.cat\/ahcisp\/?page_id=4369"},"modified":"2024-06-10T23:09:20","modified_gmt":"2024-06-10T21:09:20","slug":"miquel-figueras-moreu","status":"publish","type":"page","link":"https:\/\/webs.uab.cat\/ahcisp\/es\/miquel-figueras-moreu\/","title":{"rendered":"Miquel Figueras"},"content":{"rendered":"\n<div class=\"wp-block-group alignwide\"><div class=\"wp-block-group__inner-container is-layout-constrained wp-block-group-is-layout-constrained\">\n<div class=\"wp-block-columns is-layout-flex wp-container-core-columns-is-layout-9d6595d7 wp-block-columns-is-layout-flex\">\n<div class=\"wp-block-column is-layout-flow wp-block-column-is-layout-flow\" style=\"flex-basis:33.33%\">\n<figure class=\"wp-block-image size-full\"><img loading=\"lazy\" decoding=\"async\" width=\"1509\" height=\"1645\" src=\"https:\/\/webs.uab.cat\/ahcisp\/wp-content\/uploads\/sites\/320\/2024\/06\/Miquel-Figueras-Moreu.jpeg\" alt=\"\" class=\"wp-image-4343\" srcset=\"https:\/\/webs.uab.cat\/ahcisp\/wp-content\/uploads\/sites\/320\/2024\/06\/Miquel-Figueras-Moreu.jpeg 1509w, https:\/\/webs.uab.cat\/ahcisp\/wp-content\/uploads\/sites\/320\/2024\/06\/Miquel-Figueras-Moreu-275x300.jpeg 275w, https:\/\/webs.uab.cat\/ahcisp\/wp-content\/uploads\/sites\/320\/2024\/06\/Miquel-Figueras-Moreu-939x1024.jpeg 939w, https:\/\/webs.uab.cat\/ahcisp\/wp-content\/uploads\/sites\/320\/2024\/06\/Miquel-Figueras-Moreu-768x837.jpeg 768w, https:\/\/webs.uab.cat\/ahcisp\/wp-content\/uploads\/sites\/320\/2024\/06\/Miquel-Figueras-Moreu-1409x1536.jpeg 1409w, https:\/\/webs.uab.cat\/ahcisp\/wp-content\/uploads\/sites\/320\/2024\/06\/Miquel-Figueras-Moreu-1200x1308.jpeg 1200w\" sizes=\"auto, (max-width: 1509px) 100vw, 1509px\" \/><\/figure>\n<\/div>\n\n\n\n<div class=\"wp-block-column is-layout-flow wp-block-column-is-layout-flow\" style=\"flex-basis:66.66%\">\n<h2 class=\"wp-block-heading\">Miquel Figueras Moreu<\/h2>\n\n\n\n<ul class=\"has-normal-font-size wp-block-list\">\n<li><strong>Vinculaci\u00f3n<\/strong>: colaborador, investigador externo<\/li>\n\n\n\n<li><strong>Correo<\/strong>: miquelfiguerasmoreu@gmail.com<\/li>\n\n\n\n<li><strong>ORCID<\/strong>:  <a href=\"https:\/\/orcid.org\/0009-0008-5928-573X\">0009-0008-5928-573X<\/a><\/li>\n<\/ul>\n<\/div>\n<\/div>\n\n\n\n<h3 class=\"wp-block-heading\">L\u00edneas de Investigaci\u00f3n<\/h3>\n\n\n\n<p>Doctor en Etnolog\u00eda y Antropolog\u00eda Social y Cultural por la EHESS de Par\u00eds, Profesor Asociado en la UAB, responsable del \u00e1rea de Investigaci\u00f3n de AlterNativa Intercanvi amb Pobles Ind\u00edgenes. He hecho docencia en las universidades de Par\u00eds XIII, en la UOC, en la UPF y en la UAB, y he sido investigador invitado en la ULA y en el IVIC en Venezuela. Mi campo de estudios es el \u00e1rea guayanesa y amaz\u00f3nica, y m\u00e1s espec\u00edficamente el pueblo caribe E\u2019nyepa de Venezuela, con el que he trabajado aspectos del espacio social, del territorio y de la relaci\u00f3n con el entorno natural. He alternado la investigaci\u00f3n con tareas aplicadas, como la coordinaci\u00f3n y el trabajo t\u00e9cnico del proyecto de auto-demarcaci\u00f3n de tierras del Poble E\u2019nyepa. Paralelamente tambi\u00e9n he realizado investigaciones en torno a la etnocartograf\u00eda y la etnogeograf\u00eda, los derechos de los pueblos ind\u00edgenas, los estudios del parentesco y la museograf\u00eda.<\/p>\n<\/div><\/div>\n\n\n\n<hr class=\"wp-block-separator has-alpha-channel-opacity\" \/>\n\n\n\n<p><a href=\"https:\/\/webs.uab.cat\/ahcisp\/es\/equipo\/\">&lt;&lt; Volver a &#8216;Equipo&#8217;<\/a><\/p>\n","protected":false},"excerpt":{"rendered":"<p>Miquel Figueras Moreu L\u00edneas de Investigaci\u00f3n Doctor en Etnolog\u00eda y Antropolog\u00eda Social y Cultural por la EHESS de Par\u00eds, Profesor Asociado en la UAB, responsable del \u00e1rea de Investigaci\u00f3n de AlterNativa Intercanvi amb Pobles Ind\u00edgenes. He hecho docencia en las universidades de Par\u00eds XIII, en la UOC, en la UPF y en la UAB, y [&hellip;]<\/p>\n","protected":false},"author":1643,"featured_media":0,"parent":0,"menu_order":0,"comment_status":"closed","ping_status":"closed","template":"","meta":{"footnotes":""},"class_list":["post-4369","page","type-page","status-publish","hentry"],"_links":{"self":[{"href":"https:\/\/webs.uab.cat\/ahcisp\/es\/wp-json\/wp\/v2\/pages\/4369","targetHints":{"allow":["GET"]}}],"collection":[{"href":"https:\/\/webs.uab.cat\/ahcisp\/es\/wp-json\/wp\/v2\/pages"}],"about":[{"href":"https:\/\/webs.uab.cat\/ahcisp\/es\/wp-json\/wp\/v2\/types\/page"}],"author":[{"embeddable":true,"href":"https:\/\/webs.uab.cat\/ahcisp\/es\/wp-json\/wp\/v2\/users\/1643"}],"replies":[{"embeddable":true,"href":"https:\/\/webs.uab.cat\/ahcisp\/es\/wp-json\/wp\/v2\/comments?post=4369"}],"version-history":[{"count":4,"href":"https:\/\/webs.uab.cat\/ahcisp\/es\/wp-json\/wp\/v2\/pages\/4369\/revisions"}],"predecessor-version":[{"id":4823,"href":"https:\/\/webs.uab.cat\/ahcisp\/es\/wp-json\/wp\/v2\/pages\/4369\/revisions\/4823"}],"wp:attachment":[{"href":"https:\/\/webs.uab.cat\/ahcisp\/es\/wp-json\/wp\/v2\/media?parent=4369"}],"curies":[{"name":"wp","href":"https:\/\/api.w.org\/{rel}","templated":true}]}}