{"id":4540,"date":"2024-06-10T17:23:53","date_gmt":"2024-06-10T15:23:53","guid":{"rendered":"https:\/\/webs.uab.cat\/ahcisp\/?page_id=4540"},"modified":"2025-03-08T19:13:58","modified_gmt":"2025-03-08T17:13:58","slug":"laura-fontana-sierra","status":"publish","type":"page","link":"https:\/\/webs.uab.cat\/ahcisp\/es\/laura-fontana-sierra\/","title":{"rendered":"Laura Fontana"},"content":{"rendered":"\n<div class=\"wp-block-group alignwide\"><div class=\"wp-block-group__inner-container is-layout-constrained wp-block-group-is-layout-constrained\">\n<div class=\"wp-block-columns is-layout-flex wp-container-core-columns-is-layout-9d6595d7 wp-block-columns-is-layout-flex\">\n<div class=\"wp-block-column is-layout-flow wp-block-column-is-layout-flow\" style=\"flex-basis:33.3%\">\n<figure class=\"wp-block-image size-full\"><img loading=\"lazy\" decoding=\"async\" width=\"291\" height=\"389\" src=\"https:\/\/webs.uab.cat\/ahcisp\/wp-content\/uploads\/sites\/320\/2024\/06\/Laura_Fontana.jpeg\" alt=\"\" class=\"wp-image-4531\" srcset=\"https:\/\/webs.uab.cat\/ahcisp\/wp-content\/uploads\/sites\/320\/2024\/06\/Laura_Fontana.jpeg 291w, https:\/\/webs.uab.cat\/ahcisp\/wp-content\/uploads\/sites\/320\/2024\/06\/Laura_Fontana-224x300.jpeg 224w\" sizes=\"auto, (max-width: 291px) 100vw, 291px\" \/><\/figure>\n<\/div>\n\n\n\n<div class=\"wp-block-column is-layout-flow wp-block-column-is-layout-flow\" style=\"flex-basis:66.66%\">\n<h2 class=\"wp-block-heading\">Laura Fontana Sierra<\/h2>\n\n\n\n<ul class=\"wp-block-list has-normal-font-size\">\n<li><strong>Vinculaci\u00f3n<\/strong>: colaboradora externa<\/li>\n\n\n\n<li><strong>Correo<\/strong>: laura.fontana@uab.cat<\/li>\n\n\n\n<li><strong>ORCID<\/strong>:  <a href=\"https:\/\/orcid.org\/0000-0002-6799-1369\" target=\"_blank\" rel=\"noreferrer noopener\">0000-0002-6799-1369<\/a><\/li>\n\n\n\n<li><strong><a href=\"https:\/\/uab.academia.edu\/LauraFontanaSierra\" target=\"_blank\" rel=\"noreferrer noopener\">Academia.edu<\/a><\/strong><\/li>\n<\/ul>\n<\/div>\n<\/div>\n\n\n\n<h3 class=\"wp-block-heading\">L\u00edneas de Investigaci\u00f3n<\/h3>\n\n\n\n<p>Doctora en Antropolog\u00eda Social y Cultural por la Universidad Aut\u00f3noma de Barcelona, \u200b\u200btambi\u00e9n curs\u00f3 un M\u00e1ster en Antropolog\u00eda por la UB, un M\u00e1ster Universitario por la Escuela de Paz, un postgrado en Introducci\u00f3n al Desarrollo en un Mundo Globalizado, y tiene otras titulaciones en la l\u00ednea del feminismo decolonial, gesti\u00f3n de ONG e identificaci\u00f3n de necesidades en situaciones de conflicto.<\/p>\n\n\n\n<p>Sus temas de investigaci\u00f3n se centran en los pueblos ind\u00edgenas, concretamente el pueblo mapuche de Chile (que fue el tema principal de su tesis doctoral), as\u00ed como sus derechos y otros aspectos que engloban categor\u00edas culturales, conocimientos ecol\u00f3gicos ancestrales, extractivismo, globalizaci\u00f3n y relaciones comunitarias.<\/p>\n\n\n\n<p>Actualmente, Laura es responsable del \u00c1rea de Incidencia Pol\u00edtica y Social de la ONG alterNativa Intercambio con Pueblos Ind\u00edgenas, Barcelona, \u200b\u200by tambi\u00e9n tiene experiencia coordinando proyectos de cooperaci\u00f3n e incidencia tanto en el Norte como en el Sur Global.<\/p>\n<\/div><\/div>\n\n\n\n<hr class=\"wp-block-separator has-alpha-channel-opacity\" \/>\n\n\n\n<p><a href=\"https:\/\/webs.uab.cat\/ahcisp\/es\/equipo\/\">&lt;&lt; Volver a &#8216;Equipo&#8217;<\/a><\/p>\n","protected":false},"excerpt":{"rendered":"<p>Laura Fontana Sierra L\u00edneas de Investigaci\u00f3n Doctora en Antropolog\u00eda Social y Cultural por la Universidad Aut\u00f3noma de Barcelona, \u200b\u200btambi\u00e9n curs\u00f3 un M\u00e1ster en Antropolog\u00eda por la UB, un M\u00e1ster Universitario por la Escuela de Paz, un postgrado en Introducci\u00f3n al Desarrollo en un Mundo Globalizado, y tiene otras titulaciones en la l\u00ednea del feminismo decolonial, [&hellip;]<\/p>\n","protected":false},"author":1643,"featured_media":0,"parent":0,"menu_order":0,"comment_status":"closed","ping_status":"closed","template":"","meta":{"footnotes":""},"class_list":["post-4540","page","type-page","status-publish","hentry"],"_links":{"self":[{"href":"https:\/\/webs.uab.cat\/ahcisp\/es\/wp-json\/wp\/v2\/pages\/4540","targetHints":{"allow":["GET"]}}],"collection":[{"href":"https:\/\/webs.uab.cat\/ahcisp\/es\/wp-json\/wp\/v2\/pages"}],"about":[{"href":"https:\/\/webs.uab.cat\/ahcisp\/es\/wp-json\/wp\/v2\/types\/page"}],"author":[{"embeddable":true,"href":"https:\/\/webs.uab.cat\/ahcisp\/es\/wp-json\/wp\/v2\/users\/1643"}],"replies":[{"embeddable":true,"href":"https:\/\/webs.uab.cat\/ahcisp\/es\/wp-json\/wp\/v2\/comments?post=4540"}],"version-history":[{"count":4,"href":"https:\/\/webs.uab.cat\/ahcisp\/es\/wp-json\/wp\/v2\/pages\/4540\/revisions"}],"predecessor-version":[{"id":5855,"href":"https:\/\/webs.uab.cat\/ahcisp\/es\/wp-json\/wp\/v2\/pages\/4540\/revisions\/5855"}],"wp:attachment":[{"href":"https:\/\/webs.uab.cat\/ahcisp\/es\/wp-json\/wp\/v2\/media?parent=4540"}],"curies":[{"name":"wp","href":"https:\/\/api.w.org\/{rel}","templated":true}]}}