{"id":4566,"date":"2010-02-18T13:04:23","date_gmt":"2010-02-18T11:04:23","guid":{"rendered":"https:\/\/webs.uab.cat\/ahcisp\/?page_id=4566"},"modified":"2024-06-10T23:24:52","modified_gmt":"2024-06-10T21:24:52","slug":"salvador-queralt","status":"publish","type":"page","link":"https:\/\/webs.uab.cat\/ahcisp\/es\/salvador-queralt\/","title":{"rendered":"Salvador Queralt"},"content":{"rendered":"\n<div class=\"wp-block-group alignwide\"><div class=\"wp-block-group__inner-container is-layout-constrained wp-block-group-is-layout-constrained\">\n<div class=\"wp-block-columns is-layout-flex wp-container-core-columns-is-layout-9d6595d7 wp-block-columns-is-layout-flex\">\n<div class=\"wp-block-column is-layout-flow wp-block-column-is-layout-flow\" style=\"flex-basis:33.33%\">\n<figure class=\"wp-block-image size-full\"><img loading=\"lazy\" decoding=\"async\" width=\"217\" height=\"288\" src=\"https:\/\/webs.uab.cat\/ahcisp\/wp-content\/uploads\/sites\/320\/2010\/02\/foto1-12.jpg\" alt=\"\" class=\"wp-image-30\" \/><\/figure>\n<\/div>\n\n\n\n<div class=\"wp-block-column is-layout-flow wp-block-column-is-layout-flow\" style=\"flex-basis:66.66%\">\n<h2 class=\"wp-block-heading\">Salvador Queralt Red\u00f3n<\/h2>\n\n\n\n<ul class=\"has-normal-font-size wp-block-list\">\n<li><strong>Vinculaci\u00f3n<\/strong>: antiguo colaborador<\/li>\n\n\n\n<li><strong>Correo<\/strong>: <\/li>\n\n\n\n<li><strong>ORCID<\/strong>: <a href=\"https:\/\/orcid.org\/0000-0001-5079-6180\">0000-0001-5079-6180<\/a><\/li>\n\n\n\n<li><strong><a href=\"https:\/\/salvadorqueralt.wordpress.com\/biografia\/\">P\u00e1gina Web Personal<\/a><\/strong><\/li>\n<\/ul>\n<\/div>\n<\/div>\n\n\n\n<h3 class=\"wp-block-heading\">Research<\/h3>\n\n\n\n<p>Doctor en Antropolog\u00eda Social y Cultural por la UAB (2011) y Premio extraordinario de Doctorado. Colaborador doctoral de AHCISP durante el per\u00edodo 2009-2013 (SGR2009-658); Becario Pre-doctoral del Proyecto Identidades ambivalentes. Estudio comparativo sobre sistemas de clasificaci\u00f3n social en Europa, Am\u00e9rica y \u00c1frica (HAR2008-04582\/HIST).<\/p>\n<\/div><\/div>\n\n\n\n<hr class=\"wp-block-separator has-alpha-channel-opacity\" \/>\n\n\n\n<p><a href=\"https:\/\/webs.uab.cat\/ahcisp\/es\/equipo\/\">&lt;&lt; Volver a &#8216;Equipo&#8217;<\/a><\/p>\n","protected":false},"excerpt":{"rendered":"<p>Salvador Queralt Red\u00f3n Research Doctor en Antropolog\u00eda Social y Cultural por la UAB (2011) y Premio extraordinario de Doctorado. Colaborador doctoral de AHCISP durante el per\u00edodo 2009-2013 (SGR2009-658); Becario Pre-doctoral del Proyecto Identidades ambivalentes. Estudio comparativo sobre sistemas de clasificaci\u00f3n social en Europa, Am\u00e9rica y \u00c1frica (HAR2008-04582\/HIST). &lt;&lt; Volver a &#8216;Equipo&#8217;<\/p>\n","protected":false},"author":1643,"featured_media":0,"parent":0,"menu_order":1,"comment_status":"closed","ping_status":"closed","template":"","meta":{"footnotes":""},"class_list":["post-4566","page","type-page","status-publish","hentry"],"_links":{"self":[{"href":"https:\/\/webs.uab.cat\/ahcisp\/es\/wp-json\/wp\/v2\/pages\/4566","targetHints":{"allow":["GET"]}}],"collection":[{"href":"https:\/\/webs.uab.cat\/ahcisp\/es\/wp-json\/wp\/v2\/pages"}],"about":[{"href":"https:\/\/webs.uab.cat\/ahcisp\/es\/wp-json\/wp\/v2\/types\/page"}],"author":[{"embeddable":true,"href":"https:\/\/webs.uab.cat\/ahcisp\/es\/wp-json\/wp\/v2\/users\/1643"}],"replies":[{"embeddable":true,"href":"https:\/\/webs.uab.cat\/ahcisp\/es\/wp-json\/wp\/v2\/comments?post=4566"}],"version-history":[{"count":2,"href":"https:\/\/webs.uab.cat\/ahcisp\/es\/wp-json\/wp\/v2\/pages\/4566\/revisions"}],"predecessor-version":[{"id":4893,"href":"https:\/\/webs.uab.cat\/ahcisp\/es\/wp-json\/wp\/v2\/pages\/4566\/revisions\/4893"}],"wp:attachment":[{"href":"https:\/\/webs.uab.cat\/ahcisp\/es\/wp-json\/wp\/v2\/media?parent=4566"}],"curies":[{"name":"wp","href":"https:\/\/api.w.org\/{rel}","templated":true}]}}