{"id":4631,"date":"2014-05-15T14:21:33","date_gmt":"2014-05-15T12:21:33","guid":{"rendered":"https:\/\/webs.uab.cat\/ahcisp\/?page_id=4631"},"modified":"2024-06-10T23:24:44","modified_gmt":"2024-06-10T21:24:44","slug":"marcio-ferreira","status":"publish","type":"page","link":"https:\/\/webs.uab.cat\/ahcisp\/es\/marcio-ferreira\/","title":{"rendered":"Marcio Ferreira"},"content":{"rendered":"\n<div class=\"wp-block-group alignwide\"><div class=\"wp-block-group__inner-container is-layout-constrained wp-block-group-is-layout-constrained\">\n<div class=\"wp-block-columns is-layout-flex wp-container-core-columns-is-layout-9d6595d7 wp-block-columns-is-layout-flex\">\n<div class=\"wp-block-column is-layout-flow wp-block-column-is-layout-flow\" style=\"flex-basis:20%\">\n<figure class=\"wp-block-image size-full\"><img loading=\"lazy\" decoding=\"async\" width=\"360\" height=\"360\" src=\"https:\/\/webs.uab.cat\/ahcisp\/wp-content\/uploads\/sites\/320\/2024\/03\/user.jpg\" alt=\"\" class=\"wp-image-3064\" srcset=\"https:\/\/webs.uab.cat\/ahcisp\/wp-content\/uploads\/sites\/320\/2024\/03\/user.jpg 360w, https:\/\/webs.uab.cat\/ahcisp\/wp-content\/uploads\/sites\/320\/2024\/03\/user-300x300.jpg 300w, https:\/\/webs.uab.cat\/ahcisp\/wp-content\/uploads\/sites\/320\/2024\/03\/user-150x150.jpg 150w\" sizes=\"auto, (max-width: 360px) 100vw, 360px\" \/><\/figure>\n<\/div>\n\n\n\n<div class=\"wp-block-column is-layout-flow wp-block-column-is-layout-flow\" style=\"flex-basis:66.66%\">\n<h2 class=\"wp-block-heading\">Marcio Ferreira da Silva<\/h2>\n\n\n\n<ul class=\"has-normal-font-size wp-block-list\">\n<li><strong>Vinculaci\u00f3<\/strong>n: antiguo colaborador, investigador externo<\/li>\n\n\n\n<li><strong>Correo<\/strong>: <\/li>\n\n\n\n<li><strong>ORCID<\/strong>: <\/li>\n\n\n\n<li><strong>CV<\/strong>: <a href=\"https:\/\/uspdigital.usp.br\/tycho\/CurriculoLattesMostrar?codpub=E7A30CDA09BE\">Curriculum Vitae<\/a><\/li>\n<\/ul>\n<\/div>\n<\/div>\n\n\n\n<h3 class=\"wp-block-heading\">L\u00edneas de Investigaci\u00f3n<\/h3>\n\n\n\n<p>Profesor Titular del Departamento de Antropolog\u00eda Social de la Universidad de S\u00e3o Paulo (Brasil).<\/p>\n\n\n\n<p>Colaborador externo de AHCISP en los per\u00edodos 2006-2008 (2005SGR00217) y 2009-2013 (SGR2009-658)<\/p>\n<\/div><\/div>\n\n\n\n<hr class=\"wp-block-separator has-alpha-channel-opacity\" \/>\n\n\n\n<p><a href=\"https:\/\/webs.uab.cat\/ahcisp\/es\/equipo\/\">&lt;&lt; Volver a &#8216;Equipo&#8217;<\/a><\/p>\n","protected":false},"excerpt":{"rendered":"<p>Marcio Ferreira da Silva L\u00edneas de Investigaci\u00f3n Profesor Titular del Departamento de Antropolog\u00eda Social de la Universidad de S\u00e3o Paulo (Brasil). Colaborador externo de AHCISP en los per\u00edodos 2006-2008 (2005SGR00217) y 2009-2013 (SGR2009-658) &lt;&lt; Volver a &#8216;Equipo&#8217;<\/p>\n","protected":false},"author":1643,"featured_media":0,"parent":0,"menu_order":1,"comment_status":"closed","ping_status":"closed","template":"","meta":{"footnotes":""},"class_list":["post-4631","page","type-page","status-publish","hentry"],"_links":{"self":[{"href":"https:\/\/webs.uab.cat\/ahcisp\/es\/wp-json\/wp\/v2\/pages\/4631","targetHints":{"allow":["GET"]}}],"collection":[{"href":"https:\/\/webs.uab.cat\/ahcisp\/es\/wp-json\/wp\/v2\/pages"}],"about":[{"href":"https:\/\/webs.uab.cat\/ahcisp\/es\/wp-json\/wp\/v2\/types\/page"}],"author":[{"embeddable":true,"href":"https:\/\/webs.uab.cat\/ahcisp\/es\/wp-json\/wp\/v2\/users\/1643"}],"replies":[{"embeddable":true,"href":"https:\/\/webs.uab.cat\/ahcisp\/es\/wp-json\/wp\/v2\/comments?post=4631"}],"version-history":[{"count":2,"href":"https:\/\/webs.uab.cat\/ahcisp\/es\/wp-json\/wp\/v2\/pages\/4631\/revisions"}],"predecessor-version":[{"id":4884,"href":"https:\/\/webs.uab.cat\/ahcisp\/es\/wp-json\/wp\/v2\/pages\/4631\/revisions\/4884"}],"wp:attachment":[{"href":"https:\/\/webs.uab.cat\/ahcisp\/es\/wp-json\/wp\/v2\/media?parent=4631"}],"curies":[{"name":"wp","href":"https:\/\/api.w.org\/{rel}","templated":true}]}}