{"id":4646,"date":"2014-05-15T14:30:11","date_gmt":"2014-05-15T12:30:11","guid":{"rendered":"https:\/\/webs.uab.cat\/ahcisp\/?page_id=4646"},"modified":"2024-06-10T23:24:53","modified_gmt":"2024-06-10T21:24:53","slug":"maria-eugenia-ramirez-goicoechea","status":"publish","type":"page","link":"https:\/\/webs.uab.cat\/ahcisp\/es\/maria-eugenia-ramirez-goicoechea\/","title":{"rendered":"M\u00aa Eugenia Ram\u00edrez"},"content":{"rendered":"\n<div class=\"wp-block-group alignwide\"><div class=\"wp-block-group__inner-container is-layout-constrained wp-block-group-is-layout-constrained\">\n<div class=\"wp-block-columns is-layout-flex wp-container-core-columns-is-layout-9d6595d7 wp-block-columns-is-layout-flex\">\n<div class=\"wp-block-column is-layout-flow wp-block-column-is-layout-flow\" style=\"flex-basis:20%\">\n<figure class=\"wp-block-image size-full\"><img loading=\"lazy\" decoding=\"async\" width=\"360\" height=\"360\" src=\"https:\/\/webs.uab.cat\/ahcisp\/wp-content\/uploads\/sites\/320\/2024\/03\/user.jpg\" alt=\"\" class=\"wp-image-3064\" srcset=\"https:\/\/webs.uab.cat\/ahcisp\/wp-content\/uploads\/sites\/320\/2024\/03\/user.jpg 360w, https:\/\/webs.uab.cat\/ahcisp\/wp-content\/uploads\/sites\/320\/2024\/03\/user-300x300.jpg 300w, https:\/\/webs.uab.cat\/ahcisp\/wp-content\/uploads\/sites\/320\/2024\/03\/user-150x150.jpg 150w\" sizes=\"auto, (max-width: 360px) 100vw, 360px\" \/><\/figure>\n<\/div>\n\n\n\n<div class=\"wp-block-column is-layout-flow wp-block-column-is-layout-flow\" style=\"flex-basis:66.66%\">\n<h2 class=\"wp-block-heading\">Mar\u00eda Eugenia Ram\u00edrez Goicoechea<\/h2>\n\n\n\n<ul class=\"has-normal-font-size wp-block-list\">\n<li><strong>Vinculaci\u00f3n<\/strong>: antigua colaboradora, investigadora externa<\/li>\n\n\n\n<li><strong>Correo<\/strong>: <\/li>\n\n\n\n<li><strong>ORCID<\/strong>:<\/li>\n\n\n\n<li><strong><a href=\"https:\/\/www.uned.es\/universidad\/docentes\/filosofia\/eugenia-ramirez-goicoechea.html\">Perfil UNED<\/a><\/strong><\/li>\n<\/ul>\n<\/div>\n<\/div>\n\n\n\n<h3 class=\"wp-block-heading\">L\u00edneas de Investigaci\u00f3n<\/h3>\n\n\n\n<p>Catedr\u00e1tica de Universidad, UNED. Colaboradora proyecto HUMANT (HAR2013-40445-P, 2014-2017) y FROCGLOB (HAR2017-86776-P, 2018-2021)<\/p>\n<\/div><\/div>\n\n\n\n<hr class=\"wp-block-separator has-alpha-channel-opacity\" \/>\n\n\n\n<p><a href=\"https:\/\/webs.uab.cat\/ahcisp\/es\/equipo\/\">&lt;&lt; Volver a &#8216;Equipo&#8217;<\/a><\/p>\n","protected":false},"excerpt":{"rendered":"<p>Mar\u00eda Eugenia Ram\u00edrez Goicoechea L\u00edneas de Investigaci\u00f3n Catedr\u00e1tica de Universidad, UNED. Colaboradora proyecto HUMANT (HAR2013-40445-P, 2014-2017) y FROCGLOB (HAR2017-86776-P, 2018-2021) &lt;&lt; Volver a &#8216;Equipo&#8217;<\/p>\n","protected":false},"author":1643,"featured_media":0,"parent":0,"menu_order":1,"comment_status":"closed","ping_status":"closed","template":"","meta":{"footnotes":""},"class_list":["post-4646","page","type-page","status-publish","hentry"],"_links":{"self":[{"href":"https:\/\/webs.uab.cat\/ahcisp\/es\/wp-json\/wp\/v2\/pages\/4646","targetHints":{"allow":["GET"]}}],"collection":[{"href":"https:\/\/webs.uab.cat\/ahcisp\/es\/wp-json\/wp\/v2\/pages"}],"about":[{"href":"https:\/\/webs.uab.cat\/ahcisp\/es\/wp-json\/wp\/v2\/types\/page"}],"author":[{"embeddable":true,"href":"https:\/\/webs.uab.cat\/ahcisp\/es\/wp-json\/wp\/v2\/users\/1643"}],"replies":[{"embeddable":true,"href":"https:\/\/webs.uab.cat\/ahcisp\/es\/wp-json\/wp\/v2\/comments?post=4646"}],"version-history":[{"count":2,"href":"https:\/\/webs.uab.cat\/ahcisp\/es\/wp-json\/wp\/v2\/pages\/4646\/revisions"}],"predecessor-version":[{"id":4894,"href":"https:\/\/webs.uab.cat\/ahcisp\/es\/wp-json\/wp\/v2\/pages\/4646\/revisions\/4894"}],"wp:attachment":[{"href":"https:\/\/webs.uab.cat\/ahcisp\/es\/wp-json\/wp\/v2\/media?parent=4646"}],"curies":[{"name":"wp","href":"https:\/\/api.w.org\/{rel}","templated":true}]}}