{"id":1097,"date":"2014-03-20T17:45:16","date_gmt":"2014-03-20T16:45:16","guid":{"rendered":"http:\/\/blogs.uab.cat\/ahcisp\/?page_id=1097"},"modified":"2024-06-11T13:03:50","modified_gmt":"2024-06-11T11:03:50","slug":"josep-marti","status":"publish","type":"page","link":"https:\/\/webs.uab.cat\/ahcisp\/membres\/josep-marti\/","title":{"rendered":"Josep Mart\u00ed"},"content":{"rendered":"\n<div class=\"wp-block-group alignwide\"><div class=\"wp-block-group__inner-container is-layout-constrained wp-block-group-is-layout-constrained\">\n<div class=\"wp-block-columns is-layout-flex wp-container-core-columns-is-layout-9d6595d7 wp-block-columns-is-layout-flex\">\n<div class=\"wp-block-column is-layout-flow wp-block-column-is-layout-flow\" style=\"flex-basis:33.3%\">\n<figure class=\"wp-block-image size-full\"><img loading=\"lazy\" decoding=\"async\" width=\"689\" height=\"816\" src=\"https:\/\/webs.uab.cat\/ahcisp\/wp-content\/uploads\/sites\/320\/2014\/03\/Josep-Marti.jpg\" alt=\"\" class=\"wp-image-1264\" srcset=\"https:\/\/webs.uab.cat\/ahcisp\/wp-content\/uploads\/sites\/320\/2014\/03\/Josep-Marti.jpg 689w, https:\/\/webs.uab.cat\/ahcisp\/wp-content\/uploads\/sites\/320\/2014\/03\/Josep-Marti-253x300.jpg 253w\" sizes=\"auto, (max-width: 689px) 100vw, 689px\" \/><\/figure>\n<\/div>\n\n\n\n<div class=\"wp-block-column is-layout-flow wp-block-column-is-layout-flow\" style=\"flex-basis:66.66%\">\n<h2 class=\"wp-block-heading\">Josep Mart\u00ed<\/h2>\n\n\n\n<ul class=\"has-normal-font-size wp-block-list\">\n<li><strong>Vinculaci\u00f3<\/strong>: antic col\u00b7laborador<\/li>\n\n\n\n<li><strong>Correu<\/strong>: <a href=\"mailto:jmarti@imf.csic.es\">jmarti@imf.csic.es<\/a><\/li>\n\n\n\n<li><strong>ORCID<\/strong>: <a href=\"https:\/\/orcid.org\/0000-0002-3739-5072\">0000-0002-3739-5072<\/a><\/li>\n<\/ul>\n<\/div>\n<\/div>\n\n\n\n<h3 class=\"wp-block-heading\">Recerca<\/h3>\n\n\n\n<p>Investigador cient\u00edfic, Institut Mil\u00e0 i Fontanals, CSIC, Barcelona. Col.laborador d\u2019AHCISP el per\u00edode 2009-2013 (SGR2009-658)<\/p>\n\n\n\n<hr class=\"wp-block-separator has-alpha-channel-opacity\" \/>\n\n\n\n<p><a href=\"https:\/\/webs.uab.cat\/ahcisp\/equip\/\">&lt;&lt; Retornar a &#8216;L&#8217;Equip&#8217;<\/a><\/p>\n<\/div><\/div>\n","protected":false},"excerpt":{"rendered":"<p>Josep Mart\u00ed Recerca Investigador cient\u00edfic, Institut Mil\u00e0 i Fontanals, CSIC, Barcelona. Col.laborador d\u2019AHCISP el per\u00edode 2009-2013 (SGR2009-658) &lt;&lt; Retornar a &#8216;L&#8217;Equip&#8217;<\/p>\n","protected":false},"author":2545,"featured_media":0,"parent":1679,"menu_order":1,"comment_status":"closed","ping_status":"closed","template":"","meta":{"footnotes":""},"class_list":["post-1097","page","type-page","status-publish","hentry"],"_links":{"self":[{"href":"https:\/\/webs.uab.cat\/ahcisp\/wp-json\/wp\/v2\/pages\/1097","targetHints":{"allow":["GET"]}}],"collection":[{"href":"https:\/\/webs.uab.cat\/ahcisp\/wp-json\/wp\/v2\/pages"}],"about":[{"href":"https:\/\/webs.uab.cat\/ahcisp\/wp-json\/wp\/v2\/types\/page"}],"author":[{"embeddable":true,"href":"https:\/\/webs.uab.cat\/ahcisp\/wp-json\/wp\/v2\/users\/2545"}],"replies":[{"embeddable":true,"href":"https:\/\/webs.uab.cat\/ahcisp\/wp-json\/wp\/v2\/comments?post=1097"}],"version-history":[{"count":7,"href":"https:\/\/webs.uab.cat\/ahcisp\/wp-json\/wp\/v2\/pages\/1097\/revisions"}],"predecessor-version":[{"id":5047,"href":"https:\/\/webs.uab.cat\/ahcisp\/wp-json\/wp\/v2\/pages\/1097\/revisions\/5047"}],"up":[{"embeddable":true,"href":"https:\/\/webs.uab.cat\/ahcisp\/wp-json\/wp\/v2\/pages\/1679"}],"wp:attachment":[{"href":"https:\/\/webs.uab.cat\/ahcisp\/wp-json\/wp\/v2\/media?parent=1097"}],"curies":[{"name":"wp","href":"https:\/\/api.w.org\/{rel}","templated":true}]}}