{"id":1199,"date":"2014-05-15T14:26:35","date_gmt":"2014-05-15T13:26:35","guid":{"rendered":"http:\/\/blogs.uab.cat\/ahcisp\/?page_id=1199"},"modified":"2024-06-11T13:05:09","modified_gmt":"2024-06-11T11:05:09","slug":"enric-porqueres","status":"publish","type":"page","link":"https:\/\/webs.uab.cat\/ahcisp\/membres\/enric-porqueres\/","title":{"rendered":"Enric Porqueres"},"content":{"rendered":"\n<div class=\"wp-block-group alignwide\"><div class=\"wp-block-group__inner-container is-layout-constrained wp-block-group-is-layout-constrained\">\n<div class=\"wp-block-columns is-layout-flex wp-container-core-columns-is-layout-9d6595d7 wp-block-columns-is-layout-flex\">\n<div class=\"wp-block-column is-layout-flow wp-block-column-is-layout-flow\" style=\"flex-basis:33.3%\">\n<figure class=\"wp-block-image size-full\"><img loading=\"lazy\" decoding=\"async\" width=\"360\" height=\"360\" src=\"https:\/\/webs.uab.cat\/ahcisp\/wp-content\/uploads\/sites\/320\/2024\/03\/user.jpg\" alt=\"\" class=\"wp-image-3064\" srcset=\"https:\/\/webs.uab.cat\/ahcisp\/wp-content\/uploads\/sites\/320\/2024\/03\/user.jpg 360w, https:\/\/webs.uab.cat\/ahcisp\/wp-content\/uploads\/sites\/320\/2024\/03\/user-300x300.jpg 300w, https:\/\/webs.uab.cat\/ahcisp\/wp-content\/uploads\/sites\/320\/2024\/03\/user-150x150.jpg 150w\" sizes=\"auto, (max-width: 360px) 100vw, 360px\" \/><\/figure>\n<\/div>\n\n\n\n<div class=\"wp-block-column is-layout-flow wp-block-column-is-layout-flow\" style=\"flex-basis:66.66%\">\n<h2 class=\"wp-block-heading\">Enric Porqueres i Gen\u00e9<\/h2>\n\n\n\n<ul class=\"has-normal-font-size wp-block-list\">\n<li><strong>Vinculaci\u00f3<\/strong>: antic col\u00b7laborador<\/li>\n\n\n\n<li><strong><a href=\"http:\/\/crh.ehess.fr\/index.php?468\">Perfil CRH<\/a><\/strong><\/li>\n\n\n\n<li><strong><a href=\"https:\/\/dialnet.unirioja.es\/descarga\/articulo\/7247551.pdf\">In Memoriam (Dialnet)<\/a><\/strong><\/li>\n<\/ul>\n<\/div>\n<\/div>\n\n\n\n<h3 class=\"wp-block-heading\">Recerca<\/h3>\n\n\n\n<p>Enric Porqueres i Gen\u00e9 (1962-2018) Va ser <em>Directeur d\u2019\u00c9tudes <\/em>a l\u2019<em>\u00c9cole des Hautes \u00c9tudes en Sciences Sociales <\/em>(Paris). Investigador del CNRS, Grup de recreca LAIOS (<em>Laboratoire d\u2019Anthropologie des Institutions et des Organisations Sociales<\/em>). Col.laborador extern d\u2019AHCISP els per\u00edodes, 2009-2013 (SGR2009-658) i 2014-2017 (SGR2014-00891); Col.laborador extern de l\u2019equip de recerca dels Projectes <em>Identidades ambivalentes. Estudio comparativo sobre sistemas de clasificaci\u00f3n social en Europa, Am\u00e9rica y \u00c1frica<\/em> (HAR2008-04582\/HIST) i <em>Estudio antropol\u00f3gico comparativo de las nociones de ser humano (HUMANT)<\/em> (HAR2013- 40445P). El llibre resultant d\u2019aquest projecte li \u00e9s dedicat: Ventura, M., J.-Ll. Mateo y M. Clua (Eds.) 2018 <em>Humanidad. Categor\u00eda o condici\u00f3n. Un viaje antropol\u00f3gico<\/em>, Ed. Bellaterra.<\/p>\n<\/div><\/div>\n\n\n\n<hr class=\"wp-block-separator has-alpha-channel-opacity\" \/>\n\n\n\n<p><a href=\"https:\/\/webs.uab.cat\/ahcisp\/equip\/\">&lt;&lt; Retornar a &#8216;L&#8217;Equip&#8217;<\/a><\/p>\n","protected":false},"excerpt":{"rendered":"<p>Enric Porqueres i Gen\u00e9 Recerca Enric Porqueres i Gen\u00e9 (1962-2018) Va ser Directeur d\u2019\u00c9tudes a l\u2019\u00c9cole des Hautes \u00c9tudes en Sciences Sociales (Paris). Investigador del CNRS, Grup de recreca LAIOS (Laboratoire d\u2019Anthropologie des Institutions et des Organisations Sociales). Col.laborador extern d\u2019AHCISP els per\u00edodes, 2009-2013 (SGR2009-658) i 2014-2017 (SGR2014-00891); Col.laborador extern de l\u2019equip de recerca dels [&hellip;]<\/p>\n","protected":false},"author":2545,"featured_media":0,"parent":1679,"menu_order":1,"comment_status":"closed","ping_status":"closed","template":"","meta":{"footnotes":""},"class_list":["post-1199","page","type-page","status-publish","hentry"],"_links":{"self":[{"href":"https:\/\/webs.uab.cat\/ahcisp\/wp-json\/wp\/v2\/pages\/1199","targetHints":{"allow":["GET"]}}],"collection":[{"href":"https:\/\/webs.uab.cat\/ahcisp\/wp-json\/wp\/v2\/pages"}],"about":[{"href":"https:\/\/webs.uab.cat\/ahcisp\/wp-json\/wp\/v2\/types\/page"}],"author":[{"embeddable":true,"href":"https:\/\/webs.uab.cat\/ahcisp\/wp-json\/wp\/v2\/users\/2545"}],"replies":[{"embeddable":true,"href":"https:\/\/webs.uab.cat\/ahcisp\/wp-json\/wp\/v2\/comments?post=1199"}],"version-history":[{"count":8,"href":"https:\/\/webs.uab.cat\/ahcisp\/wp-json\/wp\/v2\/pages\/1199\/revisions"}],"predecessor-version":[{"id":5050,"href":"https:\/\/webs.uab.cat\/ahcisp\/wp-json\/wp\/v2\/pages\/1199\/revisions\/5050"}],"up":[{"embeddable":true,"href":"https:\/\/webs.uab.cat\/ahcisp\/wp-json\/wp\/v2\/pages\/1679"}],"wp:attachment":[{"href":"https:\/\/webs.uab.cat\/ahcisp\/wp-json\/wp\/v2\/media?parent=1199"}],"curies":[{"name":"wp","href":"https:\/\/api.w.org\/{rel}","templated":true}]}}