{"id":1204,"date":"2014-05-15T14:30:11","date_gmt":"2014-05-15T13:30:11","guid":{"rendered":"http:\/\/blogs.uab.cat\/ahcisp\/?page_id=1204"},"modified":"2024-06-11T12:53:55","modified_gmt":"2024-06-11T10:53:55","slug":"maria-eugenia-ramirez-goicoechea","status":"publish","type":"page","link":"https:\/\/webs.uab.cat\/ahcisp\/membres\/maria-eugenia-ramirez-goicoechea\/","title":{"rendered":"Mar\u00eda Eugenia Ram\u00edrez Goicoechea"},"content":{"rendered":"\n<div class=\"wp-block-group alignwide\"><div class=\"wp-block-group__inner-container is-layout-constrained wp-block-group-is-layout-constrained\">\n<div class=\"wp-block-columns is-layout-flex wp-container-core-columns-is-layout-9d6595d7 wp-block-columns-is-layout-flex\">\n<div class=\"wp-block-column is-layout-flow wp-block-column-is-layout-flow\" style=\"flex-basis:33.3%\">\n<figure class=\"wp-block-image size-full\"><img loading=\"lazy\" decoding=\"async\" width=\"360\" height=\"360\" src=\"https:\/\/webs.uab.cat\/ahcisp\/wp-content\/uploads\/sites\/320\/2024\/03\/user.jpg\" alt=\"\" class=\"wp-image-3064\" srcset=\"https:\/\/webs.uab.cat\/ahcisp\/wp-content\/uploads\/sites\/320\/2024\/03\/user.jpg 360w, https:\/\/webs.uab.cat\/ahcisp\/wp-content\/uploads\/sites\/320\/2024\/03\/user-300x300.jpg 300w, https:\/\/webs.uab.cat\/ahcisp\/wp-content\/uploads\/sites\/320\/2024\/03\/user-150x150.jpg 150w\" sizes=\"auto, (max-width: 360px) 100vw, 360px\" \/><\/figure>\n<\/div>\n\n\n\n<div class=\"wp-block-column is-layout-flow wp-block-column-is-layout-flow\" style=\"flex-basis:66.66%\">\n<h2 class=\"wp-block-heading\">Mar\u00eda Eugenia Ram\u00edrez Goicoechea<\/h2>\n\n\n\n<ul class=\"has-normal-font-size wp-block-list\">\n<li><strong>Vinculaci\u00f3<\/strong>: antiga col\u00b7laboradora, investigadora externa<\/li>\n\n\n\n<li><strong>Correu<\/strong>: <\/li>\n\n\n\n<li><strong>ORCID<\/strong>:<\/li>\n\n\n\n<li><strong><a href=\"https:\/\/www.uned.es\/universidad\/docentes\/filosofia\/eugenia-ramirez-goicoechea.html\">Perfil UNED<\/a><\/strong><\/li>\n<\/ul>\n<\/div>\n<\/div>\n\n\n\n<h3 class=\"wp-block-heading\">Recerca<\/h3>\n\n\n\n<p>Catedr\u00e0tica d\u2019Universitat, UNED. Col.laboradora projecte HUMANT (HAR2013-40445-P, 2014-2017) i FROCGLOB (HAR2017-86776-P, 2018-2021)<\/p>\n<\/div><\/div>\n\n\n\n<hr class=\"wp-block-separator has-alpha-channel-opacity\" \/>\n\n\n\n<p><a href=\"https:\/\/webs.uab.cat\/ahcisp\/equip\/\">&lt;&lt; Retornar a &#8216;L&#8217;Equip&#8217;<\/a><\/p>\n","protected":false},"excerpt":{"rendered":"<p>Mar\u00eda Eugenia Ram\u00edrez Goicoechea Recerca Catedr\u00e0tica d\u2019Universitat, UNED. Col.laboradora projecte HUMANT (HAR2013-40445-P, 2014-2017) i FROCGLOB (HAR2017-86776-P, 2018-2021) &lt;&lt; Retornar a &#8216;L&#8217;Equip&#8217;<\/p>\n","protected":false},"author":2545,"featured_media":0,"parent":1679,"menu_order":1,"comment_status":"closed","ping_status":"closed","template":"","meta":{"footnotes":""},"class_list":["post-1204","page","type-page","status-publish","hentry"],"_links":{"self":[{"href":"https:\/\/webs.uab.cat\/ahcisp\/wp-json\/wp\/v2\/pages\/1204","targetHints":{"allow":["GET"]}}],"collection":[{"href":"https:\/\/webs.uab.cat\/ahcisp\/wp-json\/wp\/v2\/pages"}],"about":[{"href":"https:\/\/webs.uab.cat\/ahcisp\/wp-json\/wp\/v2\/types\/page"}],"author":[{"embeddable":true,"href":"https:\/\/webs.uab.cat\/ahcisp\/wp-json\/wp\/v2\/users\/2545"}],"replies":[{"embeddable":true,"href":"https:\/\/webs.uab.cat\/ahcisp\/wp-json\/wp\/v2\/comments?post=1204"}],"version-history":[{"count":3,"href":"https:\/\/webs.uab.cat\/ahcisp\/wp-json\/wp\/v2\/pages\/1204\/revisions"}],"predecessor-version":[{"id":5034,"href":"https:\/\/webs.uab.cat\/ahcisp\/wp-json\/wp\/v2\/pages\/1204\/revisions\/5034"}],"up":[{"embeddable":true,"href":"https:\/\/webs.uab.cat\/ahcisp\/wp-json\/wp\/v2\/pages\/1679"}],"wp:attachment":[{"href":"https:\/\/webs.uab.cat\/ahcisp\/wp-json\/wp\/v2\/media?parent=1204"}],"curies":[{"name":"wp","href":"https:\/\/api.w.org\/{rel}","templated":true}]}}