{"id":1293,"date":"2014-10-28T15:16:33","date_gmt":"2014-10-28T14:16:33","guid":{"rendered":"http:\/\/blogs.uab.cat\/ahcisp\/?page_id=1293"},"modified":"2024-06-11T13:03:27","modified_gmt":"2024-06-11T11:03:27","slug":"maite-marin","status":"publish","type":"page","link":"https:\/\/webs.uab.cat\/ahcisp\/membres\/maite-marin\/","title":{"rendered":"Maite Mar\u00edn"},"content":{"rendered":"\n<div class=\"wp-block-group alignwide\"><div class=\"wp-block-group__inner-container is-layout-constrained wp-block-group-is-layout-constrained\">\n<div class=\"wp-block-columns is-layout-flex wp-container-core-columns-is-layout-9d6595d7 wp-block-columns-is-layout-flex\">\n<div class=\"wp-block-column is-layout-flow wp-block-column-is-layout-flow\" style=\"flex-basis:33.33%\">\n<figure class=\"wp-block-image size-full\"><img loading=\"lazy\" decoding=\"async\" width=\"1448\" height=\"1931\" src=\"https:\/\/webs.uab.cat\/ahcisp\/wp-content\/uploads\/sites\/320\/2024\/06\/maite-marin.jpg\" alt=\"\" class=\"wp-image-4512\" srcset=\"https:\/\/webs.uab.cat\/ahcisp\/wp-content\/uploads\/sites\/320\/2024\/06\/maite-marin.jpg 1448w, https:\/\/webs.uab.cat\/ahcisp\/wp-content\/uploads\/sites\/320\/2024\/06\/maite-marin-225x300.jpg 225w, https:\/\/webs.uab.cat\/ahcisp\/wp-content\/uploads\/sites\/320\/2024\/06\/maite-marin-768x1024.jpg 768w, https:\/\/webs.uab.cat\/ahcisp\/wp-content\/uploads\/sites\/320\/2024\/06\/maite-marin-1152x1536.jpg 1152w, https:\/\/webs.uab.cat\/ahcisp\/wp-content\/uploads\/sites\/320\/2024\/06\/maite-marin-1200x1600.jpg 1200w\" sizes=\"auto, (max-width: 1448px) 100vw, 1448px\" \/><\/figure>\n<\/div>\n\n\n\n<div class=\"wp-block-column is-layout-flow wp-block-column-is-layout-flow\" style=\"flex-basis:66.66%\">\n<h2 class=\"wp-block-heading\">Maite Mar\u00edn Salamero<\/h2>\n\n\n\n<ul class=\"has-normal-font-size wp-block-list\">\n<li><strong>Vinculaci\u00f3<\/strong>: antiga col\u00b7laboradora<\/li>\n\n\n\n<li><strong>Correu<\/strong>: <\/li>\n\n\n\n<li><strong>ORCID<\/strong>:<\/li>\n<\/ul>\n<\/div>\n<\/div>\n\n\n\n<h3 class=\"wp-block-heading\">Recerca<\/h3>\n\n\n\n<p>Doctora en Antropologia Social i Cultural per la UAB (2023), col.laboradora externa d\u2019AHCISP el per\u00edode 2014-2017 (SGR2014-00891) i membre de l\u2019equip de recerca del projecte <em>Cooperaci\u00f3n e intervenci\u00f3n exterior en el Ecuador ind\u00edgena: efectos socioambientales, culturales y de g\u00e9nero ante el nuevo contexto (<\/em>MAEC-AECID, Becas de Investigaci\u00f3n para y sobre el Desarrollo, 2015-16).<\/p>\n\n\n\n<hr class=\"wp-block-separator has-alpha-channel-opacity\" \/>\n\n\n\n<p><a href=\"https:\/\/webs.uab.cat\/ahcisp\/equip\/\">&lt;&lt; Retornar a &#8216;L&#8217;Equip&#8217;<\/a><\/p>\n<\/div><\/div>\n","protected":false},"excerpt":{"rendered":"<p>Maite Mar\u00edn Salamero Recerca Doctora en Antropologia Social i Cultural per la UAB (2023), col.laboradora externa d\u2019AHCISP el per\u00edode 2014-2017 (SGR2014-00891) i membre de l\u2019equip de recerca del projecte Cooperaci\u00f3n e intervenci\u00f3n exterior en el Ecuador ind\u00edgena: efectos socioambientales, culturales y de g\u00e9nero ante el nuevo contexto (MAEC-AECID, Becas de Investigaci\u00f3n para y sobre el [&hellip;]<\/p>\n","protected":false},"author":2545,"featured_media":0,"parent":1679,"menu_order":0,"comment_status":"closed","ping_status":"closed","template":"","meta":{"footnotes":""},"class_list":["post-1293","page","type-page","status-publish","hentry"],"_links":{"self":[{"href":"https:\/\/webs.uab.cat\/ahcisp\/wp-json\/wp\/v2\/pages\/1293","targetHints":{"allow":["GET"]}}],"collection":[{"href":"https:\/\/webs.uab.cat\/ahcisp\/wp-json\/wp\/v2\/pages"}],"about":[{"href":"https:\/\/webs.uab.cat\/ahcisp\/wp-json\/wp\/v2\/types\/page"}],"author":[{"embeddable":true,"href":"https:\/\/webs.uab.cat\/ahcisp\/wp-json\/wp\/v2\/users\/2545"}],"replies":[{"embeddable":true,"href":"https:\/\/webs.uab.cat\/ahcisp\/wp-json\/wp\/v2\/comments?post=1293"}],"version-history":[{"count":5,"href":"https:\/\/webs.uab.cat\/ahcisp\/wp-json\/wp\/v2\/pages\/1293\/revisions"}],"predecessor-version":[{"id":5046,"href":"https:\/\/webs.uab.cat\/ahcisp\/wp-json\/wp\/v2\/pages\/1293\/revisions\/5046"}],"up":[{"embeddable":true,"href":"https:\/\/webs.uab.cat\/ahcisp\/wp-json\/wp\/v2\/pages\/1679"}],"wp:attachment":[{"href":"https:\/\/webs.uab.cat\/ahcisp\/wp-json\/wp\/v2\/media?parent=1293"}],"curies":[{"name":"wp","href":"https:\/\/api.w.org\/{rel}","templated":true}]}}