{"id":1848,"date":"2024-01-25T17:12:15","date_gmt":"2024-01-25T15:12:15","guid":{"rendered":"https:\/\/webs.uab.cat\/ahcisp\/?page_id=1848"},"modified":"2024-06-10T20:53:37","modified_gmt":"2024-06-10T18:53:37","slug":"vanessa-gaibar-constanso","status":"publish","type":"page","link":"https:\/\/webs.uab.cat\/ahcisp\/grup\/vanessa-gaibar-constanso\/","title":{"rendered":"Vanessa Gaibar Constans\u00f3"},"content":{"rendered":"\n<div class=\"wp-block-group alignwide\"><div class=\"wp-block-group__inner-container is-layout-constrained wp-block-group-is-layout-constrained\">\n<div class=\"wp-block-columns is-layout-flex wp-container-core-columns-is-layout-9d6595d7 wp-block-columns-is-layout-flex\">\n<div class=\"wp-block-column is-layout-flow wp-block-column-is-layout-flow\" style=\"flex-basis:33.33%\">\n<figure class=\"wp-block-image size-full\"><img loading=\"lazy\" decoding=\"async\" width=\"736\" height=\"1022\" src=\"https:\/\/webs.uab.cat\/ahcisp\/wp-content\/uploads\/sites\/320\/2024\/01\/Vanessa-Gaibar-Constanso.png\" alt=\"\" class=\"wp-image-1845\" srcset=\"https:\/\/webs.uab.cat\/ahcisp\/wp-content\/uploads\/sites\/320\/2024\/01\/Vanessa-Gaibar-Constanso.png 736w, https:\/\/webs.uab.cat\/ahcisp\/wp-content\/uploads\/sites\/320\/2024\/01\/Vanessa-Gaibar-Constanso-216x300.png 216w\" sizes=\"auto, (max-width: 736px) 100vw, 736px\" \/><\/figure>\n<\/div>\n\n\n\n<div class=\"wp-block-column is-layout-flow wp-block-column-is-layout-flow\" style=\"flex-basis:66.66%\">\n<h2 class=\"wp-block-heading\">Vanessa Gaibar Constans\u00f3<\/h2>\n\n\n\n<ul class=\"has-small-font-size wp-block-list\">\n<li><strong>Vinculaci\u00f3<\/strong>: col\u00b7laboradora, investigadora externa<\/li>\n\n\n\n<li><strong>Correu<\/strong>: <a href=\"mailto:vanessa.gaibar@gmail.com\" target=\"_blank\" rel=\"noreferrer noopener\">vanessa.gaibar@gmail.com<\/a><\/li>\n\n\n\n<li><strong>ORCID<\/strong>: <\/li>\n\n\n\n<li><a rel=\"noreferrer noopener\" href=\"https:\/\/uab.academia.edu\/VanessaGaibarConstans\u00f3\" target=\"_blank\"><strong>Academia.edu<\/strong><\/a> <\/li>\n\n\n\n<li><strong><a rel=\"noreferrer noopener\" href=\"https:\/\/www.linkedin.com\/in\/vanessa-gaibar-constanso\/\" target=\"_blank\">Linkedin<\/a><\/strong><\/li>\n<\/ul>\n<\/div>\n<\/div>\n\n\n\n<h3 class=\"wp-block-heading\">Recerca<\/h3>\n\n\n\n<p>Els meus temes de recerca i d\u2019inter\u00e8s s\u00f3n la hist\u00f2ria colonial i post-colonial, les q\u00fcestions identit\u00e0ries, el nacionalisme i la noci\u00f3 de ciutadania, les relacions \u201cmixtes\u201d, les relacions de g\u00e8nere i els feminismes interseccionals. La meva recerca acad\u00e8mica s\u2019ha focalitzat a l\u2019Orient Mitj\u00e0 i, m\u00e9s concretament, a l\u2019Estat d\u2019Israel i als Territoris Palestins Ocupats. L\u2019any 2019 vaig rebre una beca Schumann per treballar a la Direcci\u00f3 de Pol\u00edtica Exterior del Parlament Europeu per l\u2019Orient Mitj\u00e0 i el Nord d\u2019\u00c0frica. Paral\u00b7lelament, he exercit com a investigadora i consultora en drets humans a nivell local i internacional, col\u00b7laborant amb diferents entitats p\u00fabliques, ONGs i organismes internacionals. Alguns dels meus temes de recerca han estat la igualtat de g\u00e8nere i la prevenci\u00f3 de viol\u00e8ncies masclistes (Ajuntament de Terrassa, CAEPA-Cameroon), la representaci\u00f3 audiovisual \u00e8tica en el sector humanitari (UNICEF) i les pr\u00e0ctiques de restauraci\u00f3 de terres a l\u2019Am\u00e8rica Llatina i el Carib (UNCCD).<\/p>\n\n\n\n<h4 class=\"wp-block-heading has-text-align-center\">Publicacions<\/h4>\n\n\n\n<ul class=\"wp-block-list\">\n<li><strong>\u201cTerritorios en disputa: mapas, fronteras y grupos sociales en Tierra Santa\u201d<\/strong>. En Ventura M., Clua M., Mateo J. LL. (Coord). <em>\u00c1reas Culturales, Antropolog\u00eda en un mundo de fronteras<\/em>. Ediciones Bellaterra 2022.<\/li>\n\n\n\n<li><strong>\u201cEstrategias de deshumanizaci\u00f3n de la poblaci\u00f3n palestina: campa\u00f1as ciudadanas contra parejas palestino-jud\u00edas en Israel&#8221;<\/strong>. En Ventura M., Clua M., Mateo J. LL. (Coord), <em>Humanidad: categor\u00eda o condici\u00f3n. Un viaje antropol\u00f3gico<\/em>. Ediciones Bellaterra 2018.<\/li>\n<\/ul>\n\n\n\n<hr class=\"wp-block-separator has-alpha-channel-opacity\" \/>\n\n\n\n<p><a href=\"https:\/\/webs.uab.cat\/ahcisp\/equip\/\">&lt;&lt; Retornar a &#8216;L&#8217;Equip&#8217;<\/a><\/p>\n<\/div><\/div>\n","protected":false},"excerpt":{"rendered":"<p>Vanessa Gaibar Constans\u00f3 Recerca Els meus temes de recerca i d\u2019inter\u00e8s s\u00f3n la hist\u00f2ria colonial i post-colonial, les q\u00fcestions identit\u00e0ries, el nacionalisme i la noci\u00f3 de ciutadania, les relacions \u201cmixtes\u201d, les relacions de g\u00e8nere i els feminismes interseccionals. La meva recerca acad\u00e8mica s\u2019ha focalitzat a l\u2019Orient Mitj\u00e0 i, m\u00e9s concretament, a l\u2019Estat d\u2019Israel i als [&hellip;]<\/p>\n","protected":false},"author":1643,"featured_media":0,"parent":891,"menu_order":0,"comment_status":"closed","ping_status":"closed","template":"","meta":{"footnotes":""},"class_list":["post-1848","page","type-page","status-publish","hentry"],"_links":{"self":[{"href":"https:\/\/webs.uab.cat\/ahcisp\/wp-json\/wp\/v2\/pages\/1848","targetHints":{"allow":["GET"]}}],"collection":[{"href":"https:\/\/webs.uab.cat\/ahcisp\/wp-json\/wp\/v2\/pages"}],"about":[{"href":"https:\/\/webs.uab.cat\/ahcisp\/wp-json\/wp\/v2\/types\/page"}],"author":[{"embeddable":true,"href":"https:\/\/webs.uab.cat\/ahcisp\/wp-json\/wp\/v2\/users\/1643"}],"replies":[{"embeddable":true,"href":"https:\/\/webs.uab.cat\/ahcisp\/wp-json\/wp\/v2\/comments?post=1848"}],"version-history":[{"count":20,"href":"https:\/\/webs.uab.cat\/ahcisp\/wp-json\/wp\/v2\/pages\/1848\/revisions"}],"predecessor-version":[{"id":4712,"href":"https:\/\/webs.uab.cat\/ahcisp\/wp-json\/wp\/v2\/pages\/1848\/revisions\/4712"}],"up":[{"embeddable":true,"href":"https:\/\/webs.uab.cat\/ahcisp\/wp-json\/wp\/v2\/pages\/891"}],"wp:attachment":[{"href":"https:\/\/webs.uab.cat\/ahcisp\/wp-json\/wp\/v2\/media?parent=1848"}],"curies":[{"name":"wp","href":"https:\/\/api.w.org\/{rel}","templated":true}]}}