{"id":2454,"date":"2024-02-03T16:35:30","date_gmt":"2024-02-03T14:35:30","guid":{"rendered":"https:\/\/webs.uab.cat\/ahcisp\/?page_id=2454"},"modified":"2024-06-10T20:53:29","modified_gmt":"2024-06-10T18:53:29","slug":"silvia-g-alvarez-litben","status":"publish","type":"page","link":"https:\/\/webs.uab.cat\/ahcisp\/silvia-g-alvarez-litben\/","title":{"rendered":"Silvia G. \u00c1lvarez Litben"},"content":{"rendered":"\n<div class=\"wp-block-group alignwide\"><div class=\"wp-block-group__inner-container is-layout-constrained wp-block-group-is-layout-constrained\">\n<div class=\"wp-block-columns is-layout-flex wp-container-core-columns-is-layout-9d6595d7 wp-block-columns-is-layout-flex\">\n<div class=\"wp-block-column is-layout-flow wp-block-column-is-layout-flow\" style=\"flex-basis:33.33%\">\n<figure class=\"wp-block-image size-full\"><img loading=\"lazy\" decoding=\"async\" width=\"777\" height=\"1024\" src=\"https:\/\/webs.uab.cat\/ahcisp\/wp-content\/uploads\/sites\/320\/2024\/02\/Silvia-Graciela-Alvarez-Litben.jpeg\" alt=\"\" class=\"wp-image-2460\" srcset=\"https:\/\/webs.uab.cat\/ahcisp\/wp-content\/uploads\/sites\/320\/2024\/02\/Silvia-Graciela-Alvarez-Litben.jpeg 777w, https:\/\/webs.uab.cat\/ahcisp\/wp-content\/uploads\/sites\/320\/2024\/02\/Silvia-Graciela-Alvarez-Litben-228x300.jpeg 228w, https:\/\/webs.uab.cat\/ahcisp\/wp-content\/uploads\/sites\/320\/2024\/02\/Silvia-Graciela-Alvarez-Litben-768x1012.jpeg 768w\" sizes=\"auto, (max-width: 777px) 100vw, 777px\" \/><\/figure>\n<\/div>\n\n\n\n<div class=\"wp-block-column is-layout-flow wp-block-column-is-layout-flow\" style=\"flex-basis:66.66%\">\n<h2 class=\"wp-block-heading\">Silvia G. \u00c1lvarez Litben<\/h2>\n\n\n\n<ul class=\"has-small-font-size wp-block-list\">\n<li><strong>Vinculaci\u00f3<\/strong>: Col\u00b7laboradora<\/li>\n\n\n\n<li><strong>Correu<\/strong>: <a href=\"mailto:silvia.alvarez@uab.cat\" target=\"_blank\" rel=\"noreferrer noopener\">silvia.alvarez@uab.cat<\/a><\/li>\n\n\n\n<li><strong>ORCID<\/strong>: <a href=\"https:\/\/orcid.org\/0000-0002-9092-1764\">0000-0002-9092-1764<\/a><\/li>\n\n\n\n<li><a href=\"https:\/\/www.researchgate.net\/profile\/Silvia-Alvarez-Litben\" target=\"_blank\" rel=\"noreferrer noopener\"><strong>ResearchGate<\/strong><\/a><\/li>\n<\/ul>\n<\/div>\n<\/div>\n\n\n\n<h3 class=\"wp-block-heading\">Recerca<\/h3>\n\n\n\n<p>Fundadora i Directora del \u201cGrup\u00a0de\u00a0Recerca Interdisciplinari,\u00a0Hist\u00f2rica, Ambiental i Cultural\u201d \u2013\u00a0GIRHAC\u00a0de la UAB. Els meus temes de recerca s\u00f3n: a) Processos de resist\u00e8ncia \u00e8tnica a Am\u00e8rica; b) Pol\u00edtiques socials, processos de desenvolupament i el concepte de Bon Viure (Sumak\u00a0Kawsay); c) Construcci\u00f3 d&#8217;identitats i territorialitat \u00e8tnica en la costa equatoriana; d) Relacions societat-naturalesa(s) i\u00a0colonialitat; e) \u00das de tecnologies prehisp\u00e0niques per la gesti\u00f3 de l&#8217;aigua; f) Organitzaci\u00f3 comunal, gesti\u00f3 dels recursos col\u00b7lectius, i sostenibilitat; g) Transfer\u00e8ncia i aplicaci\u00f3 de coneixement cient\u00edfic a trav\u00e9s de museus, documentals i consultories; i h) Patrimonis culturals, sabers ancestrals, i an\u00e0lisis simb\u00f2lics.\u00a0 Com a l\u00ednies i temes de\u00a0inter\u00e8s\u00a0destaco: a) Relacions inter-\u00e8tniques, interculturalitat, aculturaci\u00f3; b) Recerca interdisciplin\u00e0ria qualitativa i participativa; c) Processos de transformaci\u00f3 social i ambiental de llarga durada i d) Gesti\u00f3 de b\u00e9ns comunals.\u00a0<br><\/p>\n\n\n\n<p>Actualment assessora del <a href=\"http:\/\/www.complejoculturalrealalto.org\/\">\u201cComplejo Cultural Real Alto\u201d en la Comuna\u00a0Pechiche, Santa Elena, Equador<\/a>.<\/p>\n\n\n\n<h4 class=\"wp-block-heading has-text-align-center\">Publicacions<\/h4>\n\n\n\n<ul class=\"wp-block-list\">\n<li>2023 Silvia G. \u00c1lvarez Litben, Jag\u00fceyes o albarradas: un oasis para el bosque seco tropical, en: VERDECUADOR (23): 20-29, abril-mayo ISSN 2737-4635<\/li>\n\n\n\n<li>2022 Silvia G. \u00c1lvarez y M\u00f3nica Burmester, El poder de lo simb\u00f3lico en los territorios ancestrales de la Costa del Ecuador: una mirada en perspectiva ambiental, En: <em>Antropolog\u00edas hechas en Ecuador. El quehacer antropol\u00f3gico-Tomo IV<\/em> \/ Tania Gonz\u00e1lez R., Catalina Campo Imbaquingo, Jos\u00e9 E. Juncosa B., Fernando Garc\u00eda S. (Editores) 1ra. Edici\u00f3n en espa\u00f1ol. Asociaci\u00f3n Latinoamericana de Antropolog\u00eda; editorial Abya-Yala; Universidad Polit\u00e9cnica Salesiana (UPS) y la Facultad Latinoamericana de Ciencias Sociales (FLACSO-Ecuador) pp.314-330 (Cap\u00edtulo de libro) <a href=\"https:\/\/asociacionlatinoamericanadeantropologia.net\/portal\/wp-content\/uploads\/2022\/07\/Antropologi%CC%81as-hechas-en-Ecuador-Tomo-IV-OK.pdf\">https:\/\/asociacionlatinoamericanadeantropologia.net\/portal\/wp-content\/uploads\/2022\/07\/Antropologi%CC%81as-hechas-en-Ecuador-Tomo-IV-OK.pdf<\/a><\/li>\n\n\n\n<li>2021 Sustentabilidad cultural y gesti\u00f3n comunal del agua en la costa de Ecuador: jag\u00fceyes o albarradas y tapes o represas en: Sustainability in Debate &#8211; Bras\u00edlia, v. 12, n.1, p. 117-132, apr\/2021 <a href=\"https:\/\/periodicos.unb.br\/index.php\/sust\/article\/view\/35516\">https:\/\/periodicos.unb.br\/index.php\/sust\/article\/view\/35516<\/a><\/li>\n\n\n\n<li>2021&nbsp;El papel de la antropolog\u00eda en la politizaci\u00f3n de la violencia de g\u00e9nero. Charla de Silvia \u00c1lvarez Litben, en: Activando. Arte, pensamiento y acciones para politizar la violencia de g\u00e9nero Universidad de las Artes, Mu\u00e9gano Teatro, Editorial Festina Lente, <a href=\"mailto:editorialfestinalenteinfo@editorialfestinalente.com\">editorialfestinalenteinfo@editorialfestinalente.com<\/a><\/li>\n\n\n\n<li>2019 El paro popular e ind\u00edgena de 2019 en Ecuador. Una cr\u00f3nica etnografiada desde la costa. En: Perif\u00e8ria, revista de recerca i formaci\u00f3 en antropologia, 24(2), pp. 289-303. <a href=\"https:\/\/doi.org\/10.5565\/rev\/periferia.711\">https:\/\/doi.org\/10.5565\/rev\/periferia.711<\/a><\/li>\n<\/ul>\n<\/div><\/div>\n\n\n\n<hr class=\"wp-block-separator has-alpha-channel-opacity\" \/>\n\n\n\n<p><a href=\"https:\/\/webs.uab.cat\/ahcisp\/equip\/\">&lt;&lt; Retornar a &#8216;L&#8217;Equip&#8217;<\/a><\/p>\n","protected":false},"excerpt":{"rendered":"<p>Silvia G. \u00c1lvarez Litben Recerca Fundadora i Directora del \u201cGrup\u00a0de\u00a0Recerca Interdisciplinari,\u00a0Hist\u00f2rica, Ambiental i Cultural\u201d \u2013\u00a0GIRHAC\u00a0de la UAB. Els meus temes de recerca s\u00f3n: a) Processos de resist\u00e8ncia \u00e8tnica a Am\u00e8rica; b) Pol\u00edtiques socials, processos de desenvolupament i el concepte de Bon Viure (Sumak\u00a0Kawsay); c) Construcci\u00f3 d&#8217;identitats i territorialitat \u00e8tnica en la costa equatoriana; d) Relacions [&hellip;]<\/p>\n","protected":false},"author":1643,"featured_media":0,"parent":0,"menu_order":0,"comment_status":"closed","ping_status":"closed","template":"","meta":{"footnotes":""},"class_list":["post-2454","page","type-page","status-publish","hentry"],"_links":{"self":[{"href":"https:\/\/webs.uab.cat\/ahcisp\/wp-json\/wp\/v2\/pages\/2454","targetHints":{"allow":["GET"]}}],"collection":[{"href":"https:\/\/webs.uab.cat\/ahcisp\/wp-json\/wp\/v2\/pages"}],"about":[{"href":"https:\/\/webs.uab.cat\/ahcisp\/wp-json\/wp\/v2\/types\/page"}],"author":[{"embeddable":true,"href":"https:\/\/webs.uab.cat\/ahcisp\/wp-json\/wp\/v2\/users\/1643"}],"replies":[{"embeddable":true,"href":"https:\/\/webs.uab.cat\/ahcisp\/wp-json\/wp\/v2\/comments?post=2454"}],"version-history":[{"count":8,"href":"https:\/\/webs.uab.cat\/ahcisp\/wp-json\/wp\/v2\/pages\/2454\/revisions"}],"predecessor-version":[{"id":4707,"href":"https:\/\/webs.uab.cat\/ahcisp\/wp-json\/wp\/v2\/pages\/2454\/revisions\/4707"}],"wp:attachment":[{"href":"https:\/\/webs.uab.cat\/ahcisp\/wp-json\/wp\/v2\/media?parent=2454"}],"curies":[{"name":"wp","href":"https:\/\/api.w.org\/{rel}","templated":true}]}}