{"id":2493,"date":"2024-02-03T18:17:59","date_gmt":"2024-02-03T16:17:59","guid":{"rendered":"https:\/\/webs.uab.cat\/ahcisp\/?page_id=2493"},"modified":"2024-06-10T21:02:06","modified_gmt":"2024-06-10T19:02:06","slug":"margherita-tancini","status":"publish","type":"page","link":"https:\/\/webs.uab.cat\/ahcisp\/margherita-tancini\/","title":{"rendered":"Margherita Tancini"},"content":{"rendered":"\n<div class=\"wp-block-group alignwide\"><div class=\"wp-block-group__inner-container is-layout-constrained wp-block-group-is-layout-constrained\">\n<div class=\"wp-block-columns is-layout-flex wp-container-core-columns-is-layout-9d6595d7 wp-block-columns-is-layout-flex\">\n<div class=\"wp-block-column is-layout-flow wp-block-column-is-layout-flow\" style=\"flex-basis:33.33%\">\n<figure class=\"wp-block-image size-full\"><img loading=\"lazy\" decoding=\"async\" width=\"824\" height=\"1024\" src=\"https:\/\/webs.uab.cat\/ahcisp\/wp-content\/uploads\/sites\/320\/2024\/02\/Margherita-Tancini.jpg\" alt=\"\" class=\"wp-image-2490\" srcset=\"https:\/\/webs.uab.cat\/ahcisp\/wp-content\/uploads\/sites\/320\/2024\/02\/Margherita-Tancini.jpg 824w, https:\/\/webs.uab.cat\/ahcisp\/wp-content\/uploads\/sites\/320\/2024\/02\/Margherita-Tancini-241x300.jpg 241w, https:\/\/webs.uab.cat\/ahcisp\/wp-content\/uploads\/sites\/320\/2024\/02\/Margherita-Tancini-768x954.jpg 768w\" sizes=\"auto, (max-width: 824px) 100vw, 824px\" \/><\/figure>\n<\/div>\n\n\n\n<div class=\"wp-block-column is-layout-flow wp-block-column-is-layout-flow\" style=\"flex-basis:66.66%\">\n<h2 class=\"wp-block-heading\">Margherita Tancini<\/h2>\n\n\n\n<ul class=\"has-small-font-size wp-block-list\">\n<li><strong>Vinculaci\u00f3<\/strong>: doctoranda<\/li>\n\n\n\n<li><strong>Correu<\/strong>: <a href=\"mailto:1625518@uab.cat\" target=\"_blank\" rel=\"noreferrer noopener\">1625518@uab.cat <\/a><\/li>\n\n\n\n<li><strong>ORCID<\/strong>: <\/li>\n<\/ul>\n<\/div>\n<\/div>\n\n\n\n<h3 class=\"wp-block-heading\">Recerca<\/h3>\n\n\n\n<p>Actualment treballant en un investigaci\u00f3 de doctorat amb l&#8217;objectiu d&#8217;analitzar el desenvolupament tur\u00edstic de la prov\u00edncia de Manabi, Equador. En concret, la tesi \u00e9s centra en com ha evolucionat el turisme en les comunitats de Pile i Ayampe des d&#8217;una perspectiva d&#8217;identitats de g\u00e8nere. Les meves principals l\u00ednies d&#8217;investigaci\u00f3 s\u00f3n espec\u00edficament identitat local de la prov\u00edncia de Manabi, turisme comunitari, g\u00e8nere i dones turistes \u201csolo travelers\u201d.<\/p>\n\n\n\n<p>He tingut el plaer de participar com a ponent en confer\u00e8ncies com el congr\u00e9s internacional \u00abCiencia, investigaci\u00f3n, desarrollo y tecnolog\u00eda\u00bb per la Universidad Estatal del Sur de Manab\u00ed (mar\u00e7 2023), congr\u00e9s internacional SOCANTUR (juny 2023), congr\u00e9s Antropolog\u00eda ASAEE (setembre 2023) i en el \u00abForo internacional de mujeres poderosas y resilientes reactivando la econom\u00eda 2020\u00bb per el col.lectiu \u201cAlas -ec\u201d.<\/p>\n\n\n\n<hr class=\"wp-block-separator has-alpha-channel-opacity\" \/>\n\n\n\n<p><a href=\"https:\/\/webs.uab.cat\/ahcisp\/equip\/\">&lt;&lt; Retornar a &#8216;L&#8217;Equip&#8217;<\/a><\/p>\n<\/div><\/div>\n","protected":false},"excerpt":{"rendered":"<p>Margherita Tancini Recerca Actualment treballant en un investigaci\u00f3 de doctorat amb l&#8217;objectiu d&#8217;analitzar el desenvolupament tur\u00edstic de la prov\u00edncia de Manabi, Equador. En concret, la tesi \u00e9s centra en com ha evolucionat el turisme en les comunitats de Pile i Ayampe des d&#8217;una perspectiva d&#8217;identitats de g\u00e8nere. Les meves principals l\u00ednies d&#8217;investigaci\u00f3 s\u00f3n espec\u00edficament identitat [&hellip;]<\/p>\n","protected":false},"author":1643,"featured_media":0,"parent":0,"menu_order":0,"comment_status":"closed","ping_status":"closed","template":"","meta":{"footnotes":""},"class_list":["post-2493","page","type-page","status-publish","hentry"],"_links":{"self":[{"href":"https:\/\/webs.uab.cat\/ahcisp\/wp-json\/wp\/v2\/pages\/2493","targetHints":{"allow":["GET"]}}],"collection":[{"href":"https:\/\/webs.uab.cat\/ahcisp\/wp-json\/wp\/v2\/pages"}],"about":[{"href":"https:\/\/webs.uab.cat\/ahcisp\/wp-json\/wp\/v2\/types\/page"}],"author":[{"embeddable":true,"href":"https:\/\/webs.uab.cat\/ahcisp\/wp-json\/wp\/v2\/users\/1643"}],"replies":[{"embeddable":true,"href":"https:\/\/webs.uab.cat\/ahcisp\/wp-json\/wp\/v2\/comments?post=2493"}],"version-history":[{"count":2,"href":"https:\/\/webs.uab.cat\/ahcisp\/wp-json\/wp\/v2\/pages\/2493\/revisions"}],"predecessor-version":[{"id":4734,"href":"https:\/\/webs.uab.cat\/ahcisp\/wp-json\/wp\/v2\/pages\/2493\/revisions\/4734"}],"wp:attachment":[{"href":"https:\/\/webs.uab.cat\/ahcisp\/wp-json\/wp\/v2\/media?parent=2493"}],"curies":[{"name":"wp","href":"https:\/\/api.w.org\/{rel}","templated":true}]}}