{"id":2552,"date":"2024-02-03T18:30:47","date_gmt":"2024-02-03T16:30:47","guid":{"rendered":"https:\/\/webs.uab.cat\/ahcisp\/?page_id=2552"},"modified":"2024-06-10T21:02:26","modified_gmt":"2024-06-10T19:02:26","slug":"luisa-pelaez-cordoba","status":"publish","type":"page","link":"https:\/\/webs.uab.cat\/ahcisp\/luisa-pelaez-cordoba\/","title":{"rendered":"Luisa Pelaez Cordoba"},"content":{"rendered":"\n<div class=\"wp-block-group alignwide\"><div class=\"wp-block-group__inner-container is-layout-constrained wp-block-group-is-layout-constrained\">\n<div class=\"wp-block-columns is-layout-flex wp-container-core-columns-is-layout-9d6595d7 wp-block-columns-is-layout-flex\">\n<div class=\"wp-block-column is-layout-flow wp-block-column-is-layout-flow\" style=\"flex-basis:33.33%\">\n<figure class=\"wp-block-image size-full\"><img loading=\"lazy\" decoding=\"async\" width=\"494\" height=\"659\" src=\"https:\/\/webs.uab.cat\/ahcisp\/wp-content\/uploads\/sites\/320\/2024\/02\/Luisa-Pelaez-Cordoba.jpeg\" alt=\"\" class=\"wp-image-2514\" srcset=\"https:\/\/webs.uab.cat\/ahcisp\/wp-content\/uploads\/sites\/320\/2024\/02\/Luisa-Pelaez-Cordoba.jpeg 494w, https:\/\/webs.uab.cat\/ahcisp\/wp-content\/uploads\/sites\/320\/2024\/02\/Luisa-Pelaez-Cordoba-225x300.jpeg 225w\" sizes=\"auto, (max-width: 494px) 100vw, 494px\" \/><\/figure>\n<\/div>\n\n\n\n<div class=\"wp-block-column is-layout-flow wp-block-column-is-layout-flow\" style=\"flex-basis:66.66%\">\n<h2 class=\"wp-block-heading\">Luisa Pelaez Cordoba<\/h2>\n\n\n\n<ul class=\"has-small-font-size wp-block-list\">\n<li><strong>Vinculaci\u00f3<\/strong>: doctoranda<\/li>\n\n\n\n<li><strong>Correu<\/strong>: <a href=\"mailto:luisafernanda.pelaez@autonoma.cat\" target=\"_blank\" rel=\"noreferrer noopener\">luisafernanda.pelaez@autonoma.cat <\/a><\/li>\n\n\n\n<li><strong>ORCID<\/strong>: <a href=\"https:\/\/orcid.org\/0000-0003-2156-8191\">0000-0003-2156-8191<\/a><\/li>\n<\/ul>\n<\/div>\n<\/div>\n\n\n\n<h3 class=\"wp-block-heading\">Recerca<\/h3>\n\n\n\n<p>Els meus temes de recerca estan enfocats a la Reproducci\u00f3 Social, Drets Sexuals i Reproductius, Desenvolupament Infantil, Crian\u00e7a i Cultura, Cures comunit\u00e0ries, Ritualitat i Medicines Tradicionals. El meu treball d\u2019investigaci\u00f3 s&#8217;ha ubicat principalment en comunitats \u00e8tniques del Sud-Occident colombi\u00e0, particularment en comunitats afro-descendents que viuen al Pac\u00edfic del Sud de Col\u00f2mbia. S\u00f3c col\u00b7laboradora al Col\u00b7lectiu d&#8217;Estudis Llatinoamericans (CELAB) de la UAB, una xarxa d&#8217;investigadors Llatinoamericans a Catalunya enfocats a difondre coneixements sobre diferents \u00e0rees sobre la regi\u00f3.<\/p>\n\n\n\n<hr class=\"wp-block-separator has-alpha-channel-opacity\" \/>\n\n\n\n<p><a href=\"https:\/\/webs.uab.cat\/ahcisp\/equip\/\">&lt;&lt; Retornar a &#8216;L&#8217;Equip&#8217;<\/a><\/p>\n<\/div><\/div>\n","protected":false},"excerpt":{"rendered":"<p>Luisa Pelaez Cordoba Recerca Els meus temes de recerca estan enfocats a la Reproducci\u00f3 Social, Drets Sexuals i Reproductius, Desenvolupament Infantil, Crian\u00e7a i Cultura, Cures comunit\u00e0ries, Ritualitat i Medicines Tradicionals. El meu treball d\u2019investigaci\u00f3 s&#8217;ha ubicat principalment en comunitats \u00e8tniques del Sud-Occident colombi\u00e0, particularment en comunitats afro-descendents que viuen al Pac\u00edfic del Sud de Col\u00f2mbia. [&hellip;]<\/p>\n","protected":false},"author":1643,"featured_media":0,"parent":0,"menu_order":0,"comment_status":"closed","ping_status":"closed","template":"","meta":{"footnotes":""},"class_list":["post-2552","page","type-page","status-publish","hentry"],"_links":{"self":[{"href":"https:\/\/webs.uab.cat\/ahcisp\/wp-json\/wp\/v2\/pages\/2552","targetHints":{"allow":["GET"]}}],"collection":[{"href":"https:\/\/webs.uab.cat\/ahcisp\/wp-json\/wp\/v2\/pages"}],"about":[{"href":"https:\/\/webs.uab.cat\/ahcisp\/wp-json\/wp\/v2\/types\/page"}],"author":[{"embeddable":true,"href":"https:\/\/webs.uab.cat\/ahcisp\/wp-json\/wp\/v2\/users\/1643"}],"replies":[{"embeddable":true,"href":"https:\/\/webs.uab.cat\/ahcisp\/wp-json\/wp\/v2\/comments?post=2552"}],"version-history":[{"count":2,"href":"https:\/\/webs.uab.cat\/ahcisp\/wp-json\/wp\/v2\/pages\/2552\/revisions"}],"predecessor-version":[{"id":4746,"href":"https:\/\/webs.uab.cat\/ahcisp\/wp-json\/wp\/v2\/pages\/2552\/revisions\/4746"}],"wp:attachment":[{"href":"https:\/\/webs.uab.cat\/ahcisp\/wp-json\/wp\/v2\/media?parent=2552"}],"curies":[{"name":"wp","href":"https:\/\/api.w.org\/{rel}","templated":true}]}}