{"id":2561,"date":"2024-02-03T18:45:11","date_gmt":"2024-02-03T16:45:11","guid":{"rendered":"https:\/\/webs.uab.cat\/ahcisp\/?page_id=2561"},"modified":"2024-06-10T20:53:41","modified_gmt":"2024-06-10T18:53:41","slug":"maria-laura-zulaica","status":"publish","type":"page","link":"https:\/\/webs.uab.cat\/ahcisp\/maria-laura-zulaica\/","title":{"rendered":"Mar\u00eda Laura Zulaica"},"content":{"rendered":"\n<div class=\"wp-block-group alignwide\"><div class=\"wp-block-group__inner-container is-layout-constrained wp-block-group-is-layout-constrained\">\n<div class=\"wp-block-columns is-layout-flex wp-container-core-columns-is-layout-9d6595d7 wp-block-columns-is-layout-flex\">\n<div class=\"wp-block-column is-layout-flow wp-block-column-is-layout-flow\" style=\"flex-basis:33.33%\">\n<figure class=\"wp-block-image size-full\"><img loading=\"lazy\" decoding=\"async\" width=\"601\" height=\"801\" src=\"https:\/\/webs.uab.cat\/ahcisp\/wp-content\/uploads\/sites\/320\/2024\/02\/Laura_Zulaica.jpeg\" alt=\"\" class=\"wp-image-2511\" srcset=\"https:\/\/webs.uab.cat\/ahcisp\/wp-content\/uploads\/sites\/320\/2024\/02\/Laura_Zulaica.jpeg 601w, https:\/\/webs.uab.cat\/ahcisp\/wp-content\/uploads\/sites\/320\/2024\/02\/Laura_Zulaica-225x300.jpeg 225w\" sizes=\"auto, (max-width: 601px) 100vw, 601px\" \/><\/figure>\n<\/div>\n\n\n\n<div class=\"wp-block-column is-layout-flow wp-block-column-is-layout-flow\" style=\"flex-basis:66.66%\">\n<h2 class=\"wp-block-heading\">Mar\u00eda Laura Zulaica<\/h2>\n\n\n\n<ul class=\"has-small-font-size wp-block-list\">\n<li><strong>Vinculaci\u00f3<\/strong>: Col\u00b7laboradora<\/li>\n\n\n\n<li><strong>Correu<\/strong>: <a href=\"mailto:laurazulaica@conicet.gov.ar\" target=\"_blank\" rel=\"noreferrer noopener\">laurazulaica@conicet.gov.ar<\/a><\/li>\n\n\n\n<li><strong>ORCID<\/strong>: <a href=\"http:\/\/orcid.org\/0000-0001-8101-5957\" target=\"_blank\" rel=\"noreferrer noopener\">0000-0001-8101-5957<\/a><\/li>\n\n\n\n<li><a href=\"https:\/\/www.conicet.gov.ar\/new_scp\/detalle.php?id=36194&amp;datos_academicos=yes\">CONICET<\/a><\/li>\n<\/ul>\n<\/div>\n<\/div>\n\n\n\n<h3 class=\"wp-block-heading\">Recerca<\/h3>\n\n\n\n<p><\/p>\n\n\n\n<p>Directora del Grup d&#8217;Estudis Ambientals Urbans i Periurbans de l&#8217;Institut de l&#8217;H\u00e0bitat i de l&#8217;Ambient (IHAM), Facultat d&#8217;Arquitectura, Urbanisme i Disseny (FAUD) de la Universitat Nacional de Mar del Plata (UNMdP, Argentina). Les meves investigacions se centren en estudis de les relacions complexes que emergeixen entre la societat i la naturalesa a trav\u00e9s del temps. Partint dels debats actuals al voltant de les nocions de sostenibilitat i desenvolupament sostenible, les meves investigacions m\u00e9s recents s&#8217;enfoquen en la construcci\u00f3 i l&#8217;avaluaci\u00f3 d&#8217;indicadors i \u00edndexs ambientals i de sostenibilitat entre els camps d&#8217;aplicaci\u00f3 dels quals es destaquen: la gesti\u00f3 ambiental i de l&#8217;h\u00e0bitat, ordenament territorial i avaluaci\u00f3 ambiental. Les meves experi\u00e8ncies en recerca intenten contribuir amb possibles solucions a les problem\u00e0tiques ambientals i de sostenibilitat en diferents \u00e0mbits territorials mitjan\u00e7ant inst\u00e0ncies de vinculaci\u00f3 i transfer\u00e8ncia.<\/p>\n\n\n\n<hr class=\"wp-block-separator has-alpha-channel-opacity\" \/>\n\n\n\n<p><a href=\"https:\/\/webs.uab.cat\/ahcisp\/equip\/\">&lt;&lt; Retornar a &#8216;L&#8217;Equip&#8217;<\/a><\/p>\n<\/div><\/div>\n","protected":false},"excerpt":{"rendered":"<p>Mar\u00eda Laura Zulaica Recerca Directora del Grup d&#8217;Estudis Ambientals Urbans i Periurbans de l&#8217;Institut de l&#8217;H\u00e0bitat i de l&#8217;Ambient (IHAM), Facultat d&#8217;Arquitectura, Urbanisme i Disseny (FAUD) de la Universitat Nacional de Mar del Plata (UNMdP, Argentina). Les meves investigacions se centren en estudis de les relacions complexes que emergeixen entre la societat i la naturalesa [&hellip;]<\/p>\n","protected":false},"author":1643,"featured_media":0,"parent":0,"menu_order":0,"comment_status":"closed","ping_status":"closed","template":"","meta":{"footnotes":""},"class_list":["post-2561","page","type-page","status-publish","hentry"],"_links":{"self":[{"href":"https:\/\/webs.uab.cat\/ahcisp\/wp-json\/wp\/v2\/pages\/2561","targetHints":{"allow":["GET"]}}],"collection":[{"href":"https:\/\/webs.uab.cat\/ahcisp\/wp-json\/wp\/v2\/pages"}],"about":[{"href":"https:\/\/webs.uab.cat\/ahcisp\/wp-json\/wp\/v2\/types\/page"}],"author":[{"embeddable":true,"href":"https:\/\/webs.uab.cat\/ahcisp\/wp-json\/wp\/v2\/users\/1643"}],"replies":[{"embeddable":true,"href":"https:\/\/webs.uab.cat\/ahcisp\/wp-json\/wp\/v2\/comments?post=2561"}],"version-history":[{"count":4,"href":"https:\/\/webs.uab.cat\/ahcisp\/wp-json\/wp\/v2\/pages\/2561\/revisions"}],"predecessor-version":[{"id":4714,"href":"https:\/\/webs.uab.cat\/ahcisp\/wp-json\/wp\/v2\/pages\/2561\/revisions\/4714"}],"wp:attachment":[{"href":"https:\/\/webs.uab.cat\/ahcisp\/wp-json\/wp\/v2\/media?parent=2561"}],"curies":[{"name":"wp","href":"https:\/\/api.w.org\/{rel}","templated":true}]}}