{"id":2576,"date":"2024-02-03T19:04:58","date_gmt":"2024-02-03T17:04:58","guid":{"rendered":"https:\/\/webs.uab.cat\/ahcisp\/?page_id=2576"},"modified":"2024-06-10T21:02:13","modified_gmt":"2024-06-10T19:02:13","slug":"ignacio-contreras-ilabaca","status":"publish","type":"page","link":"https:\/\/webs.uab.cat\/ahcisp\/ignacio-contreras-ilabaca\/","title":{"rendered":"Ignacio Contreras Ilabaca"},"content":{"rendered":"\n<div class=\"wp-block-group alignwide\"><div class=\"wp-block-group__inner-container is-layout-constrained wp-block-group-is-layout-constrained\">\n<div class=\"wp-block-columns is-layout-flex wp-container-core-columns-is-layout-9d6595d7 wp-block-columns-is-layout-flex\">\n<div class=\"wp-block-column is-layout-flow wp-block-column-is-layout-flow\" style=\"flex-basis:33.33%\">\n<figure class=\"wp-block-image size-full\"><img loading=\"lazy\" decoding=\"async\" width=\"471\" height=\"470\" src=\"https:\/\/webs.uab.cat\/ahcisp\/wp-content\/uploads\/sites\/320\/2024\/02\/Ignacio_Contreras.jpeg\" alt=\"\" class=\"wp-image-2548\" srcset=\"https:\/\/webs.uab.cat\/ahcisp\/wp-content\/uploads\/sites\/320\/2024\/02\/Ignacio_Contreras.jpeg 471w, https:\/\/webs.uab.cat\/ahcisp\/wp-content\/uploads\/sites\/320\/2024\/02\/Ignacio_Contreras-300x300.jpeg 300w, https:\/\/webs.uab.cat\/ahcisp\/wp-content\/uploads\/sites\/320\/2024\/02\/Ignacio_Contreras-150x150.jpeg 150w\" sizes=\"auto, (max-width: 471px) 100vw, 471px\" \/><\/figure>\n<\/div>\n\n\n\n<div class=\"wp-block-column is-layout-flow wp-block-column-is-layout-flow\" style=\"flex-basis:66.66%\">\n<h2 class=\"wp-block-heading\">Ignacio Contreras Ilabaca<\/h2>\n\n\n\n<ul class=\"has-normal-font-size wp-block-list\">\n<li><strong>Vinculaci\u00f3<\/strong>: Doctorand Becari<\/li>\n\n\n\n<li><strong>Correu<\/strong>: <a href=\"mailto:ignacio.contrerasi@autonoma.cat\" target=\"_blank\" rel=\"noreferrer noopener\">ignacio.contrerasi@autonoma.cat  <\/a><\/li>\n\n\n\n<li><strong>ORCID<\/strong>: <a href=\"https:\/\/orcid.org\/0000-0002-7881-6830\" target=\"_blank\" rel=\"noreferrer noopener\">0000-0002-7881-6830<\/a><\/li>\n<\/ul>\n<\/div>\n<\/div>\n\n\n\n<h3 class=\"wp-block-heading\">Recerca<\/h3>\n\n\n\n<p>Soci\u00f2leg amb experi\u00e8ncia en treball de camp a l&#8217;Amaz\u00f2nia Equatoriana. Llicenciat en Sociologia (2017, Universitat de Concepci\u00f3n, Xile) i M\u00e0ster en Antropologia Visual (2020, FLACSO, Equador). Actualment \u00e9s becari doctoral pel Programa de Formaci\u00f3 de Capital Hum\u00e0 Avan\u00e7at de l&#8217;Ag\u00e8ncia Nacional de Recerca i Desenvolupament de Xile (2020-2025) i est\u00e0 adscrit al Grup de Recerca Antropologia i Hist\u00f2ria de la Construcci\u00f3 de les Identitats Socials i Pol\u00edtiques (AHCISP) al Departament d&#8217;Antropologia Social i Cultural de la Universitat Aut\u00f2noma de Barcelona. Les seves l\u00ednies de recerca es troben entre l&#8217;etnologia ind\u00edgena de les terres baixes d&#8217;Am\u00e8rica del Sud i els estudis visuals. A la seva tesi de doctorat investiga la fabricaci\u00f3 d&#8217;imatges i les relacions entre cosmologia amer\u00edndia i r\u00e8gims visuals en un grup ind\u00edgena Tukano Occidental de l&#8217;Amaz\u00f2nia Equatoriana.<\/p>\n\n\n\n<h4 class=\"wp-block-heading has-text-align-center\">Publicacions<\/h4>\n\n\n\n<ul class=\"wp-block-list\">\n<li>Contreras, I. (2020). No-humanos, tiempo-espacio y socialidad amaz\u00f3nica entre los llanchama runa del r\u00edo Tiputini. <em>Anthropologica<\/em>, <em>38<\/em>(45), 85-107. <a href=\"https:\/\/doi.org\/10.18800\/anthropologica.202002.004\">https:\/\/doi.org\/10.18800\/anthropologica.202002.004<\/a><\/li>\n<\/ul>\n\n\n\n<hr class=\"wp-block-separator has-alpha-channel-opacity\" \/>\n\n\n\n<p><a href=\"https:\/\/webs.uab.cat\/ahcisp\/equip\/\">&lt;&lt; Retornar a &#8216;L&#8217;Equip&#8217;<\/a><\/p>\n<\/div><\/div>\n","protected":false},"excerpt":{"rendered":"<p>Ignacio Contreras Ilabaca Recerca Soci\u00f2leg amb experi\u00e8ncia en treball de camp a l&#8217;Amaz\u00f2nia Equatoriana. Llicenciat en Sociologia (2017, Universitat de Concepci\u00f3n, Xile) i M\u00e0ster en Antropologia Visual (2020, FLACSO, Equador). Actualment \u00e9s becari doctoral pel Programa de Formaci\u00f3 de Capital Hum\u00e0 Avan\u00e7at de l&#8217;Ag\u00e8ncia Nacional de Recerca i Desenvolupament de Xile (2020-2025) i est\u00e0 adscrit [&hellip;]<\/p>\n","protected":false},"author":1643,"featured_media":0,"parent":0,"menu_order":0,"comment_status":"closed","ping_status":"closed","template":"","meta":{"footnotes":""},"class_list":["post-2576","page","type-page","status-publish","hentry"],"_links":{"self":[{"href":"https:\/\/webs.uab.cat\/ahcisp\/wp-json\/wp\/v2\/pages\/2576","targetHints":{"allow":["GET"]}}],"collection":[{"href":"https:\/\/webs.uab.cat\/ahcisp\/wp-json\/wp\/v2\/pages"}],"about":[{"href":"https:\/\/webs.uab.cat\/ahcisp\/wp-json\/wp\/v2\/types\/page"}],"author":[{"embeddable":true,"href":"https:\/\/webs.uab.cat\/ahcisp\/wp-json\/wp\/v2\/users\/1643"}],"replies":[{"embeddable":true,"href":"https:\/\/webs.uab.cat\/ahcisp\/wp-json\/wp\/v2\/comments?post=2576"}],"version-history":[{"count":7,"href":"https:\/\/webs.uab.cat\/ahcisp\/wp-json\/wp\/v2\/pages\/2576\/revisions"}],"predecessor-version":[{"id":4739,"href":"https:\/\/webs.uab.cat\/ahcisp\/wp-json\/wp\/v2\/pages\/2576\/revisions\/4739"}],"wp:attachment":[{"href":"https:\/\/webs.uab.cat\/ahcisp\/wp-json\/wp\/v2\/media?parent=2576"}],"curies":[{"name":"wp","href":"https:\/\/api.w.org\/{rel}","templated":true}]}}