{"id":2587,"date":"2024-02-03T19:18:49","date_gmt":"2024-02-03T17:18:49","guid":{"rendered":"https:\/\/webs.uab.cat\/ahcisp\/?page_id=2587"},"modified":"2024-06-10T21:02:12","modified_gmt":"2024-06-10T19:02:12","slug":"gloria-e-casanova-molina","status":"publish","type":"page","link":"https:\/\/webs.uab.cat\/ahcisp\/gloria-e-casanova-molina\/","title":{"rendered":"Gloria E. Casanova Molina"},"content":{"rendered":"\n<div class=\"wp-block-group alignwide\"><div class=\"wp-block-group__inner-container is-layout-constrained wp-block-group-is-layout-constrained\">\n<div class=\"wp-block-columns is-layout-flex wp-container-core-columns-is-layout-9d6595d7 wp-block-columns-is-layout-flex\">\n<div class=\"wp-block-column is-layout-flow wp-block-column-is-layout-flow\" style=\"flex-basis:33.3%\">\n<figure class=\"wp-block-image size-full\"><img loading=\"lazy\" decoding=\"async\" width=\"627\" height=\"837\" src=\"https:\/\/webs.uab.cat\/ahcisp\/wp-content\/uploads\/sites\/320\/2024\/02\/Gloria-Casanova.png\" alt=\"\" class=\"wp-image-2545\" srcset=\"https:\/\/webs.uab.cat\/ahcisp\/wp-content\/uploads\/sites\/320\/2024\/02\/Gloria-Casanova.png 627w, https:\/\/webs.uab.cat\/ahcisp\/wp-content\/uploads\/sites\/320\/2024\/02\/Gloria-Casanova-225x300.png 225w\" sizes=\"auto, (max-width: 627px) 100vw, 627px\" \/><\/figure>\n<\/div>\n\n\n\n<div class=\"wp-block-column is-layout-flow wp-block-column-is-layout-flow\" style=\"flex-basis:66.66%\">\n<h2 class=\"wp-block-heading\">Gloria E. Casanova Molina<\/h2>\n\n\n\n<ul class=\"has-normal-font-size wp-block-list\">\n<li><strong>Vinculaci\u00f3<\/strong>: doctoranda<\/li>\n\n\n\n<li><strong>Correu<\/strong>: <a href=\"mailto:vanessa.gaibar@gmail.com\" target=\"_blank\" rel=\"noreferrer noopener\"><\/a><a href=\"mailto:gloria.casanova@uab.cat\">gloria.casanova@uab.cat<\/a><\/li>\n\n\n\n<li><strong>ORCID<\/strong>:&nbsp;<a href=\"https:\/\/orcid.org\/0000-0003-2889-693X\">0000-0003-2889-693X<\/a><\/li>\n\n\n\n<li><a href=\"https:\/\/portalrecerca.uab.cat\/en\/persons\/gloria-e-casanova-molina\">Portal de Recerca UAB -EGRETA<\/a><\/li>\n<\/ul>\n<\/div>\n<\/div>\n\n\n\n<h3 class=\"wp-block-heading\">Recerca<\/h3>\n\n\n\n<p>Les meves l\u00ednies de recerca s\u00f3n:<\/p>\n\n\n\n<ul class=\"wp-block-list\">\n<li>Antropologia de i des dels cossos<\/li>\n\n\n\n<li>Antropologia de les emocions i afectes<\/li>\n\n\n\n<li>Antropologia de la subjectivitat<\/li>\n\n\n\n<li>Antropologia del g\u00e8nere i sexualitat<\/li>\n\n\n\n<li>Antropologia feminista<\/li>\n<\/ul>\n\n\n\n<p>Els meus temes d&#8217;inter\u00e8s s\u00f3n les intersexualitats, dissid\u00e8ncies sexe-afectives i corporals, processos de construcci\u00f3 identit\u00e0ria i <em>embodiment<\/em> o encarnaci\u00f3 sexual.<\/p>\n\n\n\n<p>Soc integrant del grup Estudis Socials i de G\u00e8nere sobre la Corporalitat i la Subjectivitat (LIS) <a href=\"https:\/\/webs.uab.cat\/lis\/es\/vinculos\/\">https:\/\/webs.uab.cat\/lis\/es\/vinculos\/<\/a><\/p>\n\n\n\n<p>Formo part de la <a href=\"https:\/\/red.antropologiadelcuerpo.com\/index.php\/category\/investigadores\/chile\/\">Xarxa de Recerca de i des dels Cossos<\/a> i participo al <a href=\"https:\/\/www.antropologia.cat\/grups-de-treball\/grup-antropologia-del-cos-i-la%20-sexualitat\/\">Grup de Recerca en Antropologia del Cos i la Sexualitat (GRACS)<\/a> de l&#8217;Institut Catal\u00e0 d&#8217;Antropologia. Bec\u00e0ria doctoral. Projecte de recerca N\u00ba72210444, finan\u00e7at per Programa de Formaci\u00f3 de Capital Hum\u00e0 Avan\u00e7at de l&#8217;Associaci\u00f3 Nacional de Recerca i Desenvolupament de Xile (ANID)<\/p>\n\n\n\n<h4 class=\"wp-block-heading has-text-align-center\">Publicacions<\/h4>\n\n\n\n<ul class=\"wp-block-list\">\n<li>Casanova Molina, Gloria. E. (2021). Cuerpos ficticios, identidades falseadas: la construcci\u00f3n socio-m\u00e9dica de la(s) intersexualidad(es),&nbsp;en <em>Ponto Urbe<\/em> (29)<em>,<\/em> 1-20.&nbsp; <a href=\"https:\/\/doi.org\/10.4000\/pontourbe.11112\">https:\/\/doi.org\/10.4000\/pontourbe.11112<\/a><\/li>\n\n\n\n<li>Casanova Molina, Gloria. E. (2022). Infancia subalterna: Reflexiones en torno al control del cuerpo y de la sexualidad de la ni\u00f1ez intersex en Chile, en <em>Revista de Antropolog\u00eda Social <\/em>32(1), 29-39. <a href=\"https:\/\/dx.doi.org\/10.5209\/raso.87298\">https:\/\/dx.doi.org\/10.5209\/raso.87298<\/a><\/li>\n\n\n\n<li>Casanova-Molina, Gloria E. (2023). Aproximaciones te\u00f3ricas desde la comprensi\u00f3n del cuerpo como construcci\u00f3n socio-cultural hasta la experiencia del cuerpo sujeto.\u00a0<em>Rumbos TS<\/em>,\u00a0<em>18<\/em>(30), 135-150. \u00a0<a href=\"https:\/\/doi.org\/10.51188\/rrts.num30.751\">https:\/\/doi.org\/10.51188\/rrts.num30.751<\/a><\/li>\n<\/ul>\n\n\n\n<hr class=\"wp-block-separator has-alpha-channel-opacity\" \/>\n\n\n\n<p><a href=\"https:\/\/webs.uab.cat\/ahcisp\/equip\/\">&lt;&lt; Retornar a &#8216;L&#8217;Equip&#8217;<\/a><\/p>\n<\/div><\/div>\n","protected":false},"excerpt":{"rendered":"<p>Gloria E. Casanova Molina Recerca Les meves l\u00ednies de recerca s\u00f3n: Els meus temes d&#8217;inter\u00e8s s\u00f3n les intersexualitats, dissid\u00e8ncies sexe-afectives i corporals, processos de construcci\u00f3 identit\u00e0ria i embodiment o encarnaci\u00f3 sexual. Soc integrant del grup Estudis Socials i de G\u00e8nere sobre la Corporalitat i la Subjectivitat (LIS) https:\/\/webs.uab.cat\/lis\/es\/vinculos\/ Formo part de la Xarxa de Recerca [&hellip;]<\/p>\n","protected":false},"author":1643,"featured_media":0,"parent":0,"menu_order":0,"comment_status":"closed","ping_status":"closed","template":"","meta":{"footnotes":""},"class_list":["post-2587","page","type-page","status-publish","hentry"],"_links":{"self":[{"href":"https:\/\/webs.uab.cat\/ahcisp\/wp-json\/wp\/v2\/pages\/2587","targetHints":{"allow":["GET"]}}],"collection":[{"href":"https:\/\/webs.uab.cat\/ahcisp\/wp-json\/wp\/v2\/pages"}],"about":[{"href":"https:\/\/webs.uab.cat\/ahcisp\/wp-json\/wp\/v2\/types\/page"}],"author":[{"embeddable":true,"href":"https:\/\/webs.uab.cat\/ahcisp\/wp-json\/wp\/v2\/users\/1643"}],"replies":[{"embeddable":true,"href":"https:\/\/webs.uab.cat\/ahcisp\/wp-json\/wp\/v2\/comments?post=2587"}],"version-history":[{"count":7,"href":"https:\/\/webs.uab.cat\/ahcisp\/wp-json\/wp\/v2\/pages\/2587\/revisions"}],"predecessor-version":[{"id":4738,"href":"https:\/\/webs.uab.cat\/ahcisp\/wp-json\/wp\/v2\/pages\/2587\/revisions\/4738"}],"wp:attachment":[{"href":"https:\/\/webs.uab.cat\/ahcisp\/wp-json\/wp\/v2\/media?parent=2587"}],"curies":[{"name":"wp","href":"https:\/\/api.w.org\/{rel}","templated":true}]}}