{"id":2601,"date":"2024-02-03T19:34:28","date_gmt":"2024-02-03T17:34:28","guid":{"rendered":"https:\/\/webs.uab.cat\/ahcisp\/?page_id=2601"},"modified":"2025-03-08T19:05:08","modified_gmt":"2025-03-08T17:05:08","slug":"isabelle-boiteau","status":"publish","type":"page","link":"https:\/\/webs.uab.cat\/ahcisp\/isabelle-boiteau\/","title":{"rendered":"Isabelle Boiteau"},"content":{"rendered":"\n<div class=\"wp-block-group alignwide\"><div class=\"wp-block-group__inner-container is-layout-constrained wp-block-group-is-layout-constrained\">\n<div class=\"wp-block-columns is-layout-flex wp-container-core-columns-is-layout-9d6595d7 wp-block-columns-is-layout-flex\">\n<div class=\"wp-block-column is-layout-flow wp-block-column-is-layout-flow\" style=\"flex-basis:33.33%\">\n<figure class=\"wp-block-image size-full\"><img loading=\"lazy\" decoding=\"async\" width=\"1743\" height=\"2320\" src=\"https:\/\/webs.uab.cat\/ahcisp\/wp-content\/uploads\/sites\/320\/2024\/02\/Isabelle-Boiteau.jpg\" alt=\"\" class=\"wp-image-2506\" srcset=\"https:\/\/webs.uab.cat\/ahcisp\/wp-content\/uploads\/sites\/320\/2024\/02\/Isabelle-Boiteau.jpg 1743w, https:\/\/webs.uab.cat\/ahcisp\/wp-content\/uploads\/sites\/320\/2024\/02\/Isabelle-Boiteau-225x300.jpg 225w, https:\/\/webs.uab.cat\/ahcisp\/wp-content\/uploads\/sites\/320\/2024\/02\/Isabelle-Boiteau-769x1024.jpg 769w, https:\/\/webs.uab.cat\/ahcisp\/wp-content\/uploads\/sites\/320\/2024\/02\/Isabelle-Boiteau-768x1022.jpg 768w, https:\/\/webs.uab.cat\/ahcisp\/wp-content\/uploads\/sites\/320\/2024\/02\/Isabelle-Boiteau-1154x1536.jpg 1154w, https:\/\/webs.uab.cat\/ahcisp\/wp-content\/uploads\/sites\/320\/2024\/02\/Isabelle-Boiteau-1539x2048.jpg 1539w, https:\/\/webs.uab.cat\/ahcisp\/wp-content\/uploads\/sites\/320\/2024\/02\/Isabelle-Boiteau-1200x1597.jpg 1200w\" sizes=\"auto, (max-width: 1743px) 100vw, 1743px\" \/><\/figure>\n<\/div>\n\n\n\n<div class=\"wp-block-column is-layout-flow wp-block-column-is-layout-flow\" style=\"flex-basis:66.66%\">\n<h2 class=\"wp-block-heading\">Isabelle Boiteau<\/h2>\n\n\n\n<ul class=\"wp-block-list has-normal-font-size\">\n<li><strong>Vinculaci\u00f3<\/strong>: col\u00b7laboradora externa<\/li>\n\n\n\n<li><strong>Correu<\/strong>: <a href=\"mailto:vanessa.gaibar@gmail.com\" target=\"_blank\" rel=\"noreferrer noopener\"><\/a><a href=\"mailto:1620401@uab.cat\">1620401@uab.cat<\/a>, <a href=\"mailto:isabelle.boiteau@gmail.com\">isabelle.boiteau@gmail.com<\/a><\/li>\n\n\n\n<li><strong>ORCID<\/strong>: <a href=\"https:\/\/orcid.org\/0009-0009-7982-4048\">0009-0009-7982-4048<\/a><\/li>\n<\/ul>\n<\/div>\n<\/div>\n\n\n\n<h3 class=\"wp-block-heading\">Recerca<\/h3>\n\n\n\n<p>Els meus temes de recerca s\u00f3n: l\u2019emmascarament i&nbsp; \u00fas de m\u00e0scares, els sentits, l\u2019emoci\u00f3 i afecte, els rituals, el g\u00e8nere, els secrets i el poder, a la regi\u00f3 de la Melan\u00e8sia (Oceania).<\/p>\n\n\n\n<p>La meva investigaci\u00f3 doctoral se centra en les pr\u00e0ctiques d&#8217;emmascarament al sud de la regi\u00f3 de Nova Irlanda, a Papua Nova Guinea. Incorporo al meu estudi elements de l\u00ednies de recerca que tracten els sentits, les emocions i l&#8217;afecte. Analitzo l\u2019\u00fas de m\u00e0scares des d&#8217;aquestes perspectives proporcionant una comprensi\u00f3 m\u00e9s profunda i complexa de com existeixen aquestes pr\u00e0ctiques d&#8217;emmascarament com a parts integrals d\u2019aquests mons socioculturals espec\u00edfics. Miro com diferents individus i grups viuen les pr\u00e0ctiques d&#8217;emmascarament, aix\u00ed com de quina manera les estructures i les creences que construeixen les pr\u00e0ctiques donen forma a les seves vides. Moltes pr\u00e0ctiques d&#8217;emmascarament a la regi\u00f3 estan associades amb societats secretes masculines, encara vigents en un pa\u00eds que viu grans canvis socioculturals i econ\u00f2mics. Aix\u00ed mateix, em fixo en q\u00fcestions relatives al g\u00e8nere i el canvi cultural en aquest context.<\/p>\n\n\n\n<hr class=\"wp-block-separator has-alpha-channel-opacity\" \/>\n\n\n\n<p><a href=\"https:\/\/webs.uab.cat\/ahcisp\/equip\/\">&lt;&lt; Retornar a &#8216;L&#8217;Equip&#8217;<\/a><\/p>\n<\/div><\/div>\n","protected":false},"excerpt":{"rendered":"<p>Isabelle Boiteau Recerca Els meus temes de recerca s\u00f3n: l\u2019emmascarament i&nbsp; \u00fas de m\u00e0scares, els sentits, l\u2019emoci\u00f3 i afecte, els rituals, el g\u00e8nere, els secrets i el poder, a la regi\u00f3 de la Melan\u00e8sia (Oceania). La meva investigaci\u00f3 doctoral se centra en les pr\u00e0ctiques d&#8217;emmascarament al sud de la regi\u00f3 de Nova Irlanda, a Papua [&hellip;]<\/p>\n","protected":false},"author":1643,"featured_media":0,"parent":0,"menu_order":0,"comment_status":"closed","ping_status":"closed","template":"","meta":{"footnotes":""},"class_list":["post-2601","page","type-page","status-publish","hentry"],"_links":{"self":[{"href":"https:\/\/webs.uab.cat\/ahcisp\/wp-json\/wp\/v2\/pages\/2601","targetHints":{"allow":["GET"]}}],"collection":[{"href":"https:\/\/webs.uab.cat\/ahcisp\/wp-json\/wp\/v2\/pages"}],"about":[{"href":"https:\/\/webs.uab.cat\/ahcisp\/wp-json\/wp\/v2\/types\/page"}],"author":[{"embeddable":true,"href":"https:\/\/webs.uab.cat\/ahcisp\/wp-json\/wp\/v2\/users\/1643"}],"replies":[{"embeddable":true,"href":"https:\/\/webs.uab.cat\/ahcisp\/wp-json\/wp\/v2\/comments?post=2601"}],"version-history":[{"count":7,"href":"https:\/\/webs.uab.cat\/ahcisp\/wp-json\/wp\/v2\/pages\/2601\/revisions"}],"predecessor-version":[{"id":5832,"href":"https:\/\/webs.uab.cat\/ahcisp\/wp-json\/wp\/v2\/pages\/2601\/revisions\/5832"}],"wp:attachment":[{"href":"https:\/\/webs.uab.cat\/ahcisp\/wp-json\/wp\/v2\/media?parent=2601"}],"curies":[{"name":"wp","href":"https:\/\/api.w.org\/{rel}","templated":true}]}}