{"id":2616,"date":"2024-02-03T19:51:23","date_gmt":"2024-02-03T17:51:23","guid":{"rendered":"https:\/\/webs.uab.cat\/ahcisp\/?page_id=2616"},"modified":"2024-06-10T20:43:54","modified_gmt":"2024-06-10T18:43:54","slug":"montserrat-clua-i-faie","status":"publish","type":"page","link":"https:\/\/webs.uab.cat\/ahcisp\/montserrat-clua-i-faie\/","title":{"rendered":"Montserrat Clua i Fain\u00e9"},"content":{"rendered":"\n<div class=\"wp-block-group alignwide\"><div class=\"wp-block-group__inner-container is-layout-constrained wp-block-group-is-layout-constrained\">\n<div class=\"wp-block-columns is-layout-flex wp-container-core-columns-is-layout-9d6595d7 wp-block-columns-is-layout-flex\">\n<div class=\"wp-block-column is-layout-flow wp-block-column-is-layout-flow\" style=\"flex-basis:33.33%\">\n<figure class=\"wp-block-image size-full\"><img loading=\"lazy\" decoding=\"async\" width=\"686\" height=\"768\" src=\"https:\/\/webs.uab.cat\/ahcisp\/wp-content\/uploads\/sites\/320\/2024\/02\/Montse_Clua.jpg\" alt=\"\" class=\"wp-image-2521\" srcset=\"https:\/\/webs.uab.cat\/ahcisp\/wp-content\/uploads\/sites\/320\/2024\/02\/Montse_Clua.jpg 686w, https:\/\/webs.uab.cat\/ahcisp\/wp-content\/uploads\/sites\/320\/2024\/02\/Montse_Clua-268x300.jpg 268w\" sizes=\"auto, (max-width: 686px) 100vw, 686px\" \/><\/figure>\n<\/div>\n\n\n\n<div class=\"wp-block-column is-layout-flow wp-block-column-is-layout-flow\" style=\"flex-basis:66.66%\">\n<h2 class=\"wp-block-heading\">Montserrat Clua i Fain\u00e9<\/h2>\n\n\n\n<ul class=\"has-small-font-size wp-block-list\">\n<li><strong>Vinculaci\u00f3<\/strong>: Profesora Agregada<\/li>\n\n\n\n<li><strong>Correu<\/strong>: <a href=\"mailto:Montserrat.Clua@uab.cat\">Montserrat.Clua@uab.cat<\/a><\/li>\n\n\n\n<li><strong>ORCID<\/strong>: <a href=\"https:\/\/orcid.org\/0000-0002-2784-281X\" target=\"_blank\" rel=\"noreferrer noopener\">0000-0002-2784-281X<\/a><\/li>\n\n\n\n<li><a href=\"https:\/\/portalrecerca.uab.cat\/en\/persons\/maria-montserrat-clua-faine-3\"><strong>Portal de Recerca UAB<\/strong><\/a><\/li>\n<\/ul>\n<\/div>\n<\/div>\n\n\n\n<h3 class=\"wp-block-heading\">Recerca<\/h3>\n\n\n\n<p>La meva l\u00ednia de recerca s&#8217;emmarca en l&#8217;antropologia pol\u00edtica centrada en la cultura i la societat catalana, on he desenvolupat treball de camp etnogr\u00e0fic en la construcci\u00f3 d&#8217;identitats a Catalunya, el patrimoni i l&#8217;\u00fas de la literatura catalana com a material etnogr\u00e0fic. Tamb\u00e9 he treballat en la hist\u00f2ria de l\u2019antropologia espanyola. Experta en el nacionalisme, els meus temes de recerca s\u00f3n les identitats \u00e8tniques i nacionals, i la seva interseccionalitat amb el g\u00e8nere, el fenotip i la classe, indagant sobre els discursos d&#8217;inclusi\u00f3 i exclusi\u00f3 de la immigraci\u00f3, el racisme i la xenof\u00f2bia, tant a nivell te\u00f2ric com en el cas etnogr\u00e0fic catal\u00e0. He realitzat etnografia sobre la construcci\u00f3 de la identitat catalana i la seva relaci\u00f3 amb el proc\u00e9s independentista desenvolupat a Catalunya els darrers 15 anys. La meva tesi doctoral sobre l&#8217;aportaci\u00f3 de l&#8217;antropologia als estudis sobre el nacionalisme va ser el Premi Extraordinari de Tesi (UAB, 2008).<\/p>\n\n\n\n<h4 class=\"wp-block-heading has-text-align-center\">Publicacions<\/h4>\n\n\n\n<ul class=\"wp-block-list\">\n<li>Clua i Fain\u00e9, Montserrat (2024) \u201cDesdibuixant fronteres. Francesc Ser\u00e9s, etnografia i literatura\u201d, a Francesc Ser\u00e9s : la pell de la realitat \/ Edici\u00f3 a cura de Maria Dasca i Josep Camps Arb\u00f3s, Barcelona: Institut d&#8217;Estudis Catalans. Col\u00b7lecci\u00f3: Treballs de la Societat Catalana de Llengua i Literatura; 28. ISBN: 978-84-9965-740-0. Pp.63-80 DOI: 10.2436\/15.2502.06.5<\/li>\n\n\n\n<li>Iribarren, Teresa; Serrano-Mu\u00f1oz, Jordi; Gatell, Montse; Clua, Montse (2024) \u00abLa revisi\u00f3n por pares s\u00edncrona en el aula virtual: leer cr\u00edticamente la representaci\u00f3n literaria de violencias contra las mujeres\u00bb, dins Urbina, Santos; Tur, Gemma; Moreno, Juan;Munar, Jacoba (ed.), Tecnolog\u00edas digitales para una pr\u00e1ctica educativa inclusiva y creativa: hacia la competencia digital docente y ciudadana. Madrid: Dykinson, p 235-247. ISBN: 978-84-1170-742-8<\/li>\n\n\n\n<li>Iribarren Donadeu, T., Gatell P\u00e9rez, M., Serrano Mu\u00f1oz, J. &amp; Clua i Fain\u00e9, M. (2023). Literatura i viol\u00e8ncies masclistes. Guia per a treballs acad\u00e8mics | Literatura y violencias machistas. Gu\u00eda para trabajos acad\u00e9micos | Literature and Male Violence . A Guide for Academic Research, Editorial: Edizioni Ca\u2019 Foscari &#8211; Venice University Press, Fondazione Universit\u00e0 Ca\u2019 Foscari. ISBN: 978-88-6969-747-0<\/li>\n\n\n\n<li>Clua i Fain\u00e9 (2023), \u201cAntropologia i literatura: l\u2019\u00fas de Pedra de tartera com a material etnogr\u00e0fic\u201d.<em>Rassegna iberistica<\/em>, 42(112): 447-460 (<a href=\"https:\/\/doi.org\/10.30687\/Ri\/2037-6588\/2019\/112\/009\">https:\/\/doi.org\/10.30687\/Ri\/2037-6588\/2019\/112\/009<\/a>)<\/li>\n\n\n\n<li>Clua, Ventura &amp; Mateo (eds.) <em>\u00c1reas culturales. Antropolog\u00eda en un mundo de fronteras<\/em>. Bellaterra Edicions (2022. ISBN: 978-84-19160-08-9).<\/li>\n\n\n\n<li>Ventura, Mateo &amp; Clua (eds.), <em>Humanidad. Categor\u00eda o condici\u00f3n: un viaje antropol\u00f3gico<\/em>, Barcelona: Bellaterra (2018. ISBN: 978-84-7290-000-4).<\/li>\n\n\n\n<li>Clua (2017), \u201cLanguage, National Identity and School: The Role of the Catalan-Language Immersion Program in Contemporary Catalan Nationalism\u201d (in Kantasalmi &amp; Holm (eds.) <em>The State, Schooling and Identity: Diversifying Education in Europe<\/em>. London: Springer \u2013 Palgrave MacMillan. ISBN: 978-981-10-1514-4, p. 41-59),<\/li>\n\n\n\n<li>Clua (2011), Catalanes, inmigrantes y charnegos: &#8220;raza&#8221;, &#8220;cultura&#8221; y &#8220;mezcla&#8221; en el discurso nacionalista catal\u00e1n, <em>Revista de Antropolog\u00eda Social<\/em> (vol. 20(1), p. 55- 75. ISSN: 1131-558X)<\/li>\n\n\n\n<li>Clua (2010), \u201cLas mezclas no caben en el nacionalismo: el caso catal\u00e1n\u201d, en Ventura (ed.), <em>Fronteras y mestizajes. Sistemas de clasificaci\u00f3n social en Europa, Am\u00e9rica y \u00c1frica<\/em> (Bellaterra: Servei de Publicacions de la Universitat Aut\u00f2noma de Barcelona. ISBN: 978-84-490-2624-9, p. 41-56).<\/li>\n<\/ul>\n<\/div><\/div>\n\n\n\n<div class=\"wp-block-group alignwide\"><div class=\"wp-block-group__inner-container is-layout-constrained wp-block-group-is-layout-constrained\">\n<hr class=\"wp-block-separator has-alpha-channel-opacity is-style-default\" \/>\n\n\n\n<p><a href=\"https:\/\/webs.uab.cat\/ahcisp\/equip\/\">&lt;&lt; Retornar a &#8216;L&#8217;Equip&#8217;<\/a><\/p>\n<\/div><\/div>\n","protected":false},"excerpt":{"rendered":"<p>Montserrat Clua i Fain\u00e9 Recerca La meva l\u00ednia de recerca s&#8217;emmarca en l&#8217;antropologia pol\u00edtica centrada en la cultura i la societat catalana, on he desenvolupat treball de camp etnogr\u00e0fic en la construcci\u00f3 d&#8217;identitats a Catalunya, el patrimoni i l&#8217;\u00fas de la literatura catalana com a material etnogr\u00e0fic. Tamb\u00e9 he treballat en la hist\u00f2ria de l\u2019antropologia [&hellip;]<\/p>\n","protected":false},"author":1643,"featured_media":0,"parent":0,"menu_order":0,"comment_status":"closed","ping_status":"closed","template":"","meta":{"footnotes":""},"class_list":["post-2616","page","type-page","status-publish","hentry"],"_links":{"self":[{"href":"https:\/\/webs.uab.cat\/ahcisp\/wp-json\/wp\/v2\/pages\/2616","targetHints":{"allow":["GET"]}}],"collection":[{"href":"https:\/\/webs.uab.cat\/ahcisp\/wp-json\/wp\/v2\/pages"}],"about":[{"href":"https:\/\/webs.uab.cat\/ahcisp\/wp-json\/wp\/v2\/types\/page"}],"author":[{"embeddable":true,"href":"https:\/\/webs.uab.cat\/ahcisp\/wp-json\/wp\/v2\/users\/1643"}],"replies":[{"embeddable":true,"href":"https:\/\/webs.uab.cat\/ahcisp\/wp-json\/wp\/v2\/comments?post=2616"}],"version-history":[{"count":11,"href":"https:\/\/webs.uab.cat\/ahcisp\/wp-json\/wp\/v2\/pages\/2616\/revisions"}],"predecessor-version":[{"id":4686,"href":"https:\/\/webs.uab.cat\/ahcisp\/wp-json\/wp\/v2\/pages\/2616\/revisions\/4686"}],"wp:attachment":[{"href":"https:\/\/webs.uab.cat\/ahcisp\/wp-json\/wp\/v2\/media?parent=2616"}],"curies":[{"name":"wp","href":"https:\/\/api.w.org\/{rel}","templated":true}]}}