{"id":2617,"date":"2024-02-03T19:44:49","date_gmt":"2024-02-03T17:44:49","guid":{"rendered":"https:\/\/webs.uab.cat\/ahcisp\/?page_id=2617"},"modified":"2024-06-15T11:32:59","modified_gmt":"2024-06-15T09:32:59","slug":"esther-oliver-grasiot","status":"publish","type":"page","link":"https:\/\/webs.uab.cat\/ahcisp\/esther-oliver-grasiot\/","title":{"rendered":"Esther Oliver Grasiot"},"content":{"rendered":"\n<div class=\"wp-block-group alignwide\"><div class=\"wp-block-group__inner-container is-layout-constrained wp-block-group-is-layout-constrained\">\n<div class=\"wp-block-columns is-layout-flex wp-container-core-columns-is-layout-9d6595d7 wp-block-columns-is-layout-flex\">\n<div class=\"wp-block-column is-layout-flow wp-block-column-is-layout-flow\" style=\"flex-basis:33.33%\">\n<figure class=\"wp-block-image size-full\"><img loading=\"lazy\" decoding=\"async\" width=\"437\" height=\"583\" src=\"https:\/\/webs.uab.cat\/ahcisp\/wp-content\/uploads\/sites\/320\/2024\/02\/Esther-Oliver-Grasiot.jpg\" alt=\"\" class=\"wp-image-2542\" srcset=\"https:\/\/webs.uab.cat\/ahcisp\/wp-content\/uploads\/sites\/320\/2024\/02\/Esther-Oliver-Grasiot.jpg 437w, https:\/\/webs.uab.cat\/ahcisp\/wp-content\/uploads\/sites\/320\/2024\/02\/Esther-Oliver-Grasiot-225x300.jpg 225w\" sizes=\"auto, (max-width: 437px) 100vw, 437px\" \/><\/figure>\n<\/div>\n\n\n\n<div class=\"wp-block-column is-layout-flow wp-block-column-is-layout-flow\" style=\"flex-basis:66.66%\">\n<h2 class=\"wp-block-heading\"><strong>Esther Oliver Grasiot<\/strong><\/h2>\n\n\n\n<ul class=\"has-small-font-size wp-block-list\">\n<li><strong>Vinculaci\u00f3<\/strong>: Professora associada Doctora, Ph.D.<\/li>\n\n\n\n<li><strong>Correu<\/strong>: <a href=\"mailto:Esther.OliverG@autonoma.cat\">Esther.OliverG@autonoma.cat<\/a><\/li>\n\n\n\n<li><strong>ORCID<\/strong>: <a href=\"https:\/\/orcid.org\/0000-0003-3053-8859\">0000-0003-3053-8859<\/a><\/li>\n<\/ul>\n<\/div>\n<\/div>\n\n\n\n<h3 class=\"wp-block-heading\">Recerca<\/h3>\n\n\n\n<p>Els meus temes de recerca s\u00f3n els pobles ind\u00edgenes, les mediacions culturals, l&#8217;antropologia de la pau i el conflicte i la cooperaci\u00f3 internacional i el desenvolupament.<\/p>\n\n\n\n<p>Les meves investigacions estan dedicades a les mediacions culturals en contextos ind\u00edgenes a Guatemala. En particular m&#8217;interesso per l&#8217;aplicaci\u00f3 dels mecanismes de la just\u00edcia transicional&nbsp;des de les experi\u00e8ncies dels supervivent del conflicte armat a la regi\u00f3 d\u2019Ixil. Tamb\u00e9 reflexiono sobre les estrat\u00e8gies metodol\u00f2giques en les investigacions etnogr\u00e0fiques en contextos de post conflicte i viol\u00e8ncia. Durant els darrers anys he realitzat diverses estades de treball de camp a Guatemala (2014, 2015, 2017, 2018, 2019) i he col\u00b7laborat en diversos projectes investigaci\u00f3 estatals i europeus.<\/p>\n\n\n\n<h4 class=\"wp-block-heading has-text-align-center\">Publicacions<\/h4>\n\n\n\n<ul class=\"wp-block-list\">\n<li>Oliver-Grasiot, E. (2022). Fronteras ling\u00fc\u00edsticas y construcci\u00f3n militar del \u00e1rea ixil. In Clua, M., Mateo, J.LL., Ventura, M. (eds.) <em>\u00c1reas culturales. Antropolog\u00eda en un mundo de fronteras<\/em>. Bellaterra Edicions: 235-250. ISBN 9788419160089<\/li>\n\n\n\n<li>Colombo, A., Altuna, J., Oliver-Grasiot, E. (2020). Playing with fire collectively: contemporary cultural rites as both devisers and by products of community networks. <em>Event Management. 25,<\/em> 57-68.doi: <a href=\"https:\/\/doi.org\/10.3727\/152599520X15894679115475\">https:\/\/doi.org\/10.3727\/152599520X15894679115475<\/a><\/li>\n\n\n\n<li>Ventura, M., Mart\u00ednez, M., Oliver-Grasiot, E., Naucke, P., Naranjo, E.R. (2019). Pau i resoluci\u00f3 del conflicte: pobles ind\u00edgenes, antropologia i mediaci\u00f3. <em>Perif\u00e8ria, revista de recerca i formaci\u00f3 en antropologia, 24<\/em>(2), 121-143. doi: <a href=\"https:\/\/doi.org\/10.5565\/rev\/periferia.708\">https:\/\/doi.org\/10.5565\/rev\/periferia.708<\/a><\/li>\n\n\n\n<li>Oliver, E. (2015). ONG, crisis econ\u00f3mica e ideolog\u00eda. Aproximaci\u00f3n a los efectos de los \u201crecortes\u201d a trav\u00e9s del estudio de caso de la ONG AlterNativa. Intercanvi amb els Pobles Ind\u00edgenes. <em>Perif\u00e8ria, revista de recerca i formaci\u00f3 en antropologia, 20<\/em>(1), 56-84.<\/li>\n<\/ul>\n\n\n\n<hr class=\"wp-block-separator has-alpha-channel-opacity\" \/>\n\n\n\n<p><a href=\"https:\/\/webs.uab.cat\/ahcisp\/equip\/\">&lt;&lt; Retornar a &#8216;L&#8217;Equip&#8217;<\/a><\/p>\n<\/div><\/div>\n","protected":false},"excerpt":{"rendered":"<p>Esther Oliver Grasiot Recerca Els meus temes de recerca s\u00f3n els pobles ind\u00edgenes, les mediacions culturals, l&#8217;antropologia de la pau i el conflicte i la cooperaci\u00f3 internacional i el desenvolupament. Les meves investigacions estan dedicades a les mediacions culturals en contextos ind\u00edgenes a Guatemala. En particular m&#8217;interesso per l&#8217;aplicaci\u00f3 dels mecanismes de la just\u00edcia transicional&nbsp;des [&hellip;]<\/p>\n","protected":false},"author":1643,"featured_media":0,"parent":0,"menu_order":0,"comment_status":"closed","ping_status":"closed","template":"","meta":{"footnotes":""},"class_list":["post-2617","page","type-page","status-publish","hentry"],"_links":{"self":[{"href":"https:\/\/webs.uab.cat\/ahcisp\/wp-json\/wp\/v2\/pages\/2617","targetHints":{"allow":["GET"]}}],"collection":[{"href":"https:\/\/webs.uab.cat\/ahcisp\/wp-json\/wp\/v2\/pages"}],"about":[{"href":"https:\/\/webs.uab.cat\/ahcisp\/wp-json\/wp\/v2\/types\/page"}],"author":[{"embeddable":true,"href":"https:\/\/webs.uab.cat\/ahcisp\/wp-json\/wp\/v2\/users\/1643"}],"replies":[{"embeddable":true,"href":"https:\/\/webs.uab.cat\/ahcisp\/wp-json\/wp\/v2\/comments?post=2617"}],"version-history":[{"count":8,"href":"https:\/\/webs.uab.cat\/ahcisp\/wp-json\/wp\/v2\/pages\/2617\/revisions"}],"predecessor-version":[{"id":5141,"href":"https:\/\/webs.uab.cat\/ahcisp\/wp-json\/wp\/v2\/pages\/2617\/revisions\/5141"}],"wp:attachment":[{"href":"https:\/\/webs.uab.cat\/ahcisp\/wp-json\/wp\/v2\/media?parent=2617"}],"curies":[{"name":"wp","href":"https:\/\/api.w.org\/{rel}","templated":true}]}}