{"id":2648,"date":"2024-02-13T21:02:43","date_gmt":"2024-02-13T19:02:43","guid":{"rendered":"https:\/\/webs.uab.cat\/ahcisp\/?page_id=2648"},"modified":"2024-06-11T12:53:12","modified_gmt":"2024-06-11T10:53:12","slug":"alexandre-surralles-i-calonge","status":"publish","type":"page","link":"https:\/\/webs.uab.cat\/ahcisp\/alexandre-surralles-i-calonge\/","title":{"rendered":"Alexandre Surrall\u00e9s"},"content":{"rendered":"\n<div class=\"wp-block-group alignwide\"><div class=\"wp-block-group__inner-container is-layout-constrained wp-block-group-is-layout-constrained\">\n<div class=\"wp-block-columns is-layout-flex wp-container-core-columns-is-layout-9d6595d7 wp-block-columns-is-layout-flex\">\n<div class=\"wp-block-column is-layout-flow wp-block-column-is-layout-flow\" style=\"flex-basis:33.33%\">\n<figure class=\"wp-block-image size-full\"><img loading=\"lazy\" decoding=\"async\" width=\"191\" height=\"255\" src=\"https:\/\/webs.uab.cat\/ahcisp\/wp-content\/uploads\/sites\/320\/2024\/02\/Alexandre_Surralles.jpeg\" alt=\"\" class=\"wp-image-2655\" \/><\/figure>\n<\/div>\n\n\n\n<div class=\"wp-block-column is-layout-flow wp-block-column-is-layout-flow\" style=\"flex-basis:66.66%\">\n<h2 class=\"wp-block-heading\">Alexandre Surrall\u00e9s i Calonge<\/h2>\n\n\n\n<ul class=\"has-small-font-size wp-block-list\">\n<li class=\"has-small-font-size\"><strong>Vinculaci\u00f3<\/strong>: col\u00b7laborador, investigador extern<\/li>\n\n\n\n<li class=\"has-small-font-size\"><strong>Correu<\/strong>: <a href=\"mailto:vanessa.gaibar@gmail.com\" target=\"_blank\" rel=\"noreferrer noopener\"><\/a><a href=\"mailto:alexandre.surralles@ehess.fr\">alexandre.surralles@ehess.fr<\/a><\/li>\n\n\n\n<li class=\"has-small-font-size\"><strong>ORCID<\/strong>: <\/li>\n<\/ul>\n<\/div>\n<\/div>\n\n\n\n<h3 class=\"wp-block-heading\">Recerca<\/h3>\n\n\n\n<p>Catedr\u00e0tic a l&#8217;EHESS i investigador s\u00e8nior (director d&#8217;investigaci\u00f3) al CNRS, Alexandre Surrall\u00e9s dirigeix \u200b\u200bl&#8217;equip de recerca <em>Affectivit\u00e9, perception, sensation: corps agissant<\/em> al Laboratoire d&#8217;antropologia social del Coll\u00e8ge de France. Especialista en antropologia de l&#8217;Amaz\u00f2nia, les seves investigacions se centren en el paper de l&#8217;afectivitat en la definici\u00f3 dels vincles socials, i abasten temes tan variats com els drets dels pobles ind\u00edgenes i la lexicografia a l&#8217;Am\u00e8rica colonial. \u00c9s autor <em>d&#8217;Au c\u0153ur du sens ; perception, affectivit\u00e9, action chez les Candoshi<\/em> (Par\u00eds, \u00c9ditions de la Maison des sciences de l&#8217;homme i CNRS \u00e9ditions, 2003) i <em>La raison lexicographique : d\u00e9couverte des langues et origine de l&#8217;anthropologie<\/em> (Par\u00eds, Fayard, 2023).<\/p>\n\n\n\n<hr class=\"wp-block-separator has-alpha-channel-opacity\" \/>\n\n\n\n<p><a href=\"https:\/\/webs.uab.cat\/ahcisp\/equip\/\">&lt;&lt; Retornar a &#8216;L&#8217;Equip&#8217;<\/a><\/p>\n<\/div><\/div>\n","protected":false},"excerpt":{"rendered":"<p>Alexandre Surrall\u00e9s i Calonge Recerca Catedr\u00e0tic a l&#8217;EHESS i investigador s\u00e8nior (director d&#8217;investigaci\u00f3) al CNRS, Alexandre Surrall\u00e9s dirigeix \u200b\u200bl&#8217;equip de recerca Affectivit\u00e9, perception, sensation: corps agissant al Laboratoire d&#8217;antropologia social del Coll\u00e8ge de France. Especialista en antropologia de l&#8217;Amaz\u00f2nia, les seves investigacions se centren en el paper de l&#8217;afectivitat en la definici\u00f3 dels vincles socials, [&hellip;]<\/p>\n","protected":false},"author":1643,"featured_media":0,"parent":0,"menu_order":0,"comment_status":"closed","ping_status":"closed","template":"","meta":{"footnotes":""},"class_list":["post-2648","page","type-page","status-publish","hentry"],"_links":{"self":[{"href":"https:\/\/webs.uab.cat\/ahcisp\/wp-json\/wp\/v2\/pages\/2648","targetHints":{"allow":["GET"]}}],"collection":[{"href":"https:\/\/webs.uab.cat\/ahcisp\/wp-json\/wp\/v2\/pages"}],"about":[{"href":"https:\/\/webs.uab.cat\/ahcisp\/wp-json\/wp\/v2\/types\/page"}],"author":[{"embeddable":true,"href":"https:\/\/webs.uab.cat\/ahcisp\/wp-json\/wp\/v2\/users\/1643"}],"replies":[{"embeddable":true,"href":"https:\/\/webs.uab.cat\/ahcisp\/wp-json\/wp\/v2\/comments?post=2648"}],"version-history":[{"count":7,"href":"https:\/\/webs.uab.cat\/ahcisp\/wp-json\/wp\/v2\/pages\/2648\/revisions"}],"predecessor-version":[{"id":5019,"href":"https:\/\/webs.uab.cat\/ahcisp\/wp-json\/wp\/v2\/pages\/2648\/revisions\/5019"}],"wp:attachment":[{"href":"https:\/\/webs.uab.cat\/ahcisp\/wp-json\/wp\/v2\/media?parent=2648"}],"curies":[{"name":"wp","href":"https:\/\/api.w.org\/{rel}","templated":true}]}}