{"id":2649,"date":"2024-02-13T20:53:05","date_gmt":"2024-02-13T18:53:05","guid":{"rendered":"https:\/\/webs.uab.cat\/ahcisp\/?page_id=2649"},"modified":"2024-06-11T12:53:05","modified_gmt":"2024-06-11T10:53:05","slug":"pablo-dominguez","status":"publish","type":"page","link":"https:\/\/webs.uab.cat\/ahcisp\/pablo-dominguez\/","title":{"rendered":"Pablo Dom\u00ednguez"},"content":{"rendered":"\n<div class=\"wp-block-group alignwide\"><div class=\"wp-block-group__inner-container is-layout-constrained wp-block-group-is-layout-constrained\">\n<div class=\"wp-block-columns is-layout-flex wp-container-core-columns-is-layout-9d6595d7 wp-block-columns-is-layout-flex\">\n<div class=\"wp-block-column is-layout-flow wp-block-column-is-layout-flow\" style=\"flex-basis:33.33%\">\n<figure class=\"wp-block-image size-full\"><img loading=\"lazy\" decoding=\"async\" width=\"262\" height=\"348\" src=\"https:\/\/webs.uab.cat\/ahcisp\/wp-content\/uploads\/sites\/320\/2024\/02\/Pablo_Dominguez.jpg\" alt=\"\" class=\"wp-image-2650\" srcset=\"https:\/\/webs.uab.cat\/ahcisp\/wp-content\/uploads\/sites\/320\/2024\/02\/Pablo_Dominguez.jpg 262w, https:\/\/webs.uab.cat\/ahcisp\/wp-content\/uploads\/sites\/320\/2024\/02\/Pablo_Dominguez-226x300.jpg 226w\" sizes=\"auto, (max-width: 262px) 100vw, 262px\" \/><\/figure>\n<\/div>\n\n\n\n<div class=\"wp-block-column is-layout-flow wp-block-column-is-layout-flow\" style=\"flex-basis:66.66%\">\n<h2 class=\"wp-block-heading\"><strong>Pablo Dom\u00ednguez<\/strong><\/h2>\n\n\n\n<ul class=\"has-small-font-size wp-block-list\">\n<li><strong>Vinculaci\u00f3<\/strong>: col\u00b7laborador, investigador extern<\/li>\n\n\n\n<li><strong>Correu<\/strong>: <a href=\"mailto:Pablo.Dominguez@uab.cat\">Pablo.Dominguez@uab.cat<\/a><\/li>\n\n\n\n<li><strong>ORCID<\/strong>:  <a href=\"http:\/\/orcid.org\/0000-0002-8890-7509\">0000-0002-8890-7509<\/a><\/li>\n\n\n\n<li><a href=\"https:\/\/cv.archives-ouvertes.fr\/pablo-dominguez?langChosen=fr\"><strong>Curriculum Vitae<\/strong><\/a><\/li>\n<\/ul>\n<\/div>\n<\/div>\n\n\n\n<h3 class=\"wp-block-heading\">Recerca<\/h3>\n\n\n\n<p>S\u00f3c investigador permanent del <a href=\"http:\/\/www.cnrs.fr\/\">CNRS<\/a> franc\u00e8s, amb seu al Laboratori d&#8217;Ecoantropologia del <a href=\"https:\/\/www.museedelhomme.fr\/en\/what-is-the-musee-de-l-homme\">Museu del \u00e9sser hum\u00e0<\/a> de Par\u00eds, i investigador vinculat de la UAB. Combino 6 anys de formaci\u00f3 en Biologia, especialitat Ambiental, a la UAM (Madrid) i AMU (Marsella), amb un Doctorat en Etnologia a l&#8217;EHESS (Par\u00eds) i la UAB (Barcelona) sobre la govern comunal dels recursos naturals de poblacions transhumants agro-silvo-pastorals de l&#8217;Alt Atles, i les seves capacitats de sostenibilitat i conservaci\u00f3, aix\u00ed com la seva diversitat bio-cultural. Avui em centro especialment a la regi\u00f3 mediterr\u00e0nia, concentrant la major part del meu treball a Espanya, el Marroc i els Balcans. Investigo sobre aquests sistemes comunals, per\u00f2 tamb\u00e9 a favor dels seus valors naturals i culturals. Aix\u00f2 em porta sovint a interactuar amb organitzacions de la societat civil, organismes p\u00fablics, ag\u00e8ncies internacionals i diferents actors i prenedors de decisions en un esfor\u00e7 continu per afavorir la transfer\u00e8ncia de coneixement i l&#8217;assessorament per l\u2019aplicaci\u00f3 pr\u00e0ctica al terreny. M\u00e9s informaci\u00f3 al <a href=\"https:\/\/piccahers.org\">blog PICCAHers<\/a>.<\/p>\n\n\n\n<hr class=\"wp-block-separator has-alpha-channel-opacity\" \/>\n\n\n\n<p><a href=\"https:\/\/webs.uab.cat\/ahcisp\/equip\/\">&lt;&lt; Retornar a &#8216;L&#8217;Equip&#8217;<\/a><\/p>\n<\/div><\/div>\n","protected":false},"excerpt":{"rendered":"<p>Pablo Dom\u00ednguez Recerca S\u00f3c investigador permanent del CNRS franc\u00e8s, amb seu al Laboratori d&#8217;Ecoantropologia del Museu del \u00e9sser hum\u00e0 de Par\u00eds, i investigador vinculat de la UAB. Combino 6 anys de formaci\u00f3 en Biologia, especialitat Ambiental, a la UAM (Madrid) i AMU (Marsella), amb un Doctorat en Etnologia a l&#8217;EHESS (Par\u00eds) i la UAB (Barcelona) [&hellip;]<\/p>\n","protected":false},"author":1643,"featured_media":0,"parent":0,"menu_order":0,"comment_status":"closed","ping_status":"closed","template":"","meta":{"footnotes":""},"class_list":["post-2649","page","type-page","status-publish","hentry"],"_links":{"self":[{"href":"https:\/\/webs.uab.cat\/ahcisp\/wp-json\/wp\/v2\/pages\/2649","targetHints":{"allow":["GET"]}}],"collection":[{"href":"https:\/\/webs.uab.cat\/ahcisp\/wp-json\/wp\/v2\/pages"}],"about":[{"href":"https:\/\/webs.uab.cat\/ahcisp\/wp-json\/wp\/v2\/types\/page"}],"author":[{"embeddable":true,"href":"https:\/\/webs.uab.cat\/ahcisp\/wp-json\/wp\/v2\/users\/1643"}],"replies":[{"embeddable":true,"href":"https:\/\/webs.uab.cat\/ahcisp\/wp-json\/wp\/v2\/comments?post=2649"}],"version-history":[{"count":4,"href":"https:\/\/webs.uab.cat\/ahcisp\/wp-json\/wp\/v2\/pages\/2649\/revisions"}],"predecessor-version":[{"id":5017,"href":"https:\/\/webs.uab.cat\/ahcisp\/wp-json\/wp\/v2\/pages\/2649\/revisions\/5017"}],"wp:attachment":[{"href":"https:\/\/webs.uab.cat\/ahcisp\/wp-json\/wp\/v2\/media?parent=2649"}],"curies":[{"name":"wp","href":"https:\/\/api.w.org\/{rel}","templated":true}]}}