{"id":2806,"date":"2024-02-22T16:29:50","date_gmt":"2024-02-22T14:29:50","guid":{"rendered":"https:\/\/webs.uab.cat\/ahcisp\/?page_id=2806"},"modified":"2026-04-03T14:45:18","modified_gmt":"2026-04-03T12:45:18","slug":"equip","status":"publish","type":"page","link":"https:\/\/webs.uab.cat\/ahcisp\/equip\/","title":{"rendered":"L&#8217;Equip"},"content":{"rendered":"\n<figure class=\"wp-block-image size-large\"><img loading=\"lazy\" decoding=\"async\" width=\"1024\" height=\"415\" src=\"https:\/\/webs.uab.cat\/ahcisp\/wp-content\/uploads\/sites\/320\/2024\/06\/equip1-1-1024x415.png\" alt=\"\" class=\"wp-image-5000\" srcset=\"https:\/\/webs.uab.cat\/ahcisp\/wp-content\/uploads\/sites\/320\/2024\/06\/equip1-1-1024x415.png 1024w, https:\/\/webs.uab.cat\/ahcisp\/wp-content\/uploads\/sites\/320\/2024\/06\/equip1-1-300x122.png 300w, https:\/\/webs.uab.cat\/ahcisp\/wp-content\/uploads\/sites\/320\/2024\/06\/equip1-1-768x311.png 768w, https:\/\/webs.uab.cat\/ahcisp\/wp-content\/uploads\/sites\/320\/2024\/06\/equip1-1-1536x622.png 1536w, https:\/\/webs.uab.cat\/ahcisp\/wp-content\/uploads\/sites\/320\/2024\/06\/equip1-1-2048x830.png 2048w, https:\/\/webs.uab.cat\/ahcisp\/wp-content\/uploads\/sites\/320\/2024\/06\/equip1-1-1200x486.png 1200w, https:\/\/webs.uab.cat\/ahcisp\/wp-content\/uploads\/sites\/320\/2024\/06\/equip1-1-1980x802.png 1980w\" sizes=\"auto, (max-width: 1024px) 100vw, 1024px\" \/><\/figure>\n\n\n\n<h2 class=\"wp-block-heading\">Coordinaci\u00f3<\/h2>\n\n\n\n<p>El grup AHCISP est\u00e0 coordinat per la professora <a href=\"https:\/\/webs.uab.cat\/ahcisp\/montserrat-clua-i-faie\/\">Montserrat Clua i Fain\u00e9<\/a>  <\/p>\n\n\n\n<h2 class=\"wp-block-heading\">Investigadors<\/h2>\n\n\n\n<p>Llista d&#8217;investigadors membres de l&#8217;AHCISP.<\/p>\n\n\n\n<ul class=\"wp-block-list\">\n<li><a href=\"https:\/\/webs.uab.cat\/ahcisp\/montserrat-clua-i-faie\/\">Montserrat Clua i Fain\u00e9<\/a><\/li>\n\n\n\n<li><a href=\"https:\/\/webs.uab.cat\/ahcisp\/virginia-fons-renaudon\/\">Virginia Fons Renaudon<\/a><\/li>\n\n\n\n<li><a href=\"https:\/\/webs.uab.cat\/ahcisp\/josep-lluis-mateo-dieste\/\">Josep Llu\u00eds Mateo Dieste<\/a><\/li>\n\n\n\n<li><a href=\"https:\/\/webs.uab.cat\/ahcisp\/claudio-milano\/\">Claudio Milano<\/a><\/li>\n\n\n\n<li><a href=\"https:\/\/webs.uab.cat\/ahcisp\/verena-stolcke\/\">Verena Stolcke<\/a> (Fundadora)<\/li>\n\n\n\n<li><a href=\"https:\/\/webs.uab.cat\/ahcisp\/montserrat-ventura\/\">Montserrat Ventura Oller<\/a><\/li>\n<\/ul>\n\n\n\n<h2 class=\"wp-block-heading\"><strong>Investigadors Externs \/ Col\u00b7laboradors<\/strong><\/h2>\n\n\n\n<ul class=\"wp-block-list\">\n<li><a href=\"https:\/\/webs.uab.cat\/ahcisp\/silvia-g-alvarez-litben\/\">Silvia G \u00c1lvarez Litben<\/a><\/li>\n\n\n\n<li><a href=\"https:\/\/webs.uab.cat\/ahcisp\/igor-bogdanovic\/\">Igor Bogdanovic<\/a><\/li>\n\n\n\n<li><a href=\"https:\/\/webs.uab.cat\/ahcisp\/domenico-branca\/\">Domenico Branca<\/a><\/li>\n\n\n\n<li><a href=\"https:\/\/webs.uab.cat\/ahcisp\/jordi-castellvi\/\">Jordi Castellv\u00ed<\/a><\/li>\n\n\n\n<li><a href=\"https:\/\/webs.uab.cat\/ahcisp\/pablo-dominguez\/\">Pablo Dom\u00ednguez<\/a><\/li>\n\n\n\n<li><a href=\"https:\/\/webs.uab.cat\/ahcisp\/miquel-figueras-moreu\/\" data-type=\"page\" data-id=\"4340\">Miquel<\/a><a href=\"https:\/\/webs.uab.cat\/ahcisp\/es\/miquel-figueras-moreu\/\" data-type=\"page\" data-id=\"4369\"> Figueras Moreu<\/a><\/li>\n\n\n\n<li><a href=\"https:\/\/webs.uab.cat\/ahcisp\/grup\/vanessa-gaibar-constanso\/\">Vanessa Gaibar Constans\u00f3<\/a><\/li>\n\n\n\n<li><a href=\"https:\/\/webs.uab.cat\/ahcisp\/esther-oliver-grasiot\/\" data-type=\"page\" data-id=\"2617\">Esther Oliver Grasiot<\/a><\/li>\n\n\n\n<li><a href=\"https:\/\/webs.uab.cat\/ahcisp\/alexandre-surralles-i-calonge\/\">Alexandre Surrall\u00e9s Calonge<\/a><\/li>\n\n\n\n<li><a href=\"https:\/\/webs.uab.cat\/ahcisp\/alice-van-den-bogaert\/\">Alice Van den Bogaert<\/a><\/li>\n\n\n\n<li><a href=\"https:\/\/webs.uab.cat\/ahcisp\/maria-laura-zulaica\/\">Mar\u00eda Laura Zulaica<\/a><\/li>\n<\/ul>\n\n\n\n<h3 class=\"wp-block-heading has-text-align-center\">Col\u00b7laboradors en Projectes<\/h3>\n\n\n\n<p>A banda, els <a href=\"https:\/\/webs.uab.cat\/ahcisp\/projectes\/\" data-type=\"page\" data-id=\"53\">diversos projectes del grup AHCISP <\/a>han incorporat altres col.laboradors.<\/p>\n\n\n\n<h2 class=\"wp-block-heading has-text-align-left\">Doctorands<\/h2>\n\n\n\n<p>Podeu consultar la llista completa de <a href=\"https:\/\/webs.uab.cat\/ahcisp\/formacio\/formacio\/#tesis-en-curs\">tesis en curs <\/a>i la llista de les <a href=\"https:\/\/webs.uab.cat\/ahcisp\/formacio\/formacio\/#tesis-finalitzades\">tesis defensades <\/a>en el s\u00ed del grup AHCISP a l&#8217;apartat de formaci\u00f3.<\/p>\n\n\n\n<div style=\"height:20px\" aria-hidden=\"true\" class=\"wp-block-spacer\"><\/div>\n\n\n\n<h2 class=\"wp-block-heading\" id=\"antics-colaboradors\"><strong>Antics Membres i Col\u00b7laboradors<\/strong><\/h2>\n\n\n\n<ul class=\"wp-block-list\">\n<li><a href=\"https:\/\/webs.uab.cat\/ahcisp\/membres\/yolanda-aixela\/\">Yolanda Aixel\u00e0<\/a><\/li>\n\n\n\n<li><a href=\"https:\/\/webs.uab.cat\/ahcisp\/alexandre-coello-de-la-rosa\/\">Alexandre Coello De La Rosa<\/a><\/li>\n\n\n\n<li><a href=\"https:\/\/webs.uab.cat\/ahcisp\/membres\/begonya-enguix\/\">Begonya Enguix<\/a><\/li>\n\n\n\n<li><a href=\"https:\/\/webs.uab.cat\/ahcisp\/membres\/marcio-ferreira-da-silva\/\">Marcio Ferreira da Silva<\/a><\/li>\n\n\n\n<li><a href=\"https:\/\/webs.uab.cat\/ahcisp\/araceli-gonzalez\/\">Araceli Gonz\u00e1lez<\/a><\/li>\n\n\n\n<li><a href=\"https:\/\/webs.uab.cat\/ahcisp\/membres\/sabine-kradolfer\/\">Sabine Kradolfer<\/a><\/li>\n\n\n\n<li><a href=\"https:\/\/webs.uab.cat\/ahcisp\/membres\/maite-marin\/\">Maite Mar\u00edn<\/a><\/li>\n\n\n\n<li><a href=\"https:\/\/webs.uab.cat\/ahcisp\/membres\/josep-marti\/\">Josep Mart\u00ed<\/a><\/li>\n\n\n\n<li><a href=\"https:\/\/webs.uab.cat\/ahcisp\/monica-martinez-mauri\/\">M\u00f2nica Mart\u00ednez Mauri<\/a><\/li>\n\n\n\n<li><a href=\"https:\/\/webs.uab.cat\/ahcisp\/joan-muela\/\">Joan Muela<\/a><\/li>\n\n\n\n<li><a href=\"https:\/\/webs.uab.cat\/ahcisp\/maite-ojeda-mata\/\">Maite Ojeda Mata<\/a><\/li>\n\n\n\n<li><a href=\"https:\/\/webs.uab.cat\/ahcisp\/membres\/enric-porqueres\/\">Enric Porqueres<\/a><\/li>\n\n\n\n<li><a href=\"https:\/\/webs.uab.cat\/ahcisp\/membres\/salvador-queralt\/\">Salvador Queralt<\/a><\/li>\n\n\n\n<li><a href=\"https:\/\/webs.uab.cat\/ahcisp\/membres\/maria-eugenia-ramirez-goicoechea\/\">Maria Eugenia Ram\u00edrez Goicoechea<\/a><\/li>\n\n\n\n<li><a href=\"https:\/\/webs.uab.cat\/ahcisp\/didac-santos-fita\/\">D\u00eddac Santos Fita<\/a><\/li>\n<\/ul>\n\n\n\n<div style=\"height:20px\" aria-hidden=\"true\" class=\"wp-block-spacer\"><\/div>\n\n\n\n<h2 class=\"wp-block-heading\">Investigadors Convidats<\/h2>\n\n\n\n<h3 class=\"wp-block-heading has-text-align-center\"><strong>Predoctorals<\/strong><\/h3>\n\n\n\n<ul class=\"wp-block-list\">\n<li><strong>Mathieu Viau Courville<\/strong>, Sainsbury Research Unit for the Arts of Africa, Oceania and the Americas, University of East Anglia, Norwich, Norfolk, NR4 7TJ&nbsp; United Kingdom (UK), <em>01\/01\/2010 &#8211; 31\/12\/2010<\/em>.<\/li>\n\n\n\n<li><strong>Victor Manuel Garcia Torres<\/strong>, Universidad Nacional Aut\u00f3noma de M\u00e9xico, <em>01\/09\/2013 &#8211; 31\/12\/2013<\/em>.<\/li>\n\n\n\n<li><strong>Sandra Patricia Rodr\u00edguez Gonz\u00e1lez<\/strong> (Pontificia Universidad Javeriana, Colombia), <em>12\/09\/ 2016\/ &#8211; 25\/02\/2017<\/em><\/li>\n\n\n\n<li><strong>Aline de Oliveira Aranha<\/strong> (PPGAS_USP Brasil) Beca FAPESP \u2013 Funda\u00e7\u00e3o de Amparo \u00e0 Pesquisa do Estado de S\u00e3o Paulo, Brasil, <em>01\/12\/2016 &#8211; 04\/04\/2017<\/em><\/li>\n\n\n\n<li><strong>Julian Simoes<\/strong>, U. de Campinas Brasil, <em>01\/11\/2016 &#8211; 30\/10\/2017<\/em><\/li>\n\n\n\n<li><strong>Julian Felipe Cano Osorio<\/strong>, Doctorando en Antropolog\u00eda social en Ciesas-Sureste (San Crist\u00f3bal de Las Casas-Chiapas, M\u00e9xico), <em>01\/11\/2018 &#8211; 08\/02\/2019<\/em><\/li>\n\n\n\n<li><strong>Laura Fonseca<\/strong> (Universidade Estadual de Campinas -Unicamp-), Brasil, <em>01\/09\/2023 &#8211;&nbsp; 29\/02\/2024<\/em><\/li>\n\n\n\n<li><strong>Emma Lord<\/strong>,&nbsp;\u201cCentre for the Study of the Sciences&nbsp;and the Humanities\u201d (SVT), Universitat de Bergen, Noruega, 01\/03\/2024 &#8211; 30\/05\/2024<\/li>\n<\/ul>\n\n\n\n<h3 class=\"wp-block-heading has-text-align-center\"><strong>Postdoctorals<\/strong><\/h3>\n\n\n\n<ul class=\"wp-block-list\">\n<li><a href=\"https:\/\/webs.uab.cat\/ahcisp\/alexandre-surralles-i-calonge\/\"><strong>Alexandre Surrall\u00e9s<\/strong><\/a> (Laboratoire Anthropologie Sociale \/ CNRS-Coll\u00e8ge de France, Paris): AGAUR \u2013 PIV (profesor Investigador Visitant), <em>01\/02\/2007<\/em> &#8211; <em>30\/12\/2007<\/em>, Grup Recerca AHCISP-UAB (SGR)<\/li>\n\n\n\n<li><strong>Stefano Varesse<\/strong> (Dept. Native American Studies, Univ. California, San Diego, USA): AGAUR \u2013 PIV (profesor Investigador Visitant)<em> 10\/01\/2009<\/em> &#8211; <em>15\/03\/2009<\/em>, Grup Recerca AHCISP-UAB (SGR)<\/li>\n\n\n\n<li><strong>Luciano Literas<\/strong>, (CONICET \u2013 Universidad de Buenos Aires, Argentina). <em>01\/02\/2014 &#8211; 30 04\/2014 <\/em>Grup Recerca AHCISP-UAB (SGR)<\/li>\n\n\n\n<li><strong>Charles A. McDonald<\/strong>, (New School for social Research, New York), Wenner-Gren Foundation For Anthropological research-Dissertation Fieldwork Grant (<em>1\/08\/2015 &#8211; 31\/12\/2015<\/em>) Grup Recerca AHCISP-UAB (SGR)<\/li>\n\n\n\n<li><strong>Christina de Rezende Rubim<\/strong> (Universidade Sao Paulo, Brasil) CNPq e CAPES,&nbsp; <em>01\/09\/2014&nbsp; <\/em>&#8211; <em>30\/06\/2015<\/em>, Grup Recerca AHCISP-UAB (SGR)<\/li>\n\n\n\n<li><strong>Juan Javier Rivera And\u00eda<\/strong>: Beatriu de Pin\u00f3s-Marie Curie fellow, <em>1\/10\/2014 &#8211; 30\/09\/2016<\/em> Grup Recerca AHCISP-UAB (SGR)<\/li>\n\n\n\n<li><a href=\"https:\/\/webs.uab.cat\/ahcisp\/didac-santos-fita\/\"><strong>D\u00eddac Santos-Fita<\/strong><\/a> (Instituto Amaz\u00f4nico de Agriculturas Familiares, Universidade Federal do Par\u00e1 (Bel\u00e9m, Par\u00e1, Brasil), <em>17\/12\/2018 &#8211; 08\/01\/2019<\/em>, Grup Recerca AHCISP-UAB (SGR)<\/li>\n\n\n\n<li><strong>Mar\u00eda Eugenia Dom\u00ednguez<\/strong>, (Universidad Federal de Santa Catarina (Brasil), <em>06\/03\/2020 &#8211; 31\/08\/2020<\/em>, Grup Recerca AHCISP-UAB (SGR)<\/li>\n\n\n\n<li><strong>Maria Audirene de Souza Cordeiro<\/strong>, Univ. Federal Amazonas (Manaos, Brasil). Estancia Post-Doctoral, Funda\u00e7\u00e3o de Amparo \u00e0 Pesquisa do Estado do Amazonas &#8211; FAPEAM &#8211; \u2013 PRODOC\/FAPEAM N\u00ba 003\/2022; Grup de Recerca AHCISP- UAB: <em>01\/06\/2022 &#8211; 01\/06\/ 2023<\/em><\/li>\n\n\n\n<li><strong>Marisa C. Gaspar<\/strong> (ISEG, Universidade de Lisboa. PostDoctoral Fellow by Foundation for Science and Technology), <em>21\/10\/2022 &#8211; 21\/12\/2022<\/em>, Grup de recerca AHCISP, UAB.<\/li>\n<\/ul>\n\n\n\n<div style=\"height:20px\" aria-hidden=\"true\" class=\"wp-block-spacer\"><\/div>\n\n\n\n<h2 class=\"wp-block-heading\">Membres Fundacionals<\/h2>\n\n\n\n<p>Els membres fundacionals de l\u2019AHCISP van ser: Verena Stolcke, Montserrat Clua i Fain\u00e9, Alexandre Coello De la Rosa, M\u00f2nica Mart\u00ednez Mauri, Josep Llu\u00eds Mateo Dieste, Maite Ojeda Mata, Alice Van den Bogaert i Montserrat Ventura i Oller.<\/p>\n","protected":false},"excerpt":{"rendered":"<p>Coordinaci\u00f3 El grup AHCISP est\u00e0 coordinat per la professora Montserrat Clua i Fain\u00e9 Investigadors Llista d&#8217;investigadors membres de l&#8217;AHCISP. Investigadors Externs \/ Col\u00b7laboradors Col\u00b7laboradors en Projectes A banda, els diversos projectes del grup AHCISP han incorporat altres col.laboradors. Doctorands Podeu consultar la llista completa de tesis en curs i la llista de les tesis defensades [&hellip;]<\/p>\n","protected":false},"author":1643,"featured_media":0,"parent":0,"menu_order":0,"comment_status":"closed","ping_status":"closed","template":"","meta":{"footnotes":""},"class_list":["post-2806","page","type-page","status-publish","hentry"],"_links":{"self":[{"href":"https:\/\/webs.uab.cat\/ahcisp\/wp-json\/wp\/v2\/pages\/2806","targetHints":{"allow":["GET"]}}],"collection":[{"href":"https:\/\/webs.uab.cat\/ahcisp\/wp-json\/wp\/v2\/pages"}],"about":[{"href":"https:\/\/webs.uab.cat\/ahcisp\/wp-json\/wp\/v2\/types\/page"}],"author":[{"embeddable":true,"href":"https:\/\/webs.uab.cat\/ahcisp\/wp-json\/wp\/v2\/users\/1643"}],"replies":[{"embeddable":true,"href":"https:\/\/webs.uab.cat\/ahcisp\/wp-json\/wp\/v2\/comments?post=2806"}],"version-history":[{"count":26,"href":"https:\/\/webs.uab.cat\/ahcisp\/wp-json\/wp\/v2\/pages\/2806\/revisions"}],"predecessor-version":[{"id":6277,"href":"https:\/\/webs.uab.cat\/ahcisp\/wp-json\/wp\/v2\/pages\/2806\/revisions\/6277"}],"wp:attachment":[{"href":"https:\/\/webs.uab.cat\/ahcisp\/wp-json\/wp\/v2\/media?parent=2806"}],"curies":[{"name":"wp","href":"https:\/\/api.w.org\/{rel}","templated":true}]}}