{"id":3051,"date":"2024-03-07T13:21:55","date_gmt":"2024-03-07T11:21:55","guid":{"rendered":"https:\/\/webs.uab.cat\/ahcisp\/?page_id=3051"},"modified":"2024-06-15T11:09:55","modified_gmt":"2024-06-15T09:09:55","slug":"igor-bogdanovic","status":"publish","type":"page","link":"https:\/\/webs.uab.cat\/ahcisp\/igor-bogdanovic\/","title":{"rendered":"Igor Bogdanovic"},"content":{"rendered":"\n<div class=\"wp-block-group alignwide\"><div class=\"wp-block-group__inner-container is-layout-constrained wp-block-group-is-layout-constrained\">\n<div class=\"wp-block-columns is-layout-flex wp-container-core-columns-is-layout-9d6595d7 wp-block-columns-is-layout-flex\">\n<div class=\"wp-block-column is-layout-flow wp-block-column-is-layout-flow\" style=\"flex-basis:33.33%\">\n<figure class=\"wp-block-image size-full\"><img loading=\"lazy\" decoding=\"async\" width=\"1932\" height=\"2156\" src=\"https:\/\/webs.uab.cat\/ahcisp\/wp-content\/uploads\/sites\/320\/2024\/06\/Igor.jpeg\" alt=\"\" class=\"wp-image-5113\" srcset=\"https:\/\/webs.uab.cat\/ahcisp\/wp-content\/uploads\/sites\/320\/2024\/06\/Igor.jpeg 1932w, https:\/\/webs.uab.cat\/ahcisp\/wp-content\/uploads\/sites\/320\/2024\/06\/Igor-269x300.jpeg 269w, https:\/\/webs.uab.cat\/ahcisp\/wp-content\/uploads\/sites\/320\/2024\/06\/Igor-918x1024.jpeg 918w, https:\/\/webs.uab.cat\/ahcisp\/wp-content\/uploads\/sites\/320\/2024\/06\/Igor-768x857.jpeg 768w, https:\/\/webs.uab.cat\/ahcisp\/wp-content\/uploads\/sites\/320\/2024\/06\/Igor-1376x1536.jpeg 1376w, https:\/\/webs.uab.cat\/ahcisp\/wp-content\/uploads\/sites\/320\/2024\/06\/Igor-1835x2048.jpeg 1835w, https:\/\/webs.uab.cat\/ahcisp\/wp-content\/uploads\/sites\/320\/2024\/06\/Igor-1200x1339.jpeg 1200w\" sizes=\"auto, (max-width: 1932px) 100vw, 1932px\" \/><\/figure>\n<\/div>\n\n\n\n<div class=\"wp-block-column is-layout-flow wp-block-column-is-layout-flow\" style=\"flex-basis:66.66%\">\n<h2 class=\"wp-block-heading\">Igor Bogdanovic<\/h2>\n\n\n\n<ul class=\"has-small-font-size wp-block-list\">\n<li><strong>Vinculaci\u00f3<\/strong>: col\u00b7laborador, investigador extern<\/li>\n\n\n\n<li><strong>Correu<\/strong>: <\/li>\n\n\n\n<li><strong>ORCID<\/strong>: <a href=\"https:\/\/orcid.org\/0000-0001-7710-755X\" target=\"_blank\" rel=\"noreferrer noopener\">0000-0001-7710-755X<\/a><\/li>\n\n\n\n<li><a href=\"https:\/\/uab.academia.edu\/IgorBogdanovic\"><strong>Academia.edu<\/strong><\/a><\/li>\n\n\n\n<li><strong><a href=\"https:\/\/www.linkedin.com\/in\/igor-bogdanovic-81310841\/\">Linkedin<\/a><\/strong><\/li>\n<\/ul>\n<\/div>\n<\/div>\n\n\n\n<h3 class=\"wp-block-heading\">Recerca<\/h3>\n\n\n\n<p>Doctor en Hist\u00f2ria per la UAB, M\u00e0ster en Metodologia de la recerca arqueol\u00f2gica i Llicenciat en Arqueologia, ha dedicat la seva recerca a dues l\u00ednies diferents, per\u00f2 complementaries. Per una banda, les q\u00fcestions de la identitat col\u00b7lectiva i de la continu\u00eftat i discontinu\u00eftat en el passat, l\u2019han portat a estudiar els nacionalismes contemporanis, amb \u00a0una tesi doctoral (<em>La instrumentalitzaci\u00f3 del passat en el present. La construcci\u00f3 de les identitats col\u00b7lectives dels Balcans centrals en la hist\u00f2ria de l\u2019arqueologia s\u00e8rbia,<\/em> UAB, 2011) i dos llibres de divulgaci\u00f3 (<em>Els Balcans<\/em>, Editorial UOC, Barcelona, 2005; i <em>Los procesos balc\u00e1nicos. Entre la integridad territorial de los estados y la libertad de los pueblos<\/em>, Salvat, 56, Barcelona, 2019), entre d\u2019altres aportacions. <\/p>\n\n\n\n<p>Per altra banda, en l\u2019\u00e0mbit de la metodologia de la recerca arqueol\u00f2gica i de l\u2019aplicaci\u00f3 de les tecnologies digitals en l\u2019estudi i preservaci\u00f3 del patrimoni, ha participat en diferents projectes de recerca portats des del Departament de Prehist\u00f2ria de la UAB. Entre els resultats es podria esmentar la coedici\u00f3 (amb J.A.Barcel\u00f3) \u00a0del llibre <em>Mathematics in Archaeology<\/em>, CRC Press, 2020; i una s\u00e8rie d\u2019articles sobre la modulaci\u00f3 del temps arqueol\u00f2gic. Tamb\u00e9 participa en la recerca dels jaciments La Draga i Les Coves del Fem, amb la corresponent producci\u00f3 cient\u00edfica.<\/p>\n\n\n\n<p>Actualment treballa com a <a href=\"https:\/\/www.uab.cat\/open-labs\/\">T\u00e8cnic Superior de Recerca en el Laboratori Digital de UAB Open Labs<\/a>, on imparteix doc\u00e8ncia sobre les tecnologies 3D i RV per diversos graus i m\u00e0sters de la UAB, assessora les persones de la comunitat UAB en el disseny i implementaci\u00f3 de la part digital dels projectes, i participa en els projectes d\u2019innovaci\u00f3 digital, com per exemple <a href=\"https:\/\/vrallart.com\/vr-exhibitions\/em\/intermedit_project\/\">Intermedit.<\/a><\/p>\n\n\n\n<hr class=\"wp-block-separator has-alpha-channel-opacity\" \/>\n\n\n\n<p><a href=\"https:\/\/webs.uab.cat\/ahcisp\/equip\/\">&lt;&lt; Retornar a &#8216;L&#8217;Equip&#8217;<\/a><\/p>\n<\/div><\/div>\n","protected":false},"excerpt":{"rendered":"<p>Igor Bogdanovic Recerca Doctor en Hist\u00f2ria per la UAB, M\u00e0ster en Metodologia de la recerca arqueol\u00f2gica i Llicenciat en Arqueologia, ha dedicat la seva recerca a dues l\u00ednies diferents, per\u00f2 complementaries. Per una banda, les q\u00fcestions de la identitat col\u00b7lectiva i de la continu\u00eftat i discontinu\u00eftat en el passat, l\u2019han portat a estudiar els nacionalismes [&hellip;]<\/p>\n","protected":false},"author":1643,"featured_media":0,"parent":0,"menu_order":0,"comment_status":"closed","ping_status":"closed","template":"","meta":{"footnotes":""},"class_list":["post-3051","page","type-page","status-publish","hentry"],"_links":{"self":[{"href":"https:\/\/webs.uab.cat\/ahcisp\/wp-json\/wp\/v2\/pages\/3051","targetHints":{"allow":["GET"]}}],"collection":[{"href":"https:\/\/webs.uab.cat\/ahcisp\/wp-json\/wp\/v2\/pages"}],"about":[{"href":"https:\/\/webs.uab.cat\/ahcisp\/wp-json\/wp\/v2\/types\/page"}],"author":[{"embeddable":true,"href":"https:\/\/webs.uab.cat\/ahcisp\/wp-json\/wp\/v2\/users\/1643"}],"replies":[{"embeddable":true,"href":"https:\/\/webs.uab.cat\/ahcisp\/wp-json\/wp\/v2\/comments?post=3051"}],"version-history":[{"count":6,"href":"https:\/\/webs.uab.cat\/ahcisp\/wp-json\/wp\/v2\/pages\/3051\/revisions"}],"predecessor-version":[{"id":5117,"href":"https:\/\/webs.uab.cat\/ahcisp\/wp-json\/wp\/v2\/pages\/3051\/revisions\/5117"}],"wp:attachment":[{"href":"https:\/\/webs.uab.cat\/ahcisp\/wp-json\/wp\/v2\/media?parent=3051"}],"curies":[{"name":"wp","href":"https:\/\/api.w.org\/{rel}","templated":true}]}}