{"id":3052,"date":"2024-03-07T13:31:07","date_gmt":"2024-03-07T11:31:07","guid":{"rendered":"https:\/\/webs.uab.cat\/ahcisp\/?page_id=3052"},"modified":"2024-06-11T12:52:39","modified_gmt":"2024-06-11T10:52:39","slug":"domenico-branca","status":"publish","type":"page","link":"https:\/\/webs.uab.cat\/ahcisp\/domenico-branca\/","title":{"rendered":"Domenico Branca"},"content":{"rendered":"\n<div class=\"wp-block-group alignwide\"><div class=\"wp-block-group__inner-container is-layout-constrained wp-block-group-is-layout-constrained\">\n<div class=\"wp-block-columns is-layout-flex wp-container-core-columns-is-layout-9d6595d7 wp-block-columns-is-layout-flex\">\n<div class=\"wp-block-column is-layout-flow wp-block-column-is-layout-flow\" style=\"flex-basis:33.3%\">\n<figure class=\"wp-block-image size-full\"><img loading=\"lazy\" decoding=\"async\" width=\"1087\" height=\"1450\" src=\"https:\/\/webs.uab.cat\/ahcisp\/wp-content\/uploads\/sites\/320\/2024\/05\/Foto-Domenico-CV.jpg\" alt=\"\" class=\"wp-image-4272\" srcset=\"https:\/\/webs.uab.cat\/ahcisp\/wp-content\/uploads\/sites\/320\/2024\/05\/Foto-Domenico-CV.jpg 1087w, https:\/\/webs.uab.cat\/ahcisp\/wp-content\/uploads\/sites\/320\/2024\/05\/Foto-Domenico-CV-225x300.jpg 225w, https:\/\/webs.uab.cat\/ahcisp\/wp-content\/uploads\/sites\/320\/2024\/05\/Foto-Domenico-CV-768x1024.jpg 768w\" sizes=\"auto, (max-width: 1087px) 100vw, 1087px\" \/><\/figure>\n<\/div>\n\n\n\n<div class=\"wp-block-column is-layout-flow wp-block-column-is-layout-flow\" style=\"flex-basis:66.66%\">\n<h2 class=\"wp-block-heading\">Domenico Branca<\/h2>\n\n\n\n<ul class=\"has-small-font-size wp-block-list\">\n<li><strong>Vinculaci\u00f3<\/strong>: col\u00b7laborador, investigador extern<\/li>\n\n\n\n<li><strong>Correu<\/strong>: d.branca@uniss.it<\/li>\n\n\n\n<li><strong>ORCID<\/strong>: <a href=\"https:\/\/orcid.org\/0000-0002-4346-3334\" target=\"_blank\" rel=\"noreferrer noopener\">0000-0002-4346-3334<\/a><\/li>\n\n\n\n<li><strong>Google Scholar<\/strong>: <a href=\"https:\/\/scholar.google.com\/citations?user=qQ2-o9AAAAAJ&amp;hl=en&amp;oi=ao]\" target=\"_blank\" rel=\"noreferrer noopener\">Domenico Branca<\/a><\/li>\n<\/ul>\n<\/div>\n<\/div>\n\n\n\n<h3 class=\"wp-block-heading\">Recerca<\/h3>\n\n\n\n<p>Els meus interessos de recerca se centren principalment en quatre l\u00ednies: la construcci\u00f3 de les classificacions socials, amb especial \u00e8mfasi en la identitat i la idea de la naci\u00f3 aimara peruana; l\u2019antropologia cr\u00edtica del patrimoni i del turisme i la seva articulaci\u00f3 amb els projectes de construcci\u00f3 nacional al Per\u00fa; les relacions simb\u00f2liques i materials entre entorns urbans i rurals, particularment en ciutats de muntanya dels Andes; i l\u2019estudi de comunitats de muntanya mitjan\u00e7ant un enfocament montol\u00f2gic transdisciplinari. <\/p>\n\n\n\n<p>Vaig ser fundador, juntament amb algunes i alguns col\u00b7legues, de la revista <em>Am\u00e9rica Cr\u00edtica<\/em> (Cagliari, It\u00e0lia) i s\u00f3c part del Comit\u00e8 de Redacci\u00f3 d\u2019<em>Anuac<\/em>, Revista de la Societat Italiana d\u2019Antropologia Cultural, i del Comit\u00e8 Cient\u00edfic de la <em>Revista de Pensamiento Cr\u00edtico Aymara<\/em> (Puno, Per\u00fa). A m\u00e9s de diversos articles i cap\u00edtols, he publicat el llibre <em><em>Identidad aymara en el Per\u00fa<\/em><\/em> (Lima, Editorial Horizonte, 2017).<\/p>\n\n\n\n<hr class=\"wp-block-separator has-alpha-channel-opacity\" \/>\n\n\n\n<p><a href=\"https:\/\/webs.uab.cat\/ahcisp\/equip\/\">&lt;&lt; Retornar a &#8216;L&#8217;Equip&#8217;<\/a><\/p>\n<\/div><\/div>\n","protected":false},"excerpt":{"rendered":"<p>Domenico Branca Recerca Els meus interessos de recerca se centren principalment en quatre l\u00ednies: la construcci\u00f3 de les classificacions socials, amb especial \u00e8mfasi en la identitat i la idea de la naci\u00f3 aimara peruana; l\u2019antropologia cr\u00edtica del patrimoni i del turisme i la seva articulaci\u00f3 amb els projectes de construcci\u00f3 nacional al Per\u00fa; les relacions [&hellip;]<\/p>\n","protected":false},"author":1643,"featured_media":0,"parent":0,"menu_order":0,"comment_status":"closed","ping_status":"closed","template":"","meta":{"footnotes":""},"class_list":["post-3052","page","type-page","status-publish","hentry"],"_links":{"self":[{"href":"https:\/\/webs.uab.cat\/ahcisp\/wp-json\/wp\/v2\/pages\/3052","targetHints":{"allow":["GET"]}}],"collection":[{"href":"https:\/\/webs.uab.cat\/ahcisp\/wp-json\/wp\/v2\/pages"}],"about":[{"href":"https:\/\/webs.uab.cat\/ahcisp\/wp-json\/wp\/v2\/types\/page"}],"author":[{"embeddable":true,"href":"https:\/\/webs.uab.cat\/ahcisp\/wp-json\/wp\/v2\/users\/1643"}],"replies":[{"embeddable":true,"href":"https:\/\/webs.uab.cat\/ahcisp\/wp-json\/wp\/v2\/comments?post=3052"}],"version-history":[{"count":6,"href":"https:\/\/webs.uab.cat\/ahcisp\/wp-json\/wp\/v2\/pages\/3052\/revisions"}],"predecessor-version":[{"id":5013,"href":"https:\/\/webs.uab.cat\/ahcisp\/wp-json\/wp\/v2\/pages\/3052\/revisions\/5013"}],"wp:attachment":[{"href":"https:\/\/webs.uab.cat\/ahcisp\/wp-json\/wp\/v2\/media?parent=3052"}],"curies":[{"name":"wp","href":"https:\/\/api.w.org\/{rel}","templated":true}]}}