{"id":3077,"date":"2024-03-07T14:10:58","date_gmt":"2024-03-07T12:10:58","guid":{"rendered":"https:\/\/webs.uab.cat\/ahcisp\/?page_id=3077"},"modified":"2024-06-11T13:04:10","modified_gmt":"2024-06-11T11:04:10","slug":"joan-muela","status":"publish","type":"page","link":"https:\/\/webs.uab.cat\/ahcisp\/joan-muela\/","title":{"rendered":"Joan Muela"},"content":{"rendered":"\n<div class=\"wp-block-group alignwide\"><div class=\"wp-block-group__inner-container is-layout-constrained wp-block-group-is-layout-constrained\">\n<div class=\"wp-block-columns is-layout-flex wp-container-core-columns-is-layout-9d6595d7 wp-block-columns-is-layout-flex\">\n<div class=\"wp-block-column is-layout-flow wp-block-column-is-layout-flow\" style=\"flex-basis:33.3%\">\n<figure class=\"wp-block-image size-full\"><img loading=\"lazy\" decoding=\"async\" width=\"326\" height=\"436\" src=\"https:\/\/webs.uab.cat\/ahcisp\/wp-content\/uploads\/sites\/320\/2024\/03\/crea-imatge-de-mapa-de-bits-2-1.jpg\" alt=\"\" class=\"wp-image-3102\" srcset=\"https:\/\/webs.uab.cat\/ahcisp\/wp-content\/uploads\/sites\/320\/2024\/03\/crea-imatge-de-mapa-de-bits-2-1.jpg 326w, https:\/\/webs.uab.cat\/ahcisp\/wp-content\/uploads\/sites\/320\/2024\/03\/crea-imatge-de-mapa-de-bits-2-1-224x300.jpg 224w\" sizes=\"auto, (max-width: 326px) 100vw, 326px\" \/><\/figure>\n<\/div>\n\n\n\n<div class=\"wp-block-column is-layout-flow wp-block-column-is-layout-flow\" style=\"flex-basis:66.66%\">\n<h2 class=\"wp-block-heading\">Joan Muela<\/h2>\n\n\n\n<ul class=\"has-normal-font-size wp-block-list\">\n<li><strong>Vinculaci\u00f3<\/strong>: antic col\u00b7laborador<\/li>\n\n\n\n<li><strong>Correu<\/strong>: <\/li>\n\n\n\n<li><strong>ORCID<\/strong>: <a href=\"https:\/\/orcid.org\/0000-0003-2111-6275\">0000-0003-2111-6275<\/a><\/li>\n<\/ul>\n<\/div>\n<\/div>\n\n\n\n<h3 class=\"wp-block-heading\">Recerca<\/h3>\n\n\n\n<p>Professor associat a la Universitat Rovira i Virgili. Membre d\u2019AHCISP el per\u00edode 2006-2008 (2005SGR00217) i 2009-2013 (SGR2009-658); Equip de recerca del Projecte <em>Identidades ambivalentes. Estudio comparativo sobre sistemas de clasificaci\u00f3n social en Europa, Am\u00e9rica y \u00c1frica<\/em> (HAR2008-04582\/HIST).<\/p>\n\n\n\n<hr class=\"wp-block-separator has-alpha-channel-opacity\" \/>\n\n\n\n<p><a href=\"https:\/\/webs.uab.cat\/ahcisp\/equip\/\">&lt;&lt; Retornar a &#8216;L&#8217;Equip&#8217;<\/a><\/p>\n<\/div><\/div>\n","protected":false},"excerpt":{"rendered":"<p>Joan Muela Recerca Professor associat a la Universitat Rovira i Virgili. Membre d\u2019AHCISP el per\u00edode 2006-2008 (2005SGR00217) i 2009-2013 (SGR2009-658); Equip de recerca del Projecte Identidades ambivalentes. Estudio comparativo sobre sistemas de clasificaci\u00f3n social en Europa, Am\u00e9rica y \u00c1frica (HAR2008-04582\/HIST). &lt;&lt; Retornar a &#8216;L&#8217;Equip&#8217;<\/p>\n","protected":false},"author":1643,"featured_media":0,"parent":0,"menu_order":0,"comment_status":"closed","ping_status":"closed","template":"","meta":{"footnotes":""},"class_list":["post-3077","page","type-page","status-publish","hentry"],"_links":{"self":[{"href":"https:\/\/webs.uab.cat\/ahcisp\/wp-json\/wp\/v2\/pages\/3077","targetHints":{"allow":["GET"]}}],"collection":[{"href":"https:\/\/webs.uab.cat\/ahcisp\/wp-json\/wp\/v2\/pages"}],"about":[{"href":"https:\/\/webs.uab.cat\/ahcisp\/wp-json\/wp\/v2\/types\/page"}],"author":[{"embeddable":true,"href":"https:\/\/webs.uab.cat\/ahcisp\/wp-json\/wp\/v2\/users\/1643"}],"replies":[{"embeddable":true,"href":"https:\/\/webs.uab.cat\/ahcisp\/wp-json\/wp\/v2\/comments?post=3077"}],"version-history":[{"count":6,"href":"https:\/\/webs.uab.cat\/ahcisp\/wp-json\/wp\/v2\/pages\/3077\/revisions"}],"predecessor-version":[{"id":5048,"href":"https:\/\/webs.uab.cat\/ahcisp\/wp-json\/wp\/v2\/pages\/3077\/revisions\/5048"}],"wp:attachment":[{"href":"https:\/\/webs.uab.cat\/ahcisp\/wp-json\/wp\/v2\/media?parent=3077"}],"curies":[{"name":"wp","href":"https:\/\/api.w.org\/{rel}","templated":true}]}}