{"id":3079,"date":"2024-03-07T13:58:16","date_gmt":"2024-03-07T11:58:16","guid":{"rendered":"https:\/\/webs.uab.cat\/ahcisp\/?page_id=3079"},"modified":"2024-06-11T12:53:41","modified_gmt":"2024-06-11T10:53:41","slug":"monica-martinez-mauri","status":"publish","type":"page","link":"https:\/\/webs.uab.cat\/ahcisp\/monica-martinez-mauri\/","title":{"rendered":"M\u00f2nica Mart\u00ednez Mauri"},"content":{"rendered":"\n<div class=\"wp-block-group alignwide\"><div class=\"wp-block-group__inner-container is-layout-constrained wp-block-group-is-layout-constrained\">\n<div class=\"wp-block-columns is-layout-flex wp-container-core-columns-is-layout-9d6595d7 wp-block-columns-is-layout-flex\">\n<div class=\"wp-block-column is-layout-flow wp-block-column-is-layout-flow\" style=\"flex-basis:33.33%\">\n<figure class=\"wp-block-image size-full\"><img loading=\"lazy\" decoding=\"async\" width=\"750\" height=\"737\" src=\"https:\/\/webs.uab.cat\/ahcisp\/wp-content\/uploads\/sites\/320\/2010\/02\/dscf0274-2.jpg\" alt=\"\" class=\"wp-image-100\" srcset=\"https:\/\/webs.uab.cat\/ahcisp\/wp-content\/uploads\/sites\/320\/2010\/02\/dscf0274-2.jpg 750w, https:\/\/webs.uab.cat\/ahcisp\/wp-content\/uploads\/sites\/320\/2010\/02\/dscf0274-2-300x295.jpg 300w\" sizes=\"auto, (max-width: 750px) 100vw, 750px\" \/><\/figure>\n<\/div>\n\n\n\n<div class=\"wp-block-column is-layout-flow wp-block-column-is-layout-flow\" style=\"flex-basis:66.66%\">\n<h2 class=\"wp-block-heading\">M\u00f2nica Mart\u00ednez Mauri<\/h2>\n\n\n\n<ul class=\"has-normal-font-size wp-block-list\">\n<li><strong>Vinculaci\u00f3<\/strong>: antiga col\u00b7laboradora, investigadora externa<\/li>\n\n\n\n<li><strong>Correu<\/strong>: martinezmauri@ub.edu<\/li>\n\n\n\n<li><strong>ORCID<\/strong>: <a href=\"https:\/\/orcid.org\/0000-0003-1857-1146\">0000-0003-1857-1146<\/a><\/li>\n\n\n\n<li><a href=\"http:\/\/ub.academia.edu\/MonicaMart%C3%ADnezMauri\"><strong>Academia.edu<\/strong><\/a><\/li>\n<\/ul>\n<\/div>\n<\/div>\n\n\n\n<h3 class=\"wp-block-heading\">Recerca<\/h3>\n\n\n\n<p>Professora agregada Serra H\u00fanter a la Universitat de Barcelona. Membre d\u2019AHCISP els per\u00edodes 2006-2008 (2005SGR00217), 2009-2013 (SGR2009-658) i 2014-2017 (SGR2014-00891); Equip de recerca dels Projectes <em>Identidades ambivalentes. Estudio comparativo sobre sistemas de clasificaci\u00f3n social en Europa, Am\u00e9rica y \u00c1frica<\/em> (HAR2008-04582\/HIST), <em>Estudio antropol\u00f3gico comparativo de las nociones de ser humano (HUMANT)<\/em> (HAR2013- 40445P) i <em>Fronteras culturales en un mundo global: antropolog\u00eda comparada de los l\u00edmites culturales y sus consecuencias sociopol\u00edticas (FROCGLOB)<\/em>(HAR2017-86776-P).<\/p>\n\n\n\n<hr class=\"wp-block-separator has-alpha-channel-opacity\" \/>\n\n\n\n<p><a href=\"https:\/\/webs.uab.cat\/ahcisp\/equip\/\">&lt;&lt; Retornar a &#8216;L&#8217;Equip&#8217;<\/a><\/p>\n<\/div><\/div>\n","protected":false},"excerpt":{"rendered":"<p>M\u00f2nica Mart\u00ednez Mauri Recerca Professora agregada Serra H\u00fanter a la Universitat de Barcelona. Membre d\u2019AHCISP els per\u00edodes 2006-2008 (2005SGR00217), 2009-2013 (SGR2009-658) i 2014-2017 (SGR2014-00891); Equip de recerca dels Projectes Identidades ambivalentes. Estudio comparativo sobre sistemas de clasificaci\u00f3n social en Europa, Am\u00e9rica y \u00c1frica (HAR2008-04582\/HIST), Estudio antropol\u00f3gico comparativo de las nociones de ser humano (HUMANT) (HAR2013- [&hellip;]<\/p>\n","protected":false},"author":1643,"featured_media":0,"parent":0,"menu_order":0,"comment_status":"closed","ping_status":"closed","template":"","meta":{"footnotes":""},"class_list":["post-3079","page","type-page","status-publish","hentry"],"_links":{"self":[{"href":"https:\/\/webs.uab.cat\/ahcisp\/wp-json\/wp\/v2\/pages\/3079","targetHints":{"allow":["GET"]}}],"collection":[{"href":"https:\/\/webs.uab.cat\/ahcisp\/wp-json\/wp\/v2\/pages"}],"about":[{"href":"https:\/\/webs.uab.cat\/ahcisp\/wp-json\/wp\/v2\/types\/page"}],"author":[{"embeddable":true,"href":"https:\/\/webs.uab.cat\/ahcisp\/wp-json\/wp\/v2\/users\/1643"}],"replies":[{"embeddable":true,"href":"https:\/\/webs.uab.cat\/ahcisp\/wp-json\/wp\/v2\/comments?post=3079"}],"version-history":[{"count":5,"href":"https:\/\/webs.uab.cat\/ahcisp\/wp-json\/wp\/v2\/pages\/3079\/revisions"}],"predecessor-version":[{"id":5029,"href":"https:\/\/webs.uab.cat\/ahcisp\/wp-json\/wp\/v2\/pages\/3079\/revisions\/5029"}],"wp:attachment":[{"href":"https:\/\/webs.uab.cat\/ahcisp\/wp-json\/wp\/v2\/media?parent=3079"}],"curies":[{"name":"wp","href":"https:\/\/api.w.org\/{rel}","templated":true}]}}