{"id":3080,"date":"2024-03-07T13:51:11","date_gmt":"2024-03-07T11:51:11","guid":{"rendered":"https:\/\/webs.uab.cat\/ahcisp\/?page_id=3080"},"modified":"2024-06-11T13:02:08","modified_gmt":"2024-06-11T11:02:08","slug":"alexandre-coello-de-la-rosa","status":"publish","type":"page","link":"https:\/\/webs.uab.cat\/ahcisp\/alexandre-coello-de-la-rosa\/","title":{"rendered":"Alexandre Coello de la Rosa"},"content":{"rendered":"\n<div class=\"wp-block-group alignwide\"><div class=\"wp-block-group__inner-container is-layout-constrained wp-block-group-is-layout-constrained\">\n<div class=\"wp-block-columns is-layout-flex wp-container-core-columns-is-layout-9d6595d7 wp-block-columns-is-layout-flex\">\n<div class=\"wp-block-column is-layout-flow wp-block-column-is-layout-flow\" style=\"flex-basis:33.3%\">\n<figure class=\"wp-block-image size-full\"><img loading=\"lazy\" decoding=\"async\" width=\"588\" height=\"645\" src=\"https:\/\/webs.uab.cat\/ahcisp\/wp-content\/uploads\/sites\/320\/2010\/02\/crea-imatge-de-mapa-de-bits1.jpg\" alt=\"\" class=\"wp-image-122\" srcset=\"https:\/\/webs.uab.cat\/ahcisp\/wp-content\/uploads\/sites\/320\/2010\/02\/crea-imatge-de-mapa-de-bits1.jpg 588w, https:\/\/webs.uab.cat\/ahcisp\/wp-content\/uploads\/sites\/320\/2010\/02\/crea-imatge-de-mapa-de-bits1-273x300.jpg 273w\" sizes=\"auto, (max-width: 588px) 100vw, 588px\" \/><\/figure>\n<\/div>\n\n\n\n<div class=\"wp-block-column is-layout-flow wp-block-column-is-layout-flow\" style=\"flex-basis:66.66%\">\n<h2 class=\"wp-block-heading\">Alexandre Coello de la Rosa<\/h2>\n\n\n\n<ul class=\"has-normal-font-size wp-block-list\">\n<li><strong>Vinculaci\u00f3<\/strong>: antic col\u00b7laborador, investigador extern<\/li>\n\n\n\n<li><strong>Correu<\/strong>: <\/li>\n\n\n\n<li><strong>ORCID<\/strong>: <a href=\"https:\/\/orcid.org\/0000-0001-5079-6180\">0000-0001-5079-6180<\/a><\/li>\n<\/ul>\n<\/div>\n<\/div>\n\n\n\n<h3 class=\"wp-block-heading\">Recerca<\/h3>\n\n\n\n<p>Catedr\u00e0tic d\u2019Universitata la Universitat Pompeu Fabra. Coello de la Rosa va ser membre d\u2019AHCISP els per\u00edodes 2006-2008 (2005SGR00217), 2009-2013 (SGR2009-658) i 2014-2017 (SGR2014-00891); Equip de recerca dels Projectes Identidades ambivalentes. Estudio comparativo sobre sistemas de clasificaci\u00f3n social en Europa, Am\u00e9rica y \u00c1frica (HAR2008-04582\/HIST) i Estudio antropol\u00f3gico comparativo de las nociones de ser humano (HUMANT) (HAR2013- 40445P)<\/p>\n\n\n\n<hr class=\"wp-block-separator has-alpha-channel-opacity\" \/>\n\n\n\n<p><a href=\"https:\/\/webs.uab.cat\/ahcisp\/equip\/\">&lt;&lt; Retornar a &#8216;L&#8217;Equip&#8217;<\/a><\/p>\n<\/div><\/div>\n","protected":false},"excerpt":{"rendered":"<p>Alexandre Coello de la Rosa Recerca Catedr\u00e0tic d\u2019Universitata la Universitat Pompeu Fabra. Coello de la Rosa va ser membre d\u2019AHCISP els per\u00edodes 2006-2008 (2005SGR00217), 2009-2013 (SGR2009-658) i 2014-2017 (SGR2014-00891); Equip de recerca dels Projectes Identidades ambivalentes. Estudio comparativo sobre sistemas de clasificaci\u00f3n social en Europa, Am\u00e9rica y \u00c1frica (HAR2008-04582\/HIST) i Estudio antropol\u00f3gico comparativo de las [&hellip;]<\/p>\n","protected":false},"author":1643,"featured_media":0,"parent":0,"menu_order":0,"comment_status":"closed","ping_status":"closed","template":"","meta":{"footnotes":""},"class_list":["post-3080","page","type-page","status-publish","hentry"],"_links":{"self":[{"href":"https:\/\/webs.uab.cat\/ahcisp\/wp-json\/wp\/v2\/pages\/3080","targetHints":{"allow":["GET"]}}],"collection":[{"href":"https:\/\/webs.uab.cat\/ahcisp\/wp-json\/wp\/v2\/pages"}],"about":[{"href":"https:\/\/webs.uab.cat\/ahcisp\/wp-json\/wp\/v2\/types\/page"}],"author":[{"embeddable":true,"href":"https:\/\/webs.uab.cat\/ahcisp\/wp-json\/wp\/v2\/users\/1643"}],"replies":[{"embeddable":true,"href":"https:\/\/webs.uab.cat\/ahcisp\/wp-json\/wp\/v2\/comments?post=3080"}],"version-history":[{"count":6,"href":"https:\/\/webs.uab.cat\/ahcisp\/wp-json\/wp\/v2\/pages\/3080\/revisions"}],"predecessor-version":[{"id":5043,"href":"https:\/\/webs.uab.cat\/ahcisp\/wp-json\/wp\/v2\/pages\/3080\/revisions\/5043"}],"wp:attachment":[{"href":"https:\/\/webs.uab.cat\/ahcisp\/wp-json\/wp\/v2\/media?parent=3080"}],"curies":[{"name":"wp","href":"https:\/\/api.w.org\/{rel}","templated":true}]}}