{"id":3132,"date":"2024-03-07T15:43:27","date_gmt":"2024-03-07T13:43:27","guid":{"rendered":"https:\/\/webs.uab.cat\/ahcisp\/?page_id=3132"},"modified":"2025-01-27T13:25:23","modified_gmt":"2025-01-27T11:25:23","slug":"investigadors-convidats","status":"publish","type":"page","link":"https:\/\/webs.uab.cat\/ahcisp\/investigadors-convidats\/","title":{"rendered":"Investigadors Convidats"},"content":{"rendered":"\n<div class=\"wp-block-group alignwide\"><div class=\"wp-block-group__inner-container is-layout-constrained wp-block-group-is-layout-constrained\">\n<h2 class=\"wp-block-heading alignwide has-larger-font-size\"><strong>Investigadors Convidats Predoctoral<\/strong>s<\/h2>\n\n\n\n<div class=\"wp-block-columns alignwide is-layout-flex wp-container-core-columns-is-layout-9d6595d7 wp-block-columns-is-layout-flex\">\n<div class=\"wp-block-column is-layout-flow wp-block-column-is-layout-flow\">\n<ul class=\"wp-block-list has-normal-font-size\">\n<li><strong>Mathieu Viau Courville<\/strong>, Sainsbury Research Unit for the Arts of Africa, Oceania and the Americas, University of East Anglia, Norwich, Norfolk, NR4 7TJ&nbsp; United Kingdom (UK), <em>01\/01\/2010 &#8211; 31\/12\/2010<\/em><\/li>\n\n\n\n<li><strong>Victor Manuel Garcia Torres<\/strong>, Universidad Nacional Aut\u00f3noma de M\u00e9xico, <em>01\/09\/2013 &#8211; 31\/12\/2013<\/em><\/li>\n\n\n\n<li><strong>Sandra Patricia Rodr\u00edguez Gonz\u00e1lez<\/strong> (Pontificia Universidad Javeriana, Colombia), <em>12\/09\/ 2016\/ &#8211; 25\/02\/2017<\/em><\/li>\n\n\n\n<li><strong>Aline de Oliveira Aranha<\/strong> (PPGAS_USP Brasil) Beca FAPESP \u2013 Funda\u00e7\u00e3o de Amparo \u00e0 Pesquisa do Estado de S\u00e3o Paulo, Brasil, <em>01\/12\/2016 &#8211; 04\/04\/2017<\/em><\/li>\n\n\n\n<li><strong>Julian Simoes<\/strong>, U. de Campinas Brasil, <em>01\/11\/2016 &#8211; 30\/10\/2017<\/em><\/li>\n\n\n\n<li><strong>Julian Felipe Cano Osorio<\/strong>, Doctorando en Antropolog\u00eda social en Ciesas-Sureste (San Crist\u00f3bal de Las Casas-Chiapas, M\u00e9xico), <em>01\/11\/2018 &#8211; 08\/02\/2019<\/em><\/li>\n\n\n\n<li><strong>Laura Fonseca<\/strong>, Universidade Estadual de Campinas (Unicamp), Brasil, <em>01\/09\/2023<\/em><em> &#8211; &nbsp;29\/02\/2024<\/em><\/li>\n\n\n\n<li><strong>Emma Lord<\/strong>,<strong> <\/strong>&nbsp;\u201cCentre for the Study of the Sciences&nbsp;and the Humanities\u201d (SVT), Universitat de Bergen, Noruega, 01\/03\/2024 &#8211; 30\/05\/2024<\/li>\n\n\n\n<li><strong>Aline de Oliveira Aranha<\/strong>, Universidad de Sao Paulo, Beca BEPE- Proceso FAPESP: 2022\/01250-0, estudis de Doctorat. Setembre 2024-agost 2025. Investigaci\u00f3: \u201cEst\u00e9ticas mbya de la (r)existencia: relaciones <em>entre<\/em> cine, chamanismo y g\u00e9nero\u201d.<\/li>\n<\/ul>\n<\/div>\n<\/div>\n\n\n\n<hr class=\"wp-block-separator aligncenter has-alpha-channel-opacity is-style-default\" \/>\n\n\n\n<div class=\"wp-block-columns alignwide is-layout-flex wp-container-core-columns-is-layout-9d6595d7 wp-block-columns-is-layout-flex\">\n<div class=\"wp-block-column is-layout-flow wp-block-column-is-layout-flow\">\n<h2 class=\"wp-block-heading alignwide has-larger-font-size\"><strong><strong>Investigadors Convidats Postdoctorals<\/strong><\/strong><\/h2>\n\n\n\n<ul class=\"wp-block-list has-normal-font-size\">\n<li><strong><a href=\"https:\/\/webs.uab.cat\/ahcisp\/alexandre-surralles-i-calonge\/\">Alexandre Surrall\u00e9s<\/a><\/strong> (Laboratoire Anthropologie Sociale \/ CNRS-Coll\u00e8ge de France, Paris): AGAUR \u2013 PIV (profesor Investigador Visitant), <em>01\/02\/2007<\/em> &#8211; <em>30\/12\/2007<\/em>, Grup Recerca AHCISP-UAB (SGR)<\/li>\n\n\n\n<li><strong>Stefano Varesse<\/strong> (Dept. Native American Studies, Univ. California, San Diego, USA): AGAUR \u2013 PIV (profesor Investigador Visitant)<em> 10\/01\/2009<\/em> &#8211; <em>15\/03\/2009<\/em>, Grup Recerca AHCISP-UAB (SGR)<\/li>\n\n\n\n<li><strong>Luciano Literas<\/strong>, (CONICET \u2013 Universidad de Buenos Aires, Argentina). <em>01\/02\/2014 &#8211; 30 04\/2014 <\/em>Grup Recerca AHCISP-UAB (SGR)<\/li>\n\n\n\n<li><strong>Charles A. McDonald<\/strong>, (New School for social Research, New York), Wenner-Gren Foundation For Anthropological research-Dissertation Fieldwork Grant (<em>1\/08\/2015 &#8211; 31\/12\/2015<\/em>) Grup Recerca AHCISP-UAB (SGR)<\/li>\n\n\n\n<li><strong>Christina de Rezende Rubim<\/strong> (Universidade Sao Paulo, Brasil) CNPq e CAPES, &nbsp;<em>01\/09\/2014 <\/em>&nbsp;&#8211; <em>30\/06\/2015<\/em>, Grup Recerca AHCISP-UAB (SGR)<\/li>\n\n\n\n<li><strong>Juan Javier Rivera And\u00eda<\/strong>: Beatriu de Pin\u00f3s-Marie Curie fellow, <em>1\/10\/2014 &#8211; 30\/09\/2016<\/em> Grup Recerca AHCISP-UAB (SGR)<\/li>\n\n\n\n<li><strong><a href=\"https:\/\/webs.uab.cat\/ahcisp\/didac-santos-fita\/\">D\u00eddac Santos-Fita<\/a><\/strong> (Instituto Amaz\u00f4nico de Agriculturas Familiares, Universidade Federal do Par\u00e1 (Bel\u00e9m, Par\u00e1, Brasil), <em>17\/12\/2018 &#8211; 08\/01\/2019<\/em>, Grup Recerca AHCISP-UAB (SGR)<\/li>\n\n\n\n<li><strong>Mar\u00eda Eugenia Dom\u00ednguez<\/strong>, (Universidad Federal de Santa Catarina (Brasil), <em>06\/03\/2020 &#8211; 31\/08\/2020<\/em>, Grup Recerca AHCISP-UAB (SGR)<\/li>\n\n\n\n<li><strong>Marisa C. Gaspar<\/strong> (ISEG, Universidade de Lisboa. PostDoctoral Fellow by Foundation for Science and Technology), <em>21\/10\/2022<\/em><em> &#8211; 21\/12\/2022<\/em>, Grup de recerca AHCISP, UAB.<\/li>\n\n\n\n<li><strong>Maria Audirene de Souza Cordeiro<\/strong>, Univ. Federal Amazonas (Manaos, Brasil). Estancia Post-Doctoral, Funda\u00e7\u00e3o de Amparo \u00e0 Pesquisa do Estado do Amazonas &#8211; FAPEAM &#8211; \u2013 PRODOC\/FAPEAM N\u00ba 003\/2022; Grup de Recerca AHCISP- UAB: <em>01\/06\/2022 &#8211; 01\/06\/ 2023<\/em><\/li>\n\n\n\n<li><strong>Rochelle Foltram, <\/strong>Dra. Per la Universidade Federal de S\u00e3o Carlos (UFSCAR, Brasil). Estada Post-Doctoral al Grup de Recerca AHCISP, 01\/01\/2025 \u2013 31\/12\/2025.<\/li>\n\n\n\n<li><strong>Er\u00e9ndira Juanita Cano Contreras<\/strong>, Dra. en <em>Ciencias en Ecolog\u00eda y Desarrollo Sustentable<\/em> per El Colegio de la Frontera Sur (ECOSUR), Chiapas, M\u00e9xico. Estada Postdoctoral al Grup de Recerca AHCISP, 01\/02\/2025 \u2013 31\/1\/2026.<\/li>\n<\/ul>\n<\/div>\n<\/div>\n<\/div><\/div>\n","protected":false},"excerpt":{"rendered":"<p>Investigadors Convidats Predoctorals Investigadors Convidats Postdoctorals<\/p>\n","protected":false},"author":1643,"featured_media":0,"parent":0,"menu_order":0,"comment_status":"closed","ping_status":"closed","template":"","meta":{"footnotes":""},"class_list":["post-3132","page","type-page","status-publish","hentry"],"_links":{"self":[{"href":"https:\/\/webs.uab.cat\/ahcisp\/wp-json\/wp\/v2\/pages\/3132","targetHints":{"allow":["GET"]}}],"collection":[{"href":"https:\/\/webs.uab.cat\/ahcisp\/wp-json\/wp\/v2\/pages"}],"about":[{"href":"https:\/\/webs.uab.cat\/ahcisp\/wp-json\/wp\/v2\/types\/page"}],"author":[{"embeddable":true,"href":"https:\/\/webs.uab.cat\/ahcisp\/wp-json\/wp\/v2\/users\/1643"}],"replies":[{"embeddable":true,"href":"https:\/\/webs.uab.cat\/ahcisp\/wp-json\/wp\/v2\/comments?post=3132"}],"version-history":[{"count":15,"href":"https:\/\/webs.uab.cat\/ahcisp\/wp-json\/wp\/v2\/pages\/3132\/revisions"}],"predecessor-version":[{"id":5732,"href":"https:\/\/webs.uab.cat\/ahcisp\/wp-json\/wp\/v2\/pages\/3132\/revisions\/5732"}],"wp:attachment":[{"href":"https:\/\/webs.uab.cat\/ahcisp\/wp-json\/wp\/v2\/media?parent=3132"}],"curies":[{"name":"wp","href":"https:\/\/api.w.org\/{rel}","templated":true}]}}