{"id":3274,"date":"2024-03-07T18:11:35","date_gmt":"2024-03-07T16:11:35","guid":{"rendered":"https:\/\/webs.uab.cat\/ahcisp\/?page_id=3274"},"modified":"2024-06-10T21:02:28","modified_gmt":"2024-06-10T19:02:28","slug":"adria-pena","status":"publish","type":"page","link":"https:\/\/webs.uab.cat\/ahcisp\/adria-pena\/","title":{"rendered":"Adri\u00e0 Pe\u00f1a"},"content":{"rendered":"\n<div class=\"wp-block-group alignwide\"><div class=\"wp-block-group__inner-container is-layout-constrained wp-block-group-is-layout-constrained\">\n<div class=\"wp-block-columns is-layout-flex wp-container-core-columns-is-layout-9d6595d7 wp-block-columns-is-layout-flex\">\n<div class=\"wp-block-column is-layout-flow wp-block-column-is-layout-flow\" style=\"flex-basis:33.33%\">\n<figure class=\"wp-block-image size-full\"><img loading=\"lazy\" decoding=\"async\" width=\"277\" height=\"372\" src=\"https:\/\/webs.uab.cat\/ahcisp\/wp-content\/uploads\/sites\/320\/2024\/03\/Adria_Pena.jpeg\" alt=\"\" class=\"wp-image-3419\" srcset=\"https:\/\/webs.uab.cat\/ahcisp\/wp-content\/uploads\/sites\/320\/2024\/03\/Adria_Pena.jpeg 277w, https:\/\/webs.uab.cat\/ahcisp\/wp-content\/uploads\/sites\/320\/2024\/03\/Adria_Pena-223x300.jpeg 223w\" sizes=\"auto, (max-width: 277px) 100vw, 277px\" \/><\/figure>\n<\/div>\n\n\n\n<div class=\"wp-block-column is-layout-flow wp-block-column-is-layout-flow\" style=\"flex-basis:66.66%\">\n<h2 class=\"wp-block-heading\"><strong>Adri\u00e0 Pe\u00f1a Enguix<\/strong><\/h2>\n\n\n\n<ul class=\"has-small-font-size wp-block-list\">\n<li><strong>Vinculaci\u00f3<\/strong>: doctorand<\/li>\n\n\n\n<li><strong>Correu<\/strong>: <a href=\"mailto:adria.pena@uab.cat\">adria.pena@uab.cat<\/a><\/li>\n\n\n\n<li><strong>ORCID<\/strong>: <\/li>\n\n\n\n<li><a href=\"https:\/\/www.researchgate.net\/profile\/Adria-Pena-Enguix-2\">ResearchGate<\/a><\/li>\n<\/ul>\n<\/div>\n<\/div>\n\n\n\n<h3 class=\"wp-block-heading\">Recerca<\/h3>\n\n\n\n<p>Soc antrop\u00f2leg Ambiental, interessat en les relacions natura-cultura, centrant la meva recerca en la gesti\u00f3 col\u00b7lectiva dels recursos naturals per part de les comunitats locals, treballant concretament en comunitats pastorals. Graduat en Ci\u00e8ncies Ambientals a la UAB, vaig realitzar posteriorment el m\u00e0ster en Antropologia Social i Cultural a la mateixa universitat, estudiant el rol de la comunitat pastoral de Castril (Granada) en l\u2019\u00fas i gesti\u00f3 dels recursos comuns.<\/p>\n\n\n\n<p>Actualment, realitzo la tesi doctoral en codirecci\u00f3 entre la Universitat Aut\u00f2noma de Barcelona i la Universitat de Marsella realitzant un treball etnogr\u00e0fic als comunals pastorals de Castril, Santiago i Pontones, entenent-los com a possibles sistemes socioecol\u00f2gics resilients que s\u2019adapten en un context de canvis globals. A m\u00e9s a m\u00e9s, estudio quins son els factors que han influ\u00eft en la configuraci\u00f3 actual d\u2019aquests comunals pastoral, des d\u2019una perspectiva hist\u00f2rica mitjan\u00e7ant la consulta d\u2019arxius.<\/p>\n\n\n\n<h4 class=\"wp-block-heading has-text-align-center\">Publicacions<\/h4>\n\n\n\n<p>Godoy, F., Sanosa, P., Pe\u00f1a, A., Ventura, M., Ramos, M., Robles, AB., Tognetti, M., Genin, D., Mahdi, M., Ravera, F., Dominguez, P. (2021). Una exposici\u00f3n virtual muestra una investigaci\u00f3n sobre los comunales pastoriles de Castril, Santiago y Pontones. Revista Patrimonio Hist\u00f3rico Andaluz, 103, 25-29.<\/p>\n\n\n\n<hr class=\"wp-block-separator has-alpha-channel-opacity\" \/>\n\n\n\n<p><a href=\"https:\/\/webs.uab.cat\/ahcisp\/equip\/\">&lt;&lt; Retornar a &#8216;L&#8217;Equip&#8217;<\/a><\/p>\n<\/div><\/div>\n","protected":false},"excerpt":{"rendered":"<p>Adri\u00e0 Pe\u00f1a Enguix Recerca Soc antrop\u00f2leg Ambiental, interessat en les relacions natura-cultura, centrant la meva recerca en la gesti\u00f3 col\u00b7lectiva dels recursos naturals per part de les comunitats locals, treballant concretament en comunitats pastorals. Graduat en Ci\u00e8ncies Ambientals a la UAB, vaig realitzar posteriorment el m\u00e0ster en Antropologia Social i Cultural a la mateixa universitat, [&hellip;]<\/p>\n","protected":false},"author":1643,"featured_media":0,"parent":0,"menu_order":0,"comment_status":"closed","ping_status":"closed","template":"","meta":{"footnotes":""},"class_list":["post-3274","page","type-page","status-publish","hentry"],"_links":{"self":[{"href":"https:\/\/webs.uab.cat\/ahcisp\/wp-json\/wp\/v2\/pages\/3274","targetHints":{"allow":["GET"]}}],"collection":[{"href":"https:\/\/webs.uab.cat\/ahcisp\/wp-json\/wp\/v2\/pages"}],"about":[{"href":"https:\/\/webs.uab.cat\/ahcisp\/wp-json\/wp\/v2\/types\/page"}],"author":[{"embeddable":true,"href":"https:\/\/webs.uab.cat\/ahcisp\/wp-json\/wp\/v2\/users\/1643"}],"replies":[{"embeddable":true,"href":"https:\/\/webs.uab.cat\/ahcisp\/wp-json\/wp\/v2\/comments?post=3274"}],"version-history":[{"count":8,"href":"https:\/\/webs.uab.cat\/ahcisp\/wp-json\/wp\/v2\/pages\/3274\/revisions"}],"predecessor-version":[{"id":5307,"href":"https:\/\/webs.uab.cat\/ahcisp\/wp-json\/wp\/v2\/pages\/3274\/revisions\/5307"}],"wp:attachment":[{"href":"https:\/\/webs.uab.cat\/ahcisp\/wp-json\/wp\/v2\/media?parent=3274"}],"curies":[{"name":"wp","href":"https:\/\/api.w.org\/{rel}","templated":true}]}}