{"id":3280,"date":"2024-03-07T18:11:37","date_gmt":"2024-03-07T16:11:37","guid":{"rendered":"https:\/\/webs.uab.cat\/ahcisp\/?page_id=3280"},"modified":"2024-06-10T21:02:24","modified_gmt":"2024-06-10T19:02:24","slug":"laura-ramirez","status":"publish","type":"page","link":"https:\/\/webs.uab.cat\/ahcisp\/laura-ramirez\/","title":{"rendered":"Laura Ram\u00edrez"},"content":{"rendered":"\n<div class=\"wp-block-group alignwide\"><div class=\"wp-block-group__inner-container is-layout-constrained wp-block-group-is-layout-constrained\">\n<div class=\"wp-block-columns is-layout-flex wp-container-core-columns-is-layout-9d6595d7 wp-block-columns-is-layout-flex\">\n<div class=\"wp-block-column is-layout-flow wp-block-column-is-layout-flow\" style=\"flex-basis:33.3%\">\n<figure class=\"wp-block-image size-full\"><img loading=\"lazy\" decoding=\"async\" width=\"1078\" height=\"1438\" src=\"https:\/\/webs.uab.cat\/ahcisp\/wp-content\/uploads\/sites\/320\/2024\/03\/Laura_Ramirez.png\" alt=\"\" class=\"wp-image-3413\" srcset=\"https:\/\/webs.uab.cat\/ahcisp\/wp-content\/uploads\/sites\/320\/2024\/03\/Laura_Ramirez.png 1078w, https:\/\/webs.uab.cat\/ahcisp\/wp-content\/uploads\/sites\/320\/2024\/03\/Laura_Ramirez-225x300.png 225w, https:\/\/webs.uab.cat\/ahcisp\/wp-content\/uploads\/sites\/320\/2024\/03\/Laura_Ramirez-768x1024.png 768w\" sizes=\"auto, (max-width: 1078px) 100vw, 1078px\" \/><\/figure>\n<\/div>\n\n\n\n<div class=\"wp-block-column is-layout-flow wp-block-column-is-layout-flow\" style=\"flex-basis:66.66%\">\n<h2 class=\"wp-block-heading\"><strong>Laura Ram\u00edrez Rodr\u00edguez<\/strong><\/h2>\n\n\n\n<ul class=\"has-normal-font-size wp-block-list\">\n<li><strong>Vinculaci\u00f3<\/strong>: doctoranda<\/li>\n\n\n\n<li><strong>Correu<\/strong>: <a href=\"mailto:1480912@uab.cat\">1480912@uab.cat<\/a><\/li>\n\n\n\n<li><strong>ORCID<\/strong>: <a href=\"https:\/\/orcid.org\/0009-0000-5403-698X].\">0009-0000-5403-698X<\/a><\/li>\n<\/ul>\n<\/div>\n<\/div>\n\n\n\n<h3 class=\"wp-block-heading\">Recerca<\/h3>\n\n\n\n<p>Mis temas de investigaci\u00f3n incluyen: migraciones transnacionales, religi\u00f3n (protestantismos latinoamericanos) y <em>embodiment<\/em>. Actualmente estoy investigando los procesos de conversi\u00f3n, los significados de lo divino, las ideas sobre el &#8220;buen cristiano&#8221; y las formas de vida religiosa entre migrantes evang\u00e9licos\/pentecostales en Espa\u00f1a, Chile y Colombia. Tambi\u00e9n he colaborado en otros proyectos de investigaci\u00f3n sobre los efectos del conflicto armado en la regi\u00f3n del Sumapaz, en el Eje Cafetero y en el Magdalena Medio en Colombia, as\u00ed como sobre la legitimaci\u00f3n de grupos armados, desplazamiento forzado y refugio. Soy miembro del equipo editorial de Perspectivas Revista de Ciencias Sociales en la Universidad de Rosario en Argentina.<\/p>\n\n\n\n<hr class=\"wp-block-separator has-alpha-channel-opacity\" \/>\n\n\n\n<p><a href=\"https:\/\/webs.uab.cat\/ahcisp\/equip\/\">&lt;&lt; Retornar a &#8216;L&#8217;Equip&#8217;<\/a><\/p>\n<\/div><\/div>\n","protected":false},"excerpt":{"rendered":"<p>Laura Ram\u00edrez Rodr\u00edguez Recerca Mis temas de investigaci\u00f3n incluyen: migraciones transnacionales, religi\u00f3n (protestantismos latinoamericanos) y embodiment. Actualmente estoy investigando los procesos de conversi\u00f3n, los significados de lo divino, las ideas sobre el &#8220;buen cristiano&#8221; y las formas de vida religiosa entre migrantes evang\u00e9licos\/pentecostales en Espa\u00f1a, Chile y Colombia. Tambi\u00e9n he colaborado en otros proyectos de [&hellip;]<\/p>\n","protected":false},"author":1643,"featured_media":0,"parent":0,"menu_order":0,"comment_status":"closed","ping_status":"closed","template":"","meta":{"footnotes":""},"class_list":["post-3280","page","type-page","status-publish","hentry"],"_links":{"self":[{"href":"https:\/\/webs.uab.cat\/ahcisp\/wp-json\/wp\/v2\/pages\/3280","targetHints":{"allow":["GET"]}}],"collection":[{"href":"https:\/\/webs.uab.cat\/ahcisp\/wp-json\/wp\/v2\/pages"}],"about":[{"href":"https:\/\/webs.uab.cat\/ahcisp\/wp-json\/wp\/v2\/types\/page"}],"author":[{"embeddable":true,"href":"https:\/\/webs.uab.cat\/ahcisp\/wp-json\/wp\/v2\/users\/1643"}],"replies":[{"embeddable":true,"href":"https:\/\/webs.uab.cat\/ahcisp\/wp-json\/wp\/v2\/comments?post=3280"}],"version-history":[{"count":4,"href":"https:\/\/webs.uab.cat\/ahcisp\/wp-json\/wp\/v2\/pages\/3280\/revisions"}],"predecessor-version":[{"id":4744,"href":"https:\/\/webs.uab.cat\/ahcisp\/wp-json\/wp\/v2\/pages\/3280\/revisions\/4744"}],"wp:attachment":[{"href":"https:\/\/webs.uab.cat\/ahcisp\/wp-json\/wp\/v2\/media?parent=3280"}],"curies":[{"name":"wp","href":"https:\/\/api.w.org\/{rel}","templated":true}]}}